{"id":633346,"date":"2025-11-12T21:16:59","date_gmt":"2025-11-12T21:16:59","guid":{"rendered":"https:\/\/ledshoponline.be\/?post_type=product&#038;p=633346"},"modified":"2026-02-05T17:18:26","modified_gmt":"2026-02-05T17:18:26","slug":"intelligente-infrarot-flachenheizung-mit-app-steuerung-500w","status":"publish","type":"product","link":"https:\/\/ledshoponline.be\/de\/shop\/huis-keuken\/bureau\/slimme-infrarood-paneelverwarming-met-app-bediening-500w\/","title":{"rendered":"Intelligente Infrarot-Fl\u00e4chenheizung - mit App-Steuerung - 500W - geeignet f\u00fcr Badezimmer"},"content":{"rendered":"<div class=\"relative my-1 min-h-6\">\n<div class=\"origin-top-start relative flex flex-col gap-2 overflow-x-clip\">\n<div class=\"relative w-full text-start\">\n<div class=\"flex w-full flex-col items-start justify-between text-start flex-row\">\n<h2 data-start=\"834\" data-end=\"889\">Intelligente, leise und elegante W\u00e4rme f\u00fcr jeden Raum<\/h2>\n<p data-start=\"891\" data-end=\"1117\">Sie wollen nicht mehr Ihre gesamte Heizungsanlage f\u00fcr einen Raum einschalten? Mit dem <strong data-start=\"973\" data-end=\"1020\">Calex Smart Infrarot-Fl\u00e4chenheizger\u00e4t 500W<\/strong> Heizt genau dort, wo Sie sich aufhalten: im Bad, im B\u00fcro, im Schlafzimmer oder im Hobbyraum.<\/p>\n<p data-start=\"1119\" data-end=\"1438\">Infrarotw\u00e4rme erw\u00e4rmt vor allem <strong data-start=\"1164\" data-end=\"1186\">Menschen und Gegenst\u00e4nde<\/strong> statt nur die Luft. Dadurch f\u00fchlt sich der Raum schnell angenehm an, selbst bei einer niedrigeren Thermostateinstellung. In Kombination mit der intelligenten App-Steuerung erhalten Sie eine <strong data-start=\"1358\" data-end=\"1407\">moderne, energiebewusste Art zu heizen<\/strong> - ohne L\u00e4rm, ohne Aufhebens.<\/p>\n<hr data-start=\"1440\" data-end=\"1443\" \/>\n<h2 data-start=\"1445\" data-end=\"1482\">Die wichtigsten Vorteile auf einen Blick<\/h2>\n<h3 data-start=\"1484\" data-end=\"1527\">\ud83d\udd25 1. direkt wahrnehmbare Infrarotw\u00e4rme<\/h3>\n<ul data-start=\"1528\" data-end=\"1690\">\n<li data-start=\"1528\" data-end=\"1561\">\n<p data-start=\"1530\" data-end=\"1561\">Angenehme, nat\u00fcrliche W\u00e4rme<\/p>\n<\/li>\n<li data-start=\"1562\" data-end=\"1618\">\n<p data-start=\"1564\" data-end=\"1618\">Weniger trockene Luft als bei vielen traditionellen \u00d6fen<\/p>\n<\/li>\n<li data-start=\"1619\" data-end=\"1690\">\n<p data-start=\"1621\" data-end=\"1690\">Ideal als <strong data-start=\"1632\" data-end=\"1649\">zus\u00e4tzliche Heizung<\/strong> oder f\u00fcr kleine bis mittelgro\u00dfe R\u00e4ume<\/p>\n<\/li>\n<\/ul>\n<h3 data-start=\"1692\" data-end=\"1743\">\ud83d\udcf1 2. Smart zur Steuerung \u00fcber die Calex Smart App<\/h3>\n<p data-start=\"1744\" data-end=\"1807\">Koppeln Sie das Panel mit der App und stellen Sie alles so ein, wie Sie es m\u00f6chten:<\/p>\n<ul data-start=\"1809\" data-end=\"2073\">\n<li data-start=\"1809\" data-end=\"1875\">\n<p data-start=\"1811\" data-end=\"1875\">T\u00e4gliche und w\u00f6chentliche Zeitpl\u00e4ne (z. B. jeden Morgen das Badezimmer aufw\u00e4rmen)<\/p>\n<\/li>\n<li data-start=\"1876\" data-end=\"1939\">\n<p data-start=\"1878\" data-end=\"1939\">Countdown-Timer (automatische Abschaltung nach einer bestimmten Zeit)<\/p>\n<\/li>\n<li data-start=\"1940\" data-end=\"2004\">\n<p data-start=\"1942\" data-end=\"2004\">Gruppierung mit anderen Calex-Ger\u00e4ten in \u201cR\u00e4umen\u201d und \u201cSzenen\u201d<\/p>\n<\/li>\n<li data-start=\"2005\" data-end=\"2073\">\n<p data-start=\"2007\" data-end=\"2073\">Fernsteuerung: Schalten Sie die Heizung ein, bevor Sie nach Hause kommen<\/p>\n<\/li>\n<\/ul>\n<h3 data-start=\"2075\" data-end=\"2135\">\ud83d\udca7 3. Spritzwassergesch\u00fctzt (IPX4) - perfekt f\u00fcr das Badezimmer<\/h3>\n<p data-start=\"2136\" data-end=\"2336\">Dank der <strong data-start=\"2147\" data-end=\"2167\">IPX4-Schutz<\/strong> das Paneel ist f\u00fcr den Einsatz in Feuchtr\u00e4umen wie Bad, Waschk\u00fcche oder K\u00fcche geeignet (unter Beachtung der geltenden Installationszonen und Sicherheitsvorschriften).<\/p>\n<h3 data-start=\"2338\" data-end=\"2375\">\ud83d\udd07 4. V\u00f6llig ger\u00e4uschlos und geruchlos<\/h3>\n<ul data-start=\"2376\" data-end=\"2524\">\n<li data-start=\"2376\" data-end=\"2408\">\n<p data-start=\"2378\" data-end=\"2408\">Kein L\u00fcfter, kein Brummen<\/p>\n<\/li>\n<li data-start=\"2409\" data-end=\"2450\">\n<p data-start=\"2411\" data-end=\"2450\">Keine Luftbewegung oder Zugluft<\/p>\n<\/li>\n<li data-start=\"2451\" data-end=\"2524\">\n<p data-start=\"2453\" data-end=\"2524\">Ideal f\u00fcr <strong data-start=\"2465\" data-end=\"2479\">Schlafzimmer<\/strong>, <strong data-start=\"2481\" data-end=\"2502\">Baby-\/Kinderzimmer<\/strong> und <strong data-start=\"2506\" data-end=\"2522\">Heimb\u00fcro<\/strong><\/p>\n<\/li>\n<\/ul>\n<h3 data-start=\"2526\" data-end=\"2567\">\ud83e\uddf1 5. Schlankes, platzsparendes Design<\/h3>\n<ul data-start=\"2568\" data-end=\"2715\">\n<li data-start=\"2568\" data-end=\"2610\">\n<p data-start=\"2570\" data-end=\"2610\">Schlanke Platte aus <strong data-start=\"2587\" data-end=\"2608\">530 x 825 x 40 mm<\/strong><\/p>\n<\/li>\n<li data-start=\"2611\" data-end=\"2666\">\n<p data-start=\"2613\" data-end=\"2666\">Neutrales Design, das zu fast jeder Einrichtung passt<\/p>\n<\/li>\n<li data-start=\"2667\" data-end=\"2715\">\n<p data-start=\"2669\" data-end=\"2715\">Einschlie\u00dflich <strong data-start=\"2679\" data-end=\"2689\">F\u00fc\u00dfe<\/strong> f\u00fcr eine stabile Positionierung<\/p>\n<\/li>\n<\/ul>\n<hr data-start=\"2717\" data-end=\"2720\" \/>\n<h2 data-start=\"2722\" data-end=\"2772\">Wo k\u00f6nnen Sie dieses 500-W-Infrarotpanel einsetzen?<\/h2>\n<p data-start=\"2774\" data-end=\"2881\">Diese Fl\u00e4chenheizung ist ideal, wenn <strong data-start=\"2810\" data-end=\"2836\">gezielte Zusatzheizung<\/strong> oder f\u00fcr kleinere (gut isolierte) R\u00e4ume:<\/p>\n<ul data-start=\"2883\" data-end=\"3220\">\n<li data-start=\"2883\" data-end=\"2965\">\n<p data-start=\"2885\" data-end=\"2965\">\ud83d\udec1 <strong data-start=\"2888\" data-end=\"2900\">Badezimmer<\/strong> - erreicht beim Duschen oder Zubereiten schnell eine angenehme Temperatur<\/p>\n<\/li>\n<li data-start=\"2966\" data-end=\"3045\">\n<p data-start=\"2968\" data-end=\"3045\">\ud83e\uddd1\u200d\ud83d\udcbb <strong data-start=\"2974\" data-end=\"2990\">Heimb\u00fcro<\/strong> - warmer Arbeitsplatz ohne Aufheizung des gesamten Bodens<\/p>\n<\/li>\n<li data-start=\"3046\" data-end=\"3108\">\n<p data-start=\"3048\" data-end=\"3108\">\ud83d\udecf\ufe0f <strong data-start=\"3052\" data-end=\"3066\">Schlafzimmer<\/strong> - vor dem Schlafengehen kurz aufw\u00e4rmen<\/p>\n<\/li>\n<li data-start=\"3109\" data-end=\"3168\">\n<p data-start=\"3111\" data-end=\"3168\">\ud83e\uddfa <strong data-start=\"3114\" data-end=\"3135\">Waschk\u00fcche\/Abstellraum<\/strong> - nur das gewisse Extra an Komfort<\/p>\n<\/li>\n<li data-start=\"3169\" data-end=\"3220\">\n<p data-start=\"3171\" data-end=\"3220\">\ud83c\udfe1 <strong data-start=\"3174\" data-end=\"3218\">Chalet, kleines Haus, Studio oder Hobbyraum<\/strong><\/p>\n<\/li>\n<\/ul>\n<hr data-start=\"3222\" data-end=\"3225\" \/>\n<h2 data-start=\"3227\" data-end=\"3260\">Wie funktioniert die Infrarotheizung?<\/h2>\n<p data-start=\"3262\" data-end=\"3329\">Die Infrarotheizung funktioniert anders als die klassische Konvektionsheizung:<\/p>\n<ul data-start=\"3331\" data-end=\"3566\">\n<li data-start=\"3331\" data-end=\"3392\">\n<p data-start=\"3333\" data-end=\"3392\">Erhitzt <strong data-start=\"3342\" data-end=\"3377\">Oberfl\u00e4chen, M\u00f6bel und Menschen<\/strong> direkt<\/p>\n<\/li>\n<li data-start=\"3393\" data-end=\"3444\">\n<p data-start=\"3395\" data-end=\"3444\">Der Raum f\u00fchlt sich schnell warm und gem\u00fctlich an<\/p>\n<\/li>\n<li data-start=\"3445\" data-end=\"3500\">\n<p data-start=\"3447\" data-end=\"3500\">Weniger Luftzirkulation \u2192 weniger Staubaufwirbelung<\/p>\n<\/li>\n<li data-start=\"3501\" data-end=\"3566\">\n<p data-start=\"3503\" data-end=\"3566\">Ideal als <strong data-start=\"3514\" data-end=\"3532\">Zonenheizung<\/strong>nur W\u00e4rme, wo Sie sind<\/p>\n<\/li>\n<\/ul>\n<p data-start=\"3568\" data-end=\"3701\">Ergebnis: a <strong data-start=\"3583\" data-end=\"3610\">angenehmes warmes Gef\u00fchl<\/strong> ohne dass der gesamte Raum auf eine hohe Lufttemperatur geheizt werden muss.<\/p>\n<hr data-start=\"3703\" data-end=\"3706\" \/>\n<h2 data-start=\"3708\" data-end=\"3732\">Einbau und Verwendung<\/h2>\n<blockquote data-start=\"3734\" data-end=\"3854\">\n<p data-start=\"3736\" data-end=\"3854\">Lassen Sie die Elektroinstallation im Zweifelsfall immer von einem Fachmann durchf\u00fchren oder \u00fcberpr\u00fcfen, insbesondere im Badezimmer.<\/p>\n<\/blockquote>\n<ul data-start=\"3856\" data-end=\"4336\">\n<li data-start=\"3856\" data-end=\"3996\">\n<p data-start=\"3858\" data-end=\"3873\"><strong data-start=\"3858\" data-end=\"3871\">Platzierung<\/strong><\/p>\n<ul data-start=\"3876\" data-end=\"3996\">\n<li data-start=\"3876\" data-end=\"3938\">\n<p data-start=\"3878\" data-end=\"3938\">Freistehender Einsatz dank der mitgelieferten <strong data-start=\"3926\" data-end=\"3936\">F\u00fc\u00dfe<\/strong><\/p>\n<\/li>\n<li data-start=\"3941\" data-end=\"3996\">\n<p data-start=\"3943\" data-end=\"3996\">Kann an einem festen Ort im Raum platziert werden<\/p>\n<\/li>\n<\/ul>\n<\/li>\n<li data-start=\"3998\" data-end=\"4123\">\n<p data-start=\"4000\" data-end=\"4017\"><strong data-start=\"4000\" data-end=\"4015\">Verbindung<\/strong><\/p>\n<ul data-start=\"4020\" data-end=\"4123\">\n<li data-start=\"4020\" data-end=\"4067\">\n<p data-start=\"4022\" data-end=\"4067\">Funktioniert mit Standard <strong data-start=\"4041\" data-end=\"4065\">220-240V Netzspannung<\/strong><\/p>\n<\/li>\n<li data-start=\"4070\" data-end=\"4123\">\n<p data-start=\"4072\" data-end=\"4123\">Anschlie\u00dfen und mit der App koppeln<\/p>\n<\/li>\n<\/ul>\n<\/li>\n<li data-start=\"4125\" data-end=\"4336\">\n<p data-start=\"4127\" data-end=\"4152\"><strong data-start=\"4127\" data-end=\"4150\">Pairing mit der App<\/strong><\/p>\n<ol data-start=\"4155\" data-end=\"4336\">\n<li data-start=\"4155\" data-end=\"4222\">\n<p data-start=\"4158\" data-end=\"4222\">Herunterladen der <strong data-start=\"4170\" data-end=\"4189\">Calex Smart-App<\/strong> im App Store oder bei Google Play<\/p>\n<\/li>\n<li data-start=\"4225\" data-end=\"4265\">\n<p data-start=\"4228\" data-end=\"4265\">Verbinden Sie sich mit Ihrem Wi-Fi-Netzwerk<\/p>\n<\/li>\n<li data-start=\"4268\" data-end=\"4336\">\n<p data-start=\"4271\" data-end=\"4336\">Geben Sie dem Paneel einen logischen Namen (z. B. \u201cHeizung im Badezimmer\u201d)<\/p>\n<\/li>\n<\/ol>\n<\/li>\n<\/ul>\n<hr data-start=\"4338\" data-end=\"4341\" \/>\n<h2 data-start=\"4343\" data-end=\"4370\">Technische Daten<\/h2>\n<ul data-start=\"4372\" data-end=\"4785\">\n<li data-start=\"4372\" data-end=\"4391\">\n<p data-start=\"4374\" data-end=\"4391\"><strong data-start=\"4374\" data-end=\"4383\">Marke:<\/strong> Calex<\/p>\n<\/li>\n<li data-start=\"4392\" data-end=\"4440\">\n<p data-start=\"4394\" data-end=\"4440\"><strong data-start=\"4394\" data-end=\"4410\">Produkttyp:<\/strong> Intelligente Infrarot-Heizung<\/p>\n<\/li>\n<li data-start=\"4441\" data-end=\"4463\">\n<p data-start=\"4443\" data-end=\"4463\"><strong data-start=\"4443\" data-end=\"4456\">Macht:<\/strong> 500W<\/p>\n<\/li>\n<li data-start=\"4464\" data-end=\"4508\">\n<p data-start=\"4466\" data-end=\"4508\"><strong data-start=\"4466\" data-end=\"4488\">Abmessungen der Platte:<\/strong> 530 \u00d7 825 \u00d7 40 mm<\/p>\n<\/li>\n<li data-start=\"4509\" data-end=\"4558\">\n<p data-start=\"4511\" data-end=\"4558\"><strong data-start=\"4511\" data-end=\"4534\">Schutzklasse:<\/strong> IPX4 (spritzwassergesch\u00fctzt)<\/p>\n<\/li>\n<li data-start=\"4559\" data-end=\"4594\">\n<p data-start=\"4561\" data-end=\"4594\"><strong data-start=\"4561\" data-end=\"4573\">Ern\u00e4hrung:<\/strong> 220-240V ~ 50\/60Hz<\/p>\n<\/li>\n<li data-start=\"4595\" data-end=\"4645\">\n<p data-start=\"4597\" data-end=\"4645\"><strong data-start=\"4597\" data-end=\"4611\">Betrieb:<\/strong> Calex Smart App (iOS &amp; Android)<\/p>\n<\/li>\n<li data-start=\"4646\" data-end=\"4701\">\n<p data-start=\"4648\" data-end=\"4701\"><strong data-start=\"4648\" data-end=\"4660\">Verwendung:<\/strong> Innenraum, Zusatz-\/Zonenheizung<\/p>\n<\/li>\n<li data-start=\"4702\" data-end=\"4734\">\n<p data-start=\"4704\" data-end=\"4734\"><strong data-start=\"4704\" data-end=\"4714\">Farbe:<\/strong> neutral\/modern<\/p>\n<\/li>\n<li data-start=\"4735\" data-end=\"4758\">\n<p data-start=\"4737\" data-end=\"4758\"><strong data-start=\"4737\" data-end=\"4745\">SKU:<\/strong> 5702000300<\/p>\n<\/li>\n<li data-start=\"4759\" data-end=\"4785\">\n<p data-start=\"4761\" data-end=\"4785\"><strong data-start=\"4761\" data-end=\"4769\">EAN:<\/strong> 8712879159070<\/p>\n<\/li>\n<\/ul>\n<p data-start=\"4787\" data-end=\"4882\">Sie k\u00f6nnen diesen Block in Ihrem Shop als \u201cSpezifikationen\u201d tabellarisch darstellen, um ihn besser scannen zu k\u00f6nnen.<\/p>\n<hr data-start=\"4884\" data-end=\"4887\" \/>\n<h2 data-start=\"4889\" data-end=\"4917\">H\u00e4ufig gestellte Fragen (FAQ)<\/h2>\n<p data-start=\"4919\" data-end=\"5187\"><strong data-start=\"4919\" data-end=\"4958\">1. Sind 500 W genug f\u00fcr meinen Platz?<\/strong><br data-start=\"4958\" data-end=\"4961\" \/>500W ist ideal, wenn <strong data-start=\"4980\" data-end=\"4997\">zus\u00e4tzliche Heizung<\/strong> oder f\u00fcr kleinere, gut isolierte R\u00e4ume. F\u00fcr gr\u00f6\u00dfere R\u00e4ume k\u00f6nnen Sie dieses Paneel als gezielte Zonenheizung verwenden (z. B. in der N\u00e4he des Sofas oder des Schreibtischs) oder mehrere Paneele kombinieren.<\/p>\n<hr data-start=\"5189\" data-end=\"5192\" \/>\n<p data-start=\"5194\" data-end=\"5465\"><strong data-start=\"5194\" data-end=\"5251\">2. Kann ich das Panel gefahrlos im Badezimmer verwenden?<\/strong><br data-start=\"5251\" data-end=\"5254\" \/>Ja, dank der <strong data-start=\"5269\" data-end=\"5289\">IPX4-Schutz<\/strong> das Panel ist spritzwassergesch\u00fctzt und f\u00fcr Feuchtr\u00e4ume geeignet. Achten Sie jedoch immer auf die richtige Positionierung entsprechend der geltenden Badzonen und ziehen Sie im Zweifelsfall einen Elektriker hinzu.<\/p>\n<hr data-start=\"5467\" data-end=\"5470\" \/>\n<p data-start=\"5472\" data-end=\"5663\"><strong data-start=\"5472\" data-end=\"5511\">3. Funktioniert es auch ohne Smartphone?<\/strong><br data-start=\"5511\" data-end=\"5514\" \/>Ja, sobald das Panel eingeschaltet ist, heizt es einfach auf. Mit der App erhalten Sie intelligente Funktionen wie Timer, Zeitpl\u00e4ne und Fernsteuerung.<\/p>\n<hr data-start=\"5665\" data-end=\"5668\" \/>\n<p data-start=\"5670\" data-end=\"5909\"><strong data-start=\"5670\" data-end=\"5728\">4. Kann ich mehrere Calex-Ger\u00e4te gleichzeitig steuern?<\/strong><br data-start=\"5728\" data-end=\"5731\" \/>Ja, in der Calex Smart App gruppieren Sie mehrere Ger\u00e4te zu R\u00e4umen und Szenen. So k\u00f6nnen Sie zum Beispiel die Beleuchtung und die Heizung in Ihrem Badezimmer oder Ihrem Arbeitszimmer gleichzeitig steuern.<\/p>\n<hr data-start=\"5911\" data-end=\"5914\" \/>\n<p data-start=\"5916\" data-end=\"6097\"><strong data-start=\"5916\" data-end=\"5958\">5. Ben\u00f6tige ich einen zus\u00e4tzlichen Hub\/Gateway?<\/strong><br data-start=\"5958\" data-end=\"5961\" \/>Die Calex Smart App funktioniert \u00fcber Wifi. Dieses Modell ben\u00f6tigt in der Regel keinen separaten Hub, sondern wird direkt \u00fcber die App mit Ihrem Netzwerk verbunden.<\/p>\n<\/div>\n<\/div>\n<\/div>\n<\/div>","protected":false},"excerpt":{"rendered":"<ul data-start=\"353\" data-end=\"764\">\n<li data-start=\"353\" data-end=\"429\">\n<p data-start=\"355\" data-end=\"429\">\ud83d\udd25 <strong data-start=\"358\" data-end=\"393\">Sofort wahrnehmbare Infrarotw\u00e4rme<\/strong> - als ob die Sonne auf deine Haut scheint<\/p>\n<\/li>\n<li data-start=\"430\" data-end=\"512\">\n<p data-start=\"432\" data-end=\"512\">\ud83d\udcf1 <strong data-start=\"435\" data-end=\"465\">Volle Kontrolle \u00fcber die App<\/strong> - Zeitschaltuhren, Zeitpl\u00e4ne und Zonen auf einen Blick<\/p>\n<\/li>\n<li data-start=\"513\" data-end=\"600\">\n<p data-start=\"515\" data-end=\"600\">\ud83d\udca7 <strong data-start=\"518\" data-end=\"543\">Spritzwassergesch\u00fctzt (IPX4)<\/strong> - geeignet f\u00fcr Feuchtr\u00e4ume wie B\u00e4der\/K\u00fcchen<\/p>\n<\/li>\n<li data-start=\"601\" data-end=\"669\">\n<p data-start=\"603\" data-end=\"669\">\ud83d\udd07 <strong data-start=\"606\" data-end=\"626\">Leise und geruchlos<\/strong> - ideal f\u00fcr Schlafzimmer und Heimb\u00fcro<\/p>\n<\/li>\n<li data-start=\"670\" data-end=\"764\">\n<p data-start=\"672\" data-end=\"764\">\u26a1 <strong data-start=\"674\" data-end=\"708\">500W elektrische Zusatzheizung<\/strong> - perfekt als intelligente, energieeffiziente Zusatzw\u00e4rmequelle<\/p>\n<\/li>\n<\/ul>\n<p data-start=\"766\" data-end=\"827\">Abmessungen der Platte: <strong data-start=\"785\" data-end=\"827\">530 \u00d7 825 \u00d7 40 mm - 500 W, einschlie\u00dflich F\u00fc\u00dfe<\/strong><\/p>","protected":false},"featured_media":633348,"comment_status":"closed","ping_status":"closed","template":"","meta":{"_seopress_robots_primary_cat":"none","_seopress_titles_title":"Slimme Calex verwarming: stijlvol en energiezuinig","_seopress_titles_desc":"Ervaar razendsnelle en energiezuinige warmte met Calex's stijlvolle zwarte glaspaneel. Bediening via app, veilige technologie en perfecte design fit!","_seopress_robots_index":""},"product_brand":[],"product_cat":[1016,530,1015,19,514,112,1111],"product_tag":[],"class_list":{"0":"post-633346","1":"product","2":"type-product","3":"status-publish","4":"has-post-thumbnail","6":"product_cat-bureau","7":"product_cat-deals","8":"product_cat-huis-keuken","9":"product_cat-producten","10":"product_cat-smart-home","11":"product_cat-stock-opruiming","12":"product_cat-verwarming","14":"first","15":"instock","16":"taxable","17":"shipping-taxable","18":"purchasable","19":"product-type-simple"},"_links":{"self":[{"href":"https:\/\/ledshoponline.be\/de\/wp-json\/wp\/v2\/product\/633346","targetHints":{"allow":["GET"]}}],"collection":[{"href":"https:\/\/ledshoponline.be\/de\/wp-json\/wp\/v2\/product"}],"about":[{"href":"https:\/\/ledshoponline.be\/de\/wp-json\/wp\/v2\/types\/product"}],"replies":[{"embeddable":true,"href":"https:\/\/ledshoponline.be\/de\/wp-json\/wp\/v2\/comments?post=633346"}],"version-history":[{"count":3,"href":"https:\/\/ledshoponline.be\/de\/wp-json\/wp\/v2\/product\/633346\/revisions"}],"predecessor-version":[{"id":682956,"href":"https:\/\/ledshoponline.be\/de\/wp-json\/wp\/v2\/product\/633346\/revisions\/682956"}],"wp:featuredmedia":[{"embeddable":true,"href":"https:\/\/ledshoponline.be\/de\/wp-json\/wp\/v2\/media\/633348"}],"wp:attachment":[{"href":"https:\/\/ledshoponline.be\/de\/wp-json\/wp\/v2\/media?parent=633346"}],"wp:term":[{"taxonomy":"product_brand","embeddable":true,"href":"https:\/\/ledshoponline.be\/de\/wp-json\/wp\/v2\/product_brand?post=633346"},{"taxonomy":"product_cat","embeddable":true,"href":"https:\/\/ledshoponline.be\/de\/wp-json\/wp\/v2\/product_cat?post=633346"},{"taxonomy":"product_tag","embeddable":true,"href":"https:\/\/ledshoponline.be\/de\/wp-json\/wp\/v2\/product_tag?post=633346"}],"curies":[{"name":"wp","href":"https:\/\/api.w.org\/{rel}","templated":true}]}}