{"id":584689,"date":"2025-06-14T11:17:08","date_gmt":"2025-06-14T11:17:08","guid":{"rendered":"https:\/\/ledshoponline.be\/shop\/niet-gecategoriseerd\/aluminium-telescopische-ladder-44m\/"},"modified":"2025-06-14T11:17:08","modified_gmt":"2025-06-14T11:17:08","slug":"aluminium-teleskopleiter-44m-2","status":"publish","type":"product","link":"https:\/\/ledshoponline.be\/de\/shop\/producten\/gereedschap\/ladders\/aluminium-telescopische-ladder-44m\/","title":{"rendered":"Aluminium-Teleskopleiter - 4.4M"},"content":{"rendered":"<p><span style=\"font-size:18px\"><strong>Herzberg HG-5440: Aluminium-Teleskopleiter - 4.4M<\/strong><\/span><\/p>\n<p>&nbsp;<\/p>\n<p> <span style=\"font-size:14px\">Lernen Sie die Herzberg HG-5440: Aluminium-Teleskopleiter - 4,40 m kennen, eine \u00e4u\u00dferst praktische und robuste Leiter, die die Norm EN131 f\u00fcr au\u00dfergew\u00f6hnliche Sicherheit und Leistung erf\u00fcllt. Hergestellt aus einer 6061-Legierung aus der Luft- und Raumfahrttechnik mit einer glatten, eloxierten Oberfl\u00e4che, garantiert diese Leiter Langlebigkeit und Robustheit f\u00fcr alle Ihre vertikalen Zugangsanforderungen. Mit einem Gewicht von nur 17 kg ist sie unglaublich leicht und einfach zu transportieren, was sie zum perfekten Begleiter f\u00fcr jede Arbeit macht, sei es in der Industrie, im Gewerbe oder zu Hause. Dank ihrer kompakten Bauweise l\u00e4sst sie sich leicht verstauen und nimmt mit einer Breite von nur 54 cm nur wenig Platz in Anspruch, so dass sie auch gut ins Auto passt.<\/span><\/p>\n<p> <span style=\"font-size:14px\">Die Herzberg HG-5440 hat ein ergonomisches Design mit unabh\u00e4ngig voneinander arretierbaren Abschnitten, die es einfach machen, die Leiter auf die gew\u00fcnschte H\u00f6he einzustellen. Ausgestattet mit einer Elastomer-Federung bietet sie einen stabilen und ausgewogenen Halt auf unterschiedlichem Terrain, auch auf rauen Oberfl\u00e4chen. Ein ausgekl\u00fcgelter Mechanismus sorgt f\u00fcr ein sanftes Einfahren der Leiter f\u00fcr eine sichere und m\u00fchelose Benutzung. Diese Leiter stellt Sicherheit und Effizienz in den Vordergrund und ist daher ideal f\u00fcr den Austausch von Lampen, das Streichen von W\u00e4nden, die Reinigung von Fenstern und die Wartung von Dachrinnen, insbesondere an schwer zug\u00e4nglichen Stellen.<\/span><\/p>\n<p> <span style=\"font-size:14px\">Die Herzberg HG-5440: Aluminium Teleskopleiter - 4.40M ist nicht nur zuverl\u00e4ssig und vielseitig, sondern auch kosteng\u00fcnstig. Sie ist aus einer 6061-Legierung gefertigt, die in der Luft- und Raumfahrttechnik eingesetzt wird, und bietet ein unschlagbares Preis-Leistungs-Verh\u00e4ltnis, indem sie handwerkliche Qualit\u00e4t mit durchdachtem Design kombiniert. Die Leiter eignet sich f\u00fcr eine breite Palette von Anwendungen, von industriellen Projekten bis hin zu Reparaturen im Haushalt. Der speziell geformte, rutschfeste Fu\u00df sorgt f\u00fcr Stabilit\u00e4t bei der Benutzung, so dass Sie sicher in der H\u00f6he arbeiten k\u00f6nnen.<\/span><\/p>\n<p> <span style=\"font-size:14px\">Mit ihrem intelligenten Verriegelungssystem und der Stabilisierungsstange f\u00fcr festen Halt sorgt diese Leiter f\u00fcr Sicherheit und Stabilit\u00e4t und verringert das Unfallrisiko. Die Schleppverriegelung an den ausfallenden Stufen sorgt f\u00fcr zus\u00e4tzliche Sicherheit und gibt Ihnen Vertrauen bei jeder Aufgabe, die Sie ausf\u00fchren. Der integrierte Tragegriff und der strapazierf\u00e4hige Verschlussriemen erleichtern den Transport und die Aufbewahrung der Leiter, wenn sie nicht in Gebrauch ist.<\/span><\/p>\n<p> <span style=\"font-size:14px\">Ob Sie nun ein professioneller Bauunternehmer oder ein Heimwerker sind, die Herzberg HG-5440: Aluminium-Teleskopleiter - 4,40 m ist das perfekte Werkzeug f\u00fcr Ihr Arsenal. Sie ist so konstruiert, dass sie einer starken Beanspruchung standh\u00e4lt und ultimativen Komfort f\u00fcr eine Vielzahl von Aufgaben bietet. Investieren Sie in diese hochwertige Leiter und erleben Sie den Komfort und die Effizienz, die sie Ihnen bei Ihren t\u00e4glichen Aufgaben bietet. Ob Sie nun in der Industrie oder im Haushalt arbeiten, mit dieser Leiter k\u00f6nnen Sie sich auf au\u00dfergew\u00f6hnliche Leistung und Zuverl\u00e4ssigkeit verlassen.<\/span><\/p>\n<p>&nbsp;<\/p>\n<p>&nbsp;<\/p>\n<p><span style=\"font-size:14px\"><strong>Merkmale:&nbsp;<\/strong><\/span><\/p>\n<ul>\n<li><span style=\"font-size:14px\"><strong>Praktisch und robust: <\/strong>Die Herzberg HG-5440 Teleskopleiter wurde als eine der praktischsten und robustesten Leitern der Welt entwickelt. Sie erf\u00fcllt die EN131-Norm f\u00fcr au\u00dfergew\u00f6hnliche Sicherheit und Leistung und eignet sich daher sowohl f\u00fcr gelegentliche Heimwerker als auch f\u00fcr professionelle Bauarbeiter.<\/span><\/li>\n<li><span style=\"font-size:14px\"><strong>Luft- und Raumfahrttechnische Legierung 6061: <\/strong>Diese Leiter ist aus einer hochwertigen 6061-Legierung aus der Luft- und Raumfahrttechnik gefertigt und f\u00fcr eine lange Lebensdauer ausgelegt. Die glatte eloxierte Oberfl\u00e4che sorgt f\u00fcr Langlebigkeit und St\u00e4rke, so dass sie f\u00fcr alle Ihre vertikalen Zugangsanforderungen zuverl\u00e4ssig ist.<\/span><\/li>\n<li><span style=\"font-size:14px\"><strong>Leicht und tragbar: <\/strong>Mit einem Gewicht von nur 17 kg ist diese Leiter unglaublich leicht und einfach zu transportieren. Dank ihrer kompakten Gr\u00f6\u00dfe l\u00e4sst sie sich bequem lagern und leicht zu jeder Baustelle transportieren.<\/span><\/li>\n<li><span style=\"font-size:14px\"><strong>Ergonomisches Design: <\/strong>Die Herzberg HG-5440 verf\u00fcgt \u00fcber ein ergonomisches Design mit unabh\u00e4ngig voneinander arretierbaren Abschnitten, wodurch sich die Leiter leicht auf die gew\u00fcnschte H\u00f6he einstellen l\u00e4sst. Die Elastomer-Federung sorgt f\u00fcr einen stabilen und ausgewogenen Halt auf unterschiedlichem Terrain, auch auf unebenem Untergrund.<\/span><\/li>\n<li><span style=\"font-size:14px\"><strong>Einfacher R\u00fcckzugsmechanismus: <\/strong>Die Leiter ist mit einem intelligenten Mechanismus ausgestattet, der ein sanftes Einfahren der Leiter f\u00fcr einen sicheren und m\u00fchelosen Betrieb gew\u00e4hrleistet. Das Einzugssystem ist f\u00fcr einen sicheren und m\u00fchelosen Betrieb ausgelegt.<\/span><\/li>\n<li><span style=\"font-size:14px\"><strong>Vielseitige Anwendungen: <\/strong>Diese Leiter ist perfekt f\u00fcr den Einsatz in der Industrie, im Gewerbe und zu Hause. Ob Sie nun die Beleuchtung wechseln, W\u00e4nde streichen, Fenster putzen oder andere Arbeiten in der H\u00f6he ausf\u00fchren m\u00fcssen, diese Leiter ist ein zuverl\u00e4ssiges und vielseitiges Werkzeug.<\/span><\/li>\n<li><span style=\"font-size:14px\"><strong>Rutschfester, geformter Boden:<\/strong> Der spezielle rutschfeste Gussfu\u00df der Leiter sorgt f\u00fcr Stabilit\u00e4t und Sicherheit bei der Benutzung, so dass Sie sicher in der H\u00f6he arbeiten k\u00f6nnen.<\/span><\/li>\n<li><span style=\"font-size:14px\"><strong>Intelligentes Schlie\u00dfsystem:<\/strong> Das ausgekl\u00fcgelte Verriegelungssystem und der Stabilisierungsb\u00fcgel der Leiter sorgen f\u00fcr sicheren Halt und verringern das Unfallrisiko bei der Benutzung.<\/span><\/li>\n<li><span style=\"font-size:14px\"><strong>Einfacher Transport und Lagerung: <\/strong>Die Leiter ist mit einem integrierten Tragegriff und einem strapazierf\u00e4higen Feststellgurt ausgestattet, der den Transport und die Lagerung bei Nichtgebrauch erleichtert.<\/span><\/li>\n<li><span style=\"font-size:14px\"><strong>Maximale H\u00f6he von 4,40 m:<\/strong> Mit einer maximalen H\u00f6he von 4,40 m bietet diese Teleskopleiter eine ausreichende Reichweite f\u00fcr verschiedene Aufgaben und ist somit f\u00fcr eine Vielzahl von Anwendungen geeignet.<\/span><\/li>\n<li><span style=\"font-size:14px\"><strong>Geeignet f\u00fcr den industriellen und privaten Gebrauch:<\/strong> Ob Sie ein professioneller Bauunternehmer oder ein Heimwerker sind, die Herzberg HG-5440 Teleskopleiter ist das perfekte Werkzeug f\u00fcr Ihr Arsenal. Sie wurde f\u00fcr den intensiven Gebrauch entwickelt und bietet den ultimativen Komfort f\u00fcr eine Vielzahl von Aufgaben.<\/span><\/li>\n<li><span style=\"font-size:14px\"><strong>Unschlagbares Preis-Leistungs-Verh\u00e4ltnis: <\/strong>Die aus hochwertigen Materialien gefertigte und auf au\u00dfergew\u00f6hnliche Leistung ausgelegte Leiter bietet ein unschlagbares Preis-Leistungs-Verh\u00e4ltnis und ist damit eine kosteng\u00fcnstige Investition f\u00fcr jedes Projekt.<\/span><\/li>\n<\/ul>\n<p>&nbsp;<\/p>\n<p>&nbsp;<\/p>\n<p><span style=\"font-size:14px\"><strong>Spezifikationen:<\/strong><\/span><\/p>\n<ul>\n<li><span style=\"font-size:14px\">Marke: Herzberg<\/span><\/li>\n<li><span style=\"font-size:14px\">Modell: HG-5440<\/span><\/li>\n<li><span style=\"font-size:14px\">Material: Raumfahrttechnische 6061-Legierung<\/span><\/li>\n<li><span style=\"font-size:14px\">Farbe: Silber<\/span><\/li>\n<li><span style=\"font-size:14px\">Maximale H\u00f6he: 4,40 Meter<\/span><\/li>\n<li><span style=\"font-size:14px\">Abstand zwischen den Stufen: 300 mm<\/span><\/li>\n<li><span style=\"font-size:14px\">Maximale Tragf\u00e4higkeit: 150 kg<\/span><\/li>\n<li><span style=\"font-size:14px\">Gewicht: 17 kg<\/span><\/li>\n<li><span style=\"font-size:14px\">Breite (gefaltet): 54 cm<\/span><\/li>\n<li><span style=\"font-size:14px\">Verschlusssystem: Intelligenter Schlie\u00dfmechanismus<\/span><\/li>\n<li><span style=\"font-size:14px\">Fu\u00dfdesign: Speziell gegossener rutschfester Fu\u00df<\/span><\/li>\n<li><span style=\"font-size:14px\">Federung: Elastomerfederung f\u00fcr Stabilit\u00e4t<\/span><\/li>\n<li><span style=\"font-size:14px\">Anwendung: Industrie, Gewerbe und Hausgebrauch<\/span><\/li>\n<li><span style=\"font-size:14px\">Zertifizierung: Entspricht der Norm EN131<\/span><\/li>\n<li><span style=\"font-size:14px\">Transport: Integrierter Tragegriff und strapazierf\u00e4higer Verschlussriemen f\u00fcr einfachen Transport und Lagerung<\/span><\/li>\n<li><span style=\"font-size:14px\">Vielseitigkeit: Schwerlast-Mehrzweckleiter mit Option f\u00fcr Mehrzweck-Bockleiter<\/span><\/li>\n<li><span style=\"font-size:14px\">Sicherheit: Sehr stabiles, robustes und sicheres Design<\/span><\/li>\n<li><span style=\"font-size:14px\">Stabilisierung: Stabilisierungsstange bietet festen Halt<\/span><\/li>\n<li><span style=\"font-size:14px\">Zur\u00fcckziehen: Schleppsperre zum Sperren der Stufen f\u00fcr zus\u00e4tzliche Sicherheit<\/span><\/li>\n<li><span style=\"font-size:14px\">Verwendung: F\u00fcr den Innen- und Au\u00dfenbereich geeignet<\/span><\/li>\n<li><span style=\"font-size:14px\">Tragbarkeit: leicht und einfach zu verstauen<\/span><\/li>\n<li><span style=\"font-size:14px\">Langlebigkeit: Hergestellt aus hochwertigen Materialien f\u00fcr dauerhafte Leistung<\/span><\/li>\n<li><span style=\"font-size:14px\">Design: Ergonomisch konstruiert f\u00fcr einfache Handhabung<\/span><\/li>\n<li><span style=\"font-size:14px\">Anwendung: Geeignet zum Wechseln von Lampen, Streichen von W\u00e4nden, Reinigen von Fenstern und verschiedenen anderen Aufgaben in der H\u00f6he. Ideal f\u00fcr schwer zug\u00e4ngliche Stellen.<\/span><\/li>\n<li><span style=\"font-size:14px\">Pflege: Leicht zu reinigen und zu pflegen<\/span><\/li>\n<li><span style=\"font-size:14px\">Wert: Unschlagbares Preis-Leistungs-Verh\u00e4ltnis dank der hochwertigen Konstruktion und Leistung.<\/span><\/li>\n<\/ul>","protected":false},"excerpt":{"rendered":"<p>Herzberg HG-5440: Aluminium Teleskopleiter - 4.4M Treffen Sie die Herzberg HG-5440: Aluminium Teleskopleiter - 4.40M, eine<\/p>","protected":false},"featured_media":584690,"comment_status":"open","ping_status":"closed","template":"","meta":{"_seopress_robots_primary_cat":"","_seopress_titles_title":"","_seopress_titles_desc":"","_seopress_robots_index":""},"product_brand":[],"product_cat":[1019],"product_tag":[],"class_list":{"0":"post-584689","1":"product","2":"type-product","3":"status-publish","4":"has-post-thumbnail","6":"product_cat-ladders","8":"first","9":"instock","10":"taxable","11":"shipping-taxable","12":"purchasable","13":"product-type-simple"},"_links":{"self":[{"href":"https:\/\/ledshoponline.be\/de\/wp-json\/wp\/v2\/product\/584689","targetHints":{"allow":["GET"]}}],"collection":[{"href":"https:\/\/ledshoponline.be\/de\/wp-json\/wp\/v2\/product"}],"about":[{"href":"https:\/\/ledshoponline.be\/de\/wp-json\/wp\/v2\/types\/product"}],"replies":[{"embeddable":true,"href":"https:\/\/ledshoponline.be\/de\/wp-json\/wp\/v2\/comments?post=584689"}],"version-history":[{"count":0,"href":"https:\/\/ledshoponline.be\/de\/wp-json\/wp\/v2\/product\/584689\/revisions"}],"wp:featuredmedia":[{"embeddable":true,"href":"https:\/\/ledshoponline.be\/de\/wp-json\/wp\/v2\/media\/584690"}],"wp:attachment":[{"href":"https:\/\/ledshoponline.be\/de\/wp-json\/wp\/v2\/media?parent=584689"}],"wp:term":[{"taxonomy":"product_brand","embeddable":true,"href":"https:\/\/ledshoponline.be\/de\/wp-json\/wp\/v2\/product_brand?post=584689"},{"taxonomy":"product_cat","embeddable":true,"href":"https:\/\/ledshoponline.be\/de\/wp-json\/wp\/v2\/product_cat?post=584689"},{"taxonomy":"product_tag","embeddable":true,"href":"https:\/\/ledshoponline.be\/de\/wp-json\/wp\/v2\/product_tag?post=584689"}],"curies":[{"name":"wp","href":"https:\/\/api.w.org\/{rel}","templated":true}]}}