{"id":584651,"date":"2025-06-14T10:47:14","date_gmt":"2025-06-14T10:47:14","guid":{"rendered":"https:\/\/ledshoponline.be\/shop\/niet-gecategoriseerd\/royalty-line-rl-wdvc30-nat-en-droogzuiger-1400w\/"},"modified":"2025-06-14T10:47:14","modified_gmt":"2025-06-14T10:47:14","slug":"konigslinie-rl-wdvc30-nass-und-trockenstaubsauger-1400w","status":"publish","type":"product","link":"https:\/\/ledshoponline.be\/de\/shop\/producten\/gereedschap\/royalty-line-rl-wdvc30-nat-en-droogzuiger-1400w\/","title":{"rendered":"Royalty Line RL-WDVC30: Nass- und Trockensauger 1400W"},"content":{"rendered":"<p><span style=\"font-size:18px\"><strong>Royalty Line RL-WDVC30: Nass- und Trockensauger 1400W<\/strong><\/span><\/p>\n<p>&nbsp;<\/p>\n<p><span style=\"font-size:14px\">Der Royalty Line RL-WDVC30 ist ein leistungsstarker Nass-\/Trockensauger, der selbst die m\u00fchsamsten Reinigungsaufgaben schnell und einfach erledigt. Dieser Staubsauger verf\u00fcgt \u00fcber einen 1400W-Motor, der Staub und Schmutz von Ihren Teppichen, B\u00f6den und Polstern m\u00fchelos entfernt.<\/span><\/p>\n<p>&nbsp;<\/p>\n<p><span style=\"font-size:14px\">Dieser Staubsauger ist dank seiner 230V50\/60Hz-Spannung vielseitig einsetzbar, so dass er in Wohnungen, B\u00fcros und Garagen verwendet werden kann. Das mehrstufige Filtersystem des Staubsaugers h\u00e4lt Staub und andere Luftpartikel dort, wo sie hingeh\u00f6ren - im Inneren des Staubsaugers, wo sie nicht wieder in die Umwelt gelangen k\u00f6nnen.<\/span><\/p>\n<p> <span style=\"font-size:14px\">Mit seinem gro\u00dfen Fassungsverm\u00f6gen von 30 Litern k\u00f6nnen Sie mit dem Royalty Line RL-WDVC30 mehr reinigen, ohne den Tank nachf\u00fcllen zu m\u00fcssen. Au\u00dferdem verf\u00fcgt er \u00fcber eine Saugkraftregelung, mit der Sie den Luftstrom an Ihre Bed\u00fcrfnisse anpassen k\u00f6nnen.<\/span><\/p>\n<p>&nbsp;<\/p>\n<p><span style=\"font-size:14px\">Als zus\u00e4tzlicher Bonus verf\u00fcgt der Staubsauger \u00fcber eine praktische Gebl\u00e4sefunktion, mit der Sie auch an sonst unzug\u00e4nglichen Stellen reinigen k\u00f6nnen.<\/span><\/p>\n<p><span style=\"font-size:14px\">Kurz gesagt, der Royalty Line RL-WDVC30 ist ein ausgezeichneter Staubsauger, der sowohl auf trockenen als auch auf nassen Oberfl\u00e4chen eingesetzt werden kann.<\/span><\/p>\n<p>&nbsp;<\/p>\n<p>&nbsp;<\/p>\n<p><strong><span style=\"font-size:14px\">Merkmale:<\/span><\/strong><\/p>\n<ul>\n<li><span style=\"font-size:14px\">Nass- und Trockenstaubsauger<\/span><\/li>\n<li><span style=\"font-size:14px\">Leistung: 1400W Max<\/span><\/li>\n<li><span style=\"font-size:14px\">Spannung: 230V~50\/60Hz<\/span><\/li>\n<li><span style=\"font-size:14px\">Mehrschichtige Filterung<\/span><\/li>\n<li><span style=\"font-size:14px\">30L Fassungsverm\u00f6gen<\/span><\/li>\n<li><span style=\"font-size:14px\">Luftstromkontrolle<\/span><\/li>\n<li><span style=\"font-size:14px\">Spezielle Luftblasfunktion<\/span><\/li>\n<li><span style=\"font-size:14px\">Reinigt m\u00fchelos Feststoffe und Fl\u00fcssigkeiten<\/span><\/li>\n<li><span style=\"font-size:14px\">Mehrfaches Filtersystem<\/span><\/li>\n<li><span style=\"font-size:14px\">Mit spezieller Gebl\u00e4sefunktion<\/span><\/li>\n<li><span style=\"font-size:14px\">Praktische Anhalteposition<\/span><\/li>\n<li><span style=\"font-size:14px\">Kompakte Luftstromregelung am Griff<\/span><\/li>\n<li><span style=\"font-size:14px\">Hinterr\u00e4der mit gro\u00dfem Durchmesser f\u00fcr einfachen Transport und Gebrauch<\/span><\/li>\n<\/ul>","protected":false},"excerpt":{"rendered":"<p>Royalty Line RL-WDVC30: Nat- en droogzuiger 1400W &nbsp; De Royalty Line RL-WDVC30 is een krachtige nat\/droog stofzuiger die zelfs de<\/p>","protected":false},"featured_media":584652,"comment_status":"open","ping_status":"closed","template":"","meta":{"_seopress_robots_primary_cat":"","_seopress_titles_title":"","_seopress_titles_desc":"","_seopress_robots_index":""},"product_brand":[],"product_cat":[128],"product_tag":[],"class_list":{"0":"post-584651","1":"product","2":"type-product","3":"status-publish","4":"has-post-thumbnail","6":"product_cat-gereedschap","8":"first","9":"outofstock","10":"taxable","11":"shipping-taxable","12":"purchasable","13":"product-type-simple"},"_links":{"self":[{"href":"https:\/\/ledshoponline.be\/de\/wp-json\/wp\/v2\/product\/584651","targetHints":{"allow":["GET"]}}],"collection":[{"href":"https:\/\/ledshoponline.be\/de\/wp-json\/wp\/v2\/product"}],"about":[{"href":"https:\/\/ledshoponline.be\/de\/wp-json\/wp\/v2\/types\/product"}],"replies":[{"embeddable":true,"href":"https:\/\/ledshoponline.be\/de\/wp-json\/wp\/v2\/comments?post=584651"}],"version-history":[{"count":0,"href":"https:\/\/ledshoponline.be\/de\/wp-json\/wp\/v2\/product\/584651\/revisions"}],"wp:featuredmedia":[{"embeddable":true,"href":"https:\/\/ledshoponline.be\/de\/wp-json\/wp\/v2\/media\/584652"}],"wp:attachment":[{"href":"https:\/\/ledshoponline.be\/de\/wp-json\/wp\/v2\/media?parent=584651"}],"wp:term":[{"taxonomy":"product_brand","embeddable":true,"href":"https:\/\/ledshoponline.be\/de\/wp-json\/wp\/v2\/product_brand?post=584651"},{"taxonomy":"product_cat","embeddable":true,"href":"https:\/\/ledshoponline.be\/de\/wp-json\/wp\/v2\/product_cat?post=584651"},{"taxonomy":"product_tag","embeddable":true,"href":"https:\/\/ledshoponline.be\/de\/wp-json\/wp\/v2\/product_tag?post=584651"}],"curies":[{"name":"wp","href":"https:\/\/api.w.org\/{rel}","templated":true}]}}