{"id":584648,"date":"2025-06-14T10:45:55","date_gmt":"2025-06-14T10:45:55","guid":{"rendered":"https:\/\/ledshoponline.be\/shop\/niet-gecategoriseerd\/herzberg-hg-5002-aluminium-vouwladder-voor-meerdere-orientaties\/"},"modified":"2025-06-14T10:45:55","modified_gmt":"2025-06-14T10:45:55","slug":"herzberg-hg-5002-aluminium-klappleiter-fur-mehrfachausrichtung","status":"publish","type":"product","link":"https:\/\/ledshoponline.be\/de\/shop\/producten\/gereedschap\/ladders\/herzberg-hg-5002-aluminium-vouwladder-voor-meerdere-orientaties\/","title":{"rendered":"Herzberg HG-5002: Aluminium-Klappleiter f\u00fcr mehrere Ausrichtungen"},"content":{"rendered":"<p><span style=\"font-size:14px\"><font style=\"vertical-align: inherit\"><font style=\"vertical-align: inherit\">Lernen Sie die Herzberg HG-5002 Aluminium-Klappleiter kennen, Ihre ultimative L\u00f6sung, um eine breite Palette von Aufgaben mit Leichtigkeit und Vielseitigkeit zu erledigen. Die robuste Konstruktion aus hochwertigem Aluminium mit einer St\u00e4rke von 1,2 mm, quadratischen Sprossen und St\u00fctzrohren sorgt f\u00fcr Stabilit\u00e4t und Sicherheit. <\/font><font style=\"vertical-align: inherit\">Die Leiter entspricht der Norm EN131, die f\u00fcr au\u00dfergew\u00f6hnliche Qualit\u00e4t und Leistung steht.<\/font><\/font><\/span><\/p>\n<p> <span style=\"font-size:14px\"><font style=\"vertical-align: inherit\"><font style=\"vertical-align: inherit\">Das Besondere an dieser Leiter ist das gro\u00dfe Scharnier, das die Tragf\u00e4higkeit und Haltbarkeit erh\u00f6ht und durch sechs Sicherheitsverschl\u00fcsse unterst\u00fctzt wird, mit denen Sie die Form der Leiter schnell und sicher anpassen k\u00f6nnen. <\/font><font style=\"vertical-align: inherit\">Dank der rutschfesten Gummisohle der Leiter, die einen festen Halt w\u00e4hrend der Benutzung gew\u00e4hrleistet, m\u00fcssen Sie sich keine Sorgen mehr \u00fcber ein Ausrutschen machen.<\/font><\/font><\/span><\/p>\n<p> <span style=\"font-size:14px\"><font style=\"vertical-align: inherit\"><font style=\"vertical-align: inherit\">Diese Leiter ist Ihr multifunktionaler Begleiter und kann in verschiedene Konfigurationen umgewandelt werden, darunter ein Ger\u00fcst, eine Anlegeleiter und eine Stufenleiter, um unterschiedliche H\u00f6henanforderungen und Projektanforderungen zu erf\u00fcllen. <\/font><font style=\"vertical-align: inherit\">Mit einer maximalen Tragf\u00e4higkeit von 150 kg und einem komfortablen Stufenabstand von 280 mm ist diese Leiter sowohl robust als auch effizient.<\/font><\/font><\/span><\/p>\n<p> <span style=\"font-size:14px\"><font style=\"vertical-align: inherit\"><font style=\"vertical-align: inherit\">Er ist aus Flugzeugaluminium gefertigt und eignet sich f\u00fcr eine Vielzahl von Aufgaben, von der Fensterdekoration und -reinigung \u00fcber Dach- und Balkonarbeiten bis hin zu Malerarbeiten und Heimwerkerarbeiten aller Art. <\/font><font style=\"vertical-align: inherit\">Sie k\u00f6nnen sicher sein, dass es die strenge Pr\u00fcfnorm EN 131-Teil 4:2007 erf\u00fcllt und Ihnen somit h\u00f6chste Qualit\u00e4t garantiert.<\/font><\/font><\/span><\/p>\n<p> <span style=\"font-size:14px\"><font style=\"vertical-align: inherit\"><font style=\"vertical-align: inherit\">Die Herzberg HG-5002 Aluminium-Multifunktionsleiter ist die Antwort auf jede Aufgabe und bietet Haltbarkeit, Vielseitigkeit und Sicherheit. <\/font><font style=\"vertical-align: inherit\">Erleben Sie eine einfache Montage mit Schl\u00f6ssern und Scharnieren f\u00fcr mehr Sicherheit. <\/font><font style=\"vertical-align: inherit\">Dank des rutschfesten Fu\u00dfes der Leiter ist ein Ausrutschen ausgeschlossen, so dass Sie sich bei jedem Projekt sicher f\u00fchlen k\u00f6nnen.<\/font><\/font><\/span><\/p>\n<p> <span style=\"font-size:14px\"><font style=\"vertical-align: inherit\"><font style=\"vertical-align: inherit\">Erleben Sie die Herzberg HG-5002 Aluminium-Multifunktionsleiter und nutzen Sie ihre M\u00f6glichkeiten f\u00fcr m\u00fcheloses, sicheres und vielseitiges Arbeiten. <\/font><font style=\"vertical-align: inherit\">Diese Leiter eignet sich sowohl f\u00fcr den privaten als auch f\u00fcr den gesch\u00e4ftlichen Gebrauch und l\u00e4sst sich in sieben verschiedenen Formationen einstellen, um Ihren individuellen Projektanforderungen gerecht zu werden. <\/font><font style=\"vertical-align: inherit\">F\u00fcgen Sie es noch heute Ihrem Werkzeugkasten hinzu und bringen Sie Ihre Heimwerker- und professionellen Aufgaben auf ein neues Niveau.<\/font><\/font><\/span><\/p>\n<p>&nbsp;<\/p>\n<p>&nbsp;<\/p>\n<p>&nbsp;<\/p>\n<p><span style=\"font-size:14px\"><strong><font style=\"vertical-align: inherit\"><font style=\"vertical-align: inherit\">Merkmale:&nbsp;<\/font><\/font><\/strong><\/span><\/p>\n<ul>\n<li><span style=\"font-size:14px\"><strong><font style=\"vertical-align: inherit\"><font style=\"vertical-align: inherit\">Hochbelastbare Aluminiumkonstruktion:<\/font><\/font><\/strong><font style=\"vertical-align: inherit\"><font style=\"vertical-align: inherit\"> Die Leiter ist aus hochwertigem Aluminium mit einer St\u00e4rke von 1,2 mm gefertigt und ist daher robust und stabil. <\/font><font style=\"vertical-align: inherit\">Er h\u00e4lt den Strapazen verschiedener Aufgaben stand, so dass er \u00fcber Jahre hinweg Ihr zuverl\u00e4ssiger Begleiter sein wird.<\/font><\/font><\/span><\/li>\n<li><span style=\"font-size:14px\"><strong><font style=\"vertical-align: inherit\"><font style=\"vertical-align: inherit\">Vielseitige Funktionalit\u00e4t:<\/font><\/font><\/strong><font style=\"vertical-align: inherit\"><font style=\"vertical-align: inherit\"> Das Herzberg HG-5002 wird nicht auf der Leiter verwendet; <\/font><font style=\"vertical-align: inherit\">Es ist ein vielseitiges Werkzeug, das sich an Ihre spezifischen Projektanforderungen anpasst. <\/font><font style=\"vertical-align: inherit\">Mit sieben verschiedenen Konfigurationen, darunter Ger\u00fcst-, Anlege- und Stufenleitern, k\u00f6nnen Sie m\u00fchelos eine Vielzahl von Arbeiten ausf\u00fchren, vom Streichen hoher W\u00e4nde bis zum Besteigen von D\u00e4chern oder Decken. <\/font><font style=\"vertical-align: inherit\">Diese Anpassungsf\u00e4higkeit macht ihn zu einer unverzichtbaren Erg\u00e4nzung Ihres Werkzeugkastens.<\/font><\/font><\/span><\/li>\n<li><span style=\"font-size:14px\"><strong><font style=\"vertical-align: inherit\"><font style=\"vertical-align: inherit\">Entspricht der Norm EN131:<\/font><\/font><\/strong><font style=\"vertical-align: inherit\"><font style=\"vertical-align: inherit\"> Sicherheit ist oberstes Gebot, und bei der Konstruktion dieser Leiter wurde an Ihr Wohlbefinden gedacht. <\/font><font style=\"vertical-align: inherit\">Er entspricht der strengen Norm EN131, so dass Sie sicher sein k\u00f6nnen, dass er die h\u00f6chsten Qualit\u00e4ts- und Sicherheitsstandards erf\u00fcllt. <\/font><font style=\"vertical-align: inherit\">Diese Zertifizierung gibt Ihnen bei Ihren Projekten die Gewissheit, dass Sie eine Leiter verwenden, die den h\u00f6chsten Industriestandards entspricht.<\/font><\/font><\/span><\/li>\n<li><span style=\"font-size:14px\"><strong><font style=\"vertical-align: inherit\"><font style=\"vertical-align: inherit\">Tolle Verbindung mit Sicherheitsschl\u00f6ssern:<\/font><\/font><\/strong><font style=\"vertical-align: inherit\"><font style=\"vertical-align: inherit\"> Die Leiter hat ein robustes, gro\u00dfes Gelenk, das von sechs Sicherheitsverschl\u00fcssen gehalten wird. <\/font><font style=\"vertical-align: inherit\">Diese Konstruktion sorgt daf\u00fcr, dass die Form der Leiter w\u00e4hrend der Benutzung stabil und sicher bleibt und nicht wackelt oder instabil wird. <\/font><font style=\"vertical-align: inherit\">Sie k\u00f6nnen sich auch bei schwierigen Aufgaben auf die strukturelle Integrit\u00e4t der Leiter verlassen.<\/font><\/font><\/span><\/li>\n<li><span style=\"font-size:14px\"><strong><font style=\"vertical-align: inherit\"><font style=\"vertical-align: inherit\">Rutschfeste Gummisohle:<\/font><\/font><\/strong><font style=\"vertical-align: inherit\"><font style=\"vertical-align: inherit\"> Sicherheit steht an erster Stelle. <\/font><font style=\"vertical-align: inherit\">Die F\u00fc\u00dfe der Leiter sind mit einer rutschfesten Gummisohle versehen. <\/font><font style=\"vertical-align: inherit\">Dies verhindert ungewolltes Abrutschen und sorgt f\u00fcr einen sicheren und stabilen Halt auf verschiedenen Untergr\u00fcnden. <\/font><font style=\"vertical-align: inherit\">Sie k\u00f6nnen selbstbewusst in der H\u00f6he arbeiten, ohne sich Sorgen um Unf\u00e4lle durch Ausrutschen zu machen.<\/font><\/font><\/span><\/li>\n<li><span style=\"font-size:14px\"><strong><font style=\"vertical-align: inherit\"><font style=\"vertical-align: inherit\">Effizientes Design mit 12 Stufen:<\/font><\/font><\/strong><font style=\"vertical-align: inherit\"><font style=\"vertical-align: inherit\"> Mit 12 gleichm\u00e4\u00dfig angeordneten Stufen und einem bequemen Abstand von 280 mm zwischen den einzelnen Stufen ist diese Leiter auf Komfort und Effizienz ausgelegt. <\/font><font style=\"vertical-align: inherit\">Der Auf- und Abstieg wird bequemer und spart Ihnen Zeit und M\u00fche bei Ihren Projekten.<\/font><\/font><\/span><\/li>\n<li><span style=\"font-size:14px\"><strong><font style=\"vertical-align: inherit\"><font style=\"vertical-align: inherit\">Aluminium in Flugzeugqualit\u00e4t:<\/font><\/font><\/strong><font style=\"vertical-align: inherit\"><font style=\"vertical-align: inherit\"> F\u00fcr die Konstruktion der Leiter wurde eine Aluminiumlegierung in Flugzeugqualit\u00e4t verwendet. <\/font><font style=\"vertical-align: inherit\">Diese Materialwahl gew\u00e4hrleistet nicht nur au\u00dfergew\u00f6hnliche Festigkeit, sondern auch eine lange Lebensdauer der Leiter. <\/font><font style=\"vertical-align: inherit\">Sie investieren in ein Werkzeug, das f\u00fcr eine lange Lebensdauer ausgelegt ist.<\/font><\/font><\/span><\/li>\n<li><span style=\"font-size:14px\"><strong><font style=\"vertical-align: inherit\"><font style=\"vertical-align: inherit\">Schnelle und einfache Montage:<\/font><\/font><\/strong><font style=\"vertical-align: inherit\"><font style=\"vertical-align: inherit\"> Zeit ist kostbar, und diese Leiter wurde unter Ber\u00fccksichtigung dieser Tatsache entwickelt. <\/font><font style=\"vertical-align: inherit\">Der Auf- und Abbau der Leiter ist schnell und m\u00fchelos. <\/font><font style=\"vertical-align: inherit\">Sie k\u00f6nnen mehr Zeit auf Ihre Projekte verwenden und m\u00fcssen weniger Zeit f\u00fcr das Aufstellen der Leiter aufwenden.<\/font><\/font><\/span><\/li>\n<li><span style=\"font-size:14px\"><strong><font style=\"vertical-align: inherit\"><font style=\"vertical-align: inherit\">Mehrzweckanwendungen:<\/font><\/font><\/strong><font style=\"vertical-align: inherit\"><font style=\"vertical-align: inherit\"> Ob Sie Fenster putzen, W\u00e4nde streichen oder auf D\u00e4chern und Balkonen arbeiten, diese Leiter ist Ihr vielseitiger Partner. <\/font><font style=\"vertical-align: inherit\">Sie l\u00e4sst sich an eine Vielzahl von Aufgaben anpassen, macht mehrere Leitern \u00fcberfl\u00fcssig und vereinfacht Ihren Werkzeugkasten.<\/font><\/font><\/span><\/li>\n<li><span style=\"font-size:14px\"><strong><font style=\"vertical-align: inherit\"><font style=\"vertical-align: inherit\">Professionelle Haltbarkeit:<\/font><\/font><\/strong><font style=\"vertical-align: inherit\"><font style=\"vertical-align: inherit\"> Diese Leiter ist f\u00fcr hohe Belastungen ausgelegt und hat eine maximale Tragf\u00e4higkeit von 150 kg. <\/font><font style=\"vertical-align: inherit\">Diese bemerkenswerte Tragf\u00e4higkeit gew\u00e4hrleistet, dass Sie sich bei einer Vielzahl von Projekten auf ihn verlassen k\u00f6nnen, von Heimwerkerarbeiten bis hin zu professionellen Aufgaben. <\/font><font style=\"vertical-align: inherit\">Er ist eine robuste und zuverl\u00e4ssige Wahl f\u00fcr alle Arbeiten in der H\u00f6he.<\/font><\/font><\/span><\/li>\n<\/ul>\n<p>&nbsp;<\/p>\n<p> <span style=\"font-size:14px\"><strong><font style=\"vertical-align: inherit\"><font style=\"vertical-align: inherit\">Spezifikationen:&nbsp;<\/font><\/font><\/strong><\/span><\/p>\n<ul>\n<li><span style=\"font-size:14px\"><font style=\"vertical-align: inherit\"><font style=\"vertical-align: inherit\">Markenname: Herzberg<\/font><\/font><\/span><\/li>\n<li><span style=\"font-size:14px\"><font style=\"vertical-align: inherit\"><font style=\"vertical-align: inherit\">Farbe: Chrom<\/font><\/font><\/span><\/li>\n<li><span style=\"font-size:14px\"><font style=\"vertical-align: inherit\"><font style=\"vertical-align: inherit\">Material: Aluminiumlegierung<\/font><\/font><\/span><\/li>\n<li><span style=\"font-size:14px\"><font style=\"vertical-align: inherit\"><font style=\"vertical-align: inherit\">Gr\u00f6\u00dfe: 38cm x 28cm x 93cm<\/font><\/font><\/span><\/li>\n<li><span style=\"font-size:14px\"><font style=\"vertical-align: inherit\"><font style=\"vertical-align: inherit\">Orientierung: 7 Arten<\/font><\/font><\/span><\/li>\n<li><span style=\"font-size:14px\"><font style=\"vertical-align: inherit\"><font style=\"vertical-align: inherit\">Gewicht: 11,6 kg<\/font><\/font><\/span><\/li>\n<li><span style=\"font-size:14px\"><font style=\"vertical-align: inherit\"><font style=\"vertical-align: inherit\">Gewichtskapazit\u00e4t: 150kg<\/font><\/font><\/span><\/li>\n<li><span style=\"font-size:14px\"><font style=\"vertical-align: inherit\"><font style=\"vertical-align: inherit\">Anzahl der Stufen: 12 Stufen<\/font><\/font><\/span><\/li>\n<li><span style=\"font-size:14px\"><font style=\"vertical-align: inherit\"><font style=\"vertical-align: inherit\">H\u00f6he der geraden Leiter: 3,7 m<\/font><\/font><\/span><\/li>\n<li><span style=\"font-size:14px\"><font style=\"vertical-align: inherit\"><font style=\"vertical-align: inherit\">Stehleiter H\u00f6he: 1,80m<\/font><\/font><\/span><\/li>\n<li><span style=\"font-size:14px\"><font style=\"vertical-align: inherit\"><font style=\"vertical-align: inherit\">H\u00f6he des Ger\u00fcsts: 1 m<\/font><\/font><\/span><\/li>\n<li><span style=\"font-size:14px\"><font style=\"vertical-align: inherit\"><font style=\"vertical-align: inherit\">Zusammengeklappt: 1,01 m<\/font><\/font><\/span><\/li>\n<li><span style=\"font-size:14px\"><font style=\"vertical-align: inherit\"><font style=\"vertical-align: inherit\">Stufenabstand: 280mm<\/font><\/font><\/span><\/li>\n<li><span style=\"font-size:14px\"><font style=\"vertical-align: inherit\"><font style=\"vertical-align: inherit\">Stufendicke: 1,2 mm<\/font><\/font><\/span><\/li>\n<li><span style=\"font-size:14px\"><font style=\"vertical-align: inherit\"><font style=\"vertical-align: inherit\">Zertifizierung: EN 131 zertifiziert<\/font><\/font><\/span><\/li>\n<\/ul>","protected":false},"excerpt":{"rendered":"<p>Maak kennis met de Herzberg HG-5002 aluminum vouwladder, uw ultieme oplossing om een \u200b\u200bbreed scala aan taken met gemak en<\/p>","protected":false},"featured_media":584649,"comment_status":"open","ping_status":"closed","template":"","meta":{"_seopress_robots_primary_cat":"","_seopress_titles_title":"","_seopress_titles_desc":"","_seopress_robots_index":""},"product_brand":[],"product_cat":[1019],"product_tag":[],"class_list":{"0":"post-584648","1":"product","2":"type-product","3":"status-publish","4":"has-post-thumbnail","6":"product_cat-ladders","8":"first","9":"instock","10":"taxable","11":"shipping-taxable","12":"purchasable","13":"product-type-simple"},"_links":{"self":[{"href":"https:\/\/ledshoponline.be\/de\/wp-json\/wp\/v2\/product\/584648","targetHints":{"allow":["GET"]}}],"collection":[{"href":"https:\/\/ledshoponline.be\/de\/wp-json\/wp\/v2\/product"}],"about":[{"href":"https:\/\/ledshoponline.be\/de\/wp-json\/wp\/v2\/types\/product"}],"replies":[{"embeddable":true,"href":"https:\/\/ledshoponline.be\/de\/wp-json\/wp\/v2\/comments?post=584648"}],"version-history":[{"count":0,"href":"https:\/\/ledshoponline.be\/de\/wp-json\/wp\/v2\/product\/584648\/revisions"}],"wp:featuredmedia":[{"embeddable":true,"href":"https:\/\/ledshoponline.be\/de\/wp-json\/wp\/v2\/media\/584649"}],"wp:attachment":[{"href":"https:\/\/ledshoponline.be\/de\/wp-json\/wp\/v2\/media?parent=584648"}],"wp:term":[{"taxonomy":"product_brand","embeddable":true,"href":"https:\/\/ledshoponline.be\/de\/wp-json\/wp\/v2\/product_brand?post=584648"},{"taxonomy":"product_cat","embeddable":true,"href":"https:\/\/ledshoponline.be\/de\/wp-json\/wp\/v2\/product_cat?post=584648"},{"taxonomy":"product_tag","embeddable":true,"href":"https:\/\/ledshoponline.be\/de\/wp-json\/wp\/v2\/product_tag?post=584648"}],"curies":[{"name":"wp","href":"https:\/\/api.w.org\/{rel}","templated":true}]}}