{"id":584645,"date":"2025-06-14T10:45:09","date_gmt":"2025-06-14T10:45:09","guid":{"rendered":"https:\/\/ledshoponline.be\/shop\/niet-gecategoriseerd\/herzberg-hg-8028-75-75l-kruiwagen-kiepwagen\/"},"modified":"2025-06-14T15:59:12","modified_gmt":"2025-06-14T15:59:12","slug":"herzberg-hg-8028-75-75l-schubkarre-kipper","status":"publish","type":"product","link":"https:\/\/ledshoponline.be\/de\/shop\/tuin\/herzberg-hg-8028-75-75l-kruiwagen-kiepwagen\/","title":{"rendered":"Herzberg HG-8028-75: 75L Schubkarren-Kipper"},"content":{"rendered":"<p><span style=\"font-size: 14px;\">Lernen Sie die Herzberg HG-8028-75 kennen, eine revolution\u00e4re L\u00f6sung f\u00fcr den Schwertransport. Diese 75-Liter-Schubkarre setzt einen neuen Standard f\u00fcr Effizienz bei Garten- und Transportaufgaben. Mit einer robusten maximalen Tragf\u00e4higkeit von 250 kg und einer gel\u00e4ndeg\u00e4ngigen Luftbereifung sorgt sie f\u00fcr einfache Handhabung und Vielseitigkeit. Der hochwertige, pulverbeschichtete Stahlrahmen und der hochdichte Polyplastik machen die Schubkarre zu einer langlebigen und robusten Konstruktion, die sich ideal f\u00fcr allt\u00e4gliche Ladeaufgaben im Garten oder f\u00fcr jedes Transportprojekt eignet.<\/span><\/p>\n<p><span style=\"font-size: 14px;\">Das innovative Vier-Rad-Design sorgt f\u00fcr eine ausgewogene und gleichm\u00e4\u00dfige Gewichtsverteilung f\u00fcr stabile Lasten. Mit dem rechteckigen, stabilen Metallrahmen ist die Installation ein Kinderspiel, die Man\u00f6vrierf\u00e4higkeit wird verbessert und enge Kurven k\u00f6nnen m\u00fchelos durchfahren werden. Das hochwertige Polyplastik ist nicht nur langlebig und leicht zu reinigen, sondern auch so konzipiert, dass es schweren Schmutz, Kies, Mulch oder Pflanzen standh\u00e4lt. Die gro\u00dfe Bodenfreiheit erm\u00f6glicht es dem Wagen, g\u00e4ngige Hindernisse mit Leichtigkeit zu \u00fcberwinden.<\/span><\/p>\n<p><span style=\"font-size: 14px;\">Der weiche und gepolsterte Griff dieses Wagens sorgt f\u00fcr einen bequemen Halt, so dass Sie sich bei langen Transportvorg\u00e4ngen nicht anstrengen m\u00fcssen. Der Wagen verf\u00fcgt \u00fcber ein ausgezeichnetes Ladegewicht und eine hohe Lagerkapazit\u00e4t und ist aus strapazierf\u00e4higen, hochwertigen Materialien gefertigt, die eine lange Lebensdauer gew\u00e4hrleisten. Der leichte Entriegelungsmechanismus und die einfache Montage machen diesen Wagen zu einer praktischen und benutzerfreundlichen Wahl.<\/span><\/p>\n<p><span style=\"font-size: 14px;\">Der Herzberg HG-8028-75 besticht au\u00dferdem durch seinen gro\u00dfen Wenderadius, die gro\u00dfe Bodenfreiheit und das rostfreie Kunststoffbett f\u00fcr eine lange Lebensdauer. Die gel\u00e4ndeg\u00e4ngigen 10-Zoll-Luftreifen sorgen f\u00fcr ein reibungsloses und zuverl\u00e4ssiges Fahrverhalten, w\u00e4hrend sich der extralange Griff m\u00fchelos einklappen l\u00e4sst, um ihn bequem zu verstauen. Erweitern Sie Ihre Transportm\u00f6glichkeiten mit der Schubkarre HG-8028-75 von Herzberg - eine perfekte Mischung aus Haltbarkeit, Innovation und un\u00fcbertroffener Leistung f\u00fcr alle Ihre Garten- und Transportaufgaben.<\/span><\/p>\n<p>&nbsp;<\/p>\n<p>&nbsp;<\/p>\n<p><span style=\"font-size: 14px;\"><strong>Merkmale:<\/strong><\/span><\/p>\n<ul>\n<li><span style=\"font-size: 14px;\"><strong>Gro\u00dfes Ladegewicht und gro\u00dfe Lagerkapazit\u00e4t: <\/strong>Der Herzberg HG-8028-75 verf\u00fcgt nicht nur \u00fcber eine beeindruckende Transportkapazit\u00e4t, sondern auch \u00fcber ein au\u00dfergew\u00f6hnliches Ladegewicht und eine hohe Lagerkapazit\u00e4t, was ihn zu einem zuverl\u00e4ssigen Arbeitstier f\u00fcr eine Vielzahl von Materialien und Aufgaben macht.<\/span><\/li>\n<li><span style=\"font-size: 14px;\"><strong>Strapazierf\u00e4hige Konstruktion und hochwertiges Material:<\/strong> Der Wagen besteht aus strapazierf\u00e4higen Materialien, darunter ein hochwertiger pulverbeschichteter Stahlrahmen und ein Bett aus hochdichtem Polyplastik. Er ist so gebaut, dass er den Strapazen des harten Einsatzes standh\u00e4lt und eine lange Lebensdauer und Haltbarkeit gew\u00e4hrleistet.<\/span><\/li>\n<li><span style=\"font-size: 14px;\"><strong>Der extralange Griff kann zur einfachen Aufbewahrung zusammengeklappt werden: <\/strong>Der extralange Griff erleichtert nicht nur das bequeme Ziehen, sondern l\u00e4sst sich auch m\u00fchelos zusammenklappen und kompakt verstauen. Diese Eigenschaft macht ihn zu einer hervorragenden Wahl f\u00fcr Benutzer mit begrenztem Stauraum.<\/span><\/li>\n<li><span style=\"font-size: 14px;\"><strong>Stabilit\u00e4t auf vier R\u00e4dern:<\/strong> Die innovative Vier-Rad-Konstruktion ist ein wesentliches Merkmal, das zur Stabilit\u00e4t des Wagens beitr\u00e4gt. Es sorgt f\u00fcr eine ausgewogene Gewichtsverteilung und bietet eine stabile Basis f\u00fcr einen sicheren und effizienten Transport. Diese Konstruktion ist besonders vorteilhaft auf unebenem Gel\u00e4nde oder bei schwereren Lasten.<\/span><\/li>\n<li><span style=\"font-size: 14px;\"><strong>Einfache Montage: H<\/strong>er rechteckige, robuste Metallrahmen erh\u00f6ht nicht nur die Stabilit\u00e4t des Wagens, sondern erleichtert auch den Aufbau. Die Benutzer k\u00f6nnen den Wagen schnell zusammenbauen, so dass er ohne komplizierte Installationsverfahren sofort verwendet werden kann.<\/span><\/li>\n<li><span style=\"font-size: 14px;\"><strong>Einfacher Ausl\u00f6semechanismus: <\/strong>Der leicht zu l\u00f6sende Entlademechanismus des Wagens ist ein zeitsparendes Merkmal, das das Entladen vereinfacht. Dieses benutzerfreundliche Design verbessert die Gesamteffizienz bei Aufgaben, rationalisiert Ihren Arbeitsablauf und spart wertvolle Zeit.<\/span><\/li>\n<li><span style=\"font-size: 14px;\"><strong>Weich gepolsterter Griff:<\/strong> Der weiche und gepolsterte Griff ist eine durchdachte Erg\u00e4nzung, die den Benutzerkomfort bei l\u00e4ngerem Gebrauch in den Vordergrund stellt. Dieses Merkmal minimiert die Belastung der H\u00e4nde und bietet sowohl Rasenprofis als auch Hobbyg\u00e4rtnern einen bequemen Griff.<\/span><\/li>\n<li><span style=\"font-size: 14px;\"><strong>Gro\u00dfe Bodenfreiheit: <\/strong>Die gro\u00dfz\u00fcgige Bodenfreiheit des Wagens ist ein praktisches Merkmal, das eine reibungslose Navigation um Hindernisse herum erm\u00f6glicht. Diese Anpassungsf\u00e4higkeit an unterschiedliche Terrains verbessert die Gesamtnutzbarkeit und macht den Wagen gut geeignet f\u00fcr Au\u00dfenbereiche mit h\u00e4ufigen Hindernissen.<\/span><\/li>\n<li><span style=\"font-size: 14px;\"><strong>Rostfreies Poly-Bett:<\/strong> Das rostfreie Kunststoffbett ist ein Beweis f\u00fcr die Langlebigkeit des Wagens. Es ist so konstruiert, dass es schweren Lasten und der Einwirkung verschiedener Materialien wie Erde, Kies, Mulch oder Pflanzen standh\u00e4lt und eine lange Lebensdauer und dauerhafte Leistung gew\u00e4hrleistet.<\/span><\/li>\n<li><span style=\"font-size: 14px;\"><strong>Kompakte Lagerung:<\/strong> Der extralange Griff, der sich m\u00fchelos einklappen l\u00e4sst, ist eine platzsparende Aufbewahrungsl\u00f6sung. Dieses Design erh\u00f6ht die Benutzerfreundlichkeit des Wagens, indem es den ben\u00f6tigten Stauraum minimiert, was ihn zu einer praktischen Wahl f\u00fcr Benutzer mit begrenzter Lagerkapazit\u00e4t macht.<\/span><\/li>\n<li><span style=\"font-size: 14px;\"><strong>Luftreifen f\u00fcr jedes Terrain: <\/strong>Die 10-Zoll-Gel\u00e4nde-Luftreifen sorgen daf\u00fcr, dass dieser Wagen jeden Untergrund meistert. Ganz gleich, ob Sie durch Kies, Gras oder unebenen Boden fahren, die Luftreifen sorgen f\u00fcr eine reibungslose und zuverl\u00e4ssige Leistung und machen ihn zur idealen Wahl f\u00fcr vielseitige Au\u00dfenanwendungen.<\/span><\/li>\n<\/ul>\n<p>&nbsp;<\/p>\n<p><span style=\"font-size: 14px;\"><strong>Spezifikationen:<\/strong><\/span><\/p>\n<ul>\n<li><span style=\"font-size: 14px;\">Marke: Herzberg<\/span><\/li>\n<li><span style=\"font-size: 14px;\">Farbe: Gr\u00fcn<\/span><\/li>\n<li><span style=\"font-size: 14px;\">Material der Box: hochwertiger Poly-Kunststoff<\/span><\/li>\n<li><span style=\"font-size: 14px;\">Rahmenmaterial: hochwertiger pulverbeschichteter Stahl<\/span><\/li>\n<li><span style=\"font-size: 14px;\">Normales Transportvolumen: 75 l<\/span><\/li>\n<li><span style=\"font-size: 14px;\">Max. Transportkapazit\u00e4t: 250 kg<\/span><\/li>\n<li><span style=\"font-size: 14px;\">Gesamtma\u00dfe: 109cm x 51cm x 94 cm<\/span><\/li>\n<li><span style=\"font-size: 14px;\">Bettgr\u00f6\u00dfe: 92cm x 49cm x 21cm\u00a0<\/span><\/li>\n<li><span style=\"font-size: 14px;\">Produktgewicht: 14,50 kg<\/span><\/li>\n<li><span style=\"font-size: 14px;\">Bereifung: 10-Zoll-Luftreifen<\/span><\/li>\n<\/ul>","protected":false},"excerpt":{"rendered":"<p>Maak kennis met de Herzberg HG-8028-75, een revolutionaire oplossing voor zwaar transport. Deze 75 liter kruiwagen zet een nieuwe standaard<\/p>","protected":false},"featured_media":584646,"comment_status":"closed","ping_status":"closed","template":"","meta":{"_seopress_robots_primary_cat":"none","_seopress_titles_title":"","_seopress_titles_desc":"","_seopress_robots_index":""},"product_brand":[],"product_cat":[998],"product_tag":[],"class_list":{"0":"post-584645","1":"product","2":"type-product","3":"status-publish","4":"has-post-thumbnail","6":"product_cat-tuin","8":"first","9":"instock","10":"taxable","11":"shipping-taxable","12":"purchasable","13":"product-type-simple"},"_links":{"self":[{"href":"https:\/\/ledshoponline.be\/de\/wp-json\/wp\/v2\/product\/584645","targetHints":{"allow":["GET"]}}],"collection":[{"href":"https:\/\/ledshoponline.be\/de\/wp-json\/wp\/v2\/product"}],"about":[{"href":"https:\/\/ledshoponline.be\/de\/wp-json\/wp\/v2\/types\/product"}],"replies":[{"embeddable":true,"href":"https:\/\/ledshoponline.be\/de\/wp-json\/wp\/v2\/comments?post=584645"}],"version-history":[{"count":1,"href":"https:\/\/ledshoponline.be\/de\/wp-json\/wp\/v2\/product\/584645\/revisions"}],"predecessor-version":[{"id":584776,"href":"https:\/\/ledshoponline.be\/de\/wp-json\/wp\/v2\/product\/584645\/revisions\/584776"}],"wp:featuredmedia":[{"embeddable":true,"href":"https:\/\/ledshoponline.be\/de\/wp-json\/wp\/v2\/media\/584646"}],"wp:attachment":[{"href":"https:\/\/ledshoponline.be\/de\/wp-json\/wp\/v2\/media?parent=584645"}],"wp:term":[{"taxonomy":"product_brand","embeddable":true,"href":"https:\/\/ledshoponline.be\/de\/wp-json\/wp\/v2\/product_brand?post=584645"},{"taxonomy":"product_cat","embeddable":true,"href":"https:\/\/ledshoponline.be\/de\/wp-json\/wp\/v2\/product_cat?post=584645"},{"taxonomy":"product_tag","embeddable":true,"href":"https:\/\/ledshoponline.be\/de\/wp-json\/wp\/v2\/product_tag?post=584645"}],"curies":[{"name":"wp","href":"https:\/\/api.w.org\/{rel}","templated":true}]}}