{"id":584643,"date":"2025-06-14T10:44:12","date_gmt":"2025-06-14T10:44:12","guid":{"rendered":"https:\/\/ledshoponline.be\/shop\/niet-gecategoriseerd\/nordic-master-nac-9000-4-in-1-airconditioner-met-9000-btu-koelvermogen-en-wifi\/"},"modified":"2025-06-26T04:14:01","modified_gmt":"2025-06-26T04:14:01","slug":"nordic-master-nac-9000-4-in-1-klimagerat-mit-9000-btu-kuhlleistung-und-wifi","status":"publish","type":"product","link":"https:\/\/ledshoponline.be\/de\/shop\/producten\/nordic-master-nac-9000-4-in-1-airconditioner-met-9000-btu-koelvermogen-en-wifi\/","title":{"rendered":"Nordic Master NAC-9000: 4-in-1-Klimager\u00e4t mit 9000 BTU K\u00fchlleistung und WIFI"},"content":{"rendered":"<p><span style=\"font-size: 18px;\"><strong>Nordic Master NAC-9000: 4-in-1-Klimager\u00e4t mit 9000 BTU K\u00fchlleistung und WIFI<\/strong><\/span><\/p>\n<p>&nbsp;<\/p>\n<p>&nbsp;<\/p>\n<p><span style=\"font-size: 14px;\">Das Nordic Master NAC-9000 ist ein multifunktionales 4-in-1-Klimager\u00e4t mit einer Leistung von 9000 BTU, das f\u00fcr eine effektive K\u00fchlung sorgt. Mit seinen fortschrittlichen Funktionen und der praktischen Wi-Fi-Konnektivit\u00e4t bietet dieses kleine Ger\u00e4t eine pr\u00e4zise Steuerung und mehr Komfort.<\/span><\/p>\n<p><span style=\"font-size: 14px;\">Mit dem NAC-9000 haben Sie die vollst\u00e4ndige Kontrolle \u00fcber Ihren Innenraum. Mit der speziellen Wi-Fi-App k\u00f6nnen Sie die Ventilatorgeschwindigkeit steuern, die Heizung, K\u00fchlung oder Entfeuchtung einschalten und die gew\u00fcnschte Temperatur von \u00fcberall in Ihrem Haus einstellen. \u00dcber den digitalen LED-Bildschirm k\u00f6nnen Sie die Einstellungen leicht \u00fcberpr\u00fcfen und nach Ihren W\u00fcnschen anpassen.<\/span><\/p>\n<p><span style=\"font-size: 14px;\">Das NAC-9000 ist ein komfortables Ger\u00e4t mit elektronischen Bedienelementen, einer Zeitschaltuhr und einem Schlafmodus. W\u00e4hrend der Schlafmodus automatisch die Temperatur f\u00fcr eine energieeffiziente und angenehme Nachtruhe \u00e4ndert, k\u00f6nnen Sie mit der Zeitschaltuhr den Betrieb des Klimager\u00e4ts nach Ihren W\u00fcnschen planen. Dar\u00fcber hinaus erfordert der automatische Verdunstungsmechanismus kein manuelles Ablassen des Wassers, was die Effizienz und den Komfort des Ger\u00e4ts erh\u00f6ht.<\/span><\/p>\n<p>&nbsp;<\/p>\n<p><span style=\"font-size: 14px;\">Das NAC-9000 verf\u00fcgt \u00fcber eine elektronische Steuerung mit Zeitschaltuhr und Schlafmodus, die f\u00fcr eine einfache Bedienung sorgen. Der Schlafmodus \u00e4ndert automatisch die Temperatur f\u00fcr einen erholsamen Schlaf, w\u00e4hrend Sie mit dem Timer den Betrieb des Klimager\u00e4ts nach Ihren W\u00fcnschen planen k\u00f6nnen. Die automatische Verdunstungstechnologie macht das manuelle Ablassen von Wasser \u00fcberfl\u00fcssig und macht das Ger\u00e4t effizienter und praktischer.<\/span><\/p>\n<p>&nbsp;<\/p>\n<p><span style=\"font-size: 14px;\">Mit seinem 2-stufigen Gebl\u00e4se bietet der NAC-9000 einen einstellbaren Luftstrom, der Ihrem Geschmack entspricht. Dank der mitgelieferten Rollen ist das Ger\u00e4t \u00e4u\u00dferst mobil, sodass Sie es nach Belieben bewegen k\u00f6nnen. Der NAC-9000 bietet eine effektive und anpassbare K\u00fchlung, egal ob Sie sich im Wohnzimmer, im Schlafzimmer oder im Arbeitszimmer befinden.<\/span><\/p>\n<p><span style=\"font-size: 14px;\">Zu den beeindruckenden Spezifikationen des Nordic Master NAC-9000 geh\u00f6ren eine K\u00fchlleistung von 9000 Btu\/h und eine Heizleistung von 7000 Btu\/h. Es arbeitet mit einer Frequenz von 50 Hz und einer Nennspannung von AC220-240 V. Das Klimager\u00e4t hat einen robusten K\u00fchlstrom von 4,5 A und einen Heizstrom von 3,8 A. Durch die kleine Bauweise und die IPX1-Einstufung ist es f\u00fcr verschiedene Raumgr\u00f6\u00dfen und Umgebungen geeignet.<\/span><\/p>\n<p><span style=\"font-size: 14px;\">Der NAC-9000 ist sicherheitsorientiert, was sich in der automatischen Abschaltung bei vollem Tank zeigt, die ein Auslaufen des Wassers verhindert. Er wurde 2022 hergestellt und hat eine spezielle Seriennummer zur Identifizierung.<\/span><\/p>\n<p>&nbsp;<\/p>\n<p><span style=\"font-size: 14px;\">Entdecken Sie den Komfort und die Bequemlichkeit des Nordic Master NAC-9000, dem ultimativen 4-in-1-Klimager\u00e4t, das leistungsstarke K\u00fchlung, Heizung, Entfeuchtung und intelligente Wi-Fi-Konnektivit\u00e4t in einem schlanken Ger\u00e4t vereint. Halten Sie das Raumklima unter Kontrolle und schaffen Sie ganz einfach einen gem\u00fctlichen Lebensraum.<\/span><\/p>\n<p>&nbsp;<\/p>\n<p>&nbsp;<\/p>\n<p>&nbsp;<\/p>\n<p><strong><span style=\"font-size: 14px;\">Merkmale:<\/span><\/strong><\/p>\n<ul>\n<li><span style=\"font-size: 14px;\"><strong>Hohe Kapazit\u00e4t bei kompakter Gr\u00f6\u00dfe: <\/strong>Dieses Mehrzweckger\u00e4t kombiniert eine hohe K\u00fchl-, Heiz- und Entfeuchtungsleistung mit einem kompakten und platzsparenden Design und eignet sich daher perfekt f\u00fcr unterschiedliche Raumgr\u00f6\u00dfen.<\/span><\/li>\n<li><span style=\"font-size: 14px;\"><strong>Fernbedienung: <\/strong>Mit der mitgelieferten Fernbedienung k\u00f6nnen Sie die Funktionen des Ventilators von jedem beliebigen Ort im Raum aus steuern oder die Einstellungen ganz einfach \u00fcber die Wi-Fi-App auf Ihrem Smartphone oder Tablet verwalten.<\/span><\/li>\n<li><span style=\"font-size: 14px;\"><strong>Einstellung und Anzeige der Temperatur:<\/strong> Stellen Sie ganz einfach die gew\u00fcnschte Temperatur f\u00fcr Ihren Komfort ein und \u00fcberpr\u00fcfen Sie die aktuelle Temperatur auf dem digitalen LED-Display.<\/span><\/li>\n<li><span style=\"font-size: 14px;\"><strong>Elektronische Steuerung mit eingebautem Timer und Schlafmodus:<\/strong> Die elektronische Steuerung erm\u00f6glicht eine pr\u00e4zise Kontrolle des Ventilatorbetriebs, einschlie\u00dflich einer eingebauten Timerfunktion f\u00fcr den zeitgesteuerten Betrieb. Aktivieren Sie den Schlafmodus f\u00fcr leises und energieeffizientes K\u00fchlen oder Heizen in der Nacht.<\/span><\/li>\n<li><span style=\"font-size: 14px;\"><strong>Automatisches Verdampfungssystem: <\/strong>Das automatische Verdampfungssystem verbessert die Effizienz, indem es kondensierte Feuchtigkeit automatisch verdampft, so dass der Wassertank nicht mehr manuell geleert werden muss.<\/span><\/li>\n<li><span style=\"font-size: 14px;\"><strong>Automatische Abschaltung, wenn der Tank voll ist: <\/strong>Wenn der Wassertank des Ger\u00e4ts sein maximales Fassungsverm\u00f6gen erreicht, wird die automatische Abschaltung aktiviert, um ein \u00dcberlaufen des Wassers zu verhindern und einen st\u00f6rungsfreien Betrieb zu gew\u00e4hrleisten.<\/span><\/li>\n<li><span style=\"font-size: 14px;\"><strong>Automatischer Neustart: <\/strong>F\u00e4llt der Strom aus, startet der Ventilator automatisch mit den zuvor eingestellten Werten und sorgt so f\u00fcr kontinuierlichen Komfort und Bequemlichkeit.<\/span><\/li>\n<li><span style=\"font-size: 14px;\"><strong>Abtaufunktion:<\/strong> Das Gebl\u00e4se verf\u00fcgt \u00fcber eine Abtaufunktion, die den Betrieb bei niedrigen Umgebungstemperaturen erm\u00f6glicht, um Frostbildung zu verhindern und eine optimale Leistung zu gew\u00e4hrleisten.<\/span><\/li>\n<li><span style=\"font-size: 14px;\"><strong>Steuerung \u00fcber Fernbedienung und Wi-Fi-App:<\/strong> Steuern Sie die Funktionen und Einstellungen des Ventilators mit der mitgelieferten Fernbedienung oder \u00fcber die Wi-Fi-App auf Ihrem Smart-Ger\u00e4t, um Flexibilit\u00e4t und Komfort zu gew\u00e4hrleisten.<\/span><\/li>\n<li><span style=\"font-size: 14px;\"><strong>2-stufiger Ventilator: <\/strong>W\u00e4hlen Sie zwischen zwei Gebl\u00e4sestufen, um Ihren Vorlieben beim K\u00fchlen, Heizen oder Entfeuchten gerecht zu werden und einen auf Ihren Komfort zugeschnittenen Luftstrom zu erzeugen.<\/span><\/li>\n<li><span style=\"font-size: 14px;\"><strong>R\u00e4der f\u00fcr einfache Mobilit\u00e4t:<\/strong> Der Ventilator ist mit R\u00e4dern f\u00fcr m\u00fchelose Mobilit\u00e4t ausgestattet, so dass Sie ihn bei Bedarf leicht von Raum zu Raum bewegen k\u00f6nnen.<\/span><\/li>\n<\/ul>\n<p>&nbsp;<\/p>\n<p>&nbsp;<\/p>\n<p><strong><span style=\"font-size: 14px;\">Spezifikationen:<\/span><\/strong><\/p>\n<ul>\n<li><span style=\"font-size: 14px;\">Markenname: Nordic Master<\/span><\/li>\n<li><span style=\"font-size: 14px;\">Farbe: Wei\u00df<\/span><\/li>\n<li><span style=\"font-size: 14px;\">Werkstoff: ABS<\/span><\/li>\n<li><span style=\"font-size: 14px;\">Funktionsweise: K\u00fchlen, Heizen und Entfeuchten<\/span><\/li>\n<li><span style=\"font-size: 14px;\">Steuerungsm\u00f6glichkeiten: Fernsteuerung, Wi-Fi-App<\/span><\/li>\n<li><span style=\"font-size: 14px;\">Temperatureinstellung und -anzeige: Ja<\/span><\/li>\n<li><span style=\"font-size: 14px;\">Anzeigeart: Digitale LED-Anzeige<\/span><\/li>\n<li><span style=\"font-size: 14px;\">Bedienelemente: Elektronische Steuerung, integrierter Timer, Schlafmodus<\/span><\/li>\n<li><span style=\"font-size: 14px;\">Automatisches Verdampfungssystem: ja<\/span><\/li>\n<li><span style=\"font-size: 14px;\">Automatische Abschaltung: Ja (wenn der Tank voll ist)<\/span><\/li>\n<li><span style=\"font-size: 14px;\">Automatischer Neustart: Ja (im Falle eines Stromausfalls)<\/span><\/li>\n<li><span style=\"font-size: 14px;\">Abtaufunktion: Ja (bei niedriger Umgebungstemperatur)<\/span><\/li>\n<li><span style=\"font-size: 14px;\">Gebl\u00e4sestufen: 2 Stufen<\/span><\/li>\n<li><span style=\"font-size: 14px;\">Mobilit\u00e4t: R\u00e4der f\u00fcr leichten Transport<\/span><\/li>\n<li><span style=\"font-size: 14px;\">Modell : NAC-9000 \/ OL-BKYR26-A010E<\/span><\/li>\n<li><span style=\"font-size: 14px;\">K\u00fchlleistung: 9000 Btu\/h<\/span><\/li>\n<li><span style=\"font-size: 14px;\">Heizleistung: 7000 Btu\/h<\/span><\/li>\n<li><span style=\"font-size: 14px;\">Nennspannung: AC220-240V<\/span><\/li>\n<li><span style=\"font-size: 14px;\">Nennfrequenz: 50Hz<\/span><\/li>\n<li><span style=\"font-size: 14px;\">Nennk\u00fchlleistung: 1005W<\/span><\/li>\n<li><span style=\"font-size: 14px;\">Nennk\u00fchlstrom: 4,5A<\/span><\/li>\n<li><span style=\"font-size: 14px;\">Nennw\u00e4rmeleistung: 835W<\/span><\/li>\n<li><span style=\"font-size: 14px;\">Nennheizstrom: 3,8A<\/span><\/li>\n<li><span style=\"font-size: 14px;\">IP-Wert::IPX1<\/span><\/li>\n<li><span style=\"font-size: 14px;\">Ger\u00e4uschpegel: &lt;65dB(A)<\/span><\/li>\n<li><span style=\"font-size: 14px;\">K\u00e4ltemittelf\u00fcllung: R290 170g<\/span><\/li>\n<li><span style=\"font-size: 14px;\">Nettogewicht: 23kg<\/span><\/li>\n<li><span style=\"font-size: 14px;\">Maximaler Betriebsdruck auf der Ansaug- und Auslassseite: 0,7MPa\/3,2MPa<\/span><\/li>\n<li><span style=\"font-size: 14px;\">Maximal zul\u00e4ssiger Druck auf der Hoch-\/Niederdruckseite: 3,2MPa<\/span><\/li>\n<li><span style=\"font-size: 14px;\">Maximal zul\u00e4ssiger Druck W\u00e4rmetauscher: 3,2MPa<\/span><\/li>\n<li><span style=\"font-size: 14px;\">Produktionsjahr: 2022<\/span><\/li>\n<\/ul>\n<p>&nbsp;<\/p>\n<p><span style=\"font-size: 14px;\"><strong>Warnung:<\/strong> <em>Bitte beachten Sie, dass der Nordic Master NAC-9000 f\u00fcr eine optimale Leistung und Effizienz am besten in R\u00e4umen mit einer Grundfl\u00e4che von mehr als 9 m2 eingesetzt werden sollte.<\/em><\/span><\/p>","protected":false},"excerpt":{"rendered":"<p>Nordic Master NAC-9000: 4-in-1 Airconditioner met 9000 BTU koelvermogen en WIFI &nbsp; &nbsp; De Nordic Master NAC-9000 is een multifunctionele<\/p>","protected":false},"featured_media":584644,"comment_status":"closed","ping_status":"closed","template":"","meta":{"_seopress_robots_primary_cat":"none","_seopress_titles_title":"","_seopress_titles_desc":"","_seopress_robots_index":""},"product_brand":[],"product_cat":[19],"product_tag":[],"class_list":{"0":"post-584643","1":"product","2":"type-product","3":"status-publish","4":"has-post-thumbnail","6":"product_cat-producten","8":"first","9":"outofstock","10":"sale","11":"taxable","12":"shipping-taxable","13":"purchasable","14":"product-type-simple"},"_links":{"self":[{"href":"https:\/\/ledshoponline.be\/de\/wp-json\/wp\/v2\/product\/584643","targetHints":{"allow":["GET"]}}],"collection":[{"href":"https:\/\/ledshoponline.be\/de\/wp-json\/wp\/v2\/product"}],"about":[{"href":"https:\/\/ledshoponline.be\/de\/wp-json\/wp\/v2\/types\/product"}],"replies":[{"embeddable":true,"href":"https:\/\/ledshoponline.be\/de\/wp-json\/wp\/v2\/comments?post=584643"}],"version-history":[{"count":1,"href":"https:\/\/ledshoponline.be\/de\/wp-json\/wp\/v2\/product\/584643\/revisions"}],"predecessor-version":[{"id":596372,"href":"https:\/\/ledshoponline.be\/de\/wp-json\/wp\/v2\/product\/584643\/revisions\/596372"}],"wp:featuredmedia":[{"embeddable":true,"href":"https:\/\/ledshoponline.be\/de\/wp-json\/wp\/v2\/media\/584644"}],"wp:attachment":[{"href":"https:\/\/ledshoponline.be\/de\/wp-json\/wp\/v2\/media?parent=584643"}],"wp:term":[{"taxonomy":"product_brand","embeddable":true,"href":"https:\/\/ledshoponline.be\/de\/wp-json\/wp\/v2\/product_brand?post=584643"},{"taxonomy":"product_cat","embeddable":true,"href":"https:\/\/ledshoponline.be\/de\/wp-json\/wp\/v2\/product_cat?post=584643"},{"taxonomy":"product_tag","embeddable":true,"href":"https:\/\/ledshoponline.be\/de\/wp-json\/wp\/v2\/product_tag?post=584643"}],"curies":[{"name":"wp","href":"https:\/\/api.w.org\/{rel}","templated":true}]}}