{"id":584639,"date":"2025-06-14T10:42:35","date_gmt":"2025-06-14T10:42:35","guid":{"rendered":"https:\/\/ledshoponline.be\/shop\/niet-gecategoriseerd\/bentheimer-br-308-30l-nat-en-droogzuiger-1500w-30l\/"},"modified":"2025-06-14T10:42:35","modified_gmt":"2025-06-14T10:42:35","slug":"bentheimer-br-308-30l-nass-und-trockensauger-1500w-30l","status":"publish","type":"product","link":"https:\/\/ledshoponline.be\/de\/shop\/producten\/bentheimer-br-308-30l-nat-en-droogzuiger-1500w-30l\/","title":{"rendered":"Bentheimer BR-308-30L: Nass- und Trockensauger 1500W - 30L"},"content":{"rendered":"<p><span style=\"font-size:14px\">Der Bentheimer BR-308-30L Nass- und Trockensauger ist eine leistungsstarke 1500-Watt-Reinigungsl\u00f6sung, die sowohl f\u00fcr nasse als auch f\u00fcr trockene Verschmutzungen entwickelt wurde und \u00fcber ein gro\u00dfes Staubvolumen von 30 Litern f\u00fcr den Langzeiteinsatz verf\u00fcgt. Das Geh\u00e4use aus rostfreiem Stahl bietet nicht nur Langlebigkeit und ein elegantes Chrom-Finish, sondern sorgt auch daf\u00fcr, dass er harten Reinigungsaufgaben in Haushalten, Werkst\u00e4tten oder Garagen standh\u00e4lt. Mit einer Druckkraft von 15 kPA und einem Multifiltrationssystem, einschlie\u00dflich eines HEPA-Filters, f\u00e4ngt dieser Staubsauger Staub, Schmutz und Allergene effektiv auf und sorgt so f\u00fcr ein ges\u00fcnderes Raumklima.<\/span><\/p>\n<p>&nbsp;<\/p>\n<p><span style=\"font-size:14px\">Der BR-308-30L zeichnet sich durch seine Bequemlichkeit aus. Der 1,5 m lange Gummischlauch und das 4 m lange Netzkabel sorgen f\u00fcr leichte Man\u00f6vrierbarkeit und Reichweite in gro\u00dfen R\u00e4umen. Der Luftstromregler am Handgriff erm\u00f6glicht eine pr\u00e4zise Einstellung der Saugleistung und macht den Staubsauger vielseitig einsetzbar f\u00fcr verschiedene Oberfl\u00e4chen, von Hartb\u00f6den bis zu Teppichen. Dar\u00fcber hinaus wird der Staubsauger mit einer Reihe von Zubeh\u00f6rteilen geliefert, wie z. B. einer langen, quadratischen B\u00fcrste, einem Fugenwerkzeug, Kunststoffrohren, einem Schwammfilter und einem Staubbeutel, mit denen Sie verschiedene Reinigungsaufgaben m\u00fchelos erledigen k\u00f6nnen. Die Staubf\u00fcllungsanzeige zeigt an, wann es Zeit ist, den Beh\u00e4lter zu entleeren, um eine optimale Leistung zu gew\u00e4hrleisten.<\/span><\/p>\n<p>&nbsp;<\/p>\n<p><span style=\"font-size:14px\">Dieser Staubsauger ist sowohl auf Effizienz als auch auf platzsparende Aufbewahrung ausgelegt. Er verf\u00fcgt \u00fcber eine Parkposition, in der er bei Nichtgebrauch einfach aufrecht gelagert werden kann. Die Windgebl\u00e4sefunktion sorgt f\u00fcr zus\u00e4tzliche Vielseitigkeit, denn sie erm\u00f6glicht es Ihnen, Staub aus schwer zug\u00e4nglichen Bereichen zu blasen oder nasse Oberfl\u00e4chen zu trocknen. Mit einem Ger\u00e4uschpegel von 78 dB arbeitet der Staubsauger f\u00fcr seine Leistung relativ leise und sorgt so f\u00fcr ein effektives und dennoch benutzerfreundliches Reinigungserlebnis.<\/span><\/p>\n<p>&nbsp;<\/p>\n<p>&nbsp;<\/p>\n<p>&nbsp;<\/p>\n<p><strong><span style=\"font-size:14px\">Merkmale:<\/span><\/strong><\/p>\n<ul>\n<li><span style=\"font-size:14px\"><strong>Leistungsstarker 1500W Motor - <\/strong>Der Staubsauger wird von einem robusten 1500-Watt-Motor angetrieben, der eine hohe Saugleistung liefert, um sowohl nasse Flecken als auch trockenen Schmutz effektiv zu entfernen. Diese Leistung gew\u00e4hrleistet eine gr\u00fcndliche und effiziente Reinigung auf einer Vielzahl von Oberfl\u00e4chen, einschlie\u00dflich Teppichen, Hartb\u00f6den und Polstern.<\/span><\/li>\n<li><span style=\"font-size:14px\"><strong>Gro\u00dfe Staubkapazit\u00e4t von 30 Litern -<\/strong> Dieser Staubsauger ist mit einem ger\u00e4umigen 30-Liter-Beh\u00e4lter ausgestattet, der eine betr\u00e4chtliche Menge an Schmutz, Staub und fl\u00fcssigen Abf\u00e4llen aufnehmen kann, so dass er nicht so h\u00e4ufig geleert werden muss. Diese Funktion ist besonders n\u00fctzlich f\u00fcr gr\u00f6\u00dfere Fl\u00e4chen, l\u00e4ngere Reinigungsarbeiten oder schwere Aufgaben, wodurch er ideal f\u00fcr Wohnungen, Werkst\u00e4tten und Garagen ist.<\/span><\/li>\n<li><span style=\"font-size:14px\"><strong>Geh\u00e4use aus rostfreiem Stahl -<\/strong> Dieser Staubsauger besteht aus einem robusten Edelstahlgeh\u00e4use mit elegantem Chrom-Finish und ist f\u00fcr den regelm\u00e4\u00dfigen Gebrauch und harte Reinigungsbedingungen geeignet. Der Edelstahl verleiht ihm nicht nur einen Hauch von moderner Eleganz, sondern ist auch korrosions- und verschlei\u00dffest und gew\u00e4hrleistet eine lange Lebensdauer.<\/span><\/li>\n<li><span style=\"font-size:14px\"><strong>Multifiltrationssystem mit HEPA-Filter - <\/strong>Dieser Staubsauger ist mit einem Multifiltrationssystem mit hocheffizientem HEPA-Filter ausgestattet, der feine Staubpartikel, Allergene und Schmutz auff\u00e4ngt. Der HEPA-Filter sorgt daf\u00fcr, dass nur saubere Luft in die Umgebung zur\u00fcckgeblasen wird und f\u00f6rdert so ein ges\u00fcnderes Raumklima, was besonders f\u00fcr Allergiker wichtig ist.<\/span><\/li>\n<li><span style=\"font-size:14px\"><strong>Luftstromregelung am Griff -<\/strong> Der Staubsauger verf\u00fcgt \u00fcber einen Schalter zur Steuerung des Luftstroms, der sich bequem am Griff befindet und mit dem Sie die Saugleistung einstellen k\u00f6nnen. Diese Flexibilit\u00e4t ist n\u00fctzlich, wenn Sie zwischen verschiedenen Oberfl\u00e4chen wechseln. So k\u00f6nnen Sie empfindliche Bereiche sanft reinigen und hartn\u00e4ckigen Schmutz maximal entfernen.<\/span><\/li>\n<li><span style=\"font-size:14px\"><strong>Wind-Blow-Funktion -<\/strong> Mit der Windblasfunktion kann der Staubsauger Luft ausblasen, um Staub von schwer zug\u00e4nglichen Stellen zu entfernen oder nasse Oberfl\u00e4chen nach der Reinigung schnell zu trocknen. Diese zus\u00e4tzliche Vielseitigkeit erweitert die Einsatzm\u00f6glichkeiten des Staubsaugers \u00fcber das einfache Staubsaugen hinaus und macht ihn f\u00fcr eine Vielzahl von Reinigungsaufgaben geeignet.<\/span><\/li>\n<li><span style=\"font-size:14px\"><strong>Staub-Voll-Anzeige - <\/strong>Die eingebaute Staubf\u00fcllungsanzeige warnt Sie, wenn der 30-Liter-Tank sein Fassungsverm\u00f6gen erreicht hat, damit Sie immer eine optimale Saugleistung erhalten. Dank dieser Funktion m\u00fcssen Sie bei der Wartung nicht mehr raten, sondern k\u00f6nnen den Tank zum richtigen Zeitpunkt entleeren und eine verminderte Saugleistung vermeiden.<\/span><\/li>\n<li><span style=\"font-size:14px\"><strong>Umfassendes Zubeh\u00f6rset -<\/strong> Im Lieferumfang sind verschiedene Aufs\u00e4tze enthalten, darunter ein elastischer Schlauch, eine lange quadratische B\u00fcrste, eine Fugend\u00fcse, Kunststoffrohre, ein Schwammfilter und ein Staubbeutel. Dank dieses umfassenden Zubeh\u00f6rsatzes kann der Staubsauger an verschiedene Reinigungsanforderungen angepasst werden, egal ob Sie enge Ecken saugen, Hartb\u00f6den reinigen oder Polsterm\u00f6bel bearbeiten.<\/span><\/li>\n<li><span style=\"font-size:14px\"><strong>Parkposition f\u00fcr einfache Lagerung -<\/strong> Der Staubsauger ist mit einer Parkfunktion ausgestattet, die es Ihnen erm\u00f6glicht, den Staubsauger aufrecht zu lagern und so wertvollen Platz in Ihrem Lagerraum zu sparen. So ist er bei Nichtgebrauch leicht zu verstauen und f\u00fcr die n\u00e4chste Reinigung leicht zug\u00e4nglich.<\/span><\/li>\n<li><span style=\"font-size:14px\"><strong>4M Stromkabel und 1,5M elastischer Schlauch - <\/strong>Der Staubsauger ist mit einem 4 Meter langen Stromkabel und einem 1,5 Meter langen elastischen Schlauch ausgestattet, der eine gr\u00f6\u00dfere Reichweite f\u00fcr die Reinigung gro\u00dfer Fl\u00e4chen bietet, ohne dass Sie h\u00e4ufig die Steckdose wechseln m\u00fcssen. Das lange Kabel und der flexible Schlauch erm\u00f6glichen es Ihnen, m\u00fchelos um M\u00f6bel und Hindernisse herum zu man\u00f6vrieren, was die Benutzerfreundlichkeit des Staubsaugers erh\u00f6ht.<\/span><\/li>\n<\/ul>\n<p>&nbsp;<\/p>\n<p>&nbsp;<\/p>\n<p><span style=\"font-size:14px\"><strong>Spezifikationen:<\/strong><\/span><\/p>\n<ul>\n<li><span style=\"font-size:14px\">Marke: Bentheimer<\/span><\/li>\n<li><span style=\"font-size:14px\">Farbe: Chrom<\/span><\/li>\n<li><span style=\"font-size:14px\">Werkstoffe: Rostfreier Stahl<\/span><\/li>\n<li><span style=\"font-size:14px\">Elastischer Schlauch: 1,5 m<\/span><\/li>\n<li><span style=\"font-size:14px\">Druckkraft: 15 kPA<\/span><\/li>\n<li><span style=\"font-size:14px\">L\u00e4rm: 78 dB<\/span><\/li>\n<li><span style=\"font-size:14px\">Stromkabel: 4 m<\/span><\/li>\n<li><span style=\"font-size:14px\">Leistungsaufnahme: 1500 W<\/span><\/li>\n<li><span style=\"font-size:14px\">Stromversorgung: AC 220-240 50\/60 Hz<\/span><\/li>\n<li><span style=\"font-size:14px\">Staubkapazit\u00e4t: 30 l<\/span><\/li>\n<li><span style=\"font-size:14px\">Hohe Effizienz und Leistung: YES<\/span><\/li>\n<li><span style=\"font-size:14px\">Luftstromregelung am Griff: YES<\/span><\/li>\n<li><span style=\"font-size:14px\">Multifiltrationsanlage: JA<\/span><\/li>\n<li><span style=\"font-size:14px\">Staub-Voll-Anzeige: YES<\/span><\/li>\n<li><span style=\"font-size:14px\">Windgebl\u00e4sefunktion: YES<\/span><\/li>\n<li><span style=\"font-size:14px\">Enth\u00e4lt: Elastischer Schlauch, Lange quadratische B\u00fcrste, Kierzuigmond, Kunststoffrohre, Schwammfilter, Staubbeutel<\/span><\/li>\n<\/ul>","protected":false},"excerpt":{"rendered":"<p>De Bentheimer BR-308-30L Nat- en droogzuiger is een krachtige 1500W reinigingsoplossing die is ontworpen voor zowel natte als droge rommel,<\/p>","protected":false},"featured_media":584640,"comment_status":"open","ping_status":"closed","template":"","meta":{"_seopress_robots_primary_cat":"","_seopress_titles_title":"","_seopress_titles_desc":"","_seopress_robots_index":""},"product_brand":[],"product_cat":[19],"product_tag":[],"class_list":{"0":"post-584639","1":"product","2":"type-product","3":"status-publish","4":"has-post-thumbnail","6":"product_cat-producten","8":"first","9":"outofstock","10":"taxable","11":"shipping-taxable","12":"purchasable","13":"product-type-simple"},"_links":{"self":[{"href":"https:\/\/ledshoponline.be\/de\/wp-json\/wp\/v2\/product\/584639","targetHints":{"allow":["GET"]}}],"collection":[{"href":"https:\/\/ledshoponline.be\/de\/wp-json\/wp\/v2\/product"}],"about":[{"href":"https:\/\/ledshoponline.be\/de\/wp-json\/wp\/v2\/types\/product"}],"replies":[{"embeddable":true,"href":"https:\/\/ledshoponline.be\/de\/wp-json\/wp\/v2\/comments?post=584639"}],"version-history":[{"count":0,"href":"https:\/\/ledshoponline.be\/de\/wp-json\/wp\/v2\/product\/584639\/revisions"}],"wp:featuredmedia":[{"embeddable":true,"href":"https:\/\/ledshoponline.be\/de\/wp-json\/wp\/v2\/media\/584640"}],"wp:attachment":[{"href":"https:\/\/ledshoponline.be\/de\/wp-json\/wp\/v2\/media?parent=584639"}],"wp:term":[{"taxonomy":"product_brand","embeddable":true,"href":"https:\/\/ledshoponline.be\/de\/wp-json\/wp\/v2\/product_brand?post=584639"},{"taxonomy":"product_cat","embeddable":true,"href":"https:\/\/ledshoponline.be\/de\/wp-json\/wp\/v2\/product_cat?post=584639"},{"taxonomy":"product_tag","embeddable":true,"href":"https:\/\/ledshoponline.be\/de\/wp-json\/wp\/v2\/product_tag?post=584639"}],"curies":[{"name":"wp","href":"https:\/\/api.w.org\/{rel}","templated":true}]}}