{"id":567648,"date":"2025-05-07T11:03:01","date_gmt":"2025-05-07T11:03:01","guid":{"rendered":"https:\/\/ledshoponline.be\/?post_type=product&#038;p=567648"},"modified":"2025-11-30T15:40:31","modified_gmt":"2025-11-30T15:40:31","slug":"calex-lucca-wiederaufladbare-tischlampe-outdoor-schwarz-5w-3-pcs","status":"publish","type":"product","link":"https:\/\/ledshoponline.be\/de\/shop\/producten\/armaturen\/buitenverlichting\/calex-lucca-oplaadbare-tafellamp-outdoor-zwart-5w-3-stuks\/","title":{"rendered":"Calex Lucca Wiederaufladbare Tischleuchte - Au\u00dfen - Schwarz - 5W - 3 St\u00fcck"},"content":{"rendered":"<hr class=\"\" data-start=\"452\" data-end=\"455\" \/>\n<h3 class=\"\" data-start=\"457\" data-end=\"506\">\ud83d\udca1 Stilvolle Beleuchtung, jederzeit und \u00fcberall<\/h3>\n<p class=\"\" data-start=\"507\" data-end=\"849\">Erleben Sie die ultimative Freiheit mit dem <strong data-start=\"538\" data-end=\"574\">Calex Lucca wiederaufladbare Tischleuchte<\/strong>. Egal, ob Sie einen gem\u00fctlichen Abend auf der Terrasse planen, ein Picknick im Park veranstalten oder f\u00fcr zus\u00e4tzliche Atmosph\u00e4re in Ihrem Wohnzimmer sorgen wollen: Diese kabellose LED-Lampe ist immer bereit zu leuchten. Dank ihres modernen Designs und ihrer kompakten Gr\u00f6\u00dfe passt sie perfekt in jeden Innen- und Au\u00dfenbereich.<\/p>\n<hr class=\"\" data-start=\"851\" data-end=\"854\" \/>\n<h3 class=\"\" data-start=\"856\" data-end=\"895\">\ud83d\udd0b Bis zu 10 Stunden Licht mit einer Akkuladung<\/h3>\n<p class=\"\" data-start=\"896\" data-end=\"1171\">Ausgestattet mit einem leistungsstarken <strong data-start=\"923\" data-end=\"951\">5V, 1300 mAh Li-Ion-Akku<\/strong>liefert die Lampe bis zu <strong data-start=\"976\" data-end=\"1012\">10 Stunden warmwei\u00dfes Licht (35 Lumen)<\/strong>. Ideal f\u00fcr Abende ohne Steckdose in der N\u00e4he. Und ist der Akku leer? Dann laden Sie ihn einfach mit dem mitgelieferten <strong data-start=\"1139\" data-end=\"1170\">1,5 Meter langes USB-C-Kabel<\/strong>.<\/p>\n<hr class=\"\" data-start=\"1173\" data-end=\"1176\" \/>\n<h3 class=\"\" data-start=\"1178\" data-end=\"1226\">\ud83c\udf26\ufe0f F\u00fcr den Au\u00dfeneinsatz geeignet - IP54 Wasserdicht<\/h3>\n<p class=\"\" data-start=\"1227\" data-end=\"1419\">Der Calex Lucca ist <strong data-start=\"1245\" data-end=\"1268\">IP54 zertifiziert<\/strong> und somit spritzwasser- und staubgesch\u00fctzt. Perfekt als Tischleuchte auf dem Balkon, im Garten oder bei einer Grillparty. Keine Sorgen bei Regen oder in feuchten N\u00e4chten.<\/p>\n<hr class=\"\" data-start=\"1421\" data-end=\"1424\" \/>\n<h3 class=\"\" data-start=\"1426\" data-end=\"1456\">\ud83d\udc46 Dimmbar mit One Touch<\/h3>\n<p class=\"\" data-start=\"1457\" data-end=\"1640\">Steuern Sie die Lampe mit einer einfachen Ber\u00fchrung. Dank der <strong data-start=\"1510\" data-end=\"1526\">Tastdimmer<\/strong> k\u00f6nnen Sie die Helligkeit ganz einfach nach Ihren W\u00fcnschen einstellen. Von sanftem Umgebungslicht bis hin zu heller Akzentbeleuchtung - Sie entscheiden.<\/p>\n<hr class=\"\" data-start=\"1642\" data-end=\"1645\" \/>\n<h3 class=\"\" data-start=\"1647\" data-end=\"1669\">\ud83d\udcd0 Spezifikationen<\/h3>\n<div class=\"_tableContainer_16hzy_1\">\n<div class=\"_tableWrapper_16hzy_14 group flex w-fit flex-col-reverse\" tabindex=\"-1\">\n<table class=\"w-fit min-w-(--thread-content-width)\" data-start=\"1670\" data-end=\"2741\">\n<thead data-start=\"1670\" data-end=\"1732\">\n<tr data-start=\"1670\" data-end=\"1732\">\n<th data-start=\"1670\" data-end=\"1697\" data-col-size=\"sm\">Merkmal<\/th>\n<th data-start=\"1697\" data-end=\"1732\" data-col-size=\"sm\">Wert<\/th>\n<\/tr>\n<\/thead>\n<tbody data-start=\"1797\" data-end=\"2741\">\n<tr data-start=\"1797\" data-end=\"1859\">\n<td data-start=\"1797\" data-end=\"1824\" data-col-size=\"sm\">Name des Produkts<\/td>\n<td data-start=\"1824\" data-end=\"1859\" data-col-size=\"sm\">Calex Lucca Tischlampe Outdoor<\/td>\n<\/tr>\n<tr data-start=\"1860\" data-end=\"1922\">\n<td data-start=\"1860\" data-end=\"1887\" data-col-size=\"sm\">Farbe<\/td>\n<td data-start=\"1887\" data-end=\"1922\" data-col-size=\"sm\">Schwarz<\/td>\n<\/tr>\n<tr data-start=\"1923\" data-end=\"1985\">\n<td data-start=\"1923\" data-end=\"1950\" data-col-size=\"sm\">Helle Farbe<\/td>\n<td data-start=\"1950\" data-end=\"1985\" data-col-size=\"sm\">Warmwei\u00df (3000K)<\/td>\n<\/tr>\n<tr data-start=\"1986\" data-end=\"2048\">\n<td data-start=\"1986\" data-end=\"2013\" data-col-size=\"sm\">Lichtleistung<\/td>\n<td data-start=\"2013\" data-end=\"2048\" data-col-size=\"sm\">35 Lumen<\/td>\n<\/tr>\n<tr data-start=\"2049\" data-end=\"2111\">\n<td data-start=\"2049\" data-end=\"2076\" data-col-size=\"sm\">Strom<\/td>\n<td data-start=\"2076\" data-end=\"2111\" data-col-size=\"sm\">5W<\/td>\n<\/tr>\n<tr data-start=\"2112\" data-end=\"2174\">\n<td data-start=\"2112\" data-end=\"2139\" data-col-size=\"sm\">Batterie<\/td>\n<td data-start=\"2139\" data-end=\"2174\" data-col-size=\"sm\">5V, 1300 mAh Li-Ion<\/td>\n<\/tr>\n<tr data-start=\"2175\" data-end=\"2237\">\n<td data-start=\"2175\" data-end=\"2202\" data-col-size=\"sm\">Dauer der Nutzung<\/td>\n<td data-start=\"2202\" data-end=\"2237\" data-col-size=\"sm\">Bis zu 10 Stunden<\/td>\n<\/tr>\n<tr data-start=\"2238\" data-end=\"2300\">\n<td data-start=\"2238\" data-end=\"2265\" data-col-size=\"sm\">Aufladezeit<\/td>\n<td data-start=\"2265\" data-end=\"2300\" data-col-size=\"sm\">\u00b1 4 Stunden<\/td>\n<\/tr>\n<tr data-start=\"2301\" data-end=\"2363\">\n<td data-start=\"2301\" data-end=\"2328\" data-col-size=\"sm\">Ladekabel<\/td>\n<td data-start=\"2328\" data-end=\"2363\" data-col-size=\"sm\">1,5 Meter USB-C (im Lieferumfang enthalten)<\/td>\n<\/tr>\n<tr data-start=\"2364\" data-end=\"2426\">\n<td data-start=\"2364\" data-end=\"2391\" data-col-size=\"sm\">Dimmbar<\/td>\n<td data-start=\"2391\" data-end=\"2426\" data-col-size=\"sm\">Ja, \u00fcber Touch-Bedienung<\/td>\n<\/tr>\n<tr data-start=\"2427\" data-end=\"2489\">\n<td data-start=\"2427\" data-end=\"2454\" data-col-size=\"sm\">Wasserfest<\/td>\n<td data-start=\"2454\" data-end=\"2489\" data-col-size=\"sm\">IP54 - spritzwasser- und staubgesch\u00fctzt<\/td>\n<\/tr>\n<tr data-start=\"2490\" data-end=\"2552\">\n<td data-start=\"2490\" data-end=\"2517\" data-col-size=\"sm\">Abmessungen<\/td>\n<td data-start=\"2517\" data-end=\"2552\" data-col-size=\"sm\">9,5 \u00d7 9,5 \u00d7 24 cm<\/td>\n<\/tr>\n<tr data-start=\"2553\" data-end=\"2615\">\n<td data-start=\"2553\" data-end=\"2580\" data-col-size=\"sm\">Gewicht<\/td>\n<td data-start=\"2580\" data-end=\"2615\" data-col-size=\"sm\">296 g<\/td>\n<\/tr>\n<tr data-start=\"2616\" data-end=\"2678\">\n<td data-start=\"2616\" data-end=\"2643\" data-col-size=\"sm\">Einbau<\/td>\n<td data-start=\"2643\" data-end=\"2678\" data-col-size=\"sm\">Integrierte LED<\/td>\n<\/tr>\n<tr data-start=\"2679\" data-end=\"2741\">\n<td data-start=\"2679\" data-end=\"2706\" data-col-size=\"sm\">SKU \/ EAN<\/td>\n<td data-start=\"2706\" data-end=\"2741\" data-col-size=\"sm\">4301002300 \/ 8712879161998<\/td>\n<\/tr>\n<\/tbody>\n<\/table>\n<div class=\"sticky end-(--thread-content-margin) h-0 self-end select-none\">\n<div class=\"absolute end-0 flex items-end\"><\/div>\n<\/div>\n<\/div>\n<\/div>\n<hr class=\"\" data-start=\"2743\" data-end=\"2746\" \/>\n<h3 class=\"\" data-start=\"2748\" data-end=\"2767\">\ud83c\udfaf Ideal f\u00fcr:<\/h3>\n<ul data-start=\"2768\" data-end=\"2957\">\n<li class=\"\" data-start=\"2768\" data-end=\"2809\">\n<p class=\"\" data-start=\"2770\" data-end=\"2809\">Tischdekoration auf Ihrer Terrasse oder Ihrem Balkon<\/p>\n<\/li>\n<li class=\"\" data-start=\"2810\" data-end=\"2862\">\n<p class=\"\" data-start=\"2812\" data-end=\"2862\">Stimmungsvolle Beleuchtung f\u00fcr Camping oder Picknick<\/p>\n<\/li>\n<li class=\"\" data-start=\"2863\" data-end=\"2913\">\n<p class=\"\" data-start=\"2865\" data-end=\"2913\">Als Nachtlicht, Leselampe oder dekorativer Akzent<\/p>\n<\/li>\n<li class=\"\" data-start=\"2914\" data-end=\"2957\">\n<p class=\"\" data-start=\"2916\" data-end=\"2957\">Gartenpartys, Grillfeste oder als Geschenkidee!<\/p>\n<\/li>\n<\/ul>","protected":false},"excerpt":{"rendered":"<p>Kabellose Designbeleuchtung f\u00fcr drinnen und drau\u00dfen - bis zu 10 Stunden Umgebungslicht pro Ladung.<br \/>\nJetzt im Vorteilspack von <strong>3 Einheiten<\/strong><\/p>","protected":false},"featured_media":567654,"comment_status":"closed","ping_status":"closed","template":"","meta":{"_seopress_robots_primary_cat":"none","_seopress_titles_title":"","_seopress_titles_desc":"","_seopress_robots_index":""},"product_brand":[],"product_cat":[87,90,20,165,19,514,998],"product_tag":[],"class_list":{"0":"post-567648","1":"product","2":"type-product","3":"status-publish","4":"has-post-thumbnail","6":"product_cat-armaturen","7":"product_cat-buitenverlichting","8":"product_cat-led-lampen","9":"product_cat-plafondlampen","10":"product_cat-producten","11":"product_cat-smart-home","12":"product_cat-tuin","14":"first","15":"instock","16":"sale","17":"taxable","18":"shipping-taxable","19":"purchasable","20":"product-type-simple"},"_links":{"self":[{"href":"https:\/\/ledshoponline.be\/de\/wp-json\/wp\/v2\/product\/567648","targetHints":{"allow":["GET"]}}],"collection":[{"href":"https:\/\/ledshoponline.be\/de\/wp-json\/wp\/v2\/product"}],"about":[{"href":"https:\/\/ledshoponline.be\/de\/wp-json\/wp\/v2\/types\/product"}],"replies":[{"embeddable":true,"href":"https:\/\/ledshoponline.be\/de\/wp-json\/wp\/v2\/comments?post=567648"}],"version-history":[{"count":2,"href":"https:\/\/ledshoponline.be\/de\/wp-json\/wp\/v2\/product\/567648\/revisions"}],"predecessor-version":[{"id":567656,"href":"https:\/\/ledshoponline.be\/de\/wp-json\/wp\/v2\/product\/567648\/revisions\/567656"}],"wp:featuredmedia":[{"embeddable":true,"href":"https:\/\/ledshoponline.be\/de\/wp-json\/wp\/v2\/media\/567654"}],"wp:attachment":[{"href":"https:\/\/ledshoponline.be\/de\/wp-json\/wp\/v2\/media?parent=567648"}],"wp:term":[{"taxonomy":"product_brand","embeddable":true,"href":"https:\/\/ledshoponline.be\/de\/wp-json\/wp\/v2\/product_brand?post=567648"},{"taxonomy":"product_cat","embeddable":true,"href":"https:\/\/ledshoponline.be\/de\/wp-json\/wp\/v2\/product_cat?post=567648"},{"taxonomy":"product_tag","embeddable":true,"href":"https:\/\/ledshoponline.be\/de\/wp-json\/wp\/v2\/product_tag?post=567648"}],"curies":[{"name":"wp","href":"https:\/\/api.w.org\/{rel}","templated":true}]}}