{"id":556099,"date":"2025-04-16T09:47:06","date_gmt":"2025-04-16T09:47:06","guid":{"rendered":"https:\/\/ledshoponline.be\/?post_type=product&#038;p=556099"},"modified":"2025-04-16T10:06:39","modified_gmt":"2025-04-16T10:06:39","slug":"led-einbaustrahler-5w-ip44-warmweis-2700k-dimtone-schwarz","status":"publish","type":"product","link":"https:\/\/ledshoponline.be\/de\/shop\/producten\/armaturen\/inbouwspots\/led-inbouwspot-5w-ip44-warm-wit-2700k-dimtone-zwart\/","title":{"rendered":"LED-Einbaustrahler | 5W | IP65 | Warm-wei\u00df 2200k-3000k | Dimtone schwarz"},"content":{"rendered":"<h3 class=\"\" data-start=\"92\" data-end=\"180\"><strong data-start=\"96\" data-end=\"178\">LED-Downlight IP65 5W Dimtone - Die L\u00f6sung f\u00fcr minimal abgeh\u00e4ngte Decken<\/strong><\/h3>\n<p class=\"\" data-start=\"182\" data-end=\"469\">Entdecken Sie die perfekte Kombination aus Leistung, Effizienz und Atmosph\u00e4re mit dem <strong data-start=\"252\" data-end=\"286\">LED-Downlight IP65 5W Dimtone<\/strong>. Speziell f\u00fcr Bereiche mit begrenzter Einbauh\u00f6he konzipiert, bietet dieser Strahler eine stilvolle und funktionale L\u00f6sung f\u00fcr B\u00e4der, K\u00fcchen und \u00fcberdachte Au\u00dfenbereiche, um nur einige zu nennen.<\/p>\n<h3 class=\"\" data-start=\"471\" data-end=\"520\"><strong data-start=\"475\" data-end=\"518\">\u2714 Super kompakt mit starker Leistung<\/strong><\/h3>\n<p class=\"\" data-start=\"521\" data-end=\"764\">Mit einer Einbauh\u00f6he von nur <strong data-start=\"554\" data-end=\"564\">2,6 cm<\/strong> Dieser Strahler ist ideal f\u00fcr Decken mit wenig Platz. Dennoch liefert er eine <strong data-start=\"640\" data-end=\"668\">starke Lichtleistung<\/strong> dank 5W-LED-Technik - so hell wie eine Halogenlampe, aber um ein Vielfaches sparsamer.<\/p>\n<h3 class=\"\" data-start=\"766\" data-end=\"818\"><strong data-start=\"770\" data-end=\"816\">\u2714 Dimtone-Technologie f\u00fcr flexible Atmosph\u00e4re<\/strong><\/h3>\n<p class=\"\" data-start=\"819\" data-end=\"1047\">Schaffen Sie die richtige Atmosph\u00e4re f\u00fcr jeden Moment. <strong data-start=\"859\" data-end=\"870\">Dimtone<\/strong> \u00e4ndert die Farbtemperatur beim Dimmen automatisch: von hellem Funktionslicht zu einem <strong data-start=\"967\" data-end=\"993\">warmes, gem\u00fctliches Gl\u00fchen<\/strong>. Perfekt zum Arbeiten und f\u00fcr entspannende Momente.<\/p>\n<h3 class=\"\" data-start=\"1049\" data-end=\"1102\"><strong data-start=\"1053\" data-end=\"1100\">\u2714 Sicher in Nassbereichen - IP65 wasserdicht<\/strong><\/h3>\n<p class=\"\" data-start=\"1103\" data-end=\"1293\">Die hohe <strong data-start=\"1111\" data-end=\"1133\">IP65-Klassifizierung<\/strong> macht diesen Strahler absolut staub- und wasserfest und damit ideal f\u00fcr den Einsatz in feuchten Umgebungen wie B\u00e4dern, Duschen oder \u00fcberdachten Terrassen.<\/p>\n<hr class=\"\" data-start=\"1295\" data-end=\"1298\" \/>\n<h3 class=\"\" data-start=\"1300\" data-end=\"1335\"><strong data-start=\"1304\" data-end=\"1333\">Technische Daten:<\/strong><\/h3>\n<ul data-start=\"1336\" data-end=\"1657\">\n<li class=\"\" data-start=\"1336\" data-end=\"1356\">\n<p class=\"\" data-start=\"1338\" data-end=\"1356\"><strong data-start=\"1338\" data-end=\"1351\">Macht:<\/strong> 5W<\/p>\n<\/li>\n<li class=\"\" data-start=\"1357\" data-end=\"1391\">\n<p class=\"\" data-start=\"1359\" data-end=\"1391\"><strong data-start=\"1359\" data-end=\"1383\">Vertiefte H\u00f6he (Spot):<\/strong> 26 mm<\/p>\n<\/li>\n<li class=\"\" data-start=\"1392\" data-end=\"1430\">\n<p class=\"\" data-start=\"1394\" data-end=\"1430\"><strong data-start=\"1394\" data-end=\"1422\">Empfohlene Einbauh\u00f6he:<\/strong> 36 mm<\/p>\n<\/li>\n<li class=\"\" data-start=\"1431\" data-end=\"1473\">\n<p class=\"\" data-start=\"1433\" data-end=\"1473\"><strong data-start=\"1433\" data-end=\"1459\">Innenma\u00df (S\u00e4gegr\u00f6\u00dfe):<\/strong> \u00d868 - 75 mm<\/p>\n<\/li>\n<li class=\"\" data-start=\"1474\" data-end=\"1504\">\n<p class=\"\" data-start=\"1476\" data-end=\"1504\"><strong data-start=\"1476\" data-end=\"1495\">\u00c4u\u00dferer Durchmesser:<\/strong> \u00d882 mm<\/p>\n<\/li>\n<li class=\"\" data-start=\"1505\" data-end=\"1561\">\n<p class=\"\" data-start=\"1507\" data-end=\"1561\"><strong data-start=\"1507\" data-end=\"1528\">Farbtemperatur:<\/strong> Dimtone (\u00e4ndert sich beim Dimmen)<\/p>\n<\/li>\n<li class=\"\" data-start=\"1562\" data-end=\"1637\">\n<p class=\"\" data-start=\"1564\" data-end=\"1637\"><strong data-start=\"1564\" data-end=\"1578\">IP-Bewertung:<\/strong> IP65 (Vorderseite) - geeignet f\u00fcr Badezimmer (IP44 R\u00fcckseite)<\/p>\n<\/li>\n<li class=\"\" data-start=\"1638\" data-end=\"1657\">\n<p class=\"\" data-start=\"1640\" data-end=\"1657\"><strong data-start=\"1640\" data-end=\"1652\">Dimmbar:<\/strong> Ja<\/p>\n<\/li>\n<\/ul>\n<hr class=\"\" data-start=\"1659\" data-end=\"1662\" \/>\n<p class=\"\" data-start=\"1664\" data-end=\"1842\"><strong data-start=\"1664\" data-end=\"1696\">Kompakt. Kraftvoll. Atmosph\u00e4risch.<\/strong><br data-start=\"1696\" data-end=\"1699\" \/>W\u00e4hlen Sie die <strong data-start=\"1712\" data-end=\"1746\">LED-Downlight IP65 5W Dimtone<\/strong> wenn Sie auf der Suche nach einer modernen Beleuchtung sind, die auch auf kleinstem Raum eine gute Figur macht.<\/p>","protected":false},"excerpt":{"rendered":"<p>Eine auff\u00e4llige LED-Einbauleuchte in Schwarz, schwenkbar. Dieser LED-Strahler hat eine l\u00e4ngere Lebensdauer und ersetzt m\u00fchelos ein 50W Halogen mit nur 5W. Die Leuchte ist schwenkbar und auch dimmbar. DTW 822-827<\/p>\n<p class=\"\" data-start=\"50\" data-end=\"98\"><strong data-start=\"50\" data-end=\"72\">\u2705 Nur 26 mm hoch:<\/strong>\u00a0Passt in niedrige Decken<br \/>\n<strong data-start=\"101\" data-end=\"112\">\u2705 Dimtone:<\/strong>\u00a0Von hellem zu warmem Licht<br \/>\n<strong data-start=\"146\" data-end=\"154\">\u2705 IP65:<\/strong>\u00a0Geeignet f\u00fcr Feuchtr\u00e4ume<br \/>\n<strong data-start=\"146\" data-end=\"154\">\u2705 Schnittgr\u00f6\u00dfe:\u00a0<\/strong>75mm<\/p>","protected":false},"featured_media":556101,"comment_status":"closed","ping_status":"closed","template":"","meta":{"_seopress_robots_primary_cat":"none","_seopress_titles_title":"","_seopress_titles_desc":"Een oogstrelende LED inbouwspot armatuur gemaakt in zwart kantelbaar. Deze LED spot heeft een langere levensduur en vervangt probleemloos met amper 5W een 50W halogeen.","_seopress_robots_index":""},"product_brand":[],"product_cat":[87,88,455,132],"product_tag":[456,457,458],"class_list":{"0":"post-556099","1":"product","2":"type-product","3":"status-publish","4":"has-post-thumbnail","6":"product_cat-armaturen","7":"product_cat-inbouwspots","8":"product_cat-led-downlights","9":"product_cat-led-spots","10":"product_tag-dimbare-led-armatuur","11":"product_tag-led-inbouwspot","12":"product_tag-wit","14":"first","15":"instock","16":"taxable","17":"shipping-taxable","18":"purchasable","19":"product-type-simple"},"_links":{"self":[{"href":"https:\/\/ledshoponline.be\/de\/wp-json\/wp\/v2\/product\/556099","targetHints":{"allow":["GET"]}}],"collection":[{"href":"https:\/\/ledshoponline.be\/de\/wp-json\/wp\/v2\/product"}],"about":[{"href":"https:\/\/ledshoponline.be\/de\/wp-json\/wp\/v2\/types\/product"}],"replies":[{"embeddable":true,"href":"https:\/\/ledshoponline.be\/de\/wp-json\/wp\/v2\/comments?post=556099"}],"version-history":[{"count":7,"href":"https:\/\/ledshoponline.be\/de\/wp-json\/wp\/v2\/product\/556099\/revisions"}],"predecessor-version":[{"id":556115,"href":"https:\/\/ledshoponline.be\/de\/wp-json\/wp\/v2\/product\/556099\/revisions\/556115"}],"wp:featuredmedia":[{"embeddable":true,"href":"https:\/\/ledshoponline.be\/de\/wp-json\/wp\/v2\/media\/556101"}],"wp:attachment":[{"href":"https:\/\/ledshoponline.be\/de\/wp-json\/wp\/v2\/media?parent=556099"}],"wp:term":[{"taxonomy":"product_brand","embeddable":true,"href":"https:\/\/ledshoponline.be\/de\/wp-json\/wp\/v2\/product_brand?post=556099"},{"taxonomy":"product_cat","embeddable":true,"href":"https:\/\/ledshoponline.be\/de\/wp-json\/wp\/v2\/product_cat?post=556099"},{"taxonomy":"product_tag","embeddable":true,"href":"https:\/\/ledshoponline.be\/de\/wp-json\/wp\/v2\/product_tag?post=556099"}],"curies":[{"name":"wp","href":"https:\/\/api.w.org\/{rel}","templated":true}]}}