{"id":540793,"date":"2025-03-20T05:45:57","date_gmt":"2025-03-20T05:45:57","guid":{"rendered":"https:\/\/hlncaxea.a2hosted.com\/?post_type=product&#038;p=540793"},"modified":"2025-03-20T05:47:27","modified_gmt":"2025-03-20T05:47:27","slug":"led-paneel-120-x-30-cm-36w-hohe-lumen-dimmbar","status":"publish","type":"product","link":"https:\/\/ledshoponline.be\/de\/shop\/producten\/led-panelen\/led-paneel-120-x-30-cm-36w-hoge-lumen-dimbaar\/","title":{"rendered":"LED-Panel 120 x 30 cm 36w - Hohe Lumen - Dimmbar"},"content":{"rendered":"<h2 data-start=\"0\" data-end=\"81\"><strong data-start=\"0\" data-end=\"79\">Leistungsstarke LED-Paneele 120\u00d730 cm - Professionelle Qualit\u00e4t und Langlebigkeit<\/strong><\/h2>\n<p data-start=\"83\" data-end=\"323\">Aktualisieren Sie Ihre Beleuchtung mit uns <strong data-start=\"114\" data-end=\"151\">hochwertiges LED-Panel 120\u00d730 cm<\/strong>. Ausgestattet mit <strong data-start=\"167\" data-end=\"199\">die neuesten Samsung-Chipleds<\/strong>liefert dieses Panel bis zu <strong data-start=\"223\" data-end=\"237\">3500 Lumen<\/strong> mit einem breiten Abstrahlwinkel von <strong data-start=\"270\" data-end=\"278\">120\u00b0<\/strong>, w\u00e4hrend sie nur <strong data-start=\"300\" data-end=\"310\">32-40W<\/strong> verbraucht. Dimmbar mit einem 0-10 V Dimmer.<\/p>\n<h3 data-start=\"325\" data-end=\"365\">\u2728 <strong data-start=\"331\" data-end=\"363\">Unerreichte Beleuchtungsqualit\u00e4t<\/strong><\/h3>\n<p data-start=\"366\" data-end=\"591\">\u2714 <strong data-start=\"368\" data-end=\"402\">Keine Kopfschmerzen oder Flackern<\/strong>wie Leuchtstoffr\u00f6hrenbeleuchtung<br data-start=\"428\" data-end=\"431\" \/>\u2714 <strong data-start=\"433\" data-end=\"499\">Erh\u00e4ltlich in Warmwei\u00df (3000K-3500K) und Kaltwei\u00df (4000K-4500K)<\/strong> f\u00fcr jede Anwendung<br data-start=\"520\" data-end=\"523\" \/>\u2714 <strong data-start=\"525\" data-end=\"542\">Nicht gelb<\/strong>im Gegensatz zu billigeren Alternativen<\/p>\n<h3 data-start=\"593\" data-end=\"637\">\ud83d\ude80 <strong data-start=\"600\" data-end=\"635\">Einfache und schnelle Installation<\/strong><\/h3>\n<p data-start=\"638\" data-end=\"774\">\u2714 <strong data-start=\"640\" data-end=\"670\">Zusammengebaut innerhalb von 1 Minute<\/strong> ohne Anpassungen<br data-start=\"690\" data-end=\"693\" \/>\u2714 <strong data-start=\"695\" data-end=\"743\">Passt perfekt in eine 120\u00d730 cm gro\u00dfe abgeh\u00e4ngte Decke<\/strong><br data-start=\"743\" data-end=\"746\" \/>\u2714 Wiegt nur <strong data-start=\"762\" data-end=\"772\">2,5 kg<\/strong><\/p>\n<h3 data-start=\"776\" data-end=\"827\">\ud83c\udf31 <strong data-start=\"783\" data-end=\"825\">Energie sparen und Nachhaltigkeit erh\u00f6hen<\/strong><\/h3>\n<p data-start=\"828\" data-end=\"968\">\u2714 <strong data-start=\"830\" data-end=\"858\">Bis zu 65% Energieeinsparung<\/strong> im Vergleich zu Leuchtstoffr\u00f6hrenleuchten<br data-start=\"886\" data-end=\"889\" \/>\u2714 <strong data-start=\"891\" data-end=\"920\">Lebensdauer bis zu 50.000 Stunden<\/strong><br data-start=\"920\" data-end=\"923\" \/>\u2714 <strong data-start=\"925\" data-end=\"966\">Inklusive langlebigem externen LED-Treiber<\/strong><\/p>\n<p data-start=\"970\" data-end=\"1141\">\ud83d\udd14 <strong data-start=\"973\" data-end=\"984\">Anmerkung:<\/strong> Dieses LED-Panel ist f\u00fcr abgeh\u00e4ngte Decken konzipiert. M\u00f6chten Sie es an einer festen Decke befestigen? Kein Problem, das ist mit einem optionalen Montagesatz problemlos m\u00f6glich.<\/p>\n<p data-start=\"1143\" data-end=\"1211\" data-is-last-node=\"\" data-is-only-node=\"\">\ud83d\udca1 <strong data-start=\"1146\" data-end=\"1211\" data-is-last-node=\"\">Helle, effiziente und langlebige Beleuchtung f\u00fcr jeden Raum!<\/strong><\/p>","protected":false},"excerpt":{"rendered":"<p><strong>Produktdatenblatt<\/strong><br \/>\n<strong><a href=\"https:\/\/eprel.ec.europa.eu\/fiches\/lightsources\/Fiche_1251115_NL.pdf\">DE<\/a>\u00a0|\u00a0<a href=\"https:\/\/eprel.ec.europa.eu\/fiches\/lightsources\/Fiche_1251115_FR.pdf\">FR\u00a0<\/a>|\u00a0<a href=\"https:\/\/eprel.ec.europa.eu\/fiches\/lightsources\/Fiche_1251115_EN.pdf\">UND\u00a0<\/a>|\u00a0<a href=\"https:\/\/eprel.ec.europa.eu\/fiches\/lightsources\/Fiche_1251115_DE.pdf\">DIE<\/a><\/strong><\/p>","protected":false},"featured_media":533680,"comment_status":"closed","ping_status":"closed","template":"","meta":{"_seopress_robots_primary_cat":"259","_seopress_titles_title":"LED Paneel 120x30 cm | 36W | Hoge Lumen & Energiezuinig | Dimbaar","_seopress_titles_desc":"Helder en krachtig dimbaar LED paneel 120x30 cm, 36W. Hoge lumen voor optimaal licht, energiezuinig en eenvoudig te installeren. Perfect voor elk interieur!","_seopress_robots_index":""},"product_brand":[],"product_cat":[87,530,170,259,165,242,112],"product_tag":[655],"class_list":{"0":"post-540793","1":"product","2":"type-product","3":"status-publish","4":"has-post-thumbnail","6":"product_cat-armaturen","7":"product_cat-deals","8":"product_cat-hanglampen","9":"product_cat-led-panelen","10":"product_cat-plafondlampen","11":"product_cat-pro-led-verlichting","12":"product_cat-stock-opruiming","13":"product_tag-ufo-led-lamp","15":"first","16":"instock","17":"sale","18":"taxable","19":"shipping-taxable","20":"purchasable","21":"product-type-variable"},"_links":{"self":[{"href":"https:\/\/ledshoponline.be\/de\/wp-json\/wp\/v2\/product\/540793","targetHints":{"allow":["GET"]}}],"collection":[{"href":"https:\/\/ledshoponline.be\/de\/wp-json\/wp\/v2\/product"}],"about":[{"href":"https:\/\/ledshoponline.be\/de\/wp-json\/wp\/v2\/types\/product"}],"replies":[{"embeddable":true,"href":"https:\/\/ledshoponline.be\/de\/wp-json\/wp\/v2\/comments?post=540793"}],"version-history":[{"count":0,"href":"https:\/\/ledshoponline.be\/de\/wp-json\/wp\/v2\/product\/540793\/revisions"}],"wp:featuredmedia":[{"embeddable":true,"href":"https:\/\/ledshoponline.be\/de\/wp-json\/wp\/v2\/media\/533680"}],"wp:attachment":[{"href":"https:\/\/ledshoponline.be\/de\/wp-json\/wp\/v2\/media?parent=540793"}],"wp:term":[{"taxonomy":"product_brand","embeddable":true,"href":"https:\/\/ledshoponline.be\/de\/wp-json\/wp\/v2\/product_brand?post=540793"},{"taxonomy":"product_cat","embeddable":true,"href":"https:\/\/ledshoponline.be\/de\/wp-json\/wp\/v2\/product_cat?post=540793"},{"taxonomy":"product_tag","embeddable":true,"href":"https:\/\/ledshoponline.be\/de\/wp-json\/wp\/v2\/product_tag?post=540793"}],"curies":[{"name":"wp","href":"https:\/\/api.w.org\/{rel}","templated":true}]}}