{"id":533633,"date":"2025-03-15T10:00:16","date_gmt":"2025-03-15T10:00:16","guid":{"rendered":"https:\/\/hlncaxea.a2hosted.com\/?post_type=product&#038;p=533633"},"modified":"2025-03-19T21:29:22","modified_gmt":"2025-03-19T21:29:22","slug":"led-streifen-230v-mit-integrierter-schaltung-2835-120smd-pro-meter-2","status":"publish","type":"product","link":"https:\/\/ledshoponline.be\/de\/shop\/producten\/led-strips\/led-strips-230v\/led-strip-230v-met-geintegreerd-circuit-2835-120smd-per-meter\/","title":{"rendered":"LED-Streifen 230V mit integrierter Schaltung 2835-120SMD | pro Meter"},"content":{"rendered":"<p>Professionelle Linie von flexiblen LED-Streifen auf 230v mit integriertem Schaltkreis. Sch\u00f6ne Oberfl\u00e4che und hohe Lumen.<br \/>Der LED-Streifen enth\u00e4lt den neuesten Ultra-LED-SMD-Chip 2835 mit bis zu 120 LEDs pro Meter.<br \/>Der Zuschnitt kann meterweise erfolgen. Inklusive Befestigungsklammern und 230-V-Stecker.<br \/>Plug and Play ohne L\u00f6ten. Viele SMD-LEDs sorgen f\u00fcr eine gleichm\u00e4\u00dfige Ausleuchtung.<\/p>","protected":false},"excerpt":{"rendered":"<p><strong>Produktdatenblatt<\/strong> <br \/><strong><a href=\"https:\/\/eprel.ec.europa.eu\/fiches\/lightsources\/Fiche_1474972_NL.pdf\">DE<\/a>\u00a0|\u00a0<a href=\"https:\/\/eprel.ec.europa.eu\/fiches\/lightsources\/Fiche_1474972_FR.pdf\">FR\u00a0<\/a>|\u00a0<a href=\"https:\/\/eprel.ec.europa.eu\/fiches\/lightsources\/Fiche_1474972_EN.pdf\">UND\u00a0<\/a>|\u00a0<a href=\"https:\/\/eprel.ec.europa.eu\/fiches\/lightsources\/Fiche_1474972_DE.pdf\">DIE<\/a><\/strong><\/p>","protected":false},"featured_media":451219,"comment_status":"closed","ping_status":"closed","template":"","meta":{"_seopress_robots_primary_cat":"none","_seopress_titles_title":"LED strip 230V met ge\u00efntegreerd circuit 2835-120SMD | per meter","_seopress_titles_desc":"230v led strip dat je kan per meter verknippen. Krachtigste led strip op de markt. Bestel de LED strip via ons voordelig met gratis verzending.","_seopress_robots_index":""},"product_brand":[],"product_cat":[530,40,229,19],"product_tag":[230],"class_list":{"0":"post-533633","1":"product","2":"type-product","3":"status-publish","4":"has-post-thumbnail","6":"product_cat-deals","7":"product_cat-led-strips","8":"product_cat-led-strips-230v","9":"product_cat-producten","10":"product_tag-230v-ledstrip","12":"first","13":"instock","14":"taxable","15":"shipping-taxable","16":"purchasable","17":"product-type-variable","18":"has-default-attributes"},"_links":{"self":[{"href":"https:\/\/ledshoponline.be\/de\/wp-json\/wp\/v2\/product\/533633","targetHints":{"allow":["GET"]}}],"collection":[{"href":"https:\/\/ledshoponline.be\/de\/wp-json\/wp\/v2\/product"}],"about":[{"href":"https:\/\/ledshoponline.be\/de\/wp-json\/wp\/v2\/types\/product"}],"replies":[{"embeddable":true,"href":"https:\/\/ledshoponline.be\/de\/wp-json\/wp\/v2\/comments?post=533633"}],"version-history":[{"count":0,"href":"https:\/\/ledshoponline.be\/de\/wp-json\/wp\/v2\/product\/533633\/revisions"}],"wp:featuredmedia":[{"embeddable":true,"href":"https:\/\/ledshoponline.be\/de\/wp-json\/wp\/v2\/media\/451219"}],"wp:attachment":[{"href":"https:\/\/ledshoponline.be\/de\/wp-json\/wp\/v2\/media?parent=533633"}],"wp:term":[{"taxonomy":"product_brand","embeddable":true,"href":"https:\/\/ledshoponline.be\/de\/wp-json\/wp\/v2\/product_brand?post=533633"},{"taxonomy":"product_cat","embeddable":true,"href":"https:\/\/ledshoponline.be\/de\/wp-json\/wp\/v2\/product_cat?post=533633"},{"taxonomy":"product_tag","embeddable":true,"href":"https:\/\/ledshoponline.be\/de\/wp-json\/wp\/v2\/product_tag?post=533633"}],"curies":[{"name":"wp","href":"https:\/\/api.w.org\/{rel}","templated":true}]}}