{"id":533388,"date":"2025-03-15T09:13:56","date_gmt":"2025-03-15T09:13:56","guid":{"rendered":"https:\/\/hlncaxea.a2hosted.com\/?post_type=product&#038;p=533388"},"modified":"2026-02-14T14:08:57","modified_gmt":"2026-02-14T14:08:57","slug":"led-streifen-230v-pro-m-warmweiss-5050-ip68","status":"publish","type":"product","link":"https:\/\/ledshoponline.be\/de\/shop\/producten\/led-strips\/led-strips-230v\/led-strip-230v-per-m-warm-wit-5050-ip68\/","title":{"rendered":"LED-Leiste 230V pro m warm-wei\u00df 5050 IP65"},"content":{"rendered":"<p>Einzigartige 230-V-LED-Leiste, die ohne Transformator direkt mit 230 V betrieben wird. Kann jeden Meter gek\u00fcrzt werden. Mit 5050 LED SMD (60SMD LEDs \/m). Inklusive 230v Stecker DC zu AC. Plug and Play ohne L\u00f6ten. Perfekt f\u00fcr den Au\u00dfenbereich geeignet. Ist auch dimmbar mit einem<a href=\"https:\/\/ledshoponline.be\/de\/shop\/produkte-2\/zubehor\/230v-led-dimmer-2\/dimmer-fur-einfarbige-230v-led-streifen-2\/\" data-type=\"product\" data-id=\"18733\">\u00a0LED-Streifen-Dimmer<\/a>.<\/p>\r\n\r\n\r\n\r\n<h3 class=\"wp-block-heading\">Schnell sein und bestellen!<\/h3>","protected":false},"excerpt":{"rendered":"<p><strong>Produktdatenblatt<\/strong> <br \/><strong><a href=\"https:\/\/eprel.ec.europa.eu\/fiches\/lightsources\/Fiche_1474972_NL.pdf\">DE<\/a>\u00a0|\u00a0<a href=\"https:\/\/eprel.ec.europa.eu\/fiches\/lightsources\/Fiche_1474972_FR.pdf\">FR\u00a0<\/a>|\u00a0<a href=\"https:\/\/eprel.ec.europa.eu\/fiches\/lightsources\/Fiche_1474972_EN.pdf\">UND\u00a0<\/a>|\u00a0<a href=\"https:\/\/eprel.ec.europa.eu\/fiches\/lightsources\/Fiche_1474972_DE.pdf\">DIE<\/a><\/strong><\/p>","protected":false},"featured_media":533393,"comment_status":"closed","ping_status":"closed","template":"","meta":{"_seopress_robots_primary_cat":"none","_seopress_titles_title":"LED strip 230V per m warm-wit 5050 IP65","_seopress_titles_desc":"Unieke warm-wit 3000k led strip op 230v rechtstreeks zonder trafo. Te bestellen per\/meter. Met 5050 LED SMD (60SMD LEDs \/m).\u00a0Inclusief 230v stekker.Plug and Play zonder te solderen.","_seopress_robots_index":""},"product_brand":[],"product_cat":[40,229,19],"product_tag":[230],"class_list":{"0":"post-533388","1":"product","2":"type-product","3":"status-publish","4":"has-post-thumbnail","6":"product_cat-led-strips","7":"product_cat-led-strips-230v","8":"product_cat-producten","9":"product_tag-230v-ledstrip","11":"first","12":"instock","13":"taxable","14":"shipping-taxable","15":"purchasable","16":"product-type-variable","17":"has-default-attributes"},"_links":{"self":[{"href":"https:\/\/ledshoponline.be\/de\/wp-json\/wp\/v2\/product\/533388","targetHints":{"allow":["GET"]}}],"collection":[{"href":"https:\/\/ledshoponline.be\/de\/wp-json\/wp\/v2\/product"}],"about":[{"href":"https:\/\/ledshoponline.be\/de\/wp-json\/wp\/v2\/types\/product"}],"replies":[{"embeddable":true,"href":"https:\/\/ledshoponline.be\/de\/wp-json\/wp\/v2\/comments?post=533388"}],"version-history":[{"count":1,"href":"https:\/\/ledshoponline.be\/de\/wp-json\/wp\/v2\/product\/533388\/revisions"}],"predecessor-version":[{"id":697418,"href":"https:\/\/ledshoponline.be\/de\/wp-json\/wp\/v2\/product\/533388\/revisions\/697418"}],"wp:featuredmedia":[{"embeddable":true,"href":"https:\/\/ledshoponline.be\/de\/wp-json\/wp\/v2\/media\/533393"}],"wp:attachment":[{"href":"https:\/\/ledshoponline.be\/de\/wp-json\/wp\/v2\/media?parent=533388"}],"wp:term":[{"taxonomy":"product_brand","embeddable":true,"href":"https:\/\/ledshoponline.be\/de\/wp-json\/wp\/v2\/product_brand?post=533388"},{"taxonomy":"product_cat","embeddable":true,"href":"https:\/\/ledshoponline.be\/de\/wp-json\/wp\/v2\/product_cat?post=533388"},{"taxonomy":"product_tag","embeddable":true,"href":"https:\/\/ledshoponline.be\/de\/wp-json\/wp\/v2\/product_tag?post=533388"}],"curies":[{"name":"wp","href":"https:\/\/api.w.org\/{rel}","templated":true}]}}