{"id":523464,"date":"2025-01-08T10:17:11","date_gmt":"2025-01-08T10:17:11","guid":{"rendered":"https:\/\/hlncaxea.a2hosted.com\/?post_type=product&#038;p=523464"},"modified":"2025-08-24T10:22:34","modified_gmt":"2025-08-24T10:22:34","slug":"intelligenter-rauchmelder-5-jahres-batterie-2","status":"publish","type":"product","link":"https:\/\/ledshoponline.be\/de\/shop\/camerabewaking\/slimme-rookmelder-5-jaar-batterij\/","title":{"rendered":"Smart Smoke Detector - 5 Jahre Batterie"},"content":{"rendered":"<p>Bringen Sie die Sicherheit Ihres Zuhauses auf die n\u00e4chste Stufe mit dem <strong>Calex Smart-Rauchmelder<\/strong>. Dieser fortschrittliche Rauchmelder bietet nicht nur zuverl\u00e4ssigen Schutz, sondern auch intelligente Funktionen, mit denen Sie jederzeit und \u00fcberall \u00fcber m\u00f6gliche Gefahren informiert werden.<\/p>\r\n\r\n\r\n\r\n<h3 class=\"wp-block-heading\"><strong>Warum der Calex Smart Smoke Detector?<\/strong><\/h3>\r\n\r\n\r\n\r\n<ul class=\"wp-block-list\">\r\n<li><strong>Intelligente Benachrichtigungen in Echtzeit<\/strong>Sofortige Alarmierung auf Ihrem Smartphone bei Raucherkennung, egal wo Sie sich befinden.<\/li>\r\n\r\n\r\n\r\n<li><strong>Langfristige Zuverl\u00e4ssigkeit<\/strong>Ausgestattet mit einer leistungsstarken Batterie, die bis zu 5 Jahre h\u00e4lt, so dass Sie sich keine Sorgen um den Austausch machen m\u00fcssen.<\/li>\r\n\r\n\r\n\r\n<li><strong>Elegantes und kompaktes Design<\/strong>Passt m\u00fchelos in jedes Interieur, ohne Kompromisse bei der Funktionalit\u00e4t einzugehen.<\/li>\r\n\r\n\r\n\r\n<li><strong>Intelligente Konnektivit\u00e4t<\/strong>Funktioniert nahtlos mit Ihrem Smart-Home-System, wie Google Assistant und Amazon Alexa.<\/li>\r\n\r\n\r\n\r\n<li><strong>Zuverl\u00e4ssige Erkennung<\/strong>Die neueste Sensortechnologie gew\u00e4hrleistet eine schnelle und genaue Erkennung von Rauch- und Feuergefahren.<\/li>\r\n<\/ul>\r\n\r\n\r\n\r\n<h3 class=\"wp-block-heading\"><strong>Merkmale, die den Unterschied ausmachen:<\/strong><\/h3>\r\n\r\n\r\n\r\n<ul class=\"wp-block-list\">\r\n<li><strong>Einfache Installation<\/strong>: Innerhalb von Minuten einsatzbereit, ohne kompliziertes Werkzeug.<\/li>\r\n\r\n\r\n\r\n<li><strong>LED-Statusanzeige<\/strong>: \u00dcberpr\u00fcfen Sie immer den Status Ihres Rauchmelders.<\/li>\r\n\r\n\r\n\r\n<li><strong>Drahtlose Konnektivit\u00e4t<\/strong>: Bleiben Sie \u00fcber die intuitive Calex-App in Verbindung.<\/li>\r\n\r\n\r\n\r\n<li><strong>Seelenfrieden, Tag und Nacht<\/strong>Dank intelligenter Benachrichtigungen und zuverl\u00e4ssiger Erkennung sind Sie immer gesch\u00fctzt.<\/li>\r\n<\/ul>\r\n\r\n\r\n\r\n<h3 class=\"wp-block-heading\"><strong>Sicherheit, der Sie vertrauen k\u00f6nnen<\/strong><\/h3>\r\n\r\n\r\n\r\n<p>Mit dem <strong>Calex Smart-Rauchmelder<\/strong> sch\u00fctzen Sie nicht nur Ihr Zuhause, sondern auch Ihre Liebsten. Dieser intelligente Rauchmelder sorgt daf\u00fcr, dass Sie immer vorbereitet sind, egal ob Sie zu Hause oder unterwegs sind.<\/p>\r\n\r\n\r\n\r\n<p><strong>Investieren Sie in Sicherheit. Bestellen Sie noch heute und genie\u00dfen Sie 5 Jahre lang sorgenfreien Schutz!<\/strong><\/p>","protected":false},"excerpt":{"rendered":"<p>\u2705 Eingebautes WiFi<br \/>\u2705 Bedienung mit App<br \/>\u2705 Leicht zu installieren<br \/>\u2705 Verkn\u00fcpfbar<br \/>\u2705 Entspricht der Norm EN14604<\/p>\n<p>&nbsp;<\/p>","protected":false},"featured_media":523465,"comment_status":"closed","ping_status":"closed","template":"","meta":{"_seopress_robots_primary_cat":"none","_seopress_titles_title":"","_seopress_titles_desc":"","_seopress_robots_index":""},"product_brand":[],"product_cat":[889,1015,19,514],"product_tag":[],"class_list":{"0":"post-523464","1":"product","2":"type-product","3":"status-publish","4":"has-post-thumbnail","6":"product_cat-camerabewaking","7":"product_cat-huis-keuken","8":"product_cat-producten","9":"product_cat-smart-home","11":"first","12":"instock","13":"sale","14":"taxable","15":"shipping-taxable","16":"purchasable","17":"product-type-simple"},"_links":{"self":[{"href":"https:\/\/ledshoponline.be\/de\/wp-json\/wp\/v2\/product\/523464","targetHints":{"allow":["GET"]}}],"collection":[{"href":"https:\/\/ledshoponline.be\/de\/wp-json\/wp\/v2\/product"}],"about":[{"href":"https:\/\/ledshoponline.be\/de\/wp-json\/wp\/v2\/types\/product"}],"replies":[{"embeddable":true,"href":"https:\/\/ledshoponline.be\/de\/wp-json\/wp\/v2\/comments?post=523464"}],"version-history":[{"count":1,"href":"https:\/\/ledshoponline.be\/de\/wp-json\/wp\/v2\/product\/523464\/revisions"}],"predecessor-version":[{"id":615231,"href":"https:\/\/ledshoponline.be\/de\/wp-json\/wp\/v2\/product\/523464\/revisions\/615231"}],"wp:featuredmedia":[{"embeddable":true,"href":"https:\/\/ledshoponline.be\/de\/wp-json\/wp\/v2\/media\/523465"}],"wp:attachment":[{"href":"https:\/\/ledshoponline.be\/de\/wp-json\/wp\/v2\/media?parent=523464"}],"wp:term":[{"taxonomy":"product_brand","embeddable":true,"href":"https:\/\/ledshoponline.be\/de\/wp-json\/wp\/v2\/product_brand?post=523464"},{"taxonomy":"product_cat","embeddable":true,"href":"https:\/\/ledshoponline.be\/de\/wp-json\/wp\/v2\/product_cat?post=523464"},{"taxonomy":"product_tag","embeddable":true,"href":"https:\/\/ledshoponline.be\/de\/wp-json\/wp\/v2\/product_tag?post=523464"}],"curies":[{"name":"wp","href":"https:\/\/api.w.org\/{rel}","templated":true}]}}