{"id":521254,"date":"2023-12-08T14:28:00","date_gmt":"2023-12-08T14:28:00","guid":{"rendered":"https:\/\/hlncaxea.a2hosted.com\/?post_type=product&#038;p=521254"},"modified":"2025-05-23T04:46:22","modified_gmt":"2025-05-23T04:46:22","slug":"smart-calex-plug-mit-energiezahler-erhoht-ihren-wohnkomfort-2","status":"publish","type":"product","link":"https:\/\/ledshoponline.be\/de\/shop\/producten\/slimme-calex-plug-met-energiemeter-verhoog-je-wooncomfort\/","title":{"rendered":"Smart Calex Plug mit Energiez\u00e4hler - Steigern Sie Ihren Wohnkomfort"},"content":{"rendered":"<p>Der Calex Smart Plug mit Energiez\u00e4hler ist die ideale L\u00f6sung, um Ihr Zuhause intelligent zu machen. Mit der M\u00f6glichkeit, Ger\u00e4te aus der Ferne zu steuern, k\u00f6nnen Sie Ihre Beleuchtung, Heizung und andere Ger\u00e4te ganz einfach mit Ihrem Smartphone verwalten. Dieser Stecker ist perfekt f\u00fcr alle, die ihren Energieverbrauch besser kontrollieren und gleichzeitig ihre Energiekosten senken m\u00f6chten. Er ist die perfekte Wahl f\u00fcr alle, die ihr Zuhause ohne gro\u00dfe Investitionen zu einem intelligenten Zuhause aufr\u00fcsten m\u00f6chten.<\/p>\r\n\r\n\r\n\r\n<p><strong>Energieeinsparung durch Verbrauchs\u00fcberwachung in Echtzeit<\/strong><\/p>\r\n\r\n\r\n\r\n<p>Der integrierte Energiez\u00e4hler des Calex Smart Plug erm\u00f6glicht es Ihnen, Ihren Energieverbrauch in Echtzeit zu verfolgen. Dadurch erhalten Sie einen Einblick, wie viel Energie Ihre Ger\u00e4te tats\u00e4chlich verbrauchen. So k\u00f6nnen Sie schnell eingreifen und unn\u00f6tige Kosten vermeiden. Durch die \u00dcberwachung Ihres Verbrauchs k\u00f6nnen Sie Ihren Energieverbrauch optimieren und so Ihre monatlichen Rechnungen senken. Egal, ob es sich um Beleuchtung, K\u00fcchenger\u00e4te oder andere Ger\u00e4te handelt, Sie haben immer einen \u00dcberblick \u00fcber Ihren Verbrauch und k\u00f6nnen Ihre Energieeffizienz verbessern.<\/p>\r\n\r\n\r\n\r\n<p><strong>Einfache Installation und Kompatibilit\u00e4t<\/strong><\/p>\r\n\r\n\r\n\r\n<p>Diese intelligente Steckdose ist auf Komfort ausgelegt. Die Installation des Calex-Steckers ist schnell und einfach: Einstecken, mit dem WLAN verbinden und los geht's. Das Ger\u00e4t ist vollst\u00e4ndig kompatibel mit g\u00e4ngigen Smart-Home-Plattformen wie Google Assistant und Amazon Alexa, sodass Sie Ihre Ger\u00e4te ganz einfach per Sprachbefehl steuern k\u00f6nnen. Egal, ob Sie zu Hause oder unterwegs sind, Sie werden immer die volle Kontrolle \u00fcber Ihre Ger\u00e4te haben.<\/p>\r\n\r\n\r\n\r\n<p><strong>Kompaktes und langlebiges Design<\/strong><\/p>\r\n\r\n\r\n\r\n<p>Bei der Entwicklung des Calex Smart Plugs wurde sowohl auf Funktionalit\u00e4t als auch auf \u00c4sthetik geachtet. Das kompakte wei\u00dfe Design f\u00fcgt sich nahtlos in jeden Raum in Ihrem Zuhause ein und nimmt nur wenig Platz in Anspruch. Die robuste Verarbeitung sorgt daf\u00fcr, dass der Stecker lange h\u00e4lt und dem t\u00e4glichen Gebrauch standh\u00e4lt. Dieser Stecker ist eine perfekte Kombination aus Stil und Haltbarkeit, die ihn sowohl praktisch als auch optisch ansprechend macht.<\/p>\r\n\r\n\r\n\r\n<p>&nbsp;<\/p>","protected":false},"excerpt":{"rendered":"<p>Smart Power Plug 16A mit Powermeter E-Anschlu\u00df<br \/>Steuern Sie Ihre (nicht intelligenten) Ger\u00e4te einfach mit Ihrem Smartphone oder Sprachassistenten.<\/p>","protected":false},"featured_media":521255,"comment_status":"closed","ping_status":"closed","template":"","meta":{"_seopress_robots_primary_cat":"none","_seopress_titles_title":"","_seopress_titles_desc":"","_seopress_robots_index":""},"product_brand":[],"product_cat":[19,514],"product_tag":[],"class_list":{"0":"post-521254","1":"product","2":"type-product","3":"status-publish","4":"has-post-thumbnail","6":"product_cat-producten","7":"product_cat-smart-home","9":"first","10":"instock","11":"taxable","12":"shipping-taxable","13":"purchasable","14":"product-type-simple"},"_links":{"self":[{"href":"https:\/\/ledshoponline.be\/de\/wp-json\/wp\/v2\/product\/521254","targetHints":{"allow":["GET"]}}],"collection":[{"href":"https:\/\/ledshoponline.be\/de\/wp-json\/wp\/v2\/product"}],"about":[{"href":"https:\/\/ledshoponline.be\/de\/wp-json\/wp\/v2\/types\/product"}],"replies":[{"embeddable":true,"href":"https:\/\/ledshoponline.be\/de\/wp-json\/wp\/v2\/comments?post=521254"}],"version-history":[{"count":1,"href":"https:\/\/ledshoponline.be\/de\/wp-json\/wp\/v2\/product\/521254\/revisions"}],"predecessor-version":[{"id":575309,"href":"https:\/\/ledshoponline.be\/de\/wp-json\/wp\/v2\/product\/521254\/revisions\/575309"}],"wp:featuredmedia":[{"embeddable":true,"href":"https:\/\/ledshoponline.be\/de\/wp-json\/wp\/v2\/media\/521255"}],"wp:attachment":[{"href":"https:\/\/ledshoponline.be\/de\/wp-json\/wp\/v2\/media?parent=521254"}],"wp:term":[{"taxonomy":"product_brand","embeddable":true,"href":"https:\/\/ledshoponline.be\/de\/wp-json\/wp\/v2\/product_brand?post=521254"},{"taxonomy":"product_cat","embeddable":true,"href":"https:\/\/ledshoponline.be\/de\/wp-json\/wp\/v2\/product_cat?post=521254"},{"taxonomy":"product_tag","embeddable":true,"href":"https:\/\/ledshoponline.be\/de\/wp-json\/wp\/v2\/product_tag?post=521254"}],"curies":[{"name":"wp","href":"https:\/\/api.w.org\/{rel}","templated":true}]}}