{"id":521221,"date":"2024-12-08T13:28:10","date_gmt":"2024-12-08T13:28:10","guid":{"rendered":"https:\/\/hlncaxea.a2hosted.com\/?post_type=product&#038;p=521221"},"modified":"2025-11-12T07:59:12","modified_gmt":"2025-11-12T07:59:12","slug":"calex-smart-tag-bluetooth-tracker-arbeitet-mit-apple-suche-mein-ideal-fur-schlussel-und-gepack-echtzeit-ortung-2","status":"publish","type":"product","link":"https:\/\/ledshoponline.be\/de\/shop\/producten\/calex-slimme-tag-bluetooth-tracker-werkt-met-apple-zoek-mijn-ideaal-voor-sleutels-en-bagage-real-time-locatie\/","title":{"rendered":"Calex Smart Tag - Bluetooth-Tracker - Funktioniert mit Apple Search My - Ideal f\u00fcr Schl\u00fcssel und Gep\u00e4ck - Echtzeit-Ortung"},"content":{"rendered":"<p>Der Calex Smart Tag ist die L\u00f6sung, damit Sie Ihre Wertsachen nie wieder verlieren. Dieser Bluetooth-Tracker arbeitet nahtlos mit Apple Find My zusammen und bietet Standortaktualisierungen in Echtzeit. Mit seinem kompakten Design ist er perfekt f\u00fcr Schl\u00fcssel, Taschen und andere pers\u00f6nliche Gegenst\u00e4nde geeignet. Er ist einfach einzurichten und zu verwenden und mit Ihren bevorzugten Apple-Ger\u00e4ten kompatibel. So haben Sie Ihr Hab und Gut immer in Reichweite.<\/p>\r\n\r\n\r\n\r\n<figure class=\"wp-block-image size-large\"><img decoding=\"async\" class=\"wp-image-521226\" src=\"https:\/\/ledshoponline.be\/wp-content\/uploads\/2024\/12\/65dd43526cb82afa1e29b57a_calex-smart-tag-bluetooth-tracker-works-with-apple-find-my-678946-800x800.avif\" alt=\"\" \/><\/figure>\r\n\r\n\r\n\r\n<p><strong>Vorteile:<\/strong><\/p>\r\n\r\n\r\n\r\n<ul class=\"wp-block-list\">\r\n<li><strong>FUNKTIONIERT MIT DER APFELSUCHE MY<\/strong>: Kompatibel mit Apples Find My Network f\u00fcr einfaches Auffinden Ihrer Sachen.<\/li>\r\n\r\n\r\n\r\n<li><strong>ECHTZEITORTUNG<\/strong>: Behalten Sie immer den \u00dcberblick, wo sich Ihre wichtigen Gegenst\u00e4nde befinden.<\/li>\r\n\r\n\r\n\r\n<li><strong>KOMPAKT UND LEICHT<\/strong>Designt f\u00fcr den t\u00e4glichen Gebrauch, passt leicht an Schl\u00fcsselanh\u00e4nger oder in kleine Taschen.<\/li>\r\n\r\n\r\n\r\n<li><strong>EINFACHE INSTALLATION<\/strong>: Dank intuitiver Bluetooth-Kopplung innerhalb weniger Minuten einsatzbereit.<\/li>\r\n\r\n\r\n\r\n<li><strong>SICHER UND PRIVAT<\/strong>Datenschutz dank der End-to-End-Verschl\u00fcsselung von Apple garantiert.<\/li>\r\n\r\n\r\n\r\n<li><strong>UNIVERSELLER EINSATZ<\/strong>Perfekt f\u00fcr Schl\u00fcssel, Gep\u00e4ck, Haustiere und sogar Fahrr\u00e4der.<\/li>\r\n\r\n\r\n\r\n<li><strong>LANGLEBIGE BATTERIE<\/strong>Energieeffiziente Technologie f\u00fcr monatelange Nutzung ohne Aufladen<\/li>\r\n<\/ul>\r\n\r\n\r\n\r\n<p>&nbsp;<\/p>","protected":false},"excerpt":{"rendered":"<p>De Calex Slimme Tag is d\u00e9 oplossing om nooit meer je waardevolle spullen kwijt te raken. Deze Bluetooth-tracker werkt naadloos<\/p>","protected":false},"featured_media":521222,"comment_status":"closed","ping_status":"closed","template":"","meta":{"_seopress_robots_primary_cat":"none","_seopress_titles_title":"","_seopress_titles_desc":"","_seopress_robots_index":""},"product_brand":[],"product_cat":[19,514],"product_tag":[],"class_list":{"0":"post-521221","1":"product","2":"type-product","3":"status-publish","4":"has-post-thumbnail","6":"product_cat-producten","7":"product_cat-smart-home","9":"first","10":"instock","11":"taxable","12":"shipping-taxable","13":"purchasable","14":"product-type-simple"},"_links":{"self":[{"href":"https:\/\/ledshoponline.be\/de\/wp-json\/wp\/v2\/product\/521221","targetHints":{"allow":["GET"]}}],"collection":[{"href":"https:\/\/ledshoponline.be\/de\/wp-json\/wp\/v2\/product"}],"about":[{"href":"https:\/\/ledshoponline.be\/de\/wp-json\/wp\/v2\/types\/product"}],"replies":[{"embeddable":true,"href":"https:\/\/ledshoponline.be\/de\/wp-json\/wp\/v2\/comments?post=521221"}],"version-history":[{"count":1,"href":"https:\/\/ledshoponline.be\/de\/wp-json\/wp\/v2\/product\/521221\/revisions"}],"predecessor-version":[{"id":633301,"href":"https:\/\/ledshoponline.be\/de\/wp-json\/wp\/v2\/product\/521221\/revisions\/633301"}],"wp:featuredmedia":[{"embeddable":true,"href":"https:\/\/ledshoponline.be\/de\/wp-json\/wp\/v2\/media\/521222"}],"wp:attachment":[{"href":"https:\/\/ledshoponline.be\/de\/wp-json\/wp\/v2\/media?parent=521221"}],"wp:term":[{"taxonomy":"product_brand","embeddable":true,"href":"https:\/\/ledshoponline.be\/de\/wp-json\/wp\/v2\/product_brand?post=521221"},{"taxonomy":"product_cat","embeddable":true,"href":"https:\/\/ledshoponline.be\/de\/wp-json\/wp\/v2\/product_cat?post=521221"},{"taxonomy":"product_tag","embeddable":true,"href":"https:\/\/ledshoponline.be\/de\/wp-json\/wp\/v2\/product_tag?post=521221"}],"curies":[{"name":"wp","href":"https:\/\/api.w.org\/{rel}","templated":true}]}}