{"id":517304,"date":"2024-01-30T12:00:00","date_gmt":"2024-01-30T12:00:00","guid":{"rendered":"https:\/\/hlncaxea.a2hosted.com\/?post_type=product&#038;p=517304"},"modified":"2025-11-28T16:25:32","modified_gmt":"2025-11-28T16:25:32","slug":"aluminium-teleskopleiter-mit-rutschfestem-fus-2-6m-2","status":"publish","type":"product","link":"https:\/\/ledshoponline.be\/de\/shop\/producten\/gereedschap\/ladders\/aluminium-telescopische-ladder-met-antislip-voet-2-6m\/","title":{"rendered":"Aluminium-Teleskopleiter mit rutschfestem Fu\u00df - 2,6 m"},"content":{"rendered":"<p><span style=\"font-size: 18px;\"><strong>Herzberg HG-5260: Aluminium-Teleskopleiter mit rutschfestem Fu\u00df - 2,6 m<\/strong><\/span><\/p>\n<p>&nbsp;<\/p>\n<p><span style=\"font-size: 14px;\">Lernen Sie die Herzberg HG-5260: Aluminium-Teleskopleiter mit rutschfestem Fu\u00df kennen, das ultimative Werkzeug sowohl f\u00fcr den gelegentlichen Heimwerker als auch f\u00fcr den professionellen Bauarbeiter. Diese 2,60 m lange Teleskopleiter ist nicht nur die bequemste, sondern auch die robusteste der Welt und erf\u00fcllt die Norm EN131 f\u00fcr Sicherheit und Leistung. Mit ihrer H\u00f6he von 2,60 m k\u00f6nnen Sie unbesorgt in verschiedenen H\u00f6hen arbeiten.<\/span><\/p>\n<p><span style=\"font-size: 14px;\">Diese Teleskopleiter wurde f\u00fcr maximale Benutzerfreundlichkeit entwickelt. Sie ist faltbar und kompakt, wiegt nur 7 kg und l\u00e4sst sich auf eine Breite von 46,5 cm zusammenklappen. Transport und Lagerung sind ein Kinderspiel und machen sie zum idealen Heimwerkerwerkzeug f\u00fcr jedes Projekt.<\/span><\/p>\n<p><span style=\"font-size: 14px;\">Sicherheit und Leistung sind die Highlights dieser Herzberg-Leiter. Robust, stabil und mit einer Elastomer-Federung ausgestattet, ben\u00f6tigen Sie w\u00e4hrend der Benutzung keine externe Unterst\u00fctzung. Erledigen Sie Ihre Heimwerkerprojekte mit Leichtigkeit und Effizienz, auch in schwierigen G\u00e4rten, und sparen Sie Zeit und M\u00fche.<\/span><\/p>\n<p><span style=\"font-size: 14px;\">Die aus hochwertigem, eloxiertem Aluminium gefertigte Teleskopleiter bleibt auf jedem Terrain perfekt im Gleichgewicht. Ihre Vielseitigkeit kennt keine Grenzen, sodass Sie sie \u00fcberall und in jeder Situation einsetzen k\u00f6nnen, auch f\u00fcr Menschen mit k\u00f6rperlichen Einschr\u00e4nkungen.<\/span><\/p>\n<p><span style=\"font-size: 14px;\">Das HG-5260 von Herzberg besteht aus einer hochwertigen Aluminiumkonstruktion mit einer St\u00e4rke von 1,3 mm f\u00fcr eine lange Lebensdauer. Jede Stufe hat einen Abstand von 300 mm und eine Stufenst\u00e4rke von 1,3 mm, wodurch eine stabile und sichere Oberfl\u00e4che gew\u00e4hrleistet wird. Die rutschfesten F\u00fc\u00dfe erh\u00f6hen die Sicherheit und verhindern Unf\u00e4lle w\u00e4hrend der Benutzung. Die Leiter kann in verschiedenen Winkeln aufgestellt werden und bietet so Flexibilit\u00e4t f\u00fcr unterschiedliche Aufgaben. Das robuste 2,6 mm dicke Scharnier sorgt f\u00fcr Stabilit\u00e4t und Zuverl\u00e4ssigkeit bei der Benutzung. Mit dem verstellbaren Griff kann die L\u00e4nge der Leiter angepasst werden, so dass sie vielseitig f\u00fcr verschiedene Projekte einsetzbar ist. Dank eines praktischen Verriegelungsmechanismus mit Schiebegitter lassen sich die Stufen der Leiter zur Aufbewahrung leicht zusammenklappen. Mit einer maximalen Tragf\u00e4higkeit von 150 kg ist die Leiter f\u00fcr verschiedene Benutzer und Aufgaben geeignet. Durch das geringe Gewicht und die Tragbarkeit l\u00e4sst sich die Leiter \u00fcberall hin mitnehmen und verstauen, sogar im Kofferraum eines Autos. Die Herzberg HG-5260 ist sowohl f\u00fcr den Innen- als auch f\u00fcr den Au\u00dfenbereich geeignet, f\u00fcr verschiedene Arbeitsumgebungen.<\/span><\/p>\n<p><span style=\"font-size: 14px;\">Entscheiden Sie sich f\u00fcr die Herzberg HG-5260: Aluminium-Teleskopleiter mit rutschfesten F\u00fc\u00dfen und bew\u00e4ltigen Sie m\u00fchelos die anspruchsvollsten und schwer zug\u00e4nglichen Aufgaben, um wertvolle Zeit und Geld zu sparen. Ihre hochwertige Konstruktion garantiert Langlebigkeit, w\u00e4hrend ihre benutzerfreundlichen Eigenschaften sie zur idealen Leiter f\u00fcr alle Ihre Projekte machen, ob im Haus oder im Garten. Verlassen Sie sich auf die Vielseitigkeit und Leistung dieser zuverl\u00e4ssigen Teleskopleiter, um Ihre Aufgaben sicherer und effizienter zu gestalten.<\/span><\/p>\n<p>&nbsp;<\/p>\n<p>&nbsp;<\/p>\n<p><strong><span style=\"font-size: 14px;\">Merkmale:<\/span><\/strong><\/p>\n<ul>\n<li><span style=\"font-size: 14px;\"><strong>Schwere Aluminiumkonstruktion: <\/strong>Die Herzberg HG-5260 Teleskopleiter ist aus hochwertigem, eloxiertem Aluminium gefertigt, das eine lange Lebensdauer garantiert. Die robuste Konstruktion h\u00e4lt einer starken Beanspruchung stand und bietet zuverl\u00e4ssige Unterst\u00fctzung bei verschiedenen Aufgaben.<\/span><\/li>\n<li><span style=\"font-size: 14px;\"><strong>H\u00f6he und Winkel einstellbar: <\/strong>Diese Teleskopleiter verf\u00fcgt \u00fcber einen verstellbaren Griff, mit dem Sie die L\u00e4nge anpassen k\u00f6nnen, was eine gro\u00dfe Vielseitigkeit f\u00fcr verschiedene Projekte bietet. Die Leiter kann auch in verschiedenen Winkeln positioniert werden, was Flexibilit\u00e4t f\u00fcr verschiedene Arbeitsumgebungen bietet.<\/span><\/li>\n<li><span style=\"font-size: 14px;\"><strong>Rutschfester Fu\u00df: <\/strong>Sicherheit hat oberste Priorit\u00e4t, und die HG-5260 ist mit rutschfesten F\u00fc\u00dfen ausgestattet, um die Stabilit\u00e4t zu verbessern und Unf\u00e4lle w\u00e4hrend der Benutzung zu vermeiden. Sie k\u00f6nnen beruhigt arbeiten, denn Sie wissen, dass die Leiter eine sichere und stabile Oberfl\u00e4che bietet.<\/span><\/li>\n<li><span style=\"font-size: 14px;\"><strong>Kompakt und tragbar: <\/strong>Das faltbare Design und die leichte Konstruktion machen die Leiter sehr tragbar und einfach zu transportieren. Sie l\u00e4sst sich auf eine Breite von 46,5 cm zusammenklappen, sodass sie auch in kleinen R\u00e4umen oder sogar im Kofferraum Ihres Autos leicht verstaut werden kann.<\/span><\/li>\n<li><span style=\"font-size: 14px;\"><strong>F\u00fcr den Innen- und Au\u00dfenbereich geeignet: <\/strong>Ob Sie hohe Regale in Innenr\u00e4umen erreichen oder im Freien arbeiten m\u00fcssen, die Herzberg Teleskopleiter ist daf\u00fcr bestens geeignet. Ihr vielseitiges Design ist f\u00fcr verschiedene Arbeitsumgebungen und Aufgaben geeignet.<\/span><\/li>\n<li><span style=\"font-size: 14px;\"><strong>Maximale Tragf\u00e4higkeit: <\/strong>Mit einer maximalen Tragf\u00e4higkeit von 150 kg kann diese Leiter schwere Lasten tragen und ist somit f\u00fcr verschiedene Benutzer und Aufgaben geeignet.<\/span><\/li>\n<li><span style=\"font-size: 14px;\"><strong>Einfach zu verwenden und zu lagern:<\/strong> Dank des Schiebegitter-Verriegelungsmechanismus der Leiter lassen sich die Stufen m\u00fchelos zusammenklappen und schnell und einfach verstauen. Die Leiter wird mit Montagewerkzeug und einer einfachen Anleitung f\u00fcr die einfache Montage geliefert.<\/span><\/li>\n<li><span style=\"font-size: 14px;\"><strong>Vielseitig und multifunktional: <\/strong>Der HG-5260 kann f\u00fcr eine Vielzahl von Anwendungen eingesetzt werden, von Heimwerkerprojekten bis hin zu professionellen Bauarbeiten. Seine Positionierung in verschiedenen Winkeln und seine verstellbare H\u00f6he machen ihn zu einem unverzichtbaren Werkzeug f\u00fcr eine Vielzahl von Arbeiten.<\/span><\/li>\n<li><span style=\"font-size: 14px;\"><strong>Sichere und robuste Konstruktion:<\/strong> Das robuste 2,6 mm dicke Scharnier und die Elastomeraufh\u00e4ngung der Leiter sorgen f\u00fcr zus\u00e4tzliche Stabilit\u00e4t und Halt, so dass Sie w\u00e4hrend der Benutzung keine Hilfe von au\u00dfen ben\u00f6tigen.<\/span><\/li>\n<li><span style=\"font-size: 14px;\"><strong>Gutes Preis-Leistungs-Verh\u00e4ltnis: <\/strong>Die Herzberg HG-5260 bietet ein unschlagbares Preis-Leistungs-Verh\u00e4ltnis durch die Kombination von Qualit\u00e4t, Leistung und Erschwinglichkeit. Sie ist eine sinnvolle Investition f\u00fcr alle, die eine zuverl\u00e4ssige und langlebige Teleskopleiter ben\u00f6tigen.<\/span><\/li>\n<\/ul>\n<p>&nbsp;<\/p>\n<p>&nbsp;<\/p>\n<p><strong><span style=\"font-size: 14px;\">Spezifikationen:<\/span><\/strong><\/p>\n<ul>\n<li><span style=\"font-size: 14px;\">Marke: Herzberg<\/span><\/li>\n<li><span style=\"font-size: 14px;\">Farbe: Chrom<\/span><\/li>\n<li><span style=\"font-size: 14px;\">Material: hochwertiges eloxiertes Aluminium<\/span><\/li>\n<li><span style=\"font-size: 14px;\">H\u00f6he: Verstellbar von 80cm (2.60ft) bis 260cm (8.53ft)<\/span><\/li>\n<li><span style=\"font-size: 14px;\">Breite (zusammengeklappt): 46,5cm (1.52ft)<\/span><\/li>\n<li><span style=\"font-size: 14px;\">Gewicht: 7 kg (15.43 lbs)<\/span><\/li>\n<li><span style=\"font-size: 14px;\">Tragf\u00e4higkeit: Maximal 150kg (330.69 lbs)<\/span><\/li>\n<li><span style=\"font-size: 14px;\">Schrittweite: 300 mm (11,81 Zoll)<\/span><\/li>\n<li><span style=\"font-size: 14px;\">Stufendicke: 1,3 mm (0,051 Zoll)<\/span><\/li>\n<li><span style=\"font-size: 14px;\">Scharnierst\u00e4rke: 2,6 mm (0,102 Zoll)<\/span><\/li>\n<li><span style=\"font-size: 14px;\">Eckpositionen: Mehrere Eckpositionen f\u00fcr Vielseitigkeit<\/span><\/li>\n<li><span style=\"font-size: 14px;\">F\u00fc\u00dfe: Rutschfeste F\u00fc\u00dfe f\u00fcr mehr Stabilit\u00e4t und Sicherheit<\/span><\/li>\n<li><span style=\"font-size: 14px;\">Tragbarkeit: Passt problemlos in den Kofferraum und l\u00e4sst sich leicht transportieren<\/span><\/li>\n<li><span style=\"font-size: 14px;\">Anwendung: F\u00fcr den Innen- und Au\u00dfenbereich geeignet<\/span><\/li>\n<li><span style=\"font-size: 14px;\">Verwendung: Ideal f\u00fcr Heimwerkerprojekte, professionelle Bauarbeiten und mehr<\/span><\/li>\n<li><span style=\"font-size: 14px;\">Montage: Wird mit Montagewerkzeug und einfachen Anweisungen f\u00fcr eine einfache Montage geliefert<\/span><\/li>\n<li><span style=\"font-size: 14px;\">Design: Robuste und sichere Konstruktion mit Elastomeraufh\u00e4ngung f\u00fcr zus\u00e4tzliche Stabilit\u00e4t<\/span><\/li>\n<li><span style=\"font-size: 14px;\">Vielseitigkeit: geeignet f\u00fcr verschiedene Aufgaben und Arbeitsumgebungen<\/span><\/li>\n<li><span style=\"font-size: 14px;\">Kompakte Aufbewahrung: Zusammenklappbares Design f\u00fcr platzsparende Aufbewahrung<\/span><\/li>\n<li><span style=\"font-size: 14px;\">Bequemlichkeit: Leicht und tragbar f\u00fcr einfachen Gebrauch und Transport<\/span><\/li>\n<li><span style=\"font-size: 14px;\">Zertifizierungen: Erf\u00fcllt die EN131-Normen f\u00fcr Sicherheit und Leistung<\/span><\/li>\n<\/ul>","protected":false},"excerpt":{"rendered":"<p>Herzberg HG-5260: Aluminium telescopische ladder met antislip voet &#8211; 2.6M &nbsp; Maak kennis met de Herzberg HG-5260: Aluminium Telescopische Ladder<\/p>","protected":false},"featured_media":517305,"comment_status":"closed","ping_status":"closed","template":"","meta":{"_seopress_robots_primary_cat":"none","_seopress_titles_title":"","_seopress_titles_desc":"","_seopress_robots_index":""},"product_brand":[],"product_cat":[1019],"product_tag":[],"class_list":{"0":"post-517304","1":"product","2":"type-product","3":"status-publish","4":"has-post-thumbnail","6":"product_cat-ladders","8":"first","9":"instock","10":"taxable","11":"shipping-taxable","12":"purchasable","13":"product-type-simple"},"_links":{"self":[{"href":"https:\/\/ledshoponline.be\/de\/wp-json\/wp\/v2\/product\/517304","targetHints":{"allow":["GET"]}}],"collection":[{"href":"https:\/\/ledshoponline.be\/de\/wp-json\/wp\/v2\/product"}],"about":[{"href":"https:\/\/ledshoponline.be\/de\/wp-json\/wp\/v2\/types\/product"}],"replies":[{"embeddable":true,"href":"https:\/\/ledshoponline.be\/de\/wp-json\/wp\/v2\/comments?post=517304"}],"version-history":[{"count":1,"href":"https:\/\/ledshoponline.be\/de\/wp-json\/wp\/v2\/product\/517304\/revisions"}],"predecessor-version":[{"id":636356,"href":"https:\/\/ledshoponline.be\/de\/wp-json\/wp\/v2\/product\/517304\/revisions\/636356"}],"wp:featuredmedia":[{"embeddable":true,"href":"https:\/\/ledshoponline.be\/de\/wp-json\/wp\/v2\/media\/517305"}],"wp:attachment":[{"href":"https:\/\/ledshoponline.be\/de\/wp-json\/wp\/v2\/media?parent=517304"}],"wp:term":[{"taxonomy":"product_brand","embeddable":true,"href":"https:\/\/ledshoponline.be\/de\/wp-json\/wp\/v2\/product_brand?post=517304"},{"taxonomy":"product_cat","embeddable":true,"href":"https:\/\/ledshoponline.be\/de\/wp-json\/wp\/v2\/product_cat?post=517304"},{"taxonomy":"product_tag","embeddable":true,"href":"https:\/\/ledshoponline.be\/de\/wp-json\/wp\/v2\/product_tag?post=517304"}],"curies":[{"name":"wp","href":"https:\/\/api.w.org\/{rel}","templated":true}]}}