{"id":517290,"date":"2024-01-30T11:27:00","date_gmt":"2024-01-30T11:27:00","guid":{"rendered":"https:\/\/hlncaxea.a2hosted.com\/?post_type=product&#038;p=517290"},"modified":"2026-01-30T23:27:45","modified_gmt":"2026-01-30T23:27:45","slug":"verzinktes-lagerregal","status":"publish","type":"product","link":"https:\/\/ledshoponline.be\/de\/shop\/producten\/gereedschap\/opbergrekken\/gegalvaniseerd-opslagrek\/","title":{"rendered":"Verzinkte Lagerregale"},"content":{"rendered":"<h2 class=\"wp-block-heading\">Langlebiges und platzsparendes Lagerregal<\/h2>\n\n\n\n<p>Optimieren Sie Ihren Speicherplatz mit dem <strong>Verzinkte Lagerregale<\/strong>Dieses Regal wurde speziell f\u00fcr den langfristigen Einsatz und schwere Lasten entwickelt. Dank seiner Konstruktion aus verzinktem Stahl ist dieses Regal rost- und verschlei\u00dffest und eignet sich somit perfekt f\u00fcr Garagen, Werkst\u00e4tten oder auch f\u00fcr den Hausgebrauch. Mit einer hohen Tragf\u00e4higkeit pro Regalboden k\u00f6nnen Sie problemlos Werkzeuge, Ger\u00e4te oder Haushaltsgegenst\u00e4nde in einem stilvollen, industriellen Design aufbewahren.<\/p>\n\n\n\n<h2 class=\"wp-block-heading\">Einfache Montage f\u00fcr den sofortigen Einsatz<\/h2>\n\n\n\n<p>Keine komplizierte Montage mehr! Dieses Regal hat ein praktisches schraubenloses Design, so dass Sie es schnell und einfach aufstellen k\u00f6nnen. Die verstellbaren Einlegeb\u00f6den bieten Flexibilit\u00e4t und erm\u00f6glichen es Ihnen, die Anordnung an Ihre spezifischen Bed\u00fcrfnisse anzupassen. Ob Sie eine kompakte L\u00f6sung oder eine ger\u00e4umige Einrichtung ben\u00f6tigen, dieses Regal passt sich m\u00fchelos an.<\/p>\n\n\n\n<h2 class=\"wp-block-heading\">Vielseitiges Design f\u00fcr jeden Raum<\/h2>\n\n\n\n<p>Optimieren Sie Ihren Speicherplatz mit dem <strong>Verzinkte Lagerregale<\/strong>Dieses Regal wurde speziell f\u00fcr den langfristigen Einsatz und schwere Lasten entwickelt. Dank seiner Konstruktion aus verzinktem Stahl ist dieses Regal rost- und verschlei\u00dffest und eignet sich somit perfekt f\u00fcr Garagen, Werkst\u00e4tten oder auch f\u00fcr den Hausgebrauch. Mit einer hohen Tragf\u00e4higkeit pro Regalboden k\u00f6nnen Sie problemlos Werkzeuge, Ger\u00e4te oder Haushaltsgegenst\u00e4nde in einem stilvollen, industriellen Design aufbewahren.<br><\/p>\n\n\n<p><strong>Merkmale:<\/strong><\/p>\n<ul>\n<li>Vollst\u00e4ndig verzinkte Stahlkonstruktion<\/li>\n<li>Langlebige Schwerlastregale<\/li>\n<li>Hochwertige Pressholzplatten<\/li>\n<li>Schnelle und einfache Montage, keine Schrauben oder Bolzen erforderlich<\/li>\n<li>Das praktische Slip-Connect-System<\/li>\n<li>Schnelle und einfache Montage<\/li>\n<li>Einstellbare Stellf\u00fc\u00dfe<\/li>\n<li>Handlich und vielseitig<\/li>\n<li>Kein Rost und keine korrosiven Materialien<\/li>\n<li>Eine n\u00fctzliche Erg\u00e4nzung f\u00fcr jeden Wohnraum, jede Garage oder jeden Lagerraum<\/li>\n<li>Alles, was Sie brauchen, ist ein Gummihammer.<\/li>\n<li>Hervorragend geeignet f\u00fcr sperrige und schwere Gegenst\u00e4nde<\/li>\n<li>Dieses strapazierf\u00e4hige Regal ist flexibel<\/li>\n<li>Verwenden Sie es als normales Regal oder montieren Sie es in eine praktische Werkbank.<\/li>\n<li>5 extrem verstellbare Einlegeb\u00f6den<\/li>\n<li>Je nach Bedarf k\u00f6nnen f\u00fcnf Regale installiert werden.<\/li>\n<\/ul>\n<p><strong>Spezifikationen:<\/strong><\/p>\n<ul>\n<li>Markenname: Herzberg<\/li>\n<li>Farbe: Braun und Silber<\/li>\n<li>Rahmenmaterial: hochwertiger verzinkter Stahl<\/li>\n<li>Material des Regals: hochwertige Holzpressplatten<\/li>\n<li>Gewicht des Produkts: 13 kg<\/li>\n<li>Produktabmessungen: 180cm x 90cm 40cm<\/li>\n<li>Anzahl der Einlegeb\u00f6den: 5<\/li>\n<li>Einstellbare H\u00f6he: 1,5 Zoll<\/li>\n<li>Gewichtskapazit\u00e4t: 175 kg pro Regal<\/li>\n<li>Gesamtgewichtskapazit\u00e4t: 875 kg<\/li>\n<\/ul>\n<p>\u00a0<\/p>\n<p>\u00a0<\/p>\n<p><span style=\"font-size: 14px;\"><img decoding=\"async\" style=\"font-size: 14px;\" src=\"https:\/\/www.msy.be\/images\/Image\/Image\/HG-8040\/Untitled-2_1.jpg?1556724477648\" alt=\"\" \/><\/span><\/p>\n\n\n<p><\/p>","protected":false},"excerpt":{"rendered":"<p>Duurzaam en Ruimtebesparend Opslagrek Optimaliseer je opslagruimte met het Gegalvaniseerd Opslagrek, speciaal ontworpen voor langdurig gebruik en zware belasting. Dankzij<\/p>","protected":false},"featured_media":517291,"comment_status":"open","ping_status":"closed","template":"","meta":{"_seopress_robots_primary_cat":"","_seopress_titles_title":"","_seopress_titles_desc":"","_seopress_robots_index":""},"product_brand":[],"product_cat":[1017],"product_tag":[],"class_list":{"0":"post-517290","1":"product","2":"type-product","3":"status-publish","4":"has-post-thumbnail","6":"product_cat-opbergrekken","8":"first","9":"instock","10":"sale","11":"taxable","12":"shipping-taxable","13":"purchasable","14":"product-type-simple"},"_links":{"self":[{"href":"https:\/\/ledshoponline.be\/de\/wp-json\/wp\/v2\/product\/517290","targetHints":{"allow":["GET"]}}],"collection":[{"href":"https:\/\/ledshoponline.be\/de\/wp-json\/wp\/v2\/product"}],"about":[{"href":"https:\/\/ledshoponline.be\/de\/wp-json\/wp\/v2\/types\/product"}],"replies":[{"embeddable":true,"href":"https:\/\/ledshoponline.be\/de\/wp-json\/wp\/v2\/comments?post=517290"}],"version-history":[{"count":0,"href":"https:\/\/ledshoponline.be\/de\/wp-json\/wp\/v2\/product\/517290\/revisions"}],"wp:featuredmedia":[{"embeddable":true,"href":"https:\/\/ledshoponline.be\/de\/wp-json\/wp\/v2\/media\/517291"}],"wp:attachment":[{"href":"https:\/\/ledshoponline.be\/de\/wp-json\/wp\/v2\/media?parent=517290"}],"wp:term":[{"taxonomy":"product_brand","embeddable":true,"href":"https:\/\/ledshoponline.be\/de\/wp-json\/wp\/v2\/product_brand?post=517290"},{"taxonomy":"product_cat","embeddable":true,"href":"https:\/\/ledshoponline.be\/de\/wp-json\/wp\/v2\/product_cat?post=517290"},{"taxonomy":"product_tag","embeddable":true,"href":"https:\/\/ledshoponline.be\/de\/wp-json\/wp\/v2\/product_tag?post=517290"}],"curies":[{"name":"wp","href":"https:\/\/api.w.org\/{rel}","templated":true}]}}