{"id":510335,"date":"2024-10-09T10:56:30","date_gmt":"2024-10-09T10:56:30","guid":{"rendered":"https:\/\/hlncaxea.a2hosted.com\/?post_type=product&#038;p=510335"},"modified":"2025-08-24T10:19:36","modified_gmt":"2025-08-24T10:19:36","slug":"calex-gaming-xxl-mauspad-kompatibel-mit-razer-chroma-90x30-cm-ultimative-prazision-und-komfort-2","status":"publish","type":"product","link":"https:\/\/ledshoponline.be\/de\/shop\/huis-keuken\/bureau\/calex-gaming-xxl-muismat-compatibel-met-razer-chroma-90x30-cm-ultieme-precisie-en-comfort\/","title":{"rendered":"Calex Gaming XXL Mauspad - Kompatibel mit Razer Chroma - 90\u00d730 cm | Ultimative Pr\u00e4zision und Komfort"},"content":{"rendered":"<p><strong>Bringen Sie Ihr Spielerlebnis auf die n\u00e4chste Stufe mit dem Calex Gaming XXL Mouse Pad<\/strong><\/p>\r\n\r\n\r\n\r\n<p>Mit dem Calex Gaming XXL Mousepad erweckst du dein Gaming-Setup zum Leben. Dieses Mauspad ist die perfekte Unterlage f\u00fcr jeden Gamer und bietet mit einer beeindruckenden Gr\u00f6\u00dfe von 90 x 30 cm viel Platz f\u00fcr Tastatur und Maus. Dank der Kompatibilit\u00e4t mit Razer Chroma l\u00e4sst sich die Beleuchtung nahtlos mit deinen Lieblingsspielen wie Call of Duty, Fortnite und Apex Legends synchronisieren. Jede Explosion, jeder Schusswechsel und jeder Sieg wird deinen Raum mit intensiven Farben und spektakul\u00e4ren Lichteffekten f\u00fcllen.<\/p>\r\n\r\n\r\n\r\n<p><strong>Erweitern Sie Ihre Einrichtung f\u00fcr maximales Eintauchen<\/strong><\/p>\r\n\r\n\r\n\r\n<p>Schaffen Sie mit diesem Mauspad ein immersives Spielerlebnis, das \u00fcber ein einfaches Mauspad hinausgeht. F\u00fcgen Sie ganz einfach RGB-Monitorstreifen, LED-Streifen und sogar eine RGB-Stehlampe hinzu, die alle mit der Calex-App einfach integriert werden k\u00f6nnen. Bauen Sie Ihr eigenes Spielzimmer und haben Sie die volle Kontrolle \u00fcber die Beleuchtung. Stellen Sie sich ein vollst\u00e4ndig synchronisiertes PC-Setup vor, vom Desktop bis zum Gaming-Zubeh\u00f6r, das nahtlos auf die Action in Ihren Spielen reagiert - so erwecken Sie Ihr Spielerlebnis wirklich zum Leben.<\/p>\r\n\r\n\r\n\r\n<p><strong>Unterhaltung f\u00fcr jede Gelegenheit: perfekt f\u00fcr Musik und Partys<\/strong><\/p>\r\n\r\n\r\n\r\n<p>Dieses Mauspad eignet sich nicht nur zum Spielen, sondern auch f\u00fcr die Unterhaltung! Dank der Sync-Modi k\u00f6nnen Sie die Beleuchtung an Ihre Musik anpassen und die perfekte Atmosph\u00e4re f\u00fcr Partys, Filmabende oder entspannte Sessions schaffen. Dank der intelligenten RGBIC-Technologie bewegen sich die Farben im Takt deiner Lieblingssongs und schaffen so ein einzigartiges Ambiente, das deinen Raum verwandelt.<\/p>\r\n\r\n\r\n\r\n<p><strong>Schnelle und einfache Installation in 3 Schritten<\/strong><\/p>\r\n\r\n\r\n\r\n<p>Installieren Sie die Razer-Software und befolgen Sie diese einfachen Schritte, um Ihr Mauspad einzurichten:<\/p>\r\n\r\n\r\n\r\n<ol class=\"wp-block-list\">\r\n<li>F\u00fcgen Sie das Mauspad zur Calex-App hinzu.<\/li>\r\n\r\n\r\n\r\n<li>Scannen Sie den QR-Code in der App f\u00fcr eine schnelle Einrichtung.<\/li>\r\n\r\n\r\n\r\n<li>Aktivieren Sie die Calex Gaming-Integration bei Razer.<\/li>\r\n<\/ol>\r\n\r\n\r\n\r\n<p>Sie wissen nicht, wie es geht? Sehen Sie sich die Installationsvideos an oder konsultieren Sie die FAQ auf der Calex-Website, um schnelle Hilfe zu erhalten.<\/p>\r\n\r\n\r\n\r\n<p><strong>Razer Chroma-Kompatibilit\u00e4t f\u00fcr ultimative Synchronisation<\/strong><\/p>\r\n\r\n\r\n\r\n<p>Das XXL-Mousepad ist vollst\u00e4ndig kompatibel mit Razer Chroma, der f\u00fchrenden Beleuchtungssoftware, die eine Spielbeleuchtung in Echtzeit erm\u00f6glicht. Synchronisiere deine Beleuchtung mit deinem Spiel f\u00fcr das ultimative immersive Spielerlebnis.<\/p>","protected":false},"excerpt":{"rendered":"<p>\u2705 H\u00f6chste Pr\u00e4zision<br \/>\u2705 Kompatibel mit Razer Chroma<br \/>\u2705 Gro\u00dfformat (90\u00d730 cm)<\/p>","protected":false},"featured_media":510336,"comment_status":"closed","ping_status":"closed","template":"","meta":{"_seopress_robots_primary_cat":"none","_seopress_titles_title":"","_seopress_titles_desc":"","_seopress_robots_index":""},"product_brand":[],"product_cat":[1016,1015,40,19,514,42],"product_tag":[],"class_list":{"0":"post-510335","1":"product","2":"type-product","3":"status-publish","4":"has-post-thumbnail","6":"product_cat-bureau","7":"product_cat-huis-keuken","8":"product_cat-led-strips","9":"product_cat-producten","10":"product_cat-smart-home","11":"product_cat-toebehoren","13":"first","14":"instock","15":"sale","16":"taxable","17":"shipping-taxable","18":"purchasable","19":"product-type-simple"},"_links":{"self":[{"href":"https:\/\/ledshoponline.be\/de\/wp-json\/wp\/v2\/product\/510335","targetHints":{"allow":["GET"]}}],"collection":[{"href":"https:\/\/ledshoponline.be\/de\/wp-json\/wp\/v2\/product"}],"about":[{"href":"https:\/\/ledshoponline.be\/de\/wp-json\/wp\/v2\/types\/product"}],"replies":[{"embeddable":true,"href":"https:\/\/ledshoponline.be\/de\/wp-json\/wp\/v2\/comments?post=510335"}],"version-history":[{"count":1,"href":"https:\/\/ledshoponline.be\/de\/wp-json\/wp\/v2\/product\/510335\/revisions"}],"predecessor-version":[{"id":552798,"href":"https:\/\/ledshoponline.be\/de\/wp-json\/wp\/v2\/product\/510335\/revisions\/552798"}],"wp:featuredmedia":[{"embeddable":true,"href":"https:\/\/ledshoponline.be\/de\/wp-json\/wp\/v2\/media\/510336"}],"wp:attachment":[{"href":"https:\/\/ledshoponline.be\/de\/wp-json\/wp\/v2\/media?parent=510335"}],"wp:term":[{"taxonomy":"product_brand","embeddable":true,"href":"https:\/\/ledshoponline.be\/de\/wp-json\/wp\/v2\/product_brand?post=510335"},{"taxonomy":"product_cat","embeddable":true,"href":"https:\/\/ledshoponline.be\/de\/wp-json\/wp\/v2\/product_cat?post=510335"},{"taxonomy":"product_tag","embeddable":true,"href":"https:\/\/ledshoponline.be\/de\/wp-json\/wp\/v2\/product_tag?post=510335"}],"curies":[{"name":"wp","href":"https:\/\/api.w.org\/{rel}","templated":true}]}}