{"id":506351,"date":"2024-08-01T19:30:08","date_gmt":"2024-08-01T19:30:08","guid":{"rendered":"https:\/\/hlncaxea.a2hosted.com\/?post_type=product&#038;p=506351"},"modified":"2025-06-14T11:18:34","modified_gmt":"2025-06-14T11:18:34","slug":"herzberg-hg-8049ea-erdbohrer-2","status":"publish","type":"product","link":"https:\/\/ledshoponline.be\/de\/shop\/tuin\/herzberg-hg-8049ea-earth-auger\/","title":{"rendered":"Herzberg HG-8049EA: Erdbohrer"},"content":{"rendered":"<p><span style=\"font-size: 14px;\">Der ultimative Bohr- und Erdbohrer mit erstaunlichen Innovationen bei Elektrowerkzeugen f\u00fcr den Au\u00dfenbereich ist jetzt da! Wir pr\u00e4sentieren den Herzberg HG8094, einen benzinbetriebenen Hochleistungs-Bohrer. Dieser Erdbohrer hat eine Leistung von 51,7ccm 1,46kW mit einem luftgek\u00fchlten Zweitakt-Einzylinder-Benzinmotor, der das schnelle Bohren mehrerer L\u00f6cher erm\u00f6glicht. Mit diesem fortschrittlichen Ger\u00e4t wird das Graben von Zaunpf\u00e4hlen, Terrassendielen, Beetpflanzen, Blumenzwiebeln, Setzlingen, das D\u00fcngen von Str\u00e4uchern, das Bel\u00fcften von Wasser, das Entfernen von Wurzeln und sogar das Pflanzen von B\u00e4umen zum Kinderspiel. Die \u00fcberragende Leistung der ergonomischen Motorgriffe und des fortschrittlichen Vertikalgetriebes verbessern die Effizienz und Zuverl\u00e4ssigkeit. Im Lieferumfang enthalten ist ein Schneckenbohrer mit 3 Zinken aus Stahl, der Vielseitigkeit und Optionen zum Aufbrechen des Bodens mit minimalem Aufwand und Pr\u00e4zision bietet.<\/span><\/p>\n<p>&nbsp;<\/p>\n<p>&nbsp;<\/p>\n<p>&nbsp;<\/p>\n<p><span style=\"font-size: 14px;\"><strong>Merkmale:<\/strong><\/span><\/p>\n<ul>\n<li><span style=\"font-size: 14px;\">Leistungsstarker 63cc-Zweitakt-Benzinmotor<\/span><\/li>\n<li><span style=\"font-size: 14px;\">Mehrere L\u00f6cher in schneller Folge bohren<\/span><\/li>\n<li><span style=\"font-size: 14px;\">Maximale Grableistung und Vielseitigkeit<\/span><\/li>\n<li><span style=\"font-size: 14px;\">Konstruiert mit einem manuellen R\u00fccksto\u00dfstart, einfaches Kraftstoffzufuhrsystem, das einen schnellen Start erm\u00f6glicht<\/span><\/li>\n<li><span style=\"font-size: 14px;\">Hochbelastbare Konstruktion aus massivem Stahl<\/span><\/li>\n<li><span style=\"font-size: 14px;\">Einfache Inbetriebnahme und reaktionsschneller Motor<\/span><\/li>\n<li><span style=\"font-size: 14px;\">Fortschrittliche vertikale Getriebekonstruktion<\/span><\/li>\n<li><span style=\"font-size: 14px;\">Leicht zu bedienender Fingergashebel und am Lenker montierte Schalter<\/span><\/li>\n<li><span style=\"font-size: 14px;\">Eingebauter transparenter Kraftstofftank zur \u00dcberwachung des korrekten Kraftstoffstandes<\/span><\/li>\n<li><span style=\"font-size: 14px;\">Weicher Griff f\u00fcr mehr Komfort<\/span><\/li>\n<li><span style=\"font-size: 14px;\">Einfaches Anbringen und Entfernen von Messern<\/span><\/li>\n<li><span style=\"font-size: 14px;\">Kann leicht von einer oder zwei Personen durchgef\u00fchrt werden<\/span><\/li>\n<li><span style=\"font-size: 14px;\">Wird mit einem Montagesatz und einem Sicherheitskit geliefert<\/span><\/li>\n<\/ul>\n<p>&nbsp;<\/p>\n<p>&nbsp;<\/p>\n<p>&nbsp;<\/p>\n<p><span style=\"font-size: 14px;\"><strong>Spezifikationen:<\/strong><\/span><\/p>\n<ul>\n<li><span style=\"font-size: 14px;\">Bandname: n Herzberg<\/span><\/li>\n<li><span style=\"font-size: 14px;\">Farbe: orange, silber<\/span><\/li>\n<li><span style=\"font-size: 14px;\">Material der Motoreinheit: hochwertiger Stahl<\/span><\/li>\n<li><span style=\"font-size: 14px;\">Klingenmaterial: Hochwertige Stahllegierung<\/span><\/li>\n<li><span style=\"font-size: 14px;\">Motormodell: IE44F-5<\/span><\/li>\n<li><span style=\"font-size: 14px;\">Motortyp: Einzylinder, luftgek\u00fchlt, 2-Takt<\/span><\/li>\n<li><span style=\"font-size: 14px;\">Verdr\u00e4ngung: 52cc<\/span><\/li>\n<li><span style=\"font-size: 14px;\">Arbeitsgeschwindigkeit: 170-200rpm<\/span><\/li>\n<li><span style=\"font-size: 14px;\">Benzin, Zweirad-\u00d6lgemisch Menge: 25: 1<\/span><\/li>\n<li><span style=\"font-size: 14px;\">Z\u00fcndanlage: C.D.I.<\/span><\/li>\n<li><span style=\"font-size: 14px;\">Leistung: 1,46kw<\/span><\/li>\n<li><span style=\"font-size: 14px;\">Fassungsverm\u00f6gen des Kraftstofftanks: 1,2 Liter<\/span><\/li>\n<li><span style=\"font-size: 14px;\">Schneckengr\u00f6\u00dfe (max.): 300 mm<\/span><\/li>\n<li><span style=\"font-size: 14px;\">Gewicht pro Einheit: 10,8 kg<\/span><\/li>\n<li><span style=\"font-size: 14px;\">K\u00fchlsystem: Luftk\u00fchlung<\/span><\/li>\n<li><span style=\"font-size: 14px;\">Schraubengr\u00f6\u00dfen: 100 mm, 150 mm und 200 mm<\/span><\/li>\n<\/ul>","protected":false},"excerpt":{"rendered":"<p>Der ultimative Bohrer und Bagger mit erstaunlichen Innovationen im Bereich der Elektrowerkzeuge f\u00fcr den Au\u00dfenbereich ist jetzt da! Wir stellen vor: der Herzberg<\/p>","protected":false},"featured_media":506352,"comment_status":"closed","ping_status":"closed","template":"","meta":{"_seopress_robots_primary_cat":"none","_seopress_titles_title":"","_seopress_titles_desc":"","_seopress_robots_index":""},"product_brand":[],"product_cat":[998],"product_tag":[],"class_list":{"0":"post-506351","1":"product","2":"type-product","3":"status-publish","4":"has-post-thumbnail","6":"product_cat-tuin","8":"first","9":"instock","10":"sale","11":"taxable","12":"shipping-taxable","13":"purchasable","14":"product-type-simple"},"_links":{"self":[{"href":"https:\/\/ledshoponline.be\/de\/wp-json\/wp\/v2\/product\/506351","targetHints":{"allow":["GET"]}}],"collection":[{"href":"https:\/\/ledshoponline.be\/de\/wp-json\/wp\/v2\/product"}],"about":[{"href":"https:\/\/ledshoponline.be\/de\/wp-json\/wp\/v2\/types\/product"}],"replies":[{"embeddable":true,"href":"https:\/\/ledshoponline.be\/de\/wp-json\/wp\/v2\/comments?post=506351"}],"version-history":[{"count":1,"href":"https:\/\/ledshoponline.be\/de\/wp-json\/wp\/v2\/product\/506351\/revisions"}],"predecessor-version":[{"id":584691,"href":"https:\/\/ledshoponline.be\/de\/wp-json\/wp\/v2\/product\/506351\/revisions\/584691"}],"wp:featuredmedia":[{"embeddable":true,"href":"https:\/\/ledshoponline.be\/de\/wp-json\/wp\/v2\/media\/506352"}],"wp:attachment":[{"href":"https:\/\/ledshoponline.be\/de\/wp-json\/wp\/v2\/media?parent=506351"}],"wp:term":[{"taxonomy":"product_brand","embeddable":true,"href":"https:\/\/ledshoponline.be\/de\/wp-json\/wp\/v2\/product_brand?post=506351"},{"taxonomy":"product_cat","embeddable":true,"href":"https:\/\/ledshoponline.be\/de\/wp-json\/wp\/v2\/product_cat?post=506351"},{"taxonomy":"product_tag","embeddable":true,"href":"https:\/\/ledshoponline.be\/de\/wp-json\/wp\/v2\/product_tag?post=506351"}],"curies":[{"name":"wp","href":"https:\/\/api.w.org\/{rel}","templated":true}]}}