{"id":490146,"date":"2024-07-25T11:46:56","date_gmt":"2024-07-25T11:46:56","guid":{"rendered":"https:\/\/hlncaxea.a2hosted.com\/?post_type=product&#038;p=490146"},"modified":"2025-08-25T19:36:57","modified_gmt":"2025-08-25T19:36:57","slug":"e27-rgbw-intelligente-led-gluhbirne-4-9w-faden-dimmbar-g125-bluetooth-mesh-2","status":"publish","type":"product","link":"https:\/\/ledshoponline.be\/de\/shop\/producten\/led-lampen\/led-filament-lampen\/e27-rgbw-smart-led-bol-4-9w-filament-dimbaar-g125-bluetooth-mesh\/","title":{"rendered":"E27 RGBW Smart LED Gl\u00fchbirne 4.9W Gl\u00fchfaden dimmbar G125 | Bluetooth Mesh"},"content":{"rendered":"<p>Diese Bluetooth Mesh Smart Filament Lamp G125 kombiniert Energieeffizienz mit intelligenter Technologie. Mit einer Leistung von nur 4,9 W bietet diese Lampe eine breite Palette von Farben, einschlie\u00dflich Rot, Gr\u00fcn, Blau und Wei\u00df (RGBW). Dank der Bluetooth Mesh-Konnektivit\u00e4t l\u00e4sst sich die Lampe einfach steuern und in ein intelligentes Beleuchtungssystem integrieren. Die intelligenten Funktionen erm\u00f6glichen es Ihnen, die Lampe \u00fcber ein Smartphone oder ein anderes kompatibles Ger\u00e4t an verschiedene Stimmungen und Einstellungen anzupassen. Das Gl\u00fchfadendesign bietet einen klassischen Look in Kombination mit moderner Technologie.<\/p>","protected":false},"excerpt":{"rendered":"<p>\u2705 <strong>Lichtstrom:<\/strong>470 lm<br \/>\u2705 <strong>Farbtemperatur:<\/strong> 2700K - RGBW<br \/>\u2705 <strong>Gr\u00f6\u00dfe:<\/strong> T125*H168 mm<br \/>\u2705 <strong>Betrieb:<\/strong> Funktioniert mit Bluetooth Mesh &amp; Wifi<\/p>\n<p><strong>Produktdatenblatt<\/strong> <strong><a href=\"https:\/\/eprel.ec.europa.eu\/fiches\/lightsources\/Fiche_1876079_NL.pdf\">DE<\/a>\u00a0|\u00a0<a href=\"https:\/\/eprel.ec.europa.eu\/fiches\/lightsources\/Fiche_1660710_FR.pdf\">FR\u00a0<\/a>|\u00a0<a href=\"https:\/\/eprel.ec.europa.eu\/fiches\/lightsources\/Fiche_1660710_EN.pdf\">UND\u00a0<\/a>|\u00a0<a href=\"https:\/\/eprel.ec.europa.eu\/fiches\/lightsources\/Fiche_1660710_DE.pdf\">DIE<\/a><\/strong> \u00a0<\/p>","protected":false},"featured_media":490147,"comment_status":"closed","ping_status":"closed","template":"","meta":{"_seopress_robots_primary_cat":"none","_seopress_titles_title":"","_seopress_titles_desc":"","_seopress_robots_index":""},"product_brand":[],"product_cat":[268,111,20,19],"product_tag":[719],"class_list":{"0":"post-490146","1":"product","2":"type-product","3":"status-publish","4":"has-post-thumbnail","6":"product_cat-led-filament-lampen","7":"product_cat-led-lamp-e27","8":"product_cat-led-lampen","9":"product_cat-producten","10":"product_tag-g125-led","12":"first","13":"outofstock","14":"sale","15":"taxable","16":"shipping-taxable","17":"purchasable","18":"product-type-simple"},"_links":{"self":[{"href":"https:\/\/ledshoponline.be\/de\/wp-json\/wp\/v2\/product\/490146","targetHints":{"allow":["GET"]}}],"collection":[{"href":"https:\/\/ledshoponline.be\/de\/wp-json\/wp\/v2\/product"}],"about":[{"href":"https:\/\/ledshoponline.be\/de\/wp-json\/wp\/v2\/types\/product"}],"replies":[{"embeddable":true,"href":"https:\/\/ledshoponline.be\/de\/wp-json\/wp\/v2\/comments?post=490146"}],"version-history":[{"count":1,"href":"https:\/\/ledshoponline.be\/de\/wp-json\/wp\/v2\/product\/490146\/revisions"}],"predecessor-version":[{"id":615590,"href":"https:\/\/ledshoponline.be\/de\/wp-json\/wp\/v2\/product\/490146\/revisions\/615590"}],"wp:featuredmedia":[{"embeddable":true,"href":"https:\/\/ledshoponline.be\/de\/wp-json\/wp\/v2\/media\/490147"}],"wp:attachment":[{"href":"https:\/\/ledshoponline.be\/de\/wp-json\/wp\/v2\/media?parent=490146"}],"wp:term":[{"taxonomy":"product_brand","embeddable":true,"href":"https:\/\/ledshoponline.be\/de\/wp-json\/wp\/v2\/product_brand?post=490146"},{"taxonomy":"product_cat","embeddable":true,"href":"https:\/\/ledshoponline.be\/de\/wp-json\/wp\/v2\/product_cat?post=490146"},{"taxonomy":"product_tag","embeddable":true,"href":"https:\/\/ledshoponline.be\/de\/wp-json\/wp\/v2\/product_tag?post=490146"}],"curies":[{"name":"wp","href":"https:\/\/api.w.org\/{rel}","templated":true}]}}