{"id":489771,"date":"2024-07-23T19:47:17","date_gmt":"2024-07-23T19:47:17","guid":{"rendered":"https:\/\/hlncaxea.a2hosted.com\/?post_type=product&#038;p=489771"},"modified":"2025-10-06T10:44:30","modified_gmt":"2025-10-06T10:44:30","slug":"led-breitstrahlend-50w-mit-mattem-lampenschirm-6500k-tageslicht-ersetzt-500w-ip65-2","status":"publish","type":"product","link":"https:\/\/ledshoponline.be\/de\/shop\/producten\/armaturen\/buitenverlichting\/led-breedstraler-50w-met-matte-lampenkap-6500k-daglicht-vervangt-500w-ip65\/","title":{"rendered":"LED-Breitstrahl 50W mit mattiertem Lampenschirm - 6500K - Tageslicht - Ersetzt 500W - IP65"},"content":{"rendered":"<p>Dieser LED-Flutlichtstrahler ist dank seiner hohen IP-Schutzart von IP65 ideal f\u00fcr den Au\u00dfenbereich geeignet, d. h. er ist staub- und wasserfest. Mit einer Farbtemperatur von 6500K und einem Lichtstrom von 5500 Lumen bietet er helles Tageslicht, das sich perfekt f\u00fcr die Ausleuchtung gro\u00dfer Fl\u00e4chen eignet. Das mattschwarze Geh\u00e4use und der matte Lampenschirm verleihen der breitstrahlenden Leuchte ein modernes und dezentes Aussehen.<\/p>","protected":false},"excerpt":{"rendered":"<div class=\"item\" data-v-bc0ab15a=\"\"><strong>\u2705 Farbtemperatur:<\/strong><span style=\"font-size: 14px;\">6500K<\/span><\/div>\n<div class=\"item\" data-v-bc0ab15a=\"\"><strong>\u2705 Helle Farbe:<\/strong><span style=\"font-size: 14px;\">Tageslicht<\/span><\/div>\n<div class=\"item\" data-v-bc0ab15a=\"\"><strong>\u2705 Lichtstrom:<\/strong><span style=\"font-size: 14px;\">5500lm<\/span><\/div>\n<div class=\"item\" data-v-bc0ab15a=\"\"><strong>\u2705 IP-Wert:<\/strong><span style=\"font-size: 14px;\">IP65<\/span><\/div>\n<div class=\"item\" data-v-bc0ab15a=\"\"><strong>\u2705 Kabell\u00e4nge<\/strong>: <span style=\"font-size: 14px;\">0.3m<\/span><\/div>\n<div class=\"item\" data-v-bc0ab15a=\"\"><strong>\u2705 Thema:<\/strong><span style=\"font-size: 14px;\">3\u00d71,0mm\u00b2<\/span><\/div>\n<div class=\"item\" data-v-bc0ab15a=\"\"><strong>\u2705 Gr\u00f6\u00dfe:<\/strong><span style=\"font-size: 14px;\">L198xB169xH35 mm<\/span><\/div>\n<div data-v-bc0ab15a=\"\">\u00a0<\/div>\n<div data-v-bc0ab15a=\"\"><strong>Produktdatenblatt<\/strong><br \/><strong><a href=\"https:\/\/eprel.ec.europa.eu\/fiches\/lightsources\/Fiche_1876079_NL.pdf\">DE<\/a>\u00a0|\u00a0<a href=\"https:\/\/eprel.ec.europa.eu\/fiches\/lightsources\/Fiche_1876079_FR.pdf\">FR\u00a0<\/a>|\u00a0<a href=\"https:\/\/eprel.ec.europa.eu\/fiches\/lightsources\/Fiche_1876079_EN.pdf\">UND\u00a0<\/a>|\u00a0<a href=\"https:\/\/eprel.ec.europa.eu\/fiches\/lightsources\/Fiche_1876079_DE.pdf\">DIE<\/a><\/strong><\/div>","protected":false},"featured_media":489772,"comment_status":"closed","ping_status":"closed","template":"","meta":{"_seopress_robots_primary_cat":"none","_seopress_titles_title":"","_seopress_titles_desc":"","_seopress_robots_index":""},"product_brand":[],"product_cat":[87,90,243,242,19],"product_tag":[689,612,613,690,691],"class_list":{"0":"post-489771","1":"product","2":"type-product","3":"status-publish","4":"has-post-thumbnail","6":"product_cat-armaturen","7":"product_cat-buitenverlichting","8":"product_cat-led-schijnwerpers","9":"product_cat-pro-led-verlichting","10":"product_cat-producten","11":"product_tag-50w-led-bouwlamp","12":"product_tag-bouwlamp-led","13":"product_tag-breesstraler","14":"product_tag-led-schijnwerper","15":"product_tag-led-schijnwerper-50w","17":"first","18":"outofstock","19":"taxable","20":"shipping-taxable","21":"purchasable","22":"product-type-simple"},"_links":{"self":[{"href":"https:\/\/ledshoponline.be\/de\/wp-json\/wp\/v2\/product\/489771","targetHints":{"allow":["GET"]}}],"collection":[{"href":"https:\/\/ledshoponline.be\/de\/wp-json\/wp\/v2\/product"}],"about":[{"href":"https:\/\/ledshoponline.be\/de\/wp-json\/wp\/v2\/types\/product"}],"replies":[{"embeddable":true,"href":"https:\/\/ledshoponline.be\/de\/wp-json\/wp\/v2\/comments?post=489771"}],"version-history":[{"count":1,"href":"https:\/\/ledshoponline.be\/de\/wp-json\/wp\/v2\/product\/489771\/revisions"}],"predecessor-version":[{"id":566680,"href":"https:\/\/ledshoponline.be\/de\/wp-json\/wp\/v2\/product\/489771\/revisions\/566680"}],"wp:featuredmedia":[{"embeddable":true,"href":"https:\/\/ledshoponline.be\/de\/wp-json\/wp\/v2\/media\/489772"}],"wp:attachment":[{"href":"https:\/\/ledshoponline.be\/de\/wp-json\/wp\/v2\/media?parent=489771"}],"wp:term":[{"taxonomy":"product_brand","embeddable":true,"href":"https:\/\/ledshoponline.be\/de\/wp-json\/wp\/v2\/product_brand?post=489771"},{"taxonomy":"product_cat","embeddable":true,"href":"https:\/\/ledshoponline.be\/de\/wp-json\/wp\/v2\/product_cat?post=489771"},{"taxonomy":"product_tag","embeddable":true,"href":"https:\/\/ledshoponline.be\/de\/wp-json\/wp\/v2\/product_tag?post=489771"}],"curies":[{"name":"wp","href":"https:\/\/api.w.org\/{rel}","templated":true}]}}