{"id":483675,"date":"2023-06-19T14:18:00","date_gmt":"2023-06-19T14:18:00","guid":{"rendered":"https:\/\/hlncaxea.a2hosted.com\/?post_type=product&#038;p=483675"},"modified":"2025-03-09T19:45:19","modified_gmt":"2025-03-09T19:45:19","slug":"led-streifen-230v-stecker-fur-230v-cob-led-streifen-2","status":"publish","type":"product","link":"https:\/\/ledshoponline.be\/de\/shop\/producten\/led-strips\/led-strips-230v\/led-strip-230v-stekker-voor-230v-cob-led-strip\/","title":{"rendered":"LED-Leiste 230v Stecker f\u00fcr 230v COB-LED-Leiste"},"content":{"rendered":"<p>Led Strip Stecker 230v (EU Stecker) f\u00fcr die 230v Led Strip COB Version<br \/>\n- 1x EU-Stecker + Stift.<br \/>\n- 1x Endkappe.<br \/>\n- 2x Befestigungsschelle.<\/p>\n<p>Dies ist ein Gleichstrom-Wechselstrom-Wandler.<br \/>\n<strong>F\u00fcr einen Anschluss der Schutzart IP65 f\u00fcllen Sie die Endst\u00fccke mit transparentem Silikon.<\/strong><\/p>","protected":false},"excerpt":{"rendered":"<p>Led Strip Stecker 230v (EU Stecker) f\u00fcr die 230v Led Strip COB Version - 1x EU Stecker + Pin.<\/p>","protected":false},"featured_media":483676,"comment_status":"closed","ping_status":"closed","template":"","meta":{"_seopress_robots_primary_cat":"","_seopress_titles_title":"","_seopress_titles_desc":"","_seopress_robots_index":""},"product_brand":[],"product_cat":[40,229,41],"product_tag":[],"class_list":{"0":"post-483675","1":"product","2":"type-product","3":"status-publish","4":"has-post-thumbnail","6":"product_cat-led-strips","7":"product_cat-led-strips-230v","8":"product_cat-led-strips-toebehoren","10":"first","11":"instock","12":"taxable","13":"shipping-taxable","14":"purchasable","15":"product-type-simple"},"_links":{"self":[{"href":"https:\/\/ledshoponline.be\/de\/wp-json\/wp\/v2\/product\/483675","targetHints":{"allow":["GET"]}}],"collection":[{"href":"https:\/\/ledshoponline.be\/de\/wp-json\/wp\/v2\/product"}],"about":[{"href":"https:\/\/ledshoponline.be\/de\/wp-json\/wp\/v2\/types\/product"}],"replies":[{"embeddable":true,"href":"https:\/\/ledshoponline.be\/de\/wp-json\/wp\/v2\/comments?post=483675"}],"version-history":[{"count":0,"href":"https:\/\/ledshoponline.be\/de\/wp-json\/wp\/v2\/product\/483675\/revisions"}],"wp:featuredmedia":[{"embeddable":true,"href":"https:\/\/ledshoponline.be\/de\/wp-json\/wp\/v2\/media\/483676"}],"wp:attachment":[{"href":"https:\/\/ledshoponline.be\/de\/wp-json\/wp\/v2\/media?parent=483675"}],"wp:term":[{"taxonomy":"product_brand","embeddable":true,"href":"https:\/\/ledshoponline.be\/de\/wp-json\/wp\/v2\/product_brand?post=483675"},{"taxonomy":"product_cat","embeddable":true,"href":"https:\/\/ledshoponline.be\/de\/wp-json\/wp\/v2\/product_cat?post=483675"},{"taxonomy":"product_tag","embeddable":true,"href":"https:\/\/ledshoponline.be\/de\/wp-json\/wp\/v2\/product_tag?post=483675"}],"curies":[{"name":"wp","href":"https:\/\/api.w.org\/{rel}","templated":true}]}}