{"id":483590,"date":"2024-06-19T13:22:25","date_gmt":"2024-06-19T13:22:25","guid":{"rendered":"https:\/\/hlncaxea.a2hosted.com\/?post_type=product&#038;p=483590"},"modified":"2026-04-04T14:05:00","modified_gmt":"2026-04-04T14:05:00","slug":"cob-led-streifen-230v-50m-tageslicht-2","status":"publish","type":"product","link":"https:\/\/ledshoponline.be\/de\/shop\/producten\/led-strips\/led-strips-230v\/cob-led-strip-230v-50m-daglicht\/","title":{"rendered":"COB LED Streifen 230V 50m Tageslicht"},"content":{"rendered":"<p>Neue leistungsstarke COB led strip auf 230v auf 1 St\u00fcck 50m und arbeitet direkt auf 230v ohne Transformator. Kann alle 50cm verk\u00fcrzt werden.<br \/>Bis zu 800lm\/m.<br \/>Inklusive 230-V-Stecker DC zu AC. Plug and Play ohne L\u00f6ten. Perfekt f\u00fcr den Au\u00dfenbereich geeignet. Ist auch dimmbar mit einem<span style=\"font-family: var(--global-body-font-family);\">n <\/span><a style=\"font-family: var(--global-body-font-family);\" href=\"https:\/\/ledshoponline.be\/de\/led-streifen-2\/dimmer-fur-einfarbige-230v-led-streifen-2\/\">LED-Streifen-Dimmer.<\/a><\/p>\r\n\r\n\r\n\r\n<p><strong>Kann pro 50 cm geschnitten werden.<\/strong><\/p>\r\n\r\n\r\n\r\n\r\n\r\n\r\n\r\n<h3 class=\"wp-block-heading\">Be e<span style=\"font-family: inherit;\">r schnell <\/span><span style=\"font-family: inherit;\">und bestellen!<\/span><\/h3>","protected":false},"excerpt":{"rendered":"<p><strong>Produktdatenblatt<br \/><\/strong><strong><a href=\"https:\/\/eprel.ec.europa.eu\/fiches\/lightsources\/Fiche_1876079_NL.pdf\">DE<\/a>\u00a0|\u00a0<a href=\"https:\/\/eprel.ec.europa.eu\/fiches\/lightsources\/Fiche_1876079_FR.pdf\">FR\u00a0<\/a>|\u00a0<a href=\"https:\/\/eprel.ec.europa.eu\/fiches\/lightsources\/Fiche_1876079_EN.pdf\">UND\u00a0<\/a>|\u00a0<a href=\"https:\/\/eprel.ec.europa.eu\/fiches\/lightsources\/Fiche_1876079_DE.pdf\">DIE<\/a><\/strong><\/p>","protected":false},"featured_media":483591,"comment_status":"closed","ping_status":"closed","template":"","meta":{"_seopress_robots_primary_cat":"none","_seopress_titles_title":"COB LED Strip 230V 50m | Daglicht | Flexibel en Duurzaam","_seopress_titles_desc":"Krijg helder daglicht met de COB LED strip 230V, 50m. Flexibel, duurzaam en eenvoudig te installeren voor elke ruimte. Perfect voor sfeerverlichting!","_seopress_robots_index":""},"product_brand":[],"product_cat":[40,229,19],"product_tag":[230],"class_list":{"0":"post-483590","1":"product","2":"type-product","3":"status-publish","4":"has-post-thumbnail","6":"product_cat-led-strips","7":"product_cat-led-strips-230v","8":"product_cat-producten","9":"product_tag-230v-ledstrip","11":"first","12":"instock","13":"sale","14":"taxable","15":"shipping-taxable","16":"purchasable","17":"product-type-simple"},"_links":{"self":[{"href":"https:\/\/ledshoponline.be\/de\/wp-json\/wp\/v2\/product\/483590","targetHints":{"allow":["GET"]}}],"collection":[{"href":"https:\/\/ledshoponline.be\/de\/wp-json\/wp\/v2\/product"}],"about":[{"href":"https:\/\/ledshoponline.be\/de\/wp-json\/wp\/v2\/types\/product"}],"replies":[{"embeddable":true,"href":"https:\/\/ledshoponline.be\/de\/wp-json\/wp\/v2\/comments?post=483590"}],"version-history":[{"count":1,"href":"https:\/\/ledshoponline.be\/de\/wp-json\/wp\/v2\/product\/483590\/revisions"}],"predecessor-version":[{"id":577727,"href":"https:\/\/ledshoponline.be\/de\/wp-json\/wp\/v2\/product\/483590\/revisions\/577727"}],"wp:featuredmedia":[{"embeddable":true,"href":"https:\/\/ledshoponline.be\/de\/wp-json\/wp\/v2\/media\/483591"}],"wp:attachment":[{"href":"https:\/\/ledshoponline.be\/de\/wp-json\/wp\/v2\/media?parent=483590"}],"wp:term":[{"taxonomy":"product_brand","embeddable":true,"href":"https:\/\/ledshoponline.be\/de\/wp-json\/wp\/v2\/product_brand?post=483590"},{"taxonomy":"product_cat","embeddable":true,"href":"https:\/\/ledshoponline.be\/de\/wp-json\/wp\/v2\/product_cat?post=483590"},{"taxonomy":"product_tag","embeddable":true,"href":"https:\/\/ledshoponline.be\/de\/wp-json\/wp\/v2\/product_tag?post=483590"}],"curies":[{"name":"wp","href":"https:\/\/api.w.org\/{rel}","templated":true}]}}