{"id":459048,"date":"2024-01-05T15:58:43","date_gmt":"2024-01-05T15:58:43","guid":{"rendered":"https:\/\/hlncaxea.a2hosted.com\/?post_type=product&#038;p=459048"},"modified":"2025-03-09T19:45:10","modified_gmt":"2025-03-09T19:45:10","slug":"led-tl-15w-t8-90cm-tageslicht-865-hohe-lumen-2","status":"publish","type":"product","link":"https:\/\/ledshoponline.be\/de\/shop\/producten\/led-tl-buizen\/90cm-led-tl\/led-tl-15w-t8-90cm-daglicht-865-hoge-lumen\/","title":{"rendered":"LED TL 15W T8 90cm Tageslicht | 865 High Lumen"},"content":{"rendered":"<div>\n<div>\n<p>Die 90 cm lange LED TL in ist mit den neuesten 2835 SMD-LEDs ausgestattet. Nach jahrelanger Erfahrung k\u00f6nnen wir best\u00e4tigen, dass diese <strong>LEDs<\/strong>\u00a0haben nicht nur den h\u00f6chsten Wirkungsgrad und die sch\u00f6nste Lichtfarbe, sondern sind auch die zuverl\u00e4ssigsten.<\/p>\n<\/div>\n<p><strong>SMD-LEDs<\/strong>\u00a0werden seit Jahrzehnten z. B. in digitalen Radioweckern mit 24-Stunden-Licht eingesetzt. Sie haben sich in puncto Lebensdauer bereits ausgiebig bew\u00e4hrt. Erst seit ein paar Jahren gibt es diese LEDs auch in normalen Lichtfarben.<\/p>\n<p>A\u00a0<strong>LED-FLUORESZENZ\u00a0<\/strong>sparen Sie \u00fcber 60% an Energie, ohne dass ein merklicher Unterschied in der Lichtleistung entsteht. Ein weiterer Vorteil ist die l\u00e4ngere Lebensdauer.<br \/>\nEine normale\u00a0<strong>Leuchtstoffr\u00f6hre\u00a0<\/strong>halten in der Praxis nur 10.000 Stunden, ein\u00a0<strong>LED-Leuchtstoffr\u00f6hre\u00a0<\/strong>mindestens 50.000 Stunden. Zus\u00e4tzlich zu den betr\u00e4chtlichen Einsparungen auf Ihrer Energierechnung, sparen LED-Leuchtstoffr\u00f6hren daher auch erheblich bei den Ersatzkosten. Daher ist der Ersatz Ihrer herk\u00f6mmlichen Leuchtstoffr\u00f6hren durch\u00a0<strong>LED-Leuchtstoffr\u00f6hren<\/strong>\u00a0eine sehr attraktive Investition, die sich in den meisten F\u00e4llen innerhalb von 2 Jahren amortisiert und dann rund 20 Jahre lang finanzielle Vorteile bringt.<\/p>\n<p><strong>Was unsere LED-Leuchtstofflampen so einzigartig macht:<\/strong><\/p>\n<p>Als Basis dient zum Beispiel ein w\u00e4rmeleitender doppelwandiger Aluminiumrahmen, der die von den LEDs erzeugte W\u00e4rme \u00fcber die R\u00fcckseite der R\u00f6hre ableitet.<\/p>\n<p>Au\u00dferdem ist unser\u00a0<strong>LED-FLUORESZENZ\u00a0<\/strong>eine mattierte Acrylglasabdeckung, die das Licht gut verteilt und verhindert, dass man die LEDs sieht. Diese neue Abdeckung sorgt daf\u00fcr, dass die eingeschaltete LED-Leuchtstoffr\u00f6hre aus der Ferne genau so aussieht wie eine normale\u00a0<strong>LED-FLUORESZENZ<\/strong>. Sie werden den Unterschied nicht bemerken! Die Enden sind aus extra stabilem Kunststoff gefertigt, so dass diese Rohre besonders haltbar sind und bei jeder<br \/>\nTransport nicht besch\u00e4digt werden kann.<\/p>\n<\/div>\n<ul>\n<li>Keine RF-Interferenz - kein Flimmern<\/li>\n<li>Sehr geringer Lumenverlust aufgrund der ovalen Form und der Position der LEDs.<\/li>\n<li>Der Aluminiumsockel sorgt f\u00fcr eine sehr gute K\u00fchlung.<\/li>\n<li>Eingebauter, isolierter und sicherer LED-Treiber.<\/li>\n<li>Bescheinigungen: CE, Rohs<\/li>\n<\/ul>\n<div><\/div>\n<div>\n<p><strong>Wie man es installiert:<\/strong><\/p>\n<ul>\n<li>Haben Sie eine Halterung mit Anlasser?<br \/>\nNehmen Sie den Starter heraus und ersetzen Sie ihn durch den optionalen LED-Starter und die LED-Leuchtstoffr\u00f6hre darin. Bereit (siehe Schema)<\/li>\n<\/ul>\n<ul>\n<li>\n<div><strong>Achtung!<br \/>\nWenn die Leuchtstofflampe ein Hochfrequenz-Vorschaltger\u00e4t verwendet, entfernen Sie es aus dem Stromkreis und schlie\u00dfen Sie es wie in der Abbildung unten dargestellt an einer Seite an.<\/strong><\/div>\n<\/li>\n<\/ul>\n<p>Mit LED-Starter:<\/p>\n<p><img decoding=\"async\" class=\"alignnone wp-image-16763 size-full\" title=\"Mit LED-Starter\" src=\"https:\/\/ledshoponline.be\/wp-content\/uploads\/2010\/12\/one-side-with-LED-starter-Mobile-Met-ledstarter.jpg\" alt=\"Mit LED-Starter\" width=\"480\" height=\"134\" \/><\/p>\n<p><strong>Ohne Anlasser, ein Hochfrequenz-Vorschaltger\u00e4t:<\/strong><\/p>\n<p><img decoding=\"async\" class=\"size-full wp-image-16764\" src=\"https:\/\/ledshoponline.be\/wp-content\/uploads\/2010\/12\/Schema-LED-TL-Hoogfrequent-13-LED-tl-schema.jpg\" alt=\"LED-Leuchtstoffr\u00f6hre\" width=\"387\" height=\"292\" \/><\/p>\n<\/div>","protected":false},"excerpt":{"rendered":"<p>90cm LED TL ist eine professionelle LED TL mit einem interferenzfreien Filter.<br \/>\nEin Leistungsfaktor von 0,95 und die G\u00fctezeichen CE, Rohs, T\u00dcV garantieren beste Qualit\u00e4t.<br \/>\nDas macht sie zu den besten LED-Leuchtstoffr\u00f6hren auf dem Markt.<\/p>","protected":false},"featured_media":16766,"comment_status":"closed","ping_status":"closed","template":"","meta":{"_seopress_robots_primary_cat":"","_seopress_titles_title":"","_seopress_titles_desc":"","_seopress_robots_index":""},"product_brand":[],"product_cat":[65,49,19],"product_tag":[66,67],"class_list":{"0":"post-459048","1":"product","2":"type-product","3":"status-publish","4":"has-post-thumbnail","6":"product_cat-90cm-led-tl","7":"product_cat-led-tl-buizen","8":"product_cat-producten","9":"product_tag-koud-wit","10":"product_tag-led-tl-90cm","12":"first","13":"instock","14":"taxable","15":"shipping-taxable","16":"purchasable","17":"product-type-simple"},"_links":{"self":[{"href":"https:\/\/ledshoponline.be\/de\/wp-json\/wp\/v2\/product\/459048","targetHints":{"allow":["GET"]}}],"collection":[{"href":"https:\/\/ledshoponline.be\/de\/wp-json\/wp\/v2\/product"}],"about":[{"href":"https:\/\/ledshoponline.be\/de\/wp-json\/wp\/v2\/types\/product"}],"replies":[{"embeddable":true,"href":"https:\/\/ledshoponline.be\/de\/wp-json\/wp\/v2\/comments?post=459048"}],"version-history":[{"count":0,"href":"https:\/\/ledshoponline.be\/de\/wp-json\/wp\/v2\/product\/459048\/revisions"}],"wp:featuredmedia":[{"embeddable":true,"href":"https:\/\/ledshoponline.be\/de\/wp-json\/wp\/v2\/media\/16766"}],"wp:attachment":[{"href":"https:\/\/ledshoponline.be\/de\/wp-json\/wp\/v2\/media?parent=459048"}],"wp:term":[{"taxonomy":"product_brand","embeddable":true,"href":"https:\/\/ledshoponline.be\/de\/wp-json\/wp\/v2\/product_brand?post=459048"},{"taxonomy":"product_cat","embeddable":true,"href":"https:\/\/ledshoponline.be\/de\/wp-json\/wp\/v2\/product_cat?post=459048"},{"taxonomy":"product_tag","embeddable":true,"href":"https:\/\/ledshoponline.be\/de\/wp-json\/wp\/v2\/product_tag?post=459048"}],"curies":[{"name":"wp","href":"https:\/\/api.w.org\/{rel}","templated":true}]}}