{"id":455092,"date":"2023-11-29T10:23:15","date_gmt":"2023-11-29T10:23:15","guid":{"rendered":"https:\/\/hlncaxea.a2hosted.com\/?post_type=product&#038;p=455092"},"modified":"2025-03-09T19:45:09","modified_gmt":"2025-03-09T19:45:09","slug":"led-einbaustrahler-hintergrundbeleuchtet-4w-ersetzt-50w-3000k-warmweises-licht-2","status":"publish","type":"product","link":"https:\/\/ledshoponline.be\/de\/shop\/producten\/armaturen\/inbouwspots\/led-inbouwspot-backlit-4w-vervangt-50w-3000k-warm-wit-licht\/","title":{"rendered":"LED-Einbaustrahler mit Hintergrundbeleuchtung - 4W ersetzt 50W - 3000K warmwei\u00dfes Licht"},"content":{"rendered":"<p>Der LED-Einbaustrahler ist sehr einfach in einer abgeh\u00e4ngten Decke zu montieren und kann auch direkt an 230V angeschlossen werden.<br \/>\nDer Transformator ist in den LED-Einbaustrahler eingebaut.<\/p>\n<p><strong>Die genauen Abmessungen dieses Einbaustrahlers sind:\u00a0<\/strong><br \/>\n- Innenma\u00dfe \/ Schnittgr\u00f6\u00dfe: 77-82mm<br \/>\n- Au\u00dfendurchmesser: 98 mm<br \/>\n- H\u00f6he des LED-Strahlers: 26 mm<br \/>\n- empfohlene Einbauh\u00f6he: 35 mm<\/p>\n<p>Er kann in jeder abgeh\u00e4ngten Decke montiert werden, vorausgesetzt, es sind mindestens 26 mm in der Decke vorhanden. Der LED-Einbaustrahler ist nicht schwenkbar.<\/p>\n<p>Dieser LED-Einbaustrahler verspricht nicht nur ein angenehmes warmwei\u00dfes Licht von 3000 Kelvin, sondern bietet auch eine beeindruckende Kombination aus Langlebigkeit und Energieeffizienz. Mit mehreren LED-Chips, die zusammen nur 4W verbrauchen, ist dieser Einbaustrahler ein effizienter Ersatz f\u00fcr einen 50W Halogenstrahler. Trotz des geringen Energieverbrauchs liefert dieser Strahler eine Helligkeit von 220 Lumen.<\/p>\n<p>Diese Eigenschaften machen den Einbaustrahler ideal f\u00fcr verschiedene R\u00e4ume, darunter das Wohnzimmer, das Schlafzimmer und den Flur. Dank der Langlebigkeit der LED-Technologie k\u00f6nnen Sie sich au\u00dferdem lange an der Beleuchtung erfreuen, ohne sich Gedanken \u00fcber einen h\u00e4ufigen Austausch zu machen. Dies tr\u00e4gt nicht nur zu Energieeinsparungen, sondern auch zu niedrigeren Gesamtbetriebskosten bei.<\/p>","protected":false},"excerpt":{"rendered":"<p>Der LED-Einbaustrahler ist sehr einfach in einer abgeh\u00e4ngten Decke zu montieren und kann auch direkt an 230V angeschlossen werden.<\/p>","protected":false},"featured_media":455093,"comment_status":"closed","ping_status":"closed","template":"","meta":{"_seopress_robots_primary_cat":"","_seopress_titles_title":"","_seopress_titles_desc":"","_seopress_robots_index":""},"product_brand":[],"product_cat":[87,88,455,132],"product_tag":[456,457,458],"class_list":{"0":"post-455092","1":"product","2":"type-product","3":"status-publish","4":"has-post-thumbnail","6":"product_cat-armaturen","7":"product_cat-inbouwspots","8":"product_cat-led-downlights","9":"product_cat-led-spots","10":"product_tag-dimbare-led-armatuur","11":"product_tag-led-inbouwspot","12":"product_tag-wit","14":"first","15":"instock","16":"taxable","17":"shipping-taxable","18":"purchasable","19":"product-type-simple"},"_links":{"self":[{"href":"https:\/\/ledshoponline.be\/de\/wp-json\/wp\/v2\/product\/455092","targetHints":{"allow":["GET"]}}],"collection":[{"href":"https:\/\/ledshoponline.be\/de\/wp-json\/wp\/v2\/product"}],"about":[{"href":"https:\/\/ledshoponline.be\/de\/wp-json\/wp\/v2\/types\/product"}],"replies":[{"embeddable":true,"href":"https:\/\/ledshoponline.be\/de\/wp-json\/wp\/v2\/comments?post=455092"}],"version-history":[{"count":0,"href":"https:\/\/ledshoponline.be\/de\/wp-json\/wp\/v2\/product\/455092\/revisions"}],"wp:featuredmedia":[{"embeddable":true,"href":"https:\/\/ledshoponline.be\/de\/wp-json\/wp\/v2\/media\/455093"}],"wp:attachment":[{"href":"https:\/\/ledshoponline.be\/de\/wp-json\/wp\/v2\/media?parent=455092"}],"wp:term":[{"taxonomy":"product_brand","embeddable":true,"href":"https:\/\/ledshoponline.be\/de\/wp-json\/wp\/v2\/product_brand?post=455092"},{"taxonomy":"product_cat","embeddable":true,"href":"https:\/\/ledshoponline.be\/de\/wp-json\/wp\/v2\/product_cat?post=455092"},{"taxonomy":"product_tag","embeddable":true,"href":"https:\/\/ledshoponline.be\/de\/wp-json\/wp\/v2\/product_tag?post=455092"}],"curies":[{"name":"wp","href":"https:\/\/api.w.org\/{rel}","templated":true}]}}