{"id":453399,"date":"2023-10-25T19:56:46","date_gmt":"2023-10-25T19:56:46","guid":{"rendered":"https:\/\/hlncaxea.a2hosted.com\/?post_type=product&#038;p=453399"},"modified":"2025-12-03T22:05:28","modified_gmt":"2025-12-03T22:05:28","slug":"smart-ausen-standard-a60-rgb-cct-9-4w-806lm-2","status":"publish","type":"product","link":"https:\/\/ledshoponline.be\/de\/shop\/producten\/led-lampen\/led-filament-lampen\/smart-outdoor-standard-a60-rgb-cct-9-4w-806lm\/","title":{"rendered":"Smart Outdoor Standard A60 RGB CCT 9.4W 806lm"},"content":{"rendered":"<p><strong>Diese elegante A60 LED-Lampe f\u00fcr Au\u00dfenst\u00e4nder ist perfekt f\u00fcr den Einsatz in Au\u00dfenleuchten geeignet.<\/strong><\/p>\n<p>Beleuchten Sie Ihre Fassade oder Ihren Zaun mit warmwei\u00dfem Licht f\u00fcr lange (Sommer-)Abende, oder w\u00e4hlen Sie aus \u00fcber 100 Farboptionen je nach Stimmung. Erleben Sie ein vollst\u00e4ndig integriertes intelligentes System, das auf dem <a href=\"https:\/\/ledshoponline.be\/de\/shop\/produkte-2\/pro-led-beleuchtung-2\/led-strahler-3\/smart-outdoor-link-bluetooth-mesh-gateway\/\"><strong>Bluetooth Mesh-Protokoll<\/strong><\/a>. Unabh\u00e4ngig von der Gr\u00f6\u00dfe Ihres Gartens oder der Anzahl der platzierten Produkte k\u00f6nnen alle Outdoor-Produkte \u00fcber dieselbe kostenlose Calex-App verbunden und verwaltet werden, die Sie auch f\u00fcr die bestehenden Calex Smart-Produkte verwenden. <strong>Funktioniert nur in Kombination mit <a href=\"https:\/\/ledshoponline.be\/de\/shop\/produkte-2\/pro-led-beleuchtung-2\/led-strahler-3\/smart-outdoor-link-bluetooth-mesh-gateway\/\">Smart Outdoor Link Bluetooth Mesh Gateway<\/a><\/strong><\/p>\n<ul>\n<li>Einfache Installation \u00fcber die kostenlose Calex-App<\/li>\n<li>Genie\u00dfen Sie mehr als 100 Farboptionen und anpassbares wei\u00dfes Licht<\/li>\n<li>Direkte Dimmbarkeit<\/li>\n<li>Funktioniert mit Google Home, Amazon Alexa und Siri\".<\/li>\n<\/ul>\n<p><iframe title=\"Intelligente Outdoor-Promo\" width=\"500\" height=\"281\" src=\"https:\/\/www.youtube.com\/embed\/KP9YyxQjEjU?start=1&#038;feature=oembed\" frameborder=\"0\" allow=\"accelerometer; autoplay; clipboard-write; encrypted-media; gyroscope; picture-in-picture; web-share\" referrerpolicy=\"strict-origin-when-cross-origin\" allowfullscreen><\/iframe><\/p>","protected":false},"excerpt":{"rendered":"<p>Atmosph\u00e4rische Smart LED-Lampe von Calex. Kann einfach mit einer App oder mit der optionalen Wifi-Fernbedienung gesteuert werden.<\/p>","protected":false},"featured_media":453400,"comment_status":"closed","ping_status":"closed","template":"","meta":{"_seopress_robots_primary_cat":"none","_seopress_titles_title":"","_seopress_titles_desc":"","_seopress_robots_index":""},"product_brand":[],"product_cat":[268,111,20,19,514],"product_tag":[719],"class_list":{"0":"post-453399","1":"product","2":"type-product","3":"status-publish","4":"has-post-thumbnail","6":"product_cat-led-filament-lampen","7":"product_cat-led-lamp-e27","8":"product_cat-led-lampen","9":"product_cat-producten","10":"product_cat-smart-home","11":"product_tag-g125-led","13":"first","14":"instock","15":"taxable","16":"shipping-taxable","17":"purchasable","18":"product-type-simple"},"_links":{"self":[{"href":"https:\/\/ledshoponline.be\/de\/wp-json\/wp\/v2\/product\/453399","targetHints":{"allow":["GET"]}}],"collection":[{"href":"https:\/\/ledshoponline.be\/de\/wp-json\/wp\/v2\/product"}],"about":[{"href":"https:\/\/ledshoponline.be\/de\/wp-json\/wp\/v2\/types\/product"}],"replies":[{"embeddable":true,"href":"https:\/\/ledshoponline.be\/de\/wp-json\/wp\/v2\/comments?post=453399"}],"version-history":[{"count":1,"href":"https:\/\/ledshoponline.be\/de\/wp-json\/wp\/v2\/product\/453399\/revisions"}],"predecessor-version":[{"id":638029,"href":"https:\/\/ledshoponline.be\/de\/wp-json\/wp\/v2\/product\/453399\/revisions\/638029"}],"wp:featuredmedia":[{"embeddable":true,"href":"https:\/\/ledshoponline.be\/de\/wp-json\/wp\/v2\/media\/453400"}],"wp:attachment":[{"href":"https:\/\/ledshoponline.be\/de\/wp-json\/wp\/v2\/media?parent=453399"}],"wp:term":[{"taxonomy":"product_brand","embeddable":true,"href":"https:\/\/ledshoponline.be\/de\/wp-json\/wp\/v2\/product_brand?post=453399"},{"taxonomy":"product_cat","embeddable":true,"href":"https:\/\/ledshoponline.be\/de\/wp-json\/wp\/v2\/product_cat?post=453399"},{"taxonomy":"product_tag","embeddable":true,"href":"https:\/\/ledshoponline.be\/de\/wp-json\/wp\/v2\/product_tag?post=453399"}],"curies":[{"name":"wp","href":"https:\/\/api.w.org\/{rel}","templated":true}]}}