{"id":453391,"date":"2023-10-25T19:44:59","date_gmt":"2023-10-25T19:44:59","guid":{"rendered":"https:\/\/hlncaxea.a2hosted.com\/?post_type=product&#038;p=453391"},"modified":"2025-05-30T17:37:48","modified_gmt":"2025-05-30T17:37:48","slug":"smart-rgb-reflektor-led-strahler-5w-345lm-2700-6500k-2","status":"publish","type":"product","link":"https:\/\/ledshoponline.be\/de\/shop\/producten\/led-spots\/led-spot-gu10-230v\/smart-rgb-reflector-led-spot-5w-345lm-2700-6500k\/","title":{"rendered":"Smart RGB Reflektor LED-Strahler 5W 345lm 2700-6500K"},"content":{"rendered":"<p>Diese intelligente Au\u00dfenreflektorlampe eignet sich perfekt f\u00fcr den Einsatz in Au\u00dfenleuchten und in Innenr\u00e4umen.<\/p>\n<p>Beleuchten Sie Ihre Fassade oder Ihren Zaun mit warmwei\u00dfem Licht f\u00fcr lange (Sommer-)Abende oder w\u00e4hlen Sie aus \u00fcber 100 Farboptionen je nach Stimmung. Erleben Sie ein vollst\u00e4ndig integriertes intelligentes System, das auf dem <a href=\"https:\/\/ledshoponline.be\/de\/shop\/produkte-2\/pro-led-beleuchtung-2\/led-strahler-3\/smart-outdoor-link-bluetooth-mesh-gateway\/\"><strong>Bluetooth Mesh<\/strong><\/a> Protokoll.<br \/>\nUnabh\u00e4ngig von der Gr\u00f6\u00dfe Ihres Gartens oder der Anzahl der platzierten Produkte k\u00f6nnen alle Outdoor-Produkte \u00fcber dieselbe kostenlose Calex-App verbunden und verwaltet werden, die Sie auch f\u00fcr die bestehenden Calex Smart-Produkte verwenden.<\/p>\n<p><strong>Funktioniert nur in Kombination mit <a href=\"https:\/\/ledshoponline.be\/de\/shop\/produkte-2\/pro-led-beleuchtung-2\/led-strahler-3\/smart-outdoor-link-bluetooth-mesh-gateway\/\">Smart Outdoor Link Bluetooth Mesh Gateway<\/a><\/strong><\/p>\n<h2>USPs<\/h2>\n<p>- Einfache Installation \u00fcber die kostenlose Calex-App<br \/>\n- Mehr als 100 Farboptionen und einstellbares wei\u00dfes Licht<br \/>\n- Direkte Dimmbarkeit<br \/>\n- Funktioniert mit Google Home, Amazon Alexa und Siri<\/p>\n<p>&nbsp;<\/p>\n<p><iframe title=\"Intelligente Outdoor-Promo\" width=\"500\" height=\"281\" src=\"https:\/\/www.youtube.com\/embed\/KP9YyxQjEjU?start=3&#038;feature=oembed\" frameborder=\"0\" allow=\"accelerometer; autoplay; clipboard-write; encrypted-media; gyroscope; picture-in-picture; web-share\" referrerpolicy=\"strict-origin-when-cross-origin\" allowfullscreen><\/iframe><\/p>","protected":false},"excerpt":{"rendered":"<p><span style=\"color: #ff0000;\"><strong>OP=OP<\/strong><\/span><\/p>\n<p><a href=\"https:\/\/eprel.ec.europa.eu\/informationsheet\/Fiche_1073938_NL.pdf\">Produktdatenblatt<\/a><\/p>","protected":false},"featured_media":453392,"comment_status":"closed","ping_status":"closed","template":"","meta":{"_seopress_robots_primary_cat":"none","_seopress_titles_title":"","_seopress_titles_desc":"","_seopress_robots_index":""},"product_brand":[],"product_cat":[133,132,19,514],"product_tag":[],"class_list":{"0":"post-453391","1":"product","2":"type-product","3":"status-publish","4":"has-post-thumbnail","6":"product_cat-led-spot-gu10-230v","7":"product_cat-led-spots","8":"product_cat-producten","9":"product_cat-smart-home","11":"first","12":"instock","13":"sale","14":"taxable","15":"shipping-taxable","16":"purchasable","17":"product-type-simple"},"_links":{"self":[{"href":"https:\/\/ledshoponline.be\/de\/wp-json\/wp\/v2\/product\/453391","targetHints":{"allow":["GET"]}}],"collection":[{"href":"https:\/\/ledshoponline.be\/de\/wp-json\/wp\/v2\/product"}],"about":[{"href":"https:\/\/ledshoponline.be\/de\/wp-json\/wp\/v2\/types\/product"}],"replies":[{"embeddable":true,"href":"https:\/\/ledshoponline.be\/de\/wp-json\/wp\/v2\/comments?post=453391"}],"version-history":[{"count":2,"href":"https:\/\/ledshoponline.be\/de\/wp-json\/wp\/v2\/product\/453391\/revisions"}],"predecessor-version":[{"id":577119,"href":"https:\/\/ledshoponline.be\/de\/wp-json\/wp\/v2\/product\/453391\/revisions\/577119"}],"wp:featuredmedia":[{"embeddable":true,"href":"https:\/\/ledshoponline.be\/de\/wp-json\/wp\/v2\/media\/453392"}],"wp:attachment":[{"href":"https:\/\/ledshoponline.be\/de\/wp-json\/wp\/v2\/media?parent=453391"}],"wp:term":[{"taxonomy":"product_brand","embeddable":true,"href":"https:\/\/ledshoponline.be\/de\/wp-json\/wp\/v2\/product_brand?post=453391"},{"taxonomy":"product_cat","embeddable":true,"href":"https:\/\/ledshoponline.be\/de\/wp-json\/wp\/v2\/product_cat?post=453391"},{"taxonomy":"product_tag","embeddable":true,"href":"https:\/\/ledshoponline.be\/de\/wp-json\/wp\/v2\/product_tag?post=453391"}],"curies":[{"name":"wp","href":"https:\/\/api.w.org\/{rel}","templated":true}]}}