{"id":453367,"date":"2023-10-24T19:03:02","date_gmt":"2023-10-24T19:03:02","guid":{"rendered":"https:\/\/hlncaxea.a2hosted.com\/?post_type=product&#038;p=453367"},"modified":"2025-11-28T08:12:18","modified_gmt":"2025-11-28T08:12:18","slug":"intelligente-videoturklingel-mit-batterie-und-klingel","status":"publish","type":"product","link":"https:\/\/ledshoponline.be\/de\/shop\/producten\/gereedschap\/led-werklamp-zaklamp\/slimme-video-deurbel-met-batterij-en-chime\/","title":{"rendered":"Intelligente Videot\u00fcrklingel mit Batterie und Klingel"},"content":{"rendered":"<h1>Die intelligente T\u00fcrklingel von Calex: Immer mit Ihrer Haust\u00fcr verbunden<\/h1>\n<p>Mit der Calex Smart Doorbell wissen Sie immer, wer vor Ihrer T\u00fcr steht, egal ob Sie zu Hause oder unterwegs sind. Dank der eingebauten Full-HD-Kamera mit Nachtsicht k\u00f6nnen Sie jederzeit sehen, wer sich bewegt oder an Ihrer Haust\u00fcr klingelt. Wenn jemand an der T\u00fcr klingelt, erhalten Sie nicht nur eine Benachrichtigung \u00fcber die Calex Smart App, sondern es ert\u00f6nt auch der mitgelieferte Klingelton, den Sie in Ihrem Haus installieren. Au\u00dferdem verf\u00fcgt die Videot\u00fcrklingel \u00fcber einen Lautsprecher mit Zwei-Wege-Sprachfunktion, sodass Sie mit jedem Besucher ganz einfach \u00fcber Ihr Mobiltelefon kommunizieren k\u00f6nnen.<\/p>\n<p><strong>Einfache Installation<\/strong><br \/>\nDie T\u00fcrklingel ist komplett kabellos und einfach zu installieren. Sie k\u00f6nnen die intelligente T\u00fcrklingel ganz einfach \u00fcber die Calex Smart App installieren. Um die T\u00fcrklingel mit der App zu koppeln, ist nur Wi-Fi erforderlich (2,4 GHz), es wird also kein Hub oder eine zus\u00e4tzliche Kopplung ben\u00f6tigt! Wenn Sie Hilfe bei der Installation ben\u00f6tigen, k\u00f6nnen Sie die Calex-Website oder unseren YouTube-Kanal besuchen, um Installationsvideos und h\u00e4ufig gestellte Fragen zu sehen.<\/p>\n<p><strong>Benutzerfreundliche App<\/strong><br \/>\nMit der Calex Smart App k\u00f6nnen Sie die intelligente T\u00fcrklingel von \u00fcberall auf der Welt live \u00fcberwachen. Verwalten Sie alle Ihre anderen Calex-Ger\u00e4te und Ihre T\u00fcrklingel in der App f\u00fcr maximalen Komfort. Zus\u00e4tzlich zu den Benachrichtigungen, wenn die T\u00fcrklingel klingelt, sendet die App auf Wunsch auch Benachrichtigungen \u00fcber Bewegungen vor Ihrer T\u00fcr. Wenn Sie ein paar Tage nicht zu Hause sind oder die App nicht \u00fcberpr\u00fcft haben, werden die Aufnahmen automatisch in der Cloud (f\u00fcr die Sie ein Abonnement abschlie\u00dfen k\u00f6nnen) oder auf einer Micro-SD-Karte, die Sie hinzuf\u00fcgen k\u00f6nnen, gespeichert.<\/p>\n<p><strong>Lagerung<\/strong><br \/>\nSie k\u00f6nnen aufgezeichnetes Material zu einem sp\u00e4teren Zeitpunkt ansehen. Dies kann \u00fcber eine Micro-SD-Karte (nicht im Lieferumfang enthalten) oder einen sicheren Cloud-Speicher erfolgen. In der Cloud werden die Ereignisse automatisch rund um die Uhr gespeichert, ohne dass das Risiko eines Datendiebstahls besteht. Sie k\u00f6nnen von mehreren Ger\u00e4ten aus darauf zugreifen, um die Bilder jederzeit und von jedem Ort aus abzurufen.<\/p>\n<p><strong>Funktionsweise<\/strong><br \/>\nDiese intelligente T\u00fcrklingel kann dank ihrer IR-Nachtsicht sowohl am Tag als auch in der Nacht verwendet werden. Da die T\u00fcrklingel mit Kamera Wi-Fi verwendet, ist es wichtig, dass die Wi-Fi-Verbindung an Ihrer Haust\u00fcr optimal ist. Au\u00dferdem verf\u00fcgt die T\u00fcrklingel \u00fcber eine 1080P-Aufl\u00f6sung f\u00fcr ein scharfes Bild und ein gro\u00dfes Sichtfeld von nicht weniger als 125\u00b0, so dass Sie nichts von dem verpassen, was vor Ihrer T\u00fcr passiert.<\/p>\n<p><strong>USPs<\/strong><\/p>\n<ul>\n<li>Nachtsicht (10 Meter)<\/li>\n<li>Full-HD-Kamera<\/li>\n<li>Gegenseitiges Sprechen<\/li>\n<li>Cloud- oder SD-Speicher<\/li>\n<li>Inklusive Glockenspiel<\/li>\n<li>Drahtlos<\/li>\n<\/ul>\n<p>Mit der Calex Smart Doorbell bleiben Sie mit Ihrer Haust\u00fcr verbunden und erh\u00f6hen die Sicherheit und den Komfort in Ihrem Zuhause. Ob Sie zu Hause sind oder nicht, Sie haben immer die Kontrolle dar\u00fcber, wer klingelt und was an Ihrer T\u00fcr passiert.<\/p>","protected":false},"excerpt":{"rendered":"<p>De Calex Smart Deurbel: Altijd Verbonden met je Voordeur Met de Calex Smart Deurbel ben je altijd op de hoogte<\/p>","protected":false},"featured_media":453368,"comment_status":"closed","ping_status":"closed","template":"","meta":{"_seopress_robots_primary_cat":"none","_seopress_titles_title":"","_seopress_titles_desc":"","_seopress_robots_index":""},"product_brand":[],"product_cat":[889,128,176,514],"product_tag":[],"class_list":{"0":"post-453367","1":"product","2":"type-product","3":"status-publish","4":"has-post-thumbnail","6":"product_cat-camerabewaking","7":"product_cat-gereedschap","8":"product_cat-led-werklamp-zaklamp","9":"product_cat-smart-home","11":"first","12":"instock","13":"taxable","14":"shipping-taxable","15":"purchasable","16":"product-type-simple"},"_links":{"self":[{"href":"https:\/\/ledshoponline.be\/de\/wp-json\/wp\/v2\/product\/453367","targetHints":{"allow":["GET"]}}],"collection":[{"href":"https:\/\/ledshoponline.be\/de\/wp-json\/wp\/v2\/product"}],"about":[{"href":"https:\/\/ledshoponline.be\/de\/wp-json\/wp\/v2\/types\/product"}],"replies":[{"embeddable":true,"href":"https:\/\/ledshoponline.be\/de\/wp-json\/wp\/v2\/comments?post=453367"}],"version-history":[{"count":1,"href":"https:\/\/ledshoponline.be\/de\/wp-json\/wp\/v2\/product\/453367\/revisions"}],"predecessor-version":[{"id":636298,"href":"https:\/\/ledshoponline.be\/de\/wp-json\/wp\/v2\/product\/453367\/revisions\/636298"}],"wp:featuredmedia":[{"embeddable":true,"href":"https:\/\/ledshoponline.be\/de\/wp-json\/wp\/v2\/media\/453368"}],"wp:attachment":[{"href":"https:\/\/ledshoponline.be\/de\/wp-json\/wp\/v2\/media?parent=453367"}],"wp:term":[{"taxonomy":"product_brand","embeddable":true,"href":"https:\/\/ledshoponline.be\/de\/wp-json\/wp\/v2\/product_brand?post=453367"},{"taxonomy":"product_cat","embeddable":true,"href":"https:\/\/ledshoponline.be\/de\/wp-json\/wp\/v2\/product_cat?post=453367"},{"taxonomy":"product_tag","embeddable":true,"href":"https:\/\/ledshoponline.be\/de\/wp-json\/wp\/v2\/product_tag?post=453367"}],"curies":[{"name":"wp","href":"https:\/\/api.w.org\/{rel}","templated":true}]}}