{"id":451227,"date":"2023-02-15T08:07:38","date_gmt":"2023-02-15T08:07:38","guid":{"rendered":"https:\/\/hlncaxea.a2hosted.com\/?post_type=product&#038;p=451227"},"modified":"2025-03-09T19:44:51","modified_gmt":"2025-03-09T19:44:51","slug":"led-streifen-12v-300smd-5m-warmweis-2700k-hohe-lumen-2","status":"publish","type":"product","link":"https:\/\/ledshoponline.be\/de\/shop\/producten\/led-strips\/led-strips-12v\/led-strip-12v-300smd-5m-warm-wit-2700k-high-lumen\/","title":{"rendered":"LED STRIP 12V 300SMD - 5m - Warm-wei\u00df 2700k - Hohe Lichtausbeute"},"content":{"rendered":"","protected":false},"excerpt":{"rendered":"<p>St\u00e4rkster 12v LED STRIP mit 300 Epistar SMD 5730 LEDs auf Rolle 5m<br \/>\nSie k\u00f6nnen die Streifen um 5 cm k\u00fcrzen! LED-Streifen ist perfekt f\u00fcr indirekte und direkte Beleuchtung.<\/p>\n<p><span style=\"color: #ff0000;\"><strong>Profitieren Sie von diesem Angebot op=op<\/strong><\/span><\/p>","protected":false},"featured_media":451228,"comment_status":"closed","ping_status":"closed","template":"","meta":{"_seopress_robots_primary_cat":"","_seopress_titles_title":"","_seopress_titles_desc":"","_seopress_robots_index":""},"product_brand":[],"product_cat":[40,91,19],"product_tag":[],"class_list":{"0":"post-451227","1":"product","2":"type-product","3":"status-publish","4":"has-post-thumbnail","6":"product_cat-led-strips","7":"product_cat-led-strips-12v","8":"product_cat-producten","10":"first","11":"instock","12":"sale","13":"taxable","14":"shipping-taxable","15":"purchasable","16":"product-type-simple"},"_links":{"self":[{"href":"https:\/\/ledshoponline.be\/de\/wp-json\/wp\/v2\/product\/451227","targetHints":{"allow":["GET"]}}],"collection":[{"href":"https:\/\/ledshoponline.be\/de\/wp-json\/wp\/v2\/product"}],"about":[{"href":"https:\/\/ledshoponline.be\/de\/wp-json\/wp\/v2\/types\/product"}],"replies":[{"embeddable":true,"href":"https:\/\/ledshoponline.be\/de\/wp-json\/wp\/v2\/comments?post=451227"}],"version-history":[{"count":0,"href":"https:\/\/ledshoponline.be\/de\/wp-json\/wp\/v2\/product\/451227\/revisions"}],"wp:featuredmedia":[{"embeddable":true,"href":"https:\/\/ledshoponline.be\/de\/wp-json\/wp\/v2\/media\/451228"}],"wp:attachment":[{"href":"https:\/\/ledshoponline.be\/de\/wp-json\/wp\/v2\/media?parent=451227"}],"wp:term":[{"taxonomy":"product_brand","embeddable":true,"href":"https:\/\/ledshoponline.be\/de\/wp-json\/wp\/v2\/product_brand?post=451227"},{"taxonomy":"product_cat","embeddable":true,"href":"https:\/\/ledshoponline.be\/de\/wp-json\/wp\/v2\/product_cat?post=451227"},{"taxonomy":"product_tag","embeddable":true,"href":"https:\/\/ledshoponline.be\/de\/wp-json\/wp\/v2\/product_tag?post=451227"}],"curies":[{"name":"wp","href":"https:\/\/api.w.org\/{rel}","templated":true}]}}