{"id":451218,"date":"2023-02-15T08:04:07","date_gmt":"2023-02-15T08:04:07","guid":{"rendered":"https:\/\/hlncaxea.a2hosted.com\/?post_type=product&#038;p=451218"},"modified":"2025-06-26T04:20:25","modified_gmt":"2025-06-26T04:20:25","slug":"led-streifen-230v-mit-integrierter-schaltung-120smd-50m-warmweis-3000k-2","status":"publish","type":"product","link":"https:\/\/ledshoponline.be\/de\/shop\/producten\/led-strips\/led-strips-230v\/led-strip-230v-met-geintegreerd-circuit-120smd-50m-warm-wit-3000k\/","title":{"rendered":"LED-Leiste 230V mit integrierter Schaltung 2835-120SMD 50m | warm-wei\u00df 3000k"},"content":{"rendered":"<p>Professionelle Linie von flexiblen LED-Streifen auf 230v mit integrierter Schaltung auf 50m Spule. Sch\u00f6ne Oberfl\u00e4che und hohe Lumen.<br \/>Der LED-Streifen enth\u00e4lt den neuesten Ultra-LED-SMD-Chip 2835 mit bis zu 120 LEDs pro Meter.<br \/>Der Zuschnitt kann meterweise erfolgen. Inklusive Befestigungsklammern und 230-V-Stecker.<br \/>Plug and Play ohne L\u00f6ten. Viele SMD-LEDs sorgen f\u00fcr eine gleichm\u00e4\u00dfige Ausleuchtung. Perfekt f\u00fcr den Au\u00dfenbereich geeignet.<\/p>\r\n\r\n\r\n\r\n<p><strong>Wird ohne Befestigungsmaterial geliefert.<\/strong><br \/>Montageklammern <a href=\"https:\/\/ledshoponline.be\/de\/led-streifen-230v-2\/montageclips-fur-230v-led-strip-2\/\">Bestellung<\/a><\/p>","protected":false},"excerpt":{"rendered":"<p><strong>Produktdatenblatt <\/strong><strong><a href=\"https:\/\/eprel.ec.europa.eu\/informationsheet\/Fiche_1474700_NL.pdf\">DE<\/a> | <a href=\"https:\/\/eprel.ec.europa.eu\/informationsheet\/Fiche_1474700_FR.pdf\">FR <\/a>| <a href=\"https:\/\/eprel.ec.europa.eu\/informationsheet\/Fiche_1474700_EN.pdf\">UND <\/a>| <a href=\"https:\/\/eprel.ec.europa.eu\/informationsheet\/Fiche_1474700_DE.pdf\">DIE<\/a><\/strong><\/p>","protected":false},"featured_media":451219,"comment_status":"closed","ping_status":"closed","template":"","meta":{"_seopress_robots_primary_cat":"none","_seopress_titles_title":"","_seopress_titles_desc":"","_seopress_robots_index":""},"product_brand":[],"product_cat":[530,40,229,19],"product_tag":[230],"class_list":{"0":"post-451218","1":"product","2":"type-product","3":"status-publish","4":"has-post-thumbnail","6":"product_cat-deals","7":"product_cat-led-strips","8":"product_cat-led-strips-230v","9":"product_cat-producten","10":"product_tag-230v-ledstrip","12":"first","13":"instock","14":"sale","15":"taxable","16":"shipping-taxable","17":"purchasable","18":"product-type-simple"},"_links":{"self":[{"href":"https:\/\/ledshoponline.be\/de\/wp-json\/wp\/v2\/product\/451218","targetHints":{"allow":["GET"]}}],"collection":[{"href":"https:\/\/ledshoponline.be\/de\/wp-json\/wp\/v2\/product"}],"about":[{"href":"https:\/\/ledshoponline.be\/de\/wp-json\/wp\/v2\/types\/product"}],"replies":[{"embeddable":true,"href":"https:\/\/ledshoponline.be\/de\/wp-json\/wp\/v2\/comments?post=451218"}],"version-history":[{"count":1,"href":"https:\/\/ledshoponline.be\/de\/wp-json\/wp\/v2\/product\/451218\/revisions"}],"predecessor-version":[{"id":596374,"href":"https:\/\/ledshoponline.be\/de\/wp-json\/wp\/v2\/product\/451218\/revisions\/596374"}],"wp:featuredmedia":[{"embeddable":true,"href":"https:\/\/ledshoponline.be\/de\/wp-json\/wp\/v2\/media\/451219"}],"wp:attachment":[{"href":"https:\/\/ledshoponline.be\/de\/wp-json\/wp\/v2\/media?parent=451218"}],"wp:term":[{"taxonomy":"product_brand","embeddable":true,"href":"https:\/\/ledshoponline.be\/de\/wp-json\/wp\/v2\/product_brand?post=451218"},{"taxonomy":"product_cat","embeddable":true,"href":"https:\/\/ledshoponline.be\/de\/wp-json\/wp\/v2\/product_cat?post=451218"},{"taxonomy":"product_tag","embeddable":true,"href":"https:\/\/ledshoponline.be\/de\/wp-json\/wp\/v2\/product_tag?post=451218"}],"curies":[{"name":"wp","href":"https:\/\/api.w.org\/{rel}","templated":true}]}}