{"id":450880,"date":"2023-01-23T18:01:11","date_gmt":"2023-01-23T18:01:11","guid":{"rendered":"https:\/\/hlncaxea.a2hosted.com\/?post_type=product&#038;p=450880"},"modified":"2025-03-09T19:44:47","modified_gmt":"2025-03-09T19:44:47","slug":"intelligente-batteriekamera-fur-den-ausenbereich-2","status":"publish","type":"product","link":"https:\/\/ledshoponline.be\/de\/shop\/camerabewaking\/smart-outdoor-batterij-camera\/","title":{"rendered":"Intelligente Akku-Kamera f\u00fcr den Au\u00dfenbereich"},"content":{"rendered":"<p><strong>Calex Smart WiFi Kamera<\/strong><br \/>\nMit dieser kabellosen, intelligenten Calex-Au\u00dfenkamera haben Sie immer im Blick, was rund um Ihr Haus vor sich geht. Wenn Sie diese Sicherheitskamera platzieren, k\u00f6nnen Sie aus der Ferne genau sehen, was vor sich geht. Die WLAN-Smart-Au\u00dfenkamera sendet bei Bedarf Nachrichten \u00fcber die Calex Smart-App an Ihr Telefon. Die Smart-Kamera hat eine hohe Bildqualit\u00e4t. Au\u00dferdem ist die Kamera batteriebetrieben und kann mit einer magnetischen Wandhalterung einfach befestigt werden. Sie k\u00f6nnen die smarte WLAN-Kamera ganz einfach mit der Calex-App installieren.<\/p>\n<p><strong>Einfach zu installieren<\/strong><br \/>\nSie k\u00f6nnen diesen Artikel ganz einfach \u00fcber die Calex Smart App installieren. Die Verbindung des Produkts \u00fcber die App erfordert nur WLAN (2,4 GHz), also keinen Hub oder eine zus\u00e4tzliche Verbindung! Sie schaffen es nicht, die Kamera zu installieren? Besuchen Sie die Calex-Website oder unseren YouTube-Kanal f\u00fcr Installationsvideos und FAQ.<\/p>\n<p><strong>Benutzerfreundliche App<\/strong><br \/>\nDie Calex Smart App erm\u00f6glicht es Ihnen, die \u00dcberwachungskamera von \u00fcberall auf der Welt zu beobachten. Verwalten Sie in der App Ihre anderen Calex-Ger\u00e4te und Ihre Kamera zusammen f\u00fcr maximalen Komfort! Bei Bedarf sendet die App auch Benachrichtigungen an Ihr Smartphone. Sie sind ein paar Tage nicht zu Hause oder haben die App nicht \u00fcberpr\u00fcft? Die Bilder werden automatisch in der Cloud oder auf einer Micro-SD-Karte gespeichert.<\/p>\n<p><strong>Lagerung<\/strong><br \/>\nEs ist m\u00f6glich, das Filmmaterial zu einem sp\u00e4teren Zeitpunkt wieder anzusehen. Dies kann \u00fcber eine Micro-SD-Karte (nicht im Lieferumfang enthalten) oder \u00fcber eine sichere Speicherung in der Cloud erfolgen. In der Cloud werden die Ereignisse automatisch rund um die Uhr gespeichert, ohne dass das Risiko eines Datendiebstahls besteht. Der Zugriff ist von mehreren Ger\u00e4ten aus m\u00f6glich, um die Bilder jederzeit und von jedem Ort aus abzurufen!<\/p>\n<p><strong>Funktionsweise<\/strong><br \/>\nSie k\u00f6nnen diese Kamera sowohl nachts als auch tags\u00fcber verwenden, da sie \u00fcber eine IR-Nachtsicht verf\u00fcgt. Da die Kamera keinen Hub verwendet, m\u00fcssen Sie sicherstellen, dass die Wi-Fi-Verbindung optimal ist. Au\u00dferdem hat die IP-Kamera eine Aufl\u00f6sung von 2K HD, was ein gutes Bild garantiert.<\/p>\n<p><strong>USPs<\/strong><br \/>\n- Nachtsicht (10 Meter)<br \/>\n- Full-HD-Kamera<br \/>\n- Cloud- oder SD-Speicher<br \/>\n- Gegenseitiges Sprechen<br \/>\n- Betrachtungswinkel 125 Grad<br \/>\n- Bewegungsmelder<br \/>\n- Drahtlos<br \/>\n- Magnetische Wandhalterung<\/p>","protected":false},"excerpt":{"rendered":"<p>Benutzerfreundliche Wi-Fi-Kamera f\u00fcr den Au\u00dfen- und Inneneinsatz.<\/p>","protected":false},"featured_media":450881,"comment_status":"closed","ping_status":"closed","template":"","meta":{"_seopress_robots_primary_cat":"","_seopress_titles_title":"","_seopress_titles_desc":"","_seopress_robots_index":""},"product_brand":[],"product_cat":[889,514],"product_tag":[],"class_list":{"0":"post-450880","1":"product","2":"type-product","3":"status-publish","4":"has-post-thumbnail","6":"product_cat-camerabewaking","7":"product_cat-smart-home","9":"first","10":"instock","11":"taxable","12":"shipping-taxable","13":"purchasable","14":"product-type-simple"},"_links":{"self":[{"href":"https:\/\/ledshoponline.be\/de\/wp-json\/wp\/v2\/product\/450880","targetHints":{"allow":["GET"]}}],"collection":[{"href":"https:\/\/ledshoponline.be\/de\/wp-json\/wp\/v2\/product"}],"about":[{"href":"https:\/\/ledshoponline.be\/de\/wp-json\/wp\/v2\/types\/product"}],"replies":[{"embeddable":true,"href":"https:\/\/ledshoponline.be\/de\/wp-json\/wp\/v2\/comments?post=450880"}],"version-history":[{"count":0,"href":"https:\/\/ledshoponline.be\/de\/wp-json\/wp\/v2\/product\/450880\/revisions"}],"wp:featuredmedia":[{"embeddable":true,"href":"https:\/\/ledshoponline.be\/de\/wp-json\/wp\/v2\/media\/450881"}],"wp:attachment":[{"href":"https:\/\/ledshoponline.be\/de\/wp-json\/wp\/v2\/media?parent=450880"}],"wp:term":[{"taxonomy":"product_brand","embeddable":true,"href":"https:\/\/ledshoponline.be\/de\/wp-json\/wp\/v2\/product_brand?post=450880"},{"taxonomy":"product_cat","embeddable":true,"href":"https:\/\/ledshoponline.be\/de\/wp-json\/wp\/v2\/product_cat?post=450880"},{"taxonomy":"product_tag","embeddable":true,"href":"https:\/\/ledshoponline.be\/de\/wp-json\/wp\/v2\/product_tag?post=450880"}],"curies":[{"name":"wp","href":"https:\/\/api.w.org\/{rel}","templated":true}]}}