{"id":450873,"date":"2023-01-23T17:53:26","date_gmt":"2023-01-23T17:53:26","guid":{"rendered":"https:\/\/hlncaxea.a2hosted.com\/?post_type=product&#038;p=450873"},"modified":"2025-09-08T14:50:46","modified_gmt":"2025-09-08T14:50:46","slug":"mart-baby-kamera-full-hd-1080p-2","status":"publish","type":"product","link":"https:\/\/ledshoponline.be\/de\/shop\/camerabewaking\/mart-baby-camera-full-hd-1080p\/","title":{"rendered":"Intelligente Babykamera Full HD 1080P"},"content":{"rendered":"<p>Mit der intelligenten Babykamera von Calex k\u00f6nnen Sie Ihr Kleines beobachten, wann immer Sie wollen. Platzieren Sie die Kamera im Babyzimmer und bleiben Sie auf dem Laufenden, was Tag und Nacht passiert. Erhalten Sie Benachrichtigungen auf Ihrem Telefon, wenn die Temperatur im Babyzimmer den eingestellten Bereich \u00fcbersteigt oder bei Ger\u00e4uschen und Bewegungen. Mit dem eingebauten Mikrofon k\u00f6nnen Sie auch aus der Ferne mit Ihrem Kleinen plaudern. Ist Ihr Baby unruhig? Spielen Sie wei\u00dfes Rauschen \u00fcber die Kamera oder voreingestellte Schlaflieder ab, um Ihr Baby zu beruhigen. Die intelligente Babykamera mit Kaninchendesign kann auch als Nachtlicht verwendet werden. Die Hasenh\u00fclle besteht aus weichem Silikon und ist eine bezaubernde Erg\u00e4nzung f\u00fcr jedes Babyzimmer.<\/p>\r\n\r\n\r\n\r\n<p>USPs<br \/>- Erhalten Sie Benachrichtigungen, wenn die Temperatur au\u00dferhalb des eingestellten Bereichs liegt<br \/>- Erhalten Sie Benachrichtigungen, wenn Bewegung\/Ger\u00e4usche erkannt werden<br \/>- Kann auch als Nachtlicht verwendet werden<br \/>- Wiedergabe von wei\u00dfem Rauschen und voreingestellten Schlafliedern<br \/>- Hochwertige Nachtsicht<br \/>- Eindeutige R\u00fcckkopplungsfunktion<br \/>- SD-Karte nicht enthalten<br \/>- Verbindung \u00fcber Wi-Fi<br \/>- Einfache Kopplung in 3 Schritten<br \/>- Funktioniert \u00fcber die kostenlose Calex-App<br \/>- Sichtfeld 140\u00b0<br \/>- Aufl\u00f6sung 1080P<br \/>- Tag- und Nachtsensor (10-Meter-IR-Nachtsicht)<\/p>","protected":false},"excerpt":{"rendered":"<p>Mit der intelligenten Babykamera k\u00f6nnen Sie Ihr Kind beobachten, wann immer Sie wollen. Au\u00dferdem wird Ihr Kleines seinen neuen Freund, den Hasen, lieben.<\/p>","protected":false},"featured_media":450874,"comment_status":"closed","ping_status":"closed","template":"","meta":{"_seopress_robots_primary_cat":"none","_seopress_titles_title":"","_seopress_titles_desc":"","_seopress_robots_index":""},"product_brand":[],"product_cat":[889,514],"product_tag":[],"class_list":{"0":"post-450873","1":"product","2":"type-product","3":"status-publish","4":"has-post-thumbnail","6":"product_cat-camerabewaking","7":"product_cat-smart-home","9":"first","10":"instock","11":"sale","12":"taxable","13":"shipping-taxable","14":"purchasable","15":"product-type-simple"},"_links":{"self":[{"href":"https:\/\/ledshoponline.be\/de\/wp-json\/wp\/v2\/product\/450873","targetHints":{"allow":["GET"]}}],"collection":[{"href":"https:\/\/ledshoponline.be\/de\/wp-json\/wp\/v2\/product"}],"about":[{"href":"https:\/\/ledshoponline.be\/de\/wp-json\/wp\/v2\/types\/product"}],"replies":[{"embeddable":true,"href":"https:\/\/ledshoponline.be\/de\/wp-json\/wp\/v2\/comments?post=450873"}],"version-history":[{"count":1,"href":"https:\/\/ledshoponline.be\/de\/wp-json\/wp\/v2\/product\/450873\/revisions"}],"predecessor-version":[{"id":621240,"href":"https:\/\/ledshoponline.be\/de\/wp-json\/wp\/v2\/product\/450873\/revisions\/621240"}],"wp:featuredmedia":[{"embeddable":true,"href":"https:\/\/ledshoponline.be\/de\/wp-json\/wp\/v2\/media\/450874"}],"wp:attachment":[{"href":"https:\/\/ledshoponline.be\/de\/wp-json\/wp\/v2\/media?parent=450873"}],"wp:term":[{"taxonomy":"product_brand","embeddable":true,"href":"https:\/\/ledshoponline.be\/de\/wp-json\/wp\/v2\/product_brand?post=450873"},{"taxonomy":"product_cat","embeddable":true,"href":"https:\/\/ledshoponline.be\/de\/wp-json\/wp\/v2\/product_cat?post=450873"},{"taxonomy":"product_tag","embeddable":true,"href":"https:\/\/ledshoponline.be\/de\/wp-json\/wp\/v2\/product_tag?post=450873"}],"curies":[{"name":"wp","href":"https:\/\/api.w.org\/{rel}","templated":true}]}}