{"id":449500,"date":"2022-10-26T09:59:55","date_gmt":"2022-10-26T09:59:55","guid":{"rendered":"https:\/\/hlncaxea.a2hosted.com\/?post_type=product&#038;p=449500"},"modified":"2025-08-26T15:25:46","modified_gmt":"2025-08-26T15:25:46","slug":"smart-petfeeder-mit-kamerafutterung-2","status":"publish","type":"product","link":"https:\/\/ledshoponline.be\/de\/shop\/camerabewaking\/smart-petfeeder-met-camera-voederautomaat\/","title":{"rendered":"Smart Petfeeder mit Kamera - Futterautomat f\u00fcr Katze &amp; Hund"},"content":{"rendered":"<p>Diese <strong>automatisch<\/strong> F\u00fctterungsger\u00e4t bietet eine intelligente L\u00f6sung f\u00fcr die F\u00fctterung Ihrer <strong>klein bis mittelgro\u00df<\/strong> Haustiere, auch wenn Sie nicht zu Hause sind. Mit diesem praktischen Ger\u00e4t k\u00f6nnen Sie F\u00fctterungszeiten f\u00fcr Ihren Hund, Ihre Katze oder Ihr Kaninchen festlegen, so dass sie ihr Trockenfutter zu bestimmten Zeiten genie\u00dfen k\u00f6nnen, unabh\u00e4ngig von Ihrem Standort. Mit dem eingebauten <strong>HD-Kamera<\/strong> k\u00f6nnen Sie sogar Ihr Haustier zu Hause im Auge behalten, um zu sehen, ob es seine Mahlzeit vollst\u00e4ndig auffrisst oder welchen Unfug es treibt, w\u00e4hrend Sie weg sind. Au\u00dferdem erm\u00f6glicht das integrierte Mikrofon eine Zwei-Wege-Kommunikation, sodass Sie mit Ihrem Haustier sprechen oder ihm mitteilen k\u00f6nnen, dass das Futter fertig ist. Mit der praktischen Calex-App k\u00f6nnen Sie den Pet Feeder ganz einfach steuern und <strong>verschiedene Timer k\u00f6nnen programmiert werden<\/strong> die perfekt auf den Essensrhythmus Ihres <strong>geliebtes Haustier<\/strong>.<\/p>\r\n<h2>Wesentliche Merkmale:<\/h2>\r\n<ul>\r\n<li><strong>Verbindung \u00fcber WiFi:<\/strong> Dank der Wi-Fi-Konnektivit\u00e4t k\u00f6nnen Sie den Petfeeder von Ihrem Smartphone aus steuern, egal wo Sie sind.<\/li>\r\n<li><strong>Einfache Installation:<\/strong> Der Petfeeder ist leicht zu installieren und in nur drei einfachen Schritten einsatzbereit.<\/li>\r\n<li><strong>Zwei-Wege-Audio:<\/strong> Dank des eingebauten Mikrofons und Lautsprechers k\u00f6nnen Sie mit Ihrem Haustier kommunizieren, wo immer Sie auch sind.<\/li>\r\n<li><strong>Blickwinkel 110\u00b0<\/strong>Die Kamera hat ein weites 110-Grad-Sichtfeld, so dass Sie einen guten \u00dcberblick \u00fcber den Raum haben, in dem sich Ihr Haustier befindet.<\/li>\r\n<li><strong>Nachtsicht &amp; Bewegungssensor 10m:<\/strong> Dank der Nachtsichtfunktion und des Bewegungssensors k\u00f6nnen Sie auch nachts sehen, was vor sich geht, und werden benachrichtigt, wenn sich etwas in der N\u00e4he des Tierfutters bewegt.<\/li>\r\n<\/ul>\r\n<p><strong>Anmerkung:<\/strong> Dieser Futterautomat ist nur f\u00fcr Trockenfutter mit Pellets von 2-10 mm geeignet. Der Futterbeh\u00e4lter hat ein Fassungsverm\u00f6gen von 4 Litern und versorgt Ihr Haustier mit gen\u00fcgend Futter f\u00fcr mehrere Mahlzeiten.<\/p>\r\n<p>Mit diesem fortschrittlichen F\u00fctterungsger\u00e4t m\u00fcssen Sie sich nie wieder um die Mahlzeiten Ihrer Haustiere k\u00fcmmern. Legen Sie F\u00fctterungspl\u00e4ne fest, \u00fcberwachen Sie Ihre Haustiere und kommunizieren Sie mit ihnen - alles von Ihrer Handfl\u00e4che aus. Es ist die ultimative L\u00f6sung f\u00fcr vielbesch\u00e4ftigte Haustierbesitzer, die ihren pelzigen Freunden die beste Pflege zukommen lassen m\u00f6chten, auch wenn sie nicht zu Hause sind.<\/p>","protected":false},"excerpt":{"rendered":"<p>Dit automatische voerapparaat biedt een slimme oplossing voor het voeren van je kleine tot middelgrote huisdieren, zelfs als je niet<\/p>","protected":false},"featured_media":449501,"comment_status":"closed","ping_status":"closed","template":"","meta":{"_seopress_robots_primary_cat":"none","_seopress_titles_title":"","_seopress_titles_desc":"","_seopress_robots_index":""},"product_brand":[],"product_cat":[889,19,514],"product_tag":[],"class_list":{"0":"post-449500","1":"product","2":"type-product","3":"status-publish","4":"has-post-thumbnail","6":"product_cat-camerabewaking","7":"product_cat-producten","8":"product_cat-smart-home","10":"first","11":"instock","12":"sale","13":"taxable","14":"shipping-taxable","15":"purchasable","16":"product-type-simple"},"_links":{"self":[{"href":"https:\/\/ledshoponline.be\/de\/wp-json\/wp\/v2\/product\/449500","targetHints":{"allow":["GET"]}}],"collection":[{"href":"https:\/\/ledshoponline.be\/de\/wp-json\/wp\/v2\/product"}],"about":[{"href":"https:\/\/ledshoponline.be\/de\/wp-json\/wp\/v2\/types\/product"}],"replies":[{"embeddable":true,"href":"https:\/\/ledshoponline.be\/de\/wp-json\/wp\/v2\/comments?post=449500"}],"version-history":[{"count":1,"href":"https:\/\/ledshoponline.be\/de\/wp-json\/wp\/v2\/product\/449500\/revisions"}],"predecessor-version":[{"id":616390,"href":"https:\/\/ledshoponline.be\/de\/wp-json\/wp\/v2\/product\/449500\/revisions\/616390"}],"wp:featuredmedia":[{"embeddable":true,"href":"https:\/\/ledshoponline.be\/de\/wp-json\/wp\/v2\/media\/449501"}],"wp:attachment":[{"href":"https:\/\/ledshoponline.be\/de\/wp-json\/wp\/v2\/media?parent=449500"}],"wp:term":[{"taxonomy":"product_brand","embeddable":true,"href":"https:\/\/ledshoponline.be\/de\/wp-json\/wp\/v2\/product_brand?post=449500"},{"taxonomy":"product_cat","embeddable":true,"href":"https:\/\/ledshoponline.be\/de\/wp-json\/wp\/v2\/product_cat?post=449500"},{"taxonomy":"product_tag","embeddable":true,"href":"https:\/\/ledshoponline.be\/de\/wp-json\/wp\/v2\/product_tag?post=449500"}],"curies":[{"name":"wp","href":"https:\/\/api.w.org\/{rel}","templated":true}]}}