{"id":449006,"date":"2022-08-17T14:30:31","date_gmt":"2022-08-17T14:30:31","guid":{"rendered":"https:\/\/hlncaxea.a2hosted.com\/?post_type=product&#038;p=449006"},"modified":"2025-03-09T19:44:40","modified_gmt":"2025-03-09T19:44:40","slug":"smartes-ausenlicht-rgb-cct-2x4w-2x380lm","status":"publish","type":"product","link":"https:\/\/ledshoponline.be\/de\/shop\/producten\/armaturen\/buitenverlichting\/smart-outdoor-up-down-light-rgb-cct-2x4w-2x380lm\/","title":{"rendered":"Intelligentes Au\u00dfenlicht RGB CCT | 2x4W 2x380lm"},"content":{"rendered":"<p>Diese moderne und intelligente Up&amp;Down-Leuchte mit eingebauten LED-Leuchten verwandelt Ihren Garten in einen stimmungsvollen Raum.<\/p>\r\n\r\n\r\n\r\n<p>Beleuchten Sie Ihre Fassade oder Ihren Zaun mit warmwei\u00dfem Licht f\u00fcr lange (Sommer-)Abende oder w\u00e4hlen Sie aus \u00fcber 100 Farboptionen je nach Stimmung. Erleben Sie ein vollst\u00e4ndig integriertes intelligentes System, das auf dem Bluetooth Mesh-Protokoll basiert.<\/p>\r\n\r\n\r\n\r\n<p>Dieses Up&amp;Down-Licht hat einen Durchmesser von \u00d876mm und eine H\u00f6he von 138mm.<\/p>\r\n\r\n\r\n\r\n<p>Unabh\u00e4ngig von der Gr\u00f6\u00dfe Ihres Gartens oder der Anzahl der platzierten Produkte k\u00f6nnen alle diese Produkte \u00fcber dieselbe kostenlose Calex-App verbunden und verwaltet werden, die Sie auch f\u00fcr die bestehenden Calex Smart-Produkte verwenden.<\/p>\r\n\r\n\r\n\r\n<p>- Einfache Installation \u00fcber die kostenlose Calex-App<br \/>- Mehr als 100 Farboptionen und einstellbares wei\u00dfes Licht<br \/>- Direkte Dimmbarkeit<br \/>- Funktioniert mit Google Home, Amazon Alexa und Sir<\/p>\r\n\r\n\r\n\r\n<p><strong>Wie wird es installiert?<\/strong><\/p>\r\n\r\n\r\n\r\n<figure class=\"wp-block-embed is-type-video is-provider-youtube wp-block-embed-youtube wp-embed-aspect-16-9 wp-has-aspect-ratio\">\r\n<div class=\"wp-block-embed__wrapper\">https:\/\/www.youtube.com\/watch?v=_Ugfn8FZuw4&amp;ab_channel=CalexHolland<\/div>\r\n<\/figure>\r\n\r\n\r\n\r\n<p><strong>Optionales Smart Outdoor Link Bluetooth Mesh Gateway<\/strong><br \/><a href=\"https:\/\/ledshoponline.be\/de\/shop\/produkte-2\/pro-led-beleuchtung-2\/led-strahler-3\/smart-outdoor-link-bluetooth-mesh-gateway\/\">Hier bestellen!<\/a><\/p>\r\n\r\n\r\n\r\n<figure class=\"wp-block-image size-large\"><a href=\"https:\/\/ledshoponline.be\/de\/shop\/produkte-2\/pro-led-beleuchtung-2\/led-strahler-3\/smart-outdoor-link-bluetooth-mesh-gateway\/\"><img decoding=\"async\" class=\"wp-image-449013\" src=\"https:\/\/ledshoponline.be\/wp-content\/uploads\/2022\/08\/smart-outdoor-link-bluetooth-mesh-gateway-533x800.jpg\" alt=\"\" \/><\/a><\/figure>","protected":false},"excerpt":{"rendered":"<div data-v-bc0ab15a=\"\"><strong>Vergessen Sie nicht, das Bluetooth-Mesh hinzuzuf\u00fcgen<\/strong><br \/><a href=\"https:\/\/ledshoponline.be\/de\/shop\/produkte-2\/pro-led-beleuchtung-2\/led-strahler-3\/smart-outdoor-link-bluetooth-mesh-gateway\/\"><strong>Bestellen Sie es hier<\/strong><\/a><\/div>\n<div data-v-bc0ab15a=\"\">\u00a0<\/div>\n<div data-v-bc0ab15a=\"\"><strong>Produktdatenblatt<\/strong><br \/><strong><a href=\"https:\/\/eprel.ec.europa.eu\/fiches\/lightsources\/Fiche_1169241_NL.pdf\">DE<\/a>\u00a0|\u00a0<a href=\"https:\/\/eprel.ec.europa.eu\/fiches\/lightsources\/Fiche_1169241_FR.pdf\">FR\u00a0<\/a>|\u00a0<a href=\"https:\/\/eprel.ec.europa.eu\/fiches\/lightsources\/Fiche_1169241_EN.pdf\">UND\u00a0<\/a>|\u00a0<a href=\"https:\/\/eprel.ec.europa.eu\/fiches\/lightsources\/Fiche_1169241_DE.pdf\">DIE<\/a><\/strong><\/div>\n<div id=\"shoptimizer-sticky-anchor\">\u00a0<\/div>","protected":false},"featured_media":449007,"comment_status":"closed","ping_status":"closed","template":"","meta":{"_seopress_robots_primary_cat":"","_seopress_titles_title":"","_seopress_titles_desc":"","_seopress_robots_index":""},"product_brand":[],"product_cat":[87,90,19,514],"product_tag":[612,613,690],"class_list":{"0":"post-449006","1":"product","2":"type-product","3":"status-publish","4":"has-post-thumbnail","6":"product_cat-armaturen","7":"product_cat-buitenverlichting","8":"product_cat-producten","9":"product_cat-smart-home","10":"product_tag-bouwlamp-led","11":"product_tag-breesstraler","12":"product_tag-led-schijnwerper","14":"first","15":"instock","16":"taxable","17":"shipping-taxable","18":"purchasable","19":"product-type-simple"},"_links":{"self":[{"href":"https:\/\/ledshoponline.be\/de\/wp-json\/wp\/v2\/product\/449006","targetHints":{"allow":["GET"]}}],"collection":[{"href":"https:\/\/ledshoponline.be\/de\/wp-json\/wp\/v2\/product"}],"about":[{"href":"https:\/\/ledshoponline.be\/de\/wp-json\/wp\/v2\/types\/product"}],"replies":[{"embeddable":true,"href":"https:\/\/ledshoponline.be\/de\/wp-json\/wp\/v2\/comments?post=449006"}],"version-history":[{"count":0,"href":"https:\/\/ledshoponline.be\/de\/wp-json\/wp\/v2\/product\/449006\/revisions"}],"wp:featuredmedia":[{"embeddable":true,"href":"https:\/\/ledshoponline.be\/de\/wp-json\/wp\/v2\/media\/449007"}],"wp:attachment":[{"href":"https:\/\/ledshoponline.be\/de\/wp-json\/wp\/v2\/media?parent=449006"}],"wp:term":[{"taxonomy":"product_brand","embeddable":true,"href":"https:\/\/ledshoponline.be\/de\/wp-json\/wp\/v2\/product_brand?post=449006"},{"taxonomy":"product_cat","embeddable":true,"href":"https:\/\/ledshoponline.be\/de\/wp-json\/wp\/v2\/product_cat?post=449006"},{"taxonomy":"product_tag","embeddable":true,"href":"https:\/\/ledshoponline.be\/de\/wp-json\/wp\/v2\/product_tag?post=449006"}],"curies":[{"name":"wp","href":"https:\/\/api.w.org\/{rel}","templated":true}]}}