{"id":448292,"date":"2022-05-02T07:27:53","date_gmt":"2022-05-02T07:27:53","guid":{"rendered":"https:\/\/hlncaxea.a2hosted.com\/?post_type=product&#038;p=448292"},"modified":"2025-03-09T19:44:35","modified_gmt":"2025-03-09T19:44:35","slug":"e14-faden-led-kerze-4w-2100k-warmweis-dimmbar-2","status":"publish","type":"product","link":"https:\/\/ledshoponline.be\/de\/shop\/producten\/led-lampen\/led-filament-lampen\/e14-filament-led-kaars-4w-2100k-warm-wit-dimbaar\/","title":{"rendered":"E14 Gl\u00fchfaden LED Kerze 4W 2100k warm-wei\u00df dimmbar"},"content":{"rendered":"<h2>Ist die E14 Filament LED-Gl\u00fchbirne dimmbar?<\/h2>\n<p>Ja, diese LED-Filamentlampe ist dimmbar.<br \/>\nAchten Sie bei Ihren aktuellen Dimmern genau darauf, welche Mindestleistung sie ben\u00f6tigen, um richtig zu dimmen.<\/p>\n<h2>Qualit\u00e4tssicherung?<\/h2>\n<p>Die Yarled-Gl\u00fchbirnen enthalten Sapphire-LEDs bester Qualit\u00e4t.<br \/>\nUm die Lampen auf einer angenehmen Temperatur zu halten, werden die Lampen mit einem K\u00fchlgas gef\u00fcllt.<br \/>\nDies garantiert bereits eine hohe Lebensdauer.<\/p>","protected":false},"excerpt":{"rendered":"<p>Lassen Sie sich von den gedrehten Gl\u00fchf\u00e4den dieser Serie inspirieren. Diese dimmbaren Lampen geben ein warmes Licht ab und sind daf\u00fcr gemacht, gesehen zu werden.<\/p>\n<p><strong>Produktdatenblatt<\/strong><br \/>\n<strong><a href=\"https:\/\/eprel.ec.europa.eu\/fiches\/lightsources\/Fiche_1576069_NL.pdf\">DE<\/a>\u00a0|\u00a0<a href=\"https:\/\/eprel.ec.europa.eu\/fiches\/lightsources\/Fiche_1576069_FR.pdf\">FR\u00a0<\/a>|\u00a0<a href=\"https:\/\/eprel.ec.europa.eu\/fiches\/lightsources\/Fiche_1576069_EN.pdf\">UND\u00a0<\/a>|\u00a0<a href=\"https:\/\/eprel.ec.europa.eu\/fiches\/lightsources\/Fiche_1576069_DE.pdf\">DIE<\/a><\/strong><\/p>","protected":false},"featured_media":448293,"comment_status":"closed","ping_status":"closed","template":"","meta":{"_seopress_robots_primary_cat":"","_seopress_titles_title":"","_seopress_titles_desc":"","_seopress_robots_index":""},"product_brand":[],"product_cat":[268,295,20,19],"product_tag":[388,270,296,206],"class_list":{"0":"post-448292","1":"product","2":"type-product","3":"status-publish","4":"has-post-thumbnail","6":"product_cat-led-filament-lampen","7":"product_cat-led-lamp-e14","8":"product_cat-led-lampen","9":"product_cat-producten","10":"product_tag-filamenet","11":"product_tag-filament","12":"product_tag-led-kaars","13":"product_tag-yarled","15":"first","16":"instock","17":"sale","18":"taxable","19":"shipping-taxable","20":"purchasable","21":"product-type-simple"},"_links":{"self":[{"href":"https:\/\/ledshoponline.be\/de\/wp-json\/wp\/v2\/product\/448292","targetHints":{"allow":["GET"]}}],"collection":[{"href":"https:\/\/ledshoponline.be\/de\/wp-json\/wp\/v2\/product"}],"about":[{"href":"https:\/\/ledshoponline.be\/de\/wp-json\/wp\/v2\/types\/product"}],"replies":[{"embeddable":true,"href":"https:\/\/ledshoponline.be\/de\/wp-json\/wp\/v2\/comments?post=448292"}],"version-history":[{"count":0,"href":"https:\/\/ledshoponline.be\/de\/wp-json\/wp\/v2\/product\/448292\/revisions"}],"wp:featuredmedia":[{"embeddable":true,"href":"https:\/\/ledshoponline.be\/de\/wp-json\/wp\/v2\/media\/448293"}],"wp:attachment":[{"href":"https:\/\/ledshoponline.be\/de\/wp-json\/wp\/v2\/media?parent=448292"}],"wp:term":[{"taxonomy":"product_brand","embeddable":true,"href":"https:\/\/ledshoponline.be\/de\/wp-json\/wp\/v2\/product_brand?post=448292"},{"taxonomy":"product_cat","embeddable":true,"href":"https:\/\/ledshoponline.be\/de\/wp-json\/wp\/v2\/product_cat?post=448292"},{"taxonomy":"product_tag","embeddable":true,"href":"https:\/\/ledshoponline.be\/de\/wp-json\/wp\/v2\/product_tag?post=448292"}],"curies":[{"name":"wp","href":"https:\/\/api.w.org\/{rel}","templated":true}]}}