{"id":447127,"date":"2022-01-02T22:02:05","date_gmt":"2022-01-02T22:02:05","guid":{"rendered":"https:\/\/hlncaxea.a2hosted.com\/?post_type=product&#038;p=447127"},"modified":"2025-03-09T19:44:31","modified_gmt":"2025-03-09T19:44:31","slug":"e27-gluhfaden-led-gluhbirne-8w-warm-weis-2700k-1050lm-2","status":"publish","type":"product","link":"https:\/\/ledshoponline.be\/de\/shop\/producten\/led-lampen\/led-filament-lampen\/e27-filament-led-lamp-8w-warm-wit-2700k-1050lm\/","title":{"rendered":"E27 Gl\u00fchfaden LED Birne 8W warm-wei\u00df 2700k | 1050Lm"},"content":{"rendered":"","protected":false},"excerpt":{"rendered":"<p>E27 8W LED Gl\u00fchfaden High Lumen Gl\u00fchbirne mit E27 Sockel ist eine sch\u00f6ne LED Gl\u00fchbirne. Die Gl\u00fchbirne strahlt ein sch\u00f6nes warmes Licht aus (2700k). Die Gl\u00fchbirne ersetzt problemlos eine 75W-Gl\u00fchbirne. Emittiert nicht weniger als 1050Lm Licht<\/p>\n<p><strong>Produktdatenblatt<\/strong><br \/>\n<strong><a href=\"https:\/\/eprel.ec.europa.eu\/fiches\/lightsources\/Fiche_1123356_NL.pdf\">DE<\/a>\u00a0|\u00a0<a href=\"https:\/\/eprel.ec.europa.eu\/fiches\/lightsources\/Fiche_1123356_FR.pdf\">FR\u00a0<\/a>|\u00a0<a href=\"https:\/\/eprel.ec.europa.eu\/fiches\/lightsources\/Fiche_1123356_EN.pdf\">UND\u00a0<\/a>|\u00a0<a href=\"https:\/\/eprel.ec.europa.eu\/fiches\/lightsources\/Fiche_1123356_DE.pdf\">DIE<\/a><\/strong><\/p>","protected":false},"featured_media":447128,"comment_status":"closed","ping_status":"closed","template":"","meta":{"_seopress_robots_primary_cat":"","_seopress_titles_title":"","_seopress_titles_desc":"","_seopress_robots_index":""},"product_brand":[],"product_cat":[268,111,20,19],"product_tag":[531,532,533],"class_list":{"0":"post-447127","1":"product","2":"type-product","3":"status-publish","4":"has-post-thumbnail","6":"product_cat-led-filament-lampen","7":"product_cat-led-lamp-e27","8":"product_cat-led-lampen","9":"product_cat-producten","10":"product_tag-75w-gloeilamp","11":"product_tag-8w-e27","12":"product_tag-8w-led-filament","14":"first","15":"instock","16":"taxable","17":"shipping-taxable","18":"purchasable","19":"product-type-simple"},"_links":{"self":[{"href":"https:\/\/ledshoponline.be\/de\/wp-json\/wp\/v2\/product\/447127","targetHints":{"allow":["GET"]}}],"collection":[{"href":"https:\/\/ledshoponline.be\/de\/wp-json\/wp\/v2\/product"}],"about":[{"href":"https:\/\/ledshoponline.be\/de\/wp-json\/wp\/v2\/types\/product"}],"replies":[{"embeddable":true,"href":"https:\/\/ledshoponline.be\/de\/wp-json\/wp\/v2\/comments?post=447127"}],"version-history":[{"count":0,"href":"https:\/\/ledshoponline.be\/de\/wp-json\/wp\/v2\/product\/447127\/revisions"}],"wp:featuredmedia":[{"embeddable":true,"href":"https:\/\/ledshoponline.be\/de\/wp-json\/wp\/v2\/media\/447128"}],"wp:attachment":[{"href":"https:\/\/ledshoponline.be\/de\/wp-json\/wp\/v2\/media?parent=447127"}],"wp:term":[{"taxonomy":"product_brand","embeddable":true,"href":"https:\/\/ledshoponline.be\/de\/wp-json\/wp\/v2\/product_brand?post=447127"},{"taxonomy":"product_cat","embeddable":true,"href":"https:\/\/ledshoponline.be\/de\/wp-json\/wp\/v2\/product_cat?post=447127"},{"taxonomy":"product_tag","embeddable":true,"href":"https:\/\/ledshoponline.be\/de\/wp-json\/wp\/v2\/product_tag?post=447127"}],"curies":[{"name":"wp","href":"https:\/\/api.w.org\/{rel}","templated":true}]}}