{"id":446555,"date":"2021-12-02T18:26:29","date_gmt":"2021-12-02T18:26:29","guid":{"rendered":"https:\/\/hlncaxea.a2hosted.com\/?post_type=product&#038;p=446555"},"modified":"2025-03-09T19:44:30","modified_gmt":"2025-03-09T19:44:30","slug":"gu10-led-spot-55w-2000-2700k-dimmbar-variatone-2","status":"publish","type":"product","link":"https:\/\/ledshoponline.be\/de\/shop\/producten\/led-spots\/led-spot-gu10-230v\/gu10-led-spot-55w-2000-2700k-dimbaar-variatone\/","title":{"rendered":"GU10 LED-Strahler 5,5W - 2200-3000k dimmbar DimTone"},"content":{"rendered":"<p>Diese Serie hebt multifunktionale Lichtquellen auf eine ganz neue Ebene. Die Lampen lassen sich leicht dimmen, von hellem, fast wei\u00dfem Licht f\u00fcr funktionale Zwecke bis hin zu warmem, stimmungsvollem Licht f\u00fcr ein Abendessen bei Kerzenschein in einer gem\u00fctlichen Umgebung.<br \/>\nDank ihres engen Abstrahlwinkels ist diese Lampe ideal f\u00fcr die Akzentbeleuchtung. Von Kerzenlicht (2200 K) bis zu warmem und intensivem Licht (3000 K)!<\/p>","protected":false},"excerpt":{"rendered":"<p>Deze serie brengt multifunctionele lichtbronnen naar een heel nieuw niveau. De lampen kunnen eenvoudig worden gedimd van helder, bijna wit,<\/p>","protected":false},"featured_media":446556,"comment_status":"closed","ping_status":"closed","template":"","meta":{"_seopress_robots_primary_cat":"","_seopress_titles_title":"","_seopress_titles_desc":"","_seopress_robots_index":""},"product_brand":[],"product_cat":[133,132,19],"product_tag":[937,180,938,939],"class_list":{"0":"post-446555","1":"product","2":"type-product","3":"status-publish","4":"has-post-thumbnail","6":"product_cat-led-spot-gu10-230v","7":"product_cat-led-spots","8":"product_cat-producten","9":"product_tag-2700k-led-spot","10":"product_tag-dimbaar","11":"product_tag-gu10-led-spoty","12":"product_tag-yarled-spot","14":"first","15":"instock","16":"sale","17":"taxable","18":"shipping-taxable","19":"purchasable","20":"product-type-simple"},"_links":{"self":[{"href":"https:\/\/ledshoponline.be\/de\/wp-json\/wp\/v2\/product\/446555","targetHints":{"allow":["GET"]}}],"collection":[{"href":"https:\/\/ledshoponline.be\/de\/wp-json\/wp\/v2\/product"}],"about":[{"href":"https:\/\/ledshoponline.be\/de\/wp-json\/wp\/v2\/types\/product"}],"replies":[{"embeddable":true,"href":"https:\/\/ledshoponline.be\/de\/wp-json\/wp\/v2\/comments?post=446555"}],"version-history":[{"count":0,"href":"https:\/\/ledshoponline.be\/de\/wp-json\/wp\/v2\/product\/446555\/revisions"}],"wp:featuredmedia":[{"embeddable":true,"href":"https:\/\/ledshoponline.be\/de\/wp-json\/wp\/v2\/media\/446556"}],"wp:attachment":[{"href":"https:\/\/ledshoponline.be\/de\/wp-json\/wp\/v2\/media?parent=446555"}],"wp:term":[{"taxonomy":"product_brand","embeddable":true,"href":"https:\/\/ledshoponline.be\/de\/wp-json\/wp\/v2\/product_brand?post=446555"},{"taxonomy":"product_cat","embeddable":true,"href":"https:\/\/ledshoponline.be\/de\/wp-json\/wp\/v2\/product_cat?post=446555"},{"taxonomy":"product_tag","embeddable":true,"href":"https:\/\/ledshoponline.be\/de\/wp-json\/wp\/v2\/product_tag?post=446555"}],"curies":[{"name":"wp","href":"https:\/\/api.w.org\/{rel}","templated":true}]}}