{"id":446186,"date":"2021-11-11T09:02:19","date_gmt":"2021-11-11T09:02:19","guid":{"rendered":"https:\/\/hlncaxea.a2hosted.com\/?post_type=product&#038;p=446186"},"modified":"2025-03-09T19:44:27","modified_gmt":"2025-03-09T19:44:27","slug":"smart-weihnachtsbeleuchtung-rgb-200-leds-25-meter-fur-innen-und-ausen","status":"publish","type":"product","link":"https:\/\/ledshoponline.be\/de\/shop\/producten\/armaturen\/buitenverlichting\/smart-kerstverlichting-rgb-200-leds-25-meter-voor-binnen-buiten-gebruik\/","title":{"rendered":"Intelligente Weihnachtsbeleuchtung - RGB - 200 LEDs - 25 Meter - F\u00fcr den Innen- und Au\u00dfenbereich"},"content":{"rendered":"<p>Diese intelligente Weihnachtsbeleuchtung mit RGB (Multicolor)-Funktion ist 25 Meter lang, hat 200 intelligente LEDs und eignet sich perfekt f\u00fcr die Dekoration Ihres Weihnachtsbaums. Sie k\u00f6nnen ganz einfach zwischen verschiedenen Farben wechseln. Es stehen mehr als 100 Optionen zur Auswahl. Sie steuern diese smarte Lichtergirlande \u00fcber Wifi mit der kostenlosen Calex-App oder der Calex-Fernbedienung, auch wenn Sie nicht zu Hause sind. Stellen Sie Timer f\u00fcr Ihre t\u00e4glichen Aktivit\u00e4ten ein und programmieren Sie Szenen, die zu Ihrer Stimmung passen. Dieses Produkt funktioniert ganz einfach \u00fcber Amazon Alexa, Google Home und Apples Siri.<\/p>\n<p>Dieser LED-Streifen ist f\u00fcr den Innen- und Au\u00dfenbereich geeignet.<\/p>","protected":false},"excerpt":{"rendered":"<p>Deze slimme kerstverlichting met RGB (multicolor) functie is 25 meter lang, heeft 200 slimme leds en is perfect geschikt om<\/p>","protected":false},"featured_media":446187,"comment_status":"closed","ping_status":"closed","template":"","meta":{"_seopress_robots_primary_cat":"","_seopress_titles_title":"","_seopress_titles_desc":"","_seopress_robots_index":""},"product_brand":[],"product_cat":[90,19,514],"product_tag":[230,929],"class_list":{"0":"post-446186","1":"product","2":"type-product","3":"status-publish","4":"has-post-thumbnail","6":"product_cat-buitenverlichting","7":"product_cat-producten","8":"product_cat-smart-home","9":"product_tag-230v-ledstrip","10":"product_tag-led-slang","12":"first","13":"outofstock","14":"sale","15":"taxable","16":"shipping-taxable","17":"purchasable","18":"product-type-simple"},"_links":{"self":[{"href":"https:\/\/ledshoponline.be\/de\/wp-json\/wp\/v2\/product\/446186","targetHints":{"allow":["GET"]}}],"collection":[{"href":"https:\/\/ledshoponline.be\/de\/wp-json\/wp\/v2\/product"}],"about":[{"href":"https:\/\/ledshoponline.be\/de\/wp-json\/wp\/v2\/types\/product"}],"replies":[{"embeddable":true,"href":"https:\/\/ledshoponline.be\/de\/wp-json\/wp\/v2\/comments?post=446186"}],"version-history":[{"count":0,"href":"https:\/\/ledshoponline.be\/de\/wp-json\/wp\/v2\/product\/446186\/revisions"}],"wp:featuredmedia":[{"embeddable":true,"href":"https:\/\/ledshoponline.be\/de\/wp-json\/wp\/v2\/media\/446187"}],"wp:attachment":[{"href":"https:\/\/ledshoponline.be\/de\/wp-json\/wp\/v2\/media?parent=446186"}],"wp:term":[{"taxonomy":"product_brand","embeddable":true,"href":"https:\/\/ledshoponline.be\/de\/wp-json\/wp\/v2\/product_brand?post=446186"},{"taxonomy":"product_cat","embeddable":true,"href":"https:\/\/ledshoponline.be\/de\/wp-json\/wp\/v2\/product_cat?post=446186"},{"taxonomy":"product_tag","embeddable":true,"href":"https:\/\/ledshoponline.be\/de\/wp-json\/wp\/v2\/product_tag?post=446186"}],"curies":[{"name":"wp","href":"https:\/\/api.w.org\/{rel}","templated":true}]}}