{"id":444857,"date":"2021-06-18T18:01:32","date_gmt":"2021-06-18T18:01:32","guid":{"rendered":"https:\/\/hlncaxea.a2hosted.com\/?post_type=product&#038;p=444857"},"modified":"2025-10-16T15:02:02","modified_gmt":"2025-10-16T15:02:02","slug":"intelligente-video-turklingel-wifi-oder-verkabelt-2k-ir-chime","status":"publish","type":"product","link":"https:\/\/ledshoponline.be\/de\/shop\/producten\/gereedschap\/led-werklamp-zaklamp\/smart-video-deurbel-wifi-of-bedraad-2k-ir-chime\/","title":{"rendered":"Intelligente Video-T\u00fcrklingel | Wifi oder verkabelt 2K IR + Klingel"},"content":{"rendered":"<h1 data-start=\"92\" data-end=\"153\">Calex Smart Doorbell Wired 4MP - Sehen, h\u00f6ren und reagieren in 2K<\/h1>\r\n<p data-start=\"155\" data-end=\"467\">Bringen Sie intelligente Sicherheit an Ihre Haust\u00fcr. Die Calex Smart Doorbell Wired 4MP liefert gestochen scharfe 2K-Bilder (2560\u00d71440), zuverl\u00e4ssige Erkennung und sofortige Kommunikation \u00fcber Zwei-Wege-Audio. Schlie\u00dfen Sie sie \u00fcber WLAN oder Kabel an, verwalten Sie alles in der Calex-App und betrachten Sie Live-Bilder freih\u00e4ndig mit Google Assistant oder Amazon Alexa.<\/p>\r\n<h2 data-start=\"469\" data-end=\"489\">Warum Sie es wollen<\/h2>\r\n<ul data-start=\"490\" data-end=\"959\">\r\n<li data-start=\"490\" data-end=\"590\">\r\n<p data-start=\"492\" data-end=\"590\"><strong data-start=\"492\" data-end=\"525\">Kristallklares 2K-Bild (4MP):<\/strong> Erkennen Sie Gesichter, Paketzusteller und Details auf einen Blick.<\/p>\r\n<\/li>\r\n<li data-start=\"591\" data-end=\"692\">\r\n<p data-start=\"593\" data-end=\"692\"><strong data-start=\"593\" data-end=\"619\">Sicherheit bei Tag und Nacht:<\/strong> Infrarot-Nachtsicht und <strong data-start=\"644\" data-end=\"673\">Bewegungserkennung bis zu 5 m<\/strong> - verpassen Sie nichts.<\/p>\r\n<\/li>\r\n<li data-start=\"693\" data-end=\"784\">\r\n<p data-start=\"695\" data-end=\"784\"><strong data-start=\"695\" data-end=\"718\">Sprechen Sie direkt zur\u00fcck:<\/strong> Zwei-Wege-Audio, um mit Besuchern zu sprechen, wo immer Sie sind.<\/p>\r\n<\/li>\r\n<li data-start=\"785\" data-end=\"873\">\r\n<p data-start=\"787\" data-end=\"873\"><strong data-start=\"787\" data-end=\"808\">Intelligent und flexibel:<\/strong> Arbeitet mit <strong data-start=\"819\" data-end=\"839\">Google Assistent<\/strong>, <strong data-start=\"841\" data-end=\"857\">Amazon Alexa<\/strong> und <strong data-start=\"861\" data-end=\"870\">ONVIF<\/strong>.<\/p>\r\n<\/li>\r\n<li data-start=\"874\" data-end=\"959\">\r\n<p data-start=\"876\" data-end=\"959\"><strong data-start=\"876\" data-end=\"894\">Wetterfest:<\/strong> <strong data-start=\"895\" data-end=\"913\">IP54-Geh\u00e4use<\/strong> f\u00fcr zuverl\u00e4ssige Leistung zu jeder Jahreszeit.<\/p>\r\n<\/li>\r\n<\/ul>\r\n<h2 data-start=\"961\" data-end=\"986\">Wesentliche Merkmale<\/h2>\r\n<ul data-start=\"987\" data-end=\"1629\">\r\n<li data-start=\"987\" data-end=\"1065\">\r\n<p data-start=\"989\" data-end=\"1065\"><strong data-start=\"989\" data-end=\"1031\">2K Ultra HD (2560\u00d71440) mit 4MP-Sensor<\/strong> f\u00fcr scharfe, glatte Bilder<\/p>\r\n<\/li>\r\n<li data-start=\"1066\" data-end=\"1133\">\r\n<p data-start=\"1068\" data-end=\"1133\"><strong data-start=\"1068\" data-end=\"1092\">Infrarot-Nachtsicht<\/strong> f\u00fcr klare Anzeige bei Dunkelheit<\/p>\r\n<\/li>\r\n<li data-start=\"1134\" data-end=\"1192\">\r\n<p data-start=\"1136\" data-end=\"1192\"><strong data-start=\"1136\" data-end=\"1164\">Bewegungserkennung (\u00b15 m)<\/strong> mit sofortigen Push-Benachrichtigungen<\/p>\r\n<\/li>\r\n<li data-start=\"1193\" data-end=\"1259\">\r\n<p data-start=\"1195\" data-end=\"1259\"><strong data-start=\"1195\" data-end=\"1212\">Zwei-Wege-Audio<\/strong> sofort zu antworten oder zu verweisen<\/p>\r\n<\/li>\r\n<li data-start=\"1260\" data-end=\"1323\">\r\n<p data-start=\"1262\" data-end=\"1323\"><strong data-start=\"1262\" data-end=\"1294\">38 eingebaute Gongmelodien<\/strong> - W\u00e4hlen Sie Ihren idealen Klingelton<\/p>\r\n<\/li>\r\n<li data-start=\"1324\" data-end=\"1381\">\r\n<p data-start=\"1326\" data-end=\"1381\"><strong data-start=\"1326\" data-end=\"1357\">Wi-Fi oder kabelgebundene Verbindung<\/strong> f\u00fcr einen stabilen Betrieb<\/p>\r\n<\/li>\r\n<li data-start=\"1382\" data-end=\"1462\">\r\n<p data-start=\"1384\" data-end=\"1462\"><strong data-start=\"1384\" data-end=\"1413\">App-Steuerung (Calex-App)<\/strong>Live-Ansicht, Benachrichtigungen, Einstellungen und Updates<\/p>\r\n<\/li>\r\n<li data-start=\"1463\" data-end=\"1523\">\r\n<p data-start=\"1465\" data-end=\"1523\"><strong data-start=\"1465\" data-end=\"1484\">Sprachsteuerung<\/strong> \u00fcber Google Assistant und Amazon Alexa<\/p>\r\n<\/li>\r\n<li data-start=\"1524\" data-end=\"1593\">\r\n<p data-start=\"1526\" data-end=\"1593\"><strong data-start=\"1526\" data-end=\"1546\">ONVIF-kompatibel<\/strong> zur Integration mit NVRs und anderen Systemen<\/p>\r\n<\/li>\r\n<li data-start=\"1594\" data-end=\"1629\">\r\n<p data-start=\"1596\" data-end=\"1629\"><strong data-start=\"1596\" data-end=\"1604\">IP54<\/strong>: staub- und spritzwassergesch\u00fctzt<\/p>\r\n<\/li>\r\n<\/ul>\r\n<h2 data-start=\"1631\" data-end=\"1656\">Einfache Installation<\/h2>\r\n<p data-start=\"1657\" data-end=\"1838\">Alles, was Sie brauchen, ist in der Schachtel. Verwenden Sie das mitgelieferte <strong data-start=\"1721\" data-end=\"1735\">AC-Adapter<\/strong>, <strong data-start=\"1737\" data-end=\"1750\">4 m Kabel<\/strong> und <strong data-start=\"1754\" data-end=\"1768\">Winkelkonsole<\/strong> f\u00fcr den idealen Blickwinkel. Innerhalb von Minuten aktiv - ohne viel Aufhebens.<\/p>\r\n<h2 data-start=\"1840\" data-end=\"1861\">Dies ist in der Schachtel<\/h2>\r\n<ul data-start=\"1862\" data-end=\"2027\">\r\n<li data-start=\"1862\" data-end=\"1896\">\r\n<p data-start=\"1864\" data-end=\"1896\">Calex Smart T\u00fcrklingel verkabelt 4MP<\/p>\r\n<\/li>\r\n<li data-start=\"1897\" data-end=\"1928\">\r\n<p data-start=\"1899\" data-end=\"1928\"><strong data-start=\"1899\" data-end=\"1926\">Gong (T\u00fcrklingel-Empf\u00e4nger)<\/strong><\/p>\r\n<\/li>\r\n<li data-start=\"1929\" data-end=\"1947\">\r\n<p data-start=\"1931\" data-end=\"1947\"><strong data-start=\"1931\" data-end=\"1945\">AC-Adapter<\/strong><\/p>\r\n<\/li>\r\n<li data-start=\"1948\" data-end=\"1973\">\r\n<p data-start=\"1950\" data-end=\"1973\"><strong data-start=\"1950\" data-end=\"1971\">4 m Anschlusskabel<\/strong><\/p>\r\n<\/li>\r\n<li data-start=\"1974\" data-end=\"2011\">\r\n<p data-start=\"1976\" data-end=\"2011\"><strong data-start=\"1976\" data-end=\"1990\">Eckwinkel<\/strong> + Befestigungsmaterial<\/p>\r\n<\/li>\r\n<li data-start=\"2012\" data-end=\"2027\">\r\n<p data-start=\"2014\" data-end=\"2027\">Schnellstart-Anleitung<\/p>\r\n<\/li>\r\n<\/ul>\r\n<h2 data-start=\"2029\" data-end=\"2056\">Spezifikationen in K\u00fcrze<\/h2>\r\n<ul data-start=\"2057\" data-end=\"2392\">\r\n<li data-start=\"2057\" data-end=\"2104\">\r\n<p data-start=\"2059\" data-end=\"2104\"><strong data-start=\"2059\" data-end=\"2073\">Aufl\u00f6sung:<\/strong> 2K Ultra HD (2560\u00d71440), 4MP<\/p>\r\n<\/li>\r\n<li data-start=\"2105\" data-end=\"2126\">\r\n<p data-start=\"2107\" data-end=\"2126\"><strong data-start=\"2107\" data-end=\"2120\">Betrachtungswinkel:<\/strong> 80\u00b0<\/p>\r\n<\/li>\r\n<li data-start=\"2127\" data-end=\"2156\">\r\n<p data-start=\"2129\" data-end=\"2156\"><strong data-start=\"2129\" data-end=\"2144\">Nachtsicht:<\/strong> Infrarot<\/p>\r\n<\/li>\r\n<li data-start=\"2157\" data-end=\"2201\">\r\n<p data-start=\"2159\" data-end=\"2201\"><strong data-start=\"2159\" data-end=\"2172\">Erkennung:<\/strong> Bewegungserkennung bis zu \u00b15 m<\/p>\r\n<\/li>\r\n<li data-start=\"2202\" data-end=\"2230\">\r\n<p data-start=\"2204\" data-end=\"2230\"><strong data-start=\"2204\" data-end=\"2214\">Audio:<\/strong> Zwei-Wege-Audio<\/p>\r\n<\/li>\r\n<li data-start=\"2231\" data-end=\"2268\">\r\n<p data-start=\"2233\" data-end=\"2268\"><strong data-start=\"2233\" data-end=\"2248\">Verbindung:<\/strong> Wi-Fi oder kabelgebunden<\/p>\r\n<\/li>\r\n<li data-start=\"2269\" data-end=\"2335\">\r\n<p data-start=\"2271\" data-end=\"2335\"><strong data-start=\"2271\" data-end=\"2291\">Kompatibilit\u00e4t:<\/strong> Google Assistant, Amazon Alexa, <strong data-start=\"2324\" data-end=\"2333\">ONVIF<\/strong><\/p>\r\n<\/li>\r\n<li data-start=\"2336\" data-end=\"2367\">\r\n<p data-start=\"2338\" data-end=\"2367\"><strong data-start=\"2338\" data-end=\"2360\">Witterungsbest\u00e4ndigkeit:<\/strong> IP54<\/p>\r\n<\/li>\r\n<li data-start=\"2368\" data-end=\"2392\">\r\n<p data-start=\"2370\" data-end=\"2392\"><strong data-start=\"2370\" data-end=\"2389\">Gong-Melodien:<\/strong> 38<\/p>\r\n<\/li>\r\n<\/ul>\r\n<p data-start=\"2394\" data-end=\"2500\" data-is-last-node=\"\" data-is-only-node=\"\"><strong data-start=\"2394\" data-end=\"2426\">Sind Sie bereit f\u00fcr den Seelenfrieden?<\/strong><br data-start=\"2426\" data-end=\"2429\" \/>Platzieren Sie ihn noch heute und wissen Sie immer, wer klingelt - Tag und Nacht.<\/p>","protected":false},"excerpt":{"rendered":"<p>Calex Smart Doorbell Wired 4MP \u2013 Zie, hoor en reageer in 2K Breng slimme beveiliging naar je voordeur. De Calex<\/p>","protected":false},"featured_media":628183,"comment_status":"closed","ping_status":"closed","template":"","meta":{"_seopress_robots_primary_cat":"none","_seopress_titles_title":"","_seopress_titles_desc":"","_seopress_robots_index":""},"product_brand":[],"product_cat":[889,128,176,514],"product_tag":[],"class_list":{"0":"post-444857","1":"product","2":"type-product","3":"status-publish","4":"has-post-thumbnail","6":"product_cat-camerabewaking","7":"product_cat-gereedschap","8":"product_cat-led-werklamp-zaklamp","9":"product_cat-smart-home","11":"first","12":"instock","13":"sale","14":"taxable","15":"shipping-taxable","16":"purchasable","17":"product-type-simple"},"_links":{"self":[{"href":"https:\/\/ledshoponline.be\/de\/wp-json\/wp\/v2\/product\/444857","targetHints":{"allow":["GET"]}}],"collection":[{"href":"https:\/\/ledshoponline.be\/de\/wp-json\/wp\/v2\/product"}],"about":[{"href":"https:\/\/ledshoponline.be\/de\/wp-json\/wp\/v2\/types\/product"}],"replies":[{"embeddable":true,"href":"https:\/\/ledshoponline.be\/de\/wp-json\/wp\/v2\/comments?post=444857"}],"version-history":[{"count":3,"href":"https:\/\/ledshoponline.be\/de\/wp-json\/wp\/v2\/product\/444857\/revisions"}],"predecessor-version":[{"id":628189,"href":"https:\/\/ledshoponline.be\/de\/wp-json\/wp\/v2\/product\/444857\/revisions\/628189"}],"wp:featuredmedia":[{"embeddable":true,"href":"https:\/\/ledshoponline.be\/de\/wp-json\/wp\/v2\/media\/628183"}],"wp:attachment":[{"href":"https:\/\/ledshoponline.be\/de\/wp-json\/wp\/v2\/media?parent=444857"}],"wp:term":[{"taxonomy":"product_brand","embeddable":true,"href":"https:\/\/ledshoponline.be\/de\/wp-json\/wp\/v2\/product_brand?post=444857"},{"taxonomy":"product_cat","embeddable":true,"href":"https:\/\/ledshoponline.be\/de\/wp-json\/wp\/v2\/product_cat?post=444857"},{"taxonomy":"product_tag","embeddable":true,"href":"https:\/\/ledshoponline.be\/de\/wp-json\/wp\/v2\/product_tag?post=444857"}],"curies":[{"name":"wp","href":"https:\/\/api.w.org\/{rel}","templated":true}]}}