{"id":444602,"date":"2021-05-22T08:23:51","date_gmt":"2021-05-22T08:23:51","guid":{"rendered":"https:\/\/hlncaxea.a2hosted.com\/?post_type=product&#038;p=444602"},"modified":"2025-03-09T19:44:18","modified_gmt":"2025-03-09T19:44:18","slug":"professioneller-led-ringlichtstander-fur-smartphone-3000k-6500k-2","status":"publish","type":"product","link":"https:\/\/ledshoponline.be\/de\/shop\/producten\/gereedschap\/led-werklamp-zaklamp\/professionele-led-ring-light-statief-voor-smartphone-3000k-6500k\/","title":{"rendered":"Professioneller LED-Ringlichtst\u00e4nder f\u00fcr Smartphone 3000k-6500k"},"content":{"rendered":"<p>Wenn Sie auf der Suche nach einer professionellen LED-Ringlampe f\u00fcr Ihr Smartphone sind, dann sind Sie bei LEDshoponline.be genau richtig.<\/p>\n<p>Diese Lampe hat ein professionelles Design mit einem einstellbaren Lichtspektrum von 3000-6500K.<br \/>\nTap Toks und YouTube-Videos werden professionell aussehen. Auch f\u00fcr Produktfotografie geeignet.<\/p>\n<p><strong>Was bekommen Sie?&nbsp;<\/strong><\/p>\n<ul>\n<li>Fernbedienung mit bluetooth.<\/li>\n<li>Mikrofon<\/li>\n<li>Stativ<\/li>\n<li>LED-Ringlampe 10w 550Lm<\/li>\n<li>Smartphone-Halterung<\/li>\n<li>Controller mit Kabel 3000k-6500k Dimmer.<\/li>\n<\/ul>\n<p>&nbsp;<\/p>","protected":false},"excerpt":{"rendered":"<p>Wenn Sie auf der Suche nach einem professionellen LED-Ringlicht f\u00fcr Ihr Smartphone sind, dann suchen Sie nicht weiter als<\/p>","protected":false},"featured_media":444603,"comment_status":"closed","ping_status":"closed","template":"","meta":{"_seopress_robots_primary_cat":"","_seopress_titles_title":"","_seopress_titles_desc":"","_seopress_robots_index":""},"product_brand":[],"product_cat":[128,20,176,514],"product_tag":[],"class_list":{"0":"post-444602","1":"product","2":"type-product","3":"status-publish","4":"has-post-thumbnail","6":"product_cat-gereedschap","7":"product_cat-led-lampen","8":"product_cat-led-werklamp-zaklamp","9":"product_cat-smart-home","11":"first","12":"outofstock","13":"taxable","14":"shipping-taxable","15":"purchasable","16":"product-type-simple"},"_links":{"self":[{"href":"https:\/\/ledshoponline.be\/de\/wp-json\/wp\/v2\/product\/444602","targetHints":{"allow":["GET"]}}],"collection":[{"href":"https:\/\/ledshoponline.be\/de\/wp-json\/wp\/v2\/product"}],"about":[{"href":"https:\/\/ledshoponline.be\/de\/wp-json\/wp\/v2\/types\/product"}],"replies":[{"embeddable":true,"href":"https:\/\/ledshoponline.be\/de\/wp-json\/wp\/v2\/comments?post=444602"}],"version-history":[{"count":0,"href":"https:\/\/ledshoponline.be\/de\/wp-json\/wp\/v2\/product\/444602\/revisions"}],"wp:featuredmedia":[{"embeddable":true,"href":"https:\/\/ledshoponline.be\/de\/wp-json\/wp\/v2\/media\/444603"}],"wp:attachment":[{"href":"https:\/\/ledshoponline.be\/de\/wp-json\/wp\/v2\/media?parent=444602"}],"wp:term":[{"taxonomy":"product_brand","embeddable":true,"href":"https:\/\/ledshoponline.be\/de\/wp-json\/wp\/v2\/product_brand?post=444602"},{"taxonomy":"product_cat","embeddable":true,"href":"https:\/\/ledshoponline.be\/de\/wp-json\/wp\/v2\/product_cat?post=444602"},{"taxonomy":"product_tag","embeddable":true,"href":"https:\/\/ledshoponline.be\/de\/wp-json\/wp\/v2\/product_tag?post=444602"}],"curies":[{"name":"wp","href":"https:\/\/api.w.org\/{rel}","templated":true}]}}