{"id":444550,"date":"2021-05-19T18:50:13","date_gmt":"2021-05-19T18:50:13","guid":{"rendered":"https:\/\/hlncaxea.a2hosted.com\/?post_type=product&#038;p=444550"},"modified":"2026-01-28T08:42:34","modified_gmt":"2026-01-28T08:42:34","slug":"intelligenter-duftzerstauber-mit-lichtfunktion-2","status":"publish","type":"product","link":"https:\/\/ledshoponline.be\/de\/shop\/producten\/smart-geurdiffuser-met-lichtfunctie\/","title":{"rendered":"Smart Fragrance Diffusor mit Lichtfunktion"},"content":{"rendered":"<p>F\u00fcllen Sie den Diffusor mit ein paar Tropfen Ihres Lieblingsduft\u00f6ls, steuern Sie den Diffusor mit Ihrer kostenlosen Calex-App auf Ihrem Telefon und genie\u00dfen Sie programmierbare Szenarien. Stellen Sie Timer ein und passen Sie so Ihren Diffusor an Ihre pers\u00f6nlichen Bed\u00fcrfnisse und Ihren Tagesrhythmus an. Passen Sie die Farbe des Lichts an Ihre Stimmung an und genie\u00dfen Sie \u00fcber 100 Auswahlm\u00f6glichkeiten. Der Diffusor ist geeignet als - Luftbefeuchter - Luftreiniger - Duftzerst\u00e4uber - Lichtquelle<\/p>\r\n\r\n\r\n\r\n<p><strong>Warum diesen Smart Aroma Diffuser kaufen?<\/strong><\/p>\r\n\r\n\r\n\r\n<p>\u2705 Einfache Steuerung mit Smartphone wifi<br \/>\u2705 Steuerung \u00fcber Google Home<br \/>\u2705 Stimmungslicht mit 100 Farboptionen<br \/>\u2705 4-in-1: Aroma-Diffusor + Luftbefeuchter - Luftreiniger - Lichtquelle<br \/>\u2705 Fl\u00fcsterleise (&lt;30dB)<br \/>\u2705 Einfach zu dr\u00fcckende Tasten<br \/>\u2705 325ML<\/p>","protected":false},"excerpt":{"rendered":"<p>Dieser intelligente 4-in-1-Aromadiffusor sorgt f\u00fcr hervorragende Luftqualit\u00e4t, einen feinen Duft und stimmungsvolle Beleuchtung in Ihrem Zuhause. Bringt Ruhe und Entspannung zur\u00fcck auf ein h\u00f6heres Niveau.<\/p>","protected":false},"featured_media":444551,"comment_status":"closed","ping_status":"closed","template":"","meta":{"_seopress_robots_primary_cat":"none","_seopress_titles_title":"","_seopress_titles_desc":"","_seopress_robots_index":""},"product_brand":[],"product_cat":[19,514],"product_tag":[],"class_list":{"0":"post-444550","1":"product","2":"type-product","3":"status-publish","4":"has-post-thumbnail","6":"product_cat-producten","7":"product_cat-smart-home","9":"first","10":"instock","11":"sale","12":"taxable","13":"shipping-taxable","14":"purchasable","15":"product-type-simple"},"_links":{"self":[{"href":"https:\/\/ledshoponline.be\/de\/wp-json\/wp\/v2\/product\/444550","targetHints":{"allow":["GET"]}}],"collection":[{"href":"https:\/\/ledshoponline.be\/de\/wp-json\/wp\/v2\/product"}],"about":[{"href":"https:\/\/ledshoponline.be\/de\/wp-json\/wp\/v2\/types\/product"}],"replies":[{"embeddable":true,"href":"https:\/\/ledshoponline.be\/de\/wp-json\/wp\/v2\/comments?post=444550"}],"version-history":[{"count":1,"href":"https:\/\/ledshoponline.be\/de\/wp-json\/wp\/v2\/product\/444550\/revisions"}],"predecessor-version":[{"id":668138,"href":"https:\/\/ledshoponline.be\/de\/wp-json\/wp\/v2\/product\/444550\/revisions\/668138"}],"wp:featuredmedia":[{"embeddable":true,"href":"https:\/\/ledshoponline.be\/de\/wp-json\/wp\/v2\/media\/444551"}],"wp:attachment":[{"href":"https:\/\/ledshoponline.be\/de\/wp-json\/wp\/v2\/media?parent=444550"}],"wp:term":[{"taxonomy":"product_brand","embeddable":true,"href":"https:\/\/ledshoponline.be\/de\/wp-json\/wp\/v2\/product_brand?post=444550"},{"taxonomy":"product_cat","embeddable":true,"href":"https:\/\/ledshoponline.be\/de\/wp-json\/wp\/v2\/product_cat?post=444550"},{"taxonomy":"product_tag","embeddable":true,"href":"https:\/\/ledshoponline.be\/de\/wp-json\/wp\/v2\/product_tag?post=444550"}],"curies":[{"name":"wp","href":"https:\/\/api.w.org\/{rel}","templated":true}]}}