{"id":444513,"date":"2021-05-16T08:50:13","date_gmt":"2021-05-16T08:50:13","guid":{"rendered":"https:\/\/hlncaxea.a2hosted.com\/?post_type=product&#038;p=444513"},"modified":"2025-03-09T19:44:14","modified_gmt":"2025-03-09T19:44:14","slug":"6w-smart-led-einbaustrahler-230v-smart-wifi-cct-3000k-6500k-sah-grose-o105mm","status":"publish","type":"product","link":"https:\/\/ledshoponline.be\/de\/shop\/producten\/armaturen\/inbouwspots\/6w-smart-led-inbouwspot-230v-slim-wifi-cct-3000k-6500k-zaagmaat-o105mm\/","title":{"rendered":"6W Smart LED Einbaustrahler 230V smart Wifi CCT 3000k-6500k | Schnittgr\u00f6\u00dfe \u00d8105mm"},"content":{"rendered":"<p>Intelligentes LED-Einbaudownlight in einem intelligenten Design. Das LED-Downlight l\u00e4sst sich ganz einfach mit Ihrem Smartphone steuern, um die Lichtfarbe von warm-wei\u00df 3000k bis Tageslicht 6500k und alles dazwischen zu \u00e4ndern....  Perfekt f\u00fcr Zuhause und im B\u00fcro. Diffusionsglas sorgt f\u00fcr blendfreies Licht<br>\n<strong>\u00d8115 x H32mm | Unterputzs\u00e4ge \u00d8100-110mm | Funktioniert ohne Transformator mit 230v<\/strong><\/p>\n\n\n\n<p><strong>Was werden Sie mit diesem Artikel erhalten:<\/strong><br>\n- 1x LED-Downlight-Panel rund \u00d8115 Warm White 6W slim<\/p>","protected":false},"excerpt":{"rendered":"<p>Das Smart LED-Downlight ist eine gro\u00dfartige L\u00f6sung, wenn Sie warmwei\u00dfes Licht oder energiereiches Tageslicht w\u00fcnschen. Es ist perfekt f\u00fcr den Einsatz im B\u00fcro oder zu Hause.<br \/>\nEinfache Steuerung \u00fcber Ihr Smartphone und Sprachsteuerung wie Alexa und Google Assistant.<\/p>","protected":false},"featured_media":438726,"comment_status":"closed","ping_status":"closed","template":"","meta":{"_seopress_robots_primary_cat":"","_seopress_titles_title":"","_seopress_titles_desc":"","_seopress_robots_index":""},"product_brand":[],"product_cat":[87,88,455,132,19,514],"product_tag":[571,253],"class_list":{"0":"post-444513","1":"product","2":"type-product","3":"status-publish","4":"has-post-thumbnail","6":"product_cat-armaturen","7":"product_cat-inbouwspots","8":"product_cat-led-downlights","9":"product_cat-led-spots","10":"product_cat-producten","11":"product_cat-smart-home","12":"product_tag-led-downlight","13":"product_tag-led-spot","15":"first","16":"instock","17":"sale","18":"taxable","19":"shipping-taxable","20":"purchasable","21":"product-type-simple"},"_links":{"self":[{"href":"https:\/\/ledshoponline.be\/de\/wp-json\/wp\/v2\/product\/444513","targetHints":{"allow":["GET"]}}],"collection":[{"href":"https:\/\/ledshoponline.be\/de\/wp-json\/wp\/v2\/product"}],"about":[{"href":"https:\/\/ledshoponline.be\/de\/wp-json\/wp\/v2\/types\/product"}],"replies":[{"embeddable":true,"href":"https:\/\/ledshoponline.be\/de\/wp-json\/wp\/v2\/comments?post=444513"}],"version-history":[{"count":0,"href":"https:\/\/ledshoponline.be\/de\/wp-json\/wp\/v2\/product\/444513\/revisions"}],"wp:featuredmedia":[{"embeddable":true,"href":"https:\/\/ledshoponline.be\/de\/wp-json\/wp\/v2\/media\/438726"}],"wp:attachment":[{"href":"https:\/\/ledshoponline.be\/de\/wp-json\/wp\/v2\/media?parent=444513"}],"wp:term":[{"taxonomy":"product_brand","embeddable":true,"href":"https:\/\/ledshoponline.be\/de\/wp-json\/wp\/v2\/product_brand?post=444513"},{"taxonomy":"product_cat","embeddable":true,"href":"https:\/\/ledshoponline.be\/de\/wp-json\/wp\/v2\/product_cat?post=444513"},{"taxonomy":"product_tag","embeddable":true,"href":"https:\/\/ledshoponline.be\/de\/wp-json\/wp\/v2\/product_tag?post=444513"}],"curies":[{"name":"wp","href":"https:\/\/api.w.org\/{rel}","templated":true}]}}