{"id":443980,"date":"2021-04-02T16:12:32","date_gmt":"2021-04-02T16:12:32","guid":{"rendered":"https:\/\/hlncaxea.a2hosted.com\/?post_type=product&#038;p=443980"},"modified":"2025-04-16T20:06:03","modified_gmt":"2025-04-16T20:06:03","slug":"lichterkette-led-lichter-girlande-10-farben-led-gluhbirnen-8-meter-ip44-2","status":"publish","type":"product","link":"https:\/\/ledshoponline.be\/de\/shop\/producten\/armaturen\/buitenverlichting\/lichtsnoer-led-lampjes-slinger-10-kleuren-led-lampen-8-meter-ip44\/","title":{"rendered":"Lichterkette - LED-Lichtergirlande - 10 farbige LED-Birnen - 8 Meter - IP44"},"content":{"rendered":"<p>F\u00fcr stimmungsvolle Beleuchtung in Ihrem Garten sind Sie bei Aigostar an der richtigen Adresse. Unsere LED-Lichterketten-Serie l\u00e4sst Ihren Garten attraktiv und gem\u00fctlich aussehen.<\/p>\n<p>Da sie 8 Meter lang sind, k\u00f6nnen Sie problemlos einen gr\u00f6\u00dferen Bereich mit Umgebungslicht versorgen. Au\u00dferdem haben unsere LED-Lichterketten eine Schutzart von IP44, was bedeutet, dass der Artikel f\u00fcr den Au\u00dfenbereich geeignet ist. So k\u00f6nnen Sie Ihren Au\u00dfen- und\/oder Innenbereich mit der LED-Lichterkette noch gem\u00fctlicher gestalten. <strong>Es wird jedoch empfohlen, die Streifen im Freien unter einem Sonnenschirm, einer Markise oder einem Vordach usw. zu verwenden.<\/strong><\/p>\n<p><strong>Vorsicht! Eine dauerhafte Verwendung im Freien wird nicht empfohlen.<\/strong><\/p>","protected":false},"excerpt":{"rendered":"<p>\u2705 Anzahl der Lichtpunkte 10<br \/>\n\u2705 Wattleistung 10\u00d70,6X<br \/>\nIP-Wert IP44<br \/>\n\u2705 Energieverbrauch A<br \/>\n\u2705 Ausstrahlungswinkel 270\u00b0<\/p>","protected":false},"featured_media":443981,"comment_status":"closed","ping_status":"closed","template":"","meta":{"_seopress_robots_primary_cat":"none","_seopress_titles_title":"","_seopress_titles_desc":"","_seopress_robots_index":""},"product_brand":[],"product_cat":[87,90,20,165,19,998],"product_tag":[],"class_list":{"0":"post-443980","1":"product","2":"type-product","3":"status-publish","4":"has-post-thumbnail","6":"product_cat-armaturen","7":"product_cat-buitenverlichting","8":"product_cat-led-lampen","9":"product_cat-plafondlampen","10":"product_cat-producten","11":"product_cat-tuin","13":"first","14":"instock","15":"taxable","16":"shipping-taxable","17":"purchasable","18":"product-type-simple"},"_links":{"self":[{"href":"https:\/\/ledshoponline.be\/de\/wp-json\/wp\/v2\/product\/443980","targetHints":{"allow":["GET"]}}],"collection":[{"href":"https:\/\/ledshoponline.be\/de\/wp-json\/wp\/v2\/product"}],"about":[{"href":"https:\/\/ledshoponline.be\/de\/wp-json\/wp\/v2\/types\/product"}],"replies":[{"embeddable":true,"href":"https:\/\/ledshoponline.be\/de\/wp-json\/wp\/v2\/comments?post=443980"}],"version-history":[{"count":2,"href":"https:\/\/ledshoponline.be\/de\/wp-json\/wp\/v2\/product\/443980\/revisions"}],"predecessor-version":[{"id":556283,"href":"https:\/\/ledshoponline.be\/de\/wp-json\/wp\/v2\/product\/443980\/revisions\/556283"}],"wp:featuredmedia":[{"embeddable":true,"href":"https:\/\/ledshoponline.be\/de\/wp-json\/wp\/v2\/media\/443981"}],"wp:attachment":[{"href":"https:\/\/ledshoponline.be\/de\/wp-json\/wp\/v2\/media?parent=443980"}],"wp:term":[{"taxonomy":"product_brand","embeddable":true,"href":"https:\/\/ledshoponline.be\/de\/wp-json\/wp\/v2\/product_brand?post=443980"},{"taxonomy":"product_cat","embeddable":true,"href":"https:\/\/ledshoponline.be\/de\/wp-json\/wp\/v2\/product_cat?post=443980"},{"taxonomy":"product_tag","embeddable":true,"href":"https:\/\/ledshoponline.be\/de\/wp-json\/wp\/v2\/product_tag?post=443980"}],"curies":[{"name":"wp","href":"https:\/\/api.w.org\/{rel}","templated":true}]}}