{"id":443499,"date":"2021-02-18T18:22:08","date_gmt":"2021-02-18T18:22:08","guid":{"rendered":"https:\/\/hlncaxea.a2hosted.com\/?post_type=product&#038;p=443499"},"modified":"2025-09-03T15:43:31","modified_gmt":"2025-09-03T15:43:31","slug":"led-breitstrahlend-300w-kaltweis-ip65-pro-42000lm-ersetzt-3000w","status":"publish","type":"product","link":"https:\/\/ledshoponline.be\/de\/shop\/producten\/armaturen\/buitenverlichting\/led-breedstraler-300w-koud-wit-ip65-pro-42000lm-vervangt-3000w\/","title":{"rendered":"LED Breitstrahl 300W kalt-wei\u00df IP65 pro 42000Lm ( ersetzt 3000w)"},"content":{"rendered":"<p><strong>Leistungsstarke Beleuchtung mit der 300W LED Wide Beam - Cold White (IP65) Pro, 42.000 Lumen - Ersetzt 3.000W!<\/strong><\/p>\n<p>Sie suchen eine beeindruckende Beleuchtung, die jeden Winkel Ihres Raumes ausleuchtet? Entdecken Sie die 300W LED Broadbeam - Cold White (IP65) Pro mit satten 42.000 Lumen - eine hervorragende Alternative zur herk\u00f6mmlichen 3.000W Beleuchtung.<\/p>\n<ul>\n<li><strong>Ph\u00e4nomenale Klarheit:<\/strong> Mit einer Lichtleistung von 42.000 Lumen leuchtet dieser LED-Widebeam gro\u00dfe Fl\u00e4chen wie Stadien, Parkpl\u00e4tze und Veranstaltungsorte m\u00fchelos aus.<\/li>\n<li><strong>Energieeffizient:<\/strong> Dieses Beleuchtungssystem ist ein Energiesparwunder. Es verbraucht deutlich weniger Energie als herk\u00f6mmliche Beleuchtung, was zu erheblichen Kosteneinsparungen f\u00fchrt.<\/li>\n<li><strong>Langlebig und wetterfest:<\/strong> Die Schutzart IP65 bedeutet, dass diese Lampe den Elementen trotzen kann. Ob Regen, Wind oder Schnee, dieser LED-Weitstrahl funktioniert zuverl\u00e4ssig.<\/li>\n<li><strong>Einfache Installation:<\/strong> Dank der klaren Anweisungen und des benutzerfreundlichen Designs ist die Installation ein Kinderspiel. Eine kostspielige professionelle Installation ist nicht erforderlich.<\/li>\n<li><strong>Breite Anwendung:<\/strong> Diese Broadbeam-Leuchte passt sich problemlos an verschiedene Umgebungen an, sei es auf Sportpl\u00e4tzen, Parkpl\u00e4tzen oder Baustellen, sie ist f\u00fcr jede Herausforderung bereit.<\/li>\n<li><strong>Gleichm\u00e4\u00dfige Ausleuchtung:<\/strong> Der breite Abstrahlwinkel sorgt f\u00fcr eine gleichm\u00e4\u00dfige Lichtverteilung ohne dunkle Flecken oder st\u00f6rende Schatten.<\/li>\n<li><strong>Einsparungen und Nachhaltigkeit:<\/strong> Neben den Energieeinsparungen tr\u00e4gt diese Lampe dank des geringeren Energieverbrauchs auch zu einem gr\u00fcneren Planeten bei.<\/li>\n<\/ul>\n<p>Kurz gesagt, die 300W LED Broadbeam - Cold White (IP65) Pro ist die perfekte L\u00f6sung f\u00fcr eine leistungsstarke und energieeffiziente Beleuchtung. Er ist langlebig, einfach zu installieren und kann sich an verschiedene Umgebungen anpassen. R\u00fcsten Sie Ihre Beleuchtung noch heute f\u00fcr eine helle und kosteng\u00fcnstige Umgebung auf!<\/p>","protected":false},"excerpt":{"rendered":"<p>Neues Modell: treiberlose LED-Technologie mit bis zu 140lm\/w, erm\u00f6glicht durch Osram AC 3030LM-80.<\/p>\n<p>Das einzigartige 3D-Geh\u00e4use und die G-Buckle-Technologie erm\u00f6glichen den Betrieb des LED-Flutlichts in einem Bereich von bis zu 45\u00b0C. Das sch\u00f6ne Design strahlt Eleganz aus.<\/p>\n<p>&nbsp;<\/p>","protected":false},"featured_media":18955,"comment_status":"closed","ping_status":"closed","template":"","meta":{"_seopress_robots_primary_cat":"none","_seopress_titles_title":"","_seopress_titles_desc":"","_seopress_robots_index":""},"product_brand":[],"product_cat":[87,90,530,243,242],"product_tag":[631,632,633],"class_list":{"0":"post-443499","1":"product","2":"type-product","3":"status-publish","4":"has-post-thumbnail","6":"product_cat-armaturen","7":"product_cat-buitenverlichting","8":"product_cat-deals","9":"product_cat-led-schijnwerpers","10":"product_cat-pro-led-verlichting","11":"product_tag-led-200w","12":"product_tag-led-breedstraler","13":"product_tag-led-floodlight","15":"first","16":"instock","17":"sale","18":"featured","19":"taxable","20":"shipping-taxable","21":"purchasable","22":"product-type-simple"},"_links":{"self":[{"href":"https:\/\/ledshoponline.be\/de\/wp-json\/wp\/v2\/product\/443499","targetHints":{"allow":["GET"]}}],"collection":[{"href":"https:\/\/ledshoponline.be\/de\/wp-json\/wp\/v2\/product"}],"about":[{"href":"https:\/\/ledshoponline.be\/de\/wp-json\/wp\/v2\/types\/product"}],"replies":[{"embeddable":true,"href":"https:\/\/ledshoponline.be\/de\/wp-json\/wp\/v2\/comments?post=443499"}],"version-history":[{"count":1,"href":"https:\/\/ledshoponline.be\/de\/wp-json\/wp\/v2\/product\/443499\/revisions"}],"predecessor-version":[{"id":619066,"href":"https:\/\/ledshoponline.be\/de\/wp-json\/wp\/v2\/product\/443499\/revisions\/619066"}],"wp:featuredmedia":[{"embeddable":true,"href":"https:\/\/ledshoponline.be\/de\/wp-json\/wp\/v2\/media\/18955"}],"wp:attachment":[{"href":"https:\/\/ledshoponline.be\/de\/wp-json\/wp\/v2\/media?parent=443499"}],"wp:term":[{"taxonomy":"product_brand","embeddable":true,"href":"https:\/\/ledshoponline.be\/de\/wp-json\/wp\/v2\/product_brand?post=443499"},{"taxonomy":"product_cat","embeddable":true,"href":"https:\/\/ledshoponline.be\/de\/wp-json\/wp\/v2\/product_cat?post=443499"},{"taxonomy":"product_tag","embeddable":true,"href":"https:\/\/ledshoponline.be\/de\/wp-json\/wp\/v2\/product_tag?post=443499"}],"curies":[{"name":"wp","href":"https:\/\/api.w.org\/{rel}","templated":true}]}}