{"id":443205,"date":"2021-01-22T16:36:57","date_gmt":"2021-01-22T16:36:57","guid":{"rendered":"https:\/\/hlncaxea.a2hosted.com\/?post_type=product&#038;p=443205"},"modified":"2025-11-11T19:35:27","modified_gmt":"2025-11-11T19:35:27","slug":"smart-gu10-rgb-reflektor-calex-led-gluhbirne-5w-350lm-2200-4000k-wifi-2","status":"publish","type":"product","link":"https:\/\/ledshoponline.be\/de\/shop\/producten\/led-spots\/led-spot-gu10-230v\/smart-gu10-rgb-reflector-calex-led-lamp-5w-350lm-2200-4000k-wifi\/","title":{"rendered":"Intelligente Gu10 RGB Reflektor Calex f\u00fchrte Birne 5W 350lm 2200-4000K Wifi"},"content":{"rendered":"<p>Warum w\u00e4hlen, wenn man es nicht muss? Mit dieser Smart RGB-CCT-Reflektorlampe k\u00f6nnen Sie ganz einfach \u00fcber eine Wifi-Verbindung von hellem Arbeitslicht zu gem\u00fctlichem Licht f\u00fcr den Abend wechseln. Verwenden Sie dazu die Calex-Fernbedienung oder die kostenlose Calex-App. Mit der RGB-Funktion k\u00f6nnen Sie Ihr Interieur in unz\u00e4hligen Farben einf\u00e4rben.<\/p>\n<p>Diese intelligenten Gl\u00fchbirnen funktionieren mit einem normalen Wandschalter und \u00fcber WiFi. Nicht mit einem Dimmschalter. Mit der kostenlosen Calex-App k\u00f6nnen Sie diese Lampen mit dem WLAN verbinden und sie auf die gew\u00fcnschte Stimmung einstellen.<\/p>\n<p>USPs<br \/>\n- Wi-Fi-Verbindung<br \/>\n- Einfache Installation<br \/>\n- In 3 einfachen Schritten einsatzbereit<br \/>\n- Mehr als 100 RGB-Farboptionen<br \/>\n- CCT: 2200-4000K (wei\u00dfe Farbe)<br \/>\n- Dimmbar \u00fcber App und Fernbedienung<\/p>\n<p>&nbsp;<\/p>\n<p><iframe title=\"CALEX SMART - Wie Sie Ihre Calex Smart LED-Lampen anschlie\u00dfen\" width=\"500\" height=\"281\" src=\"https:\/\/www.youtube.com\/embed\/K8Aef_kqEIU?feature=oembed\" frameborder=\"0\" allow=\"accelerometer; autoplay; clipboard-write; encrypted-media; gyroscope; picture-in-picture; web-share\" referrerpolicy=\"strict-origin-when-cross-origin\" allowfullscreen><\/iframe><\/p>","protected":false},"excerpt":{"rendered":"<p>Waarom kiezen als het niet hoeft? Deze Smart RGB-CCT reflectorlamp laat je door middel van een wifi verbinding eenvoudig switchen<\/p>","protected":false},"featured_media":443206,"comment_status":"closed","ping_status":"closed","template":"","meta":{"_seopress_robots_primary_cat":"none","_seopress_titles_title":"","_seopress_titles_desc":"","_seopress_robots_index":""},"product_brand":[],"product_cat":[133,132,19,514],"product_tag":[],"class_list":{"0":"post-443205","1":"product","2":"type-product","3":"status-publish","4":"has-post-thumbnail","6":"product_cat-led-spot-gu10-230v","7":"product_cat-led-spots","8":"product_cat-producten","9":"product_cat-smart-home","11":"first","12":"instock","13":"taxable","14":"shipping-taxable","15":"purchasable","16":"product-type-simple"},"_links":{"self":[{"href":"https:\/\/ledshoponline.be\/de\/wp-json\/wp\/v2\/product\/443205","targetHints":{"allow":["GET"]}}],"collection":[{"href":"https:\/\/ledshoponline.be\/de\/wp-json\/wp\/v2\/product"}],"about":[{"href":"https:\/\/ledshoponline.be\/de\/wp-json\/wp\/v2\/types\/product"}],"replies":[{"embeddable":true,"href":"https:\/\/ledshoponline.be\/de\/wp-json\/wp\/v2\/comments?post=443205"}],"version-history":[{"count":1,"href":"https:\/\/ledshoponline.be\/de\/wp-json\/wp\/v2\/product\/443205\/revisions"}],"predecessor-version":[{"id":587113,"href":"https:\/\/ledshoponline.be\/de\/wp-json\/wp\/v2\/product\/443205\/revisions\/587113"}],"wp:featuredmedia":[{"embeddable":true,"href":"https:\/\/ledshoponline.be\/de\/wp-json\/wp\/v2\/media\/443206"}],"wp:attachment":[{"href":"https:\/\/ledshoponline.be\/de\/wp-json\/wp\/v2\/media?parent=443205"}],"wp:term":[{"taxonomy":"product_brand","embeddable":true,"href":"https:\/\/ledshoponline.be\/de\/wp-json\/wp\/v2\/product_brand?post=443205"},{"taxonomy":"product_cat","embeddable":true,"href":"https:\/\/ledshoponline.be\/de\/wp-json\/wp\/v2\/product_cat?post=443205"},{"taxonomy":"product_tag","embeddable":true,"href":"https:\/\/ledshoponline.be\/de\/wp-json\/wp\/v2\/product_tag?post=443205"}],"curies":[{"name":"wp","href":"https:\/\/api.w.org\/{rel}","templated":true}]}}