{"id":442478,"date":"2020-12-13T15:54:10","date_gmt":"2020-12-13T15:54:10","guid":{"rendered":"https:\/\/hlncaxea.a2hosted.com\/?post_type=product&#038;p=442478"},"modified":"2026-02-20T05:43:07","modified_gmt":"2026-02-20T05:43:07","slug":"99-teiliges-werkzeugset-fur-den-profi-elektriker-2","status":"publish","type":"product","link":"https:\/\/ledshoponline.be\/de\/shop\/producten\/gereedschap\/klein-gereedschap\/99-delige-gereedschapset-voor-de-elektricien-pro\/","title":{"rendered":"99-teiliges Werkzeugset f\u00fcr den Profi-Elektriker"},"content":{"rendered":"<div class=\"desktop-item-title\"><strong>Technische Daten:<\/strong><\/div>\n<div class=\"product attribute technical_specifications\">\n<div class=\"value\">\n<ul>\n<li>8 Inbus-Schl\u00fcssel<\/li>\n<li>4 Schraubendreher<\/li>\n<li>20 x 25mm Bits<\/li>\n<li>2 x Halbrundzange<\/li>\n<li>1 x Universalzange<\/li>\n<li>1 x Schraubenschl\u00fcssel<\/li>\n<li>1 x Bit-Adapter<\/li>\n<li>1 Ratschenschraubendreher f\u00fcr Steckschl\u00fcsseleins\u00e4tze<\/li>\n<li>1 Steckschl\u00fcssel-Adapter<\/li>\n<li>18 x Steckschl\u00fcssel 1\/4\u2033<\/li>\n<li>12 x Steckschl\u00fcssel 3\/8\u2033<\/li>\n<li>8 Steckschl\u00fcssel und Ringschl\u00fcssel<\/li>\n<li>1 Spannungspr\u00fcfer<\/li>\n<li>6 Pr\u00e4zisionsschraubendreher<\/li>\n<li>2 Seitenschneider<\/li>\n<li>1 Wasserpumpenzange<\/li>\n<li>2 Spannzangen<\/li>\n<li>1 Abisolierzange<\/li>\n<li>1 Ratschenschraubendreher f\u00fcr Bits<\/li>\n<li>1 Z\u00fcndkerzensteckschl\u00fcssel 3\/8\u2033<\/li>\n<li>1 x Verl\u00e4ngerungsst\u00fcck<\/li>\n<li>1 x Messer (Zinklegierung)<\/li>\n<li>1 Scheibe<\/li>\n<li>1 Sortiment an Kabelschuhen<\/li>\n<li>1 Steckschl\u00fcsselgriff<\/li>\n<li>2 x PVC-Bithalter<\/li>\n<\/ul>\n<\/div>\n<\/div>","protected":false},"excerpt":{"rendered":"<p>Werkzeugkasten mit 99 Handwerkzeugen, darunter Schraubendreher, Steckschl\u00fcssel, Zangen, Steckschl\u00fcssel usw.<\/p>","protected":false},"featured_media":442479,"comment_status":"closed","ping_status":"closed","template":"","meta":{"_seopress_robots_primary_cat":"none","_seopress_titles_title":"","_seopress_titles_desc":"","_seopress_robots_index":""},"product_brand":[],"product_cat":[128,130],"product_tag":[],"class_list":{"0":"post-442478","1":"product","2":"type-product","3":"status-publish","4":"has-post-thumbnail","6":"product_cat-gereedschap","7":"product_cat-klein-gereedschap","9":"first","10":"outofstock","11":"sale","12":"taxable","13":"shipping-taxable","14":"purchasable","15":"product-type-simple"},"_links":{"self":[{"href":"https:\/\/ledshoponline.be\/de\/wp-json\/wp\/v2\/product\/442478","targetHints":{"allow":["GET"]}}],"collection":[{"href":"https:\/\/ledshoponline.be\/de\/wp-json\/wp\/v2\/product"}],"about":[{"href":"https:\/\/ledshoponline.be\/de\/wp-json\/wp\/v2\/types\/product"}],"replies":[{"embeddable":true,"href":"https:\/\/ledshoponline.be\/de\/wp-json\/wp\/v2\/comments?post=442478"}],"version-history":[{"count":1,"href":"https:\/\/ledshoponline.be\/de\/wp-json\/wp\/v2\/product\/442478\/revisions"}],"predecessor-version":[{"id":701749,"href":"https:\/\/ledshoponline.be\/de\/wp-json\/wp\/v2\/product\/442478\/revisions\/701749"}],"wp:featuredmedia":[{"embeddable":true,"href":"https:\/\/ledshoponline.be\/de\/wp-json\/wp\/v2\/media\/442479"}],"wp:attachment":[{"href":"https:\/\/ledshoponline.be\/de\/wp-json\/wp\/v2\/media?parent=442478"}],"wp:term":[{"taxonomy":"product_brand","embeddable":true,"href":"https:\/\/ledshoponline.be\/de\/wp-json\/wp\/v2\/product_brand?post=442478"},{"taxonomy":"product_cat","embeddable":true,"href":"https:\/\/ledshoponline.be\/de\/wp-json\/wp\/v2\/product_cat?post=442478"},{"taxonomy":"product_tag","embeddable":true,"href":"https:\/\/ledshoponline.be\/de\/wp-json\/wp\/v2\/product_tag?post=442478"}],"curies":[{"name":"wp","href":"https:\/\/api.w.org\/{rel}","templated":true}]}}