{"id":441874,"date":"2020-11-27T12:04:46","date_gmt":"2020-11-27T12:04:46","guid":{"rendered":"https:\/\/hlncaxea.a2hosted.com\/?post_type=product&#038;p=441874"},"modified":"2025-03-09T19:43:54","modified_gmt":"2025-03-09T19:43:54","slug":"led-downlight-ultra-slim-downlight-65w-warmweis-3000k-dimmbar-650lm-2","status":"publish","type":"product","link":"https:\/\/ledshoponline.be\/de\/shop\/producten\/armaturen\/inbouwspots\/led-inbouwspot-ultra-slim-downlight-65w-warm-wit-3000k-dimbaar-650lm\/","title":{"rendered":"LED-Downlight | Ultra Slim Downlight 6.5W Warm-wei\u00df 3000k | Dimmbar 650Lm"},"content":{"rendered":"<p><img decoding=\"async\" class=\"alignnone size-full wp-image-441875\" src=\"https:\/\/ledshoponline.be\/wp-content\/uploads\/2020\/11\/downlight.jpg\" alt=\"\" width=\"659\" height=\"187\" \/><\/p>","protected":false},"excerpt":{"rendered":"<p>Ultra schlank <strong>LED-Downlight<\/strong> in wei\u00dfem Material ausgef\u00fchrt. <strong>Ersetzt ein 50W-60W <\/strong>Halogenscheinwerfer. Der Strahler l\u00e4sst sich am besten mit einem Triac-Dimmer dimmen und ist um 25\u00b0 schwenkbar. Wird mit dimmbarem Transformator geliefert. Aufgrund seiner sehr\u00a0<b>geringe Einbautiefe<\/b>\u00a0von weniger als\u00a0<b>30MM<\/b> er passt an die meisten abgeh\u00e4ngten Decken. Der LED-Strahler ist kaum 27 mm hoch. Die Schnittgr\u00f6\u00dfe betr\u00e4gt 65-68 mm.<\/p>","protected":false},"featured_media":441875,"comment_status":"closed","ping_status":"closed","template":"","meta":{"_seopress_robots_primary_cat":"","_seopress_titles_title":"","_seopress_titles_desc":"","_seopress_robots_index":""},"product_brand":[],"product_cat":[87,88,455,132,19],"product_tag":[],"class_list":{"0":"post-441874","1":"product","2":"type-product","3":"status-publish","4":"has-post-thumbnail","6":"product_cat-armaturen","7":"product_cat-inbouwspots","8":"product_cat-led-downlights","9":"product_cat-led-spots","10":"product_cat-producten","12":"first","13":"instock","14":"sale","15":"taxable","16":"shipping-taxable","17":"purchasable","18":"product-type-simple"},"_links":{"self":[{"href":"https:\/\/ledshoponline.be\/de\/wp-json\/wp\/v2\/product\/441874","targetHints":{"allow":["GET"]}}],"collection":[{"href":"https:\/\/ledshoponline.be\/de\/wp-json\/wp\/v2\/product"}],"about":[{"href":"https:\/\/ledshoponline.be\/de\/wp-json\/wp\/v2\/types\/product"}],"replies":[{"embeddable":true,"href":"https:\/\/ledshoponline.be\/de\/wp-json\/wp\/v2\/comments?post=441874"}],"version-history":[{"count":0,"href":"https:\/\/ledshoponline.be\/de\/wp-json\/wp\/v2\/product\/441874\/revisions"}],"wp:featuredmedia":[{"embeddable":true,"href":"https:\/\/ledshoponline.be\/de\/wp-json\/wp\/v2\/media\/441875"}],"wp:attachment":[{"href":"https:\/\/ledshoponline.be\/de\/wp-json\/wp\/v2\/media?parent=441874"}],"wp:term":[{"taxonomy":"product_brand","embeddable":true,"href":"https:\/\/ledshoponline.be\/de\/wp-json\/wp\/v2\/product_brand?post=441874"},{"taxonomy":"product_cat","embeddable":true,"href":"https:\/\/ledshoponline.be\/de\/wp-json\/wp\/v2\/product_cat?post=441874"},{"taxonomy":"product_tag","embeddable":true,"href":"https:\/\/ledshoponline.be\/de\/wp-json\/wp\/v2\/product_tag?post=441874"}],"curies":[{"name":"wp","href":"https:\/\/api.w.org\/{rel}","templated":true}]}}