{"id":441369,"date":"2020-10-23T09:17:48","date_gmt":"2020-10-23T09:17:48","guid":{"rendered":"https:\/\/hlncaxea.a2hosted.com\/?post_type=product&#038;p=441369"},"modified":"2025-03-09T19:43:49","modified_gmt":"2025-03-09T19:43:49","slug":"wi-fi-smart-ip-kamera-fur-ausen-schwenken-neigen-zoom-full-hd-1080p-2","status":"publish","type":"product","link":"https:\/\/ledshoponline.be\/de\/shop\/camerabewaking\/wi-fi-smart-ip-camera-voor-buiten-pan-tilt-zoom-full-hd-1080p\/","title":{"rendered":"Wi-Fi Smart IP-Kamera f\u00fcr den Au\u00dfenbereich | Schwenken\/Neigen\/Zoomen | Full HD 1080p"},"content":{"rendered":"<p>Die Heimautomatisierung ist jetzt viel einfacher. Diese benutzerfreundliche Smart Outdoor IP-Kamera kann ganz einfach an Ihr bestehendes Wi-Fi-Netzwerk angeschlossen werden, um den Au\u00dfenbereich Ihres Hauses zu \u00fcberwachen und jedes Ger\u00e4usch oder jede Bewegung aufzuzeichnen.<\/p>\n\n\n\n<h3 class=\"wp-block-heading\">Full HD-Aufl\u00f6sung<\/h3>\n\n\n\n<p>Die Kamera zeichnet in Full-HD-Aufl\u00f6sung (1920\u00d71080 Pixel) auf und liefert so absolut klare Bilder. Dar\u00fcber hinaus ist die Kamera bei Nacht genauso leistungsstark: Der Nachtsichtmodus hat eine Reichweite von 15 Metern.<\/p>\n\n\n\n<h3 class=\"wp-block-heading\">Wasserfest<\/h3>\n\n\n\n<p>Diese IP-Kamera ist vollst\u00e4ndig von einem sehr robusten, wasserfesten Geh\u00e4use umgeben und \u00fcbertr\u00e4gt Bilder auf eine microSD-Karte mit einer Kapazit\u00e4t von bis zu 128 GB (nicht im Lieferumfang enthalten).<\/p>\n\n\n\n<h3 class=\"wp-block-heading\">Kommunikation in beide Richtungen<\/h3>\n\n\n\n<p>Die Kommunikation \u00fcber die Kamera ist m\u00f6glich, da Sprechen und H\u00f6ren in zwei Richtungen m\u00f6glich ist - das hei\u00dft, sie kann wie ein Telefon verwendet werden, wenn sich Personen in Reichweite befinden.<\/p>\n\n\n\n<h3 class=\"wp-block-heading\">Einfache Installation<\/h3>\n\n\n\n<ul class=\"wp-block-list\">\n<li>Eine Kamerahalterung wird mit dem Ger\u00e4t geliefert, und die Schnellstartanleitung macht die Montage zum Kinderspiel.<\/li>\n\n\n\n<li>Smart Outdoor IP-Kamera - bietet ein einfach zu installierendes, drahtlos verbundenes Sicherheitssystem f\u00fcr den Au\u00dfenbereich eines Hauses.<\/li>\n\n\n\n<li>Full HD-Aufl\u00f6sung - f\u00fcr kristallklare Bilder.<\/li>\n\n\n\n<li>Einfacher direkter Anschluss an Ihr Wi-Fi-Netzwerk - kein separater Hub erforderlich.<\/li>\n\n\n\n<li>Wird mit einer Kamerahalterung geliefert.<\/li>\n\n\n\n<li>Vollst\u00e4ndige Unterst\u00fctzung durch alle anderen Produkte der Nedis\u00ae SmartLife-Reihe.<\/li>\n\n\n\n<li>Paketinhalt: IP-Kamera, Netzteil, Kamerast\u00e4nder, Kurzanleitung zur Installation.<\/li>\n<\/ul>\n\n\n\n<figure class=\"wp-block-table\"><table class=\"has-fixed-layout\"><tbody><tr><th>Merkmal<\/th><td>2-Wege-Audio<\/td><\/tr><tr><th>&nbsp;<\/th><td>Nachtsicht<\/td><\/tr><tr><th>&nbsp;<\/th><td>Bewegungsmelder<\/td><\/tr><tr><th>&nbsp;<\/th><td>Schwenken\/Neigen\/Zoomen<\/td><\/tr><tr><th>Drahtlose Technologie<\/th><td>Wi-Fi<\/td><\/tr><tr><th>Farbe<\/th><td>Wei\u00df<\/td><\/tr><tr><th>Material<\/th><td>Kunststoff<\/td><\/tr><tr><th>Stecker Typ<\/th><td>Euro \/ Typ C (CEE 7\/16)<\/td><\/tr><tr><th>Max. Aufl\u00f6sung<\/th><td>1080P<\/td><\/tr><tr><th>Schnittstelle<\/th><td>DC<\/td><\/tr><tr><th>Art der Lagerung<\/th><td>Intern 16GB<\/td><\/tr><tr><th>IP-Einstufung<\/th><td>IP65<\/td><\/tr><tr><th>Zubeh\u00f6r<\/th><td>Kamerahalterung<\/td><\/tr><tr><th>&nbsp;<\/th><td>AC-Adapter EU-Stecker<\/td><\/tr><tr><th>App verf\u00fcgbar f\u00fcr<\/th><td>Android\u2122 &amp; iOS<\/td><\/tr><tr><th>Betriebstemperatur<\/th><td>-20 - 50 \u00b0C<\/td><\/tr><tr><th>Bild-Chip<\/th><td>1\/3\u2033 CMOS<\/td><\/tr><tr><th>Frequenzbereich<\/th><td>2400 - 2483,5 MHz<\/td><\/tr><tr><th>Geeignet f\u00fcr<\/th><td>Nedis\u00ae SmartLife<\/td><\/tr><tr><th>Eingangsspannung<\/th><td>12 VDC<\/td><\/tr><tr><th>Betrachtungswinkel<\/th><td>110 \u00b0<\/td><\/tr><tr><th>LED<\/th><td>1<\/td><\/tr><tr><th>Objektiv<\/th><td>2,8 mm<\/td><\/tr><tr><th>Max. Funk-Sendeleistung<\/th><td>18,5 dBm<\/td><\/tr><tr><th>Megapixel<\/th><td>2 MPixel<\/td><\/tr><tr><th>Nachtsicht<\/th><td>15 m<\/td><\/tr><tr><th>Antennengewinn<\/th><td>3 dBi<\/td><\/tr><\/tbody><\/table><\/figure>","protected":false},"excerpt":{"rendered":"<p>Die Heimautomatisierung ist jetzt viel einfacher. Diese benutzerfreundliche Smart Outdoor IP-Kamera kann ganz einfach an Ihr bestehendes System angeschlossen werden.<\/p>","protected":false},"featured_media":441370,"comment_status":"closed","ping_status":"closed","template":"","meta":{"_seopress_robots_primary_cat":"","_seopress_titles_title":"","_seopress_titles_desc":"","_seopress_robots_index":""},"product_brand":[],"product_cat":[889,514],"product_tag":[],"class_list":{"0":"post-441369","1":"product","2":"type-product","3":"status-publish","4":"has-post-thumbnail","6":"product_cat-camerabewaking","7":"product_cat-smart-home","9":"first","10":"instock","11":"sale","12":"taxable","13":"shipping-taxable","14":"purchasable","15":"product-type-simple"},"_links":{"self":[{"href":"https:\/\/ledshoponline.be\/de\/wp-json\/wp\/v2\/product\/441369","targetHints":{"allow":["GET"]}}],"collection":[{"href":"https:\/\/ledshoponline.be\/de\/wp-json\/wp\/v2\/product"}],"about":[{"href":"https:\/\/ledshoponline.be\/de\/wp-json\/wp\/v2\/types\/product"}],"replies":[{"embeddable":true,"href":"https:\/\/ledshoponline.be\/de\/wp-json\/wp\/v2\/comments?post=441369"}],"version-history":[{"count":0,"href":"https:\/\/ledshoponline.be\/de\/wp-json\/wp\/v2\/product\/441369\/revisions"}],"wp:featuredmedia":[{"embeddable":true,"href":"https:\/\/ledshoponline.be\/de\/wp-json\/wp\/v2\/media\/441370"}],"wp:attachment":[{"href":"https:\/\/ledshoponline.be\/de\/wp-json\/wp\/v2\/media?parent=441369"}],"wp:term":[{"taxonomy":"product_brand","embeddable":true,"href":"https:\/\/ledshoponline.be\/de\/wp-json\/wp\/v2\/product_brand?post=441369"},{"taxonomy":"product_cat","embeddable":true,"href":"https:\/\/ledshoponline.be\/de\/wp-json\/wp\/v2\/product_cat?post=441369"},{"taxonomy":"product_tag","embeddable":true,"href":"https:\/\/ledshoponline.be\/de\/wp-json\/wp\/v2\/product_tag?post=441369"}],"curies":[{"name":"wp","href":"https:\/\/api.w.org\/{rel}","templated":true}]}}