{"id":441359,"date":"2020-10-23T09:09:36","date_gmt":"2020-10-23T09:09:36","guid":{"rendered":"https:\/\/hlncaxea.a2hosted.com\/?post_type=product&#038;p=441359"},"modified":"2025-12-07T11:44:37","modified_gmt":"2025-12-07T11:44:37","slug":"wi-fi-smart-ip-kamera-fur-ausen-full-hd-1080p-2","status":"publish","type":"product","link":"https:\/\/ledshoponline.be\/de\/shop\/camerabewaking\/wi-fi-smart-ip-camera-voor-buiten-full-hd-1080p\/","title":{"rendered":"Wi-Fi Smart IP-Kamera f\u00fcr den Au\u00dfenbereich | Full HD 1080p"},"content":{"rendered":"<p>Die Nedis Smart Outdoor IP-Kamera kann einfach an Ihr bestehendes Wi-Fi-Netzwerk angeschlossen werden, um den Au\u00dfenbereich Ihres Hauses zu \u00fcberwachen und jedes Ger\u00e4usch oder jede Bewegung aufzuzeichnen.<\/p>\n<h3>Full HD-Aufl\u00f6sung<\/h3>\n<p>Die Kamera zeichnet in Full-HD-Aufl\u00f6sung (1920\u00d71080 Pixel) auf und liefert so absolut klare Bilder. Dar\u00fcber hinaus ist die Kamera bei Nacht genauso leistungsstark: Der Nachtsichtmodus hat eine Reichweite von 15 Metern.<\/p>\n<h3>Wasserfest<\/h3>\n<p>Diese IP-Kamera ist vollst\u00e4ndig von einem sehr robusten, wasserfesten Geh\u00e4use umgeben und \u00fcbertr\u00e4gt Bilder auf eine microSD-Karte mit einer Kapazit\u00e4t von bis zu 128 GB (nicht im Lieferumfang enthalten).<\/p>\n<h3>Kommunikation in beide Richtungen<\/h3>\n<p>Die Kommunikation \u00fcber die Kamera ist m\u00f6glich, da Sprechen und H\u00f6ren in zwei Richtungen m\u00f6glich ist - das hei\u00dft, sie kann wie ein Telefon verwendet werden, wenn sich Personen in Reichweite befinden.<\/p>\n<h3>Einfache Installation<\/h3>\n<p>Eine Kamerahalterung wird mit dem Ger\u00e4t geliefert, und die Schnellstartanleitung macht die Montage zum Kinderspiel.<\/p>\n<p>&nbsp;<\/p>\n<ul>\n<li style=\"list-style-type: none;\">\n<ul>\n<li>Smart Outdoor IP-Kamera - bietet ein einfach zu installierendes, drahtlos verbundenes Sicherheitssystem f\u00fcr den Au\u00dfenbereich eines Hauses.<\/li>\n<\/ul>\n<\/li>\n<\/ul>\n<ul>\n<li style=\"list-style-type: none;\">\n<ul>\n<li>Full HD-Aufl\u00f6sung - f\u00fcr kristallklare Bilder<\/li>\n<\/ul>\n<\/li>\n<\/ul>\n<ul>\n<li style=\"list-style-type: none;\">\n<ul>\n<li>Einfacher direkter Anschluss an Ihr Wi-Fi-Netzwerk - kein separater Hub erforderlich<\/li>\n<\/ul>\n<\/li>\n<\/ul>\n<ul>\n<li style=\"list-style-type: none;\">\n<ul>\n<li>Wird mit einer Kamerahalterung geliefert<\/li>\n<\/ul>\n<\/li>\n<\/ul>\n<ul>\n<li style=\"list-style-type: none;\">\n<ul>\n<li>Vollst\u00e4ndige Unterst\u00fctzung durch alle anderen Produkte der Nedis\u00ae SmartLife-Reihe.<\/li>\n<\/ul>\n<\/li>\n<\/ul>\n<ul>\n<li style=\"list-style-type: none;\">\n<ul>\n<li>Verpackungsinhalt: IP-Kamera, Netzteil, Kamerast\u00e4nder, Kurzanleitung zur Installation<\/li>\n<\/ul>\n<\/li>\n<\/ul>\n<table class=\"table table-dashed-border\">\n<tbody>\n<tr>\n<th scope=\"row\">Farbe<\/th>\n<td>Wei\u00df<\/td>\n<\/tr>\n<tr>\n<th scope=\"row\">Stecker Typ<\/th>\n<td>Euro \/ Typ C (CEE 7\/16)<\/td>\n<\/tr>\n<tr>\n<th scope=\"row\">IP-Einstufung<\/th>\n<td>IP65<\/td>\n<\/tr>\n<tr>\n<th scope=\"row\">Material<\/th>\n<td>Kunststoff<\/td>\n<\/tr>\n<tr>\n<th scope=\"row\">Max. Aufl\u00f6sung<\/th>\n<td>1080P<\/td>\n<\/tr>\n<tr>\n<th scope=\"row\">Zubeh\u00f6r<\/th>\n<td>Adapter<br \/>\nKamerahalterung<\/td>\n<\/tr>\n<tr>\n<th scope=\"row\">Art der Lagerung<\/th>\n<td>microSD<\/td>\n<\/tr>\n<tr>\n<th scope=\"row\">Nachtsicht<\/th>\n<td>15 m<\/td>\n<\/tr>\n<tr>\n<th scope=\"row\">Betriebstemperatur<\/th>\n<td>-20 - 50 \u00b0C<\/td>\n<\/tr>\n<tr>\n<th scope=\"row\">Drahtlose Technologie<\/th>\n<td>Wi-Fi<\/td>\n<\/tr>\n<tr>\n<th scope=\"row\">App verf\u00fcgbar f\u00fcr<\/th>\n<td>Android\u2122 &amp; iOS<\/td>\n<\/tr>\n<tr>\n<th scope=\"row\">Schnittstelle<\/th>\n<td>DC<\/td>\n<\/tr>\n<tr>\n<th scope=\"row\">Megapixel<\/th>\n<td>2 MPixel<\/td>\n<\/tr>\n<tr>\n<th scope=\"row\">Merkmal<\/th>\n<td>2-Wege-Audio<br \/>\nNachtsicht<br \/>\nBewegungsmelder<\/td>\n<\/tr>\n<tr>\n<th scope=\"row\">Bild-Chip<\/th>\n<td>1\/3\u2033 CMOS<\/td>\n<\/tr>\n<tr>\n<th scope=\"row\">Antennengewinn<\/th>\n<td>3 dBi<\/td>\n<\/tr>\n<tr>\n<th scope=\"row\">LED<\/th>\n<td>1<\/td>\n<\/tr>\n<tr>\n<th scope=\"row\">Frequenzbereich<\/th>\n<td>2400 - 2483,5 MHz<\/td>\n<\/tr>\n<tr>\n<th scope=\"row\">Eingangsspannung<\/th>\n<td>12 VDC<\/td>\n<\/tr>\n<tr>\n<th scope=\"row\">Betrachtungswinkel<\/th>\n<td>110 \u00b0<\/td>\n<\/tr>\n<tr>\n<th scope=\"row\">Max. Funk-Sendeleistung<\/th>\n<td>18,5 dBm<\/td>\n<\/tr>\n<tr>\n<th scope=\"row\">Geeignet f\u00fcr<\/th>\n<td>Nedis\u00ae SmartLife<\/td>\n<\/tr>\n<tr>\n<th scope=\"row\">Objektiv<\/th>\n<td>2,8 mm<\/td>\n<\/tr>\n<\/tbody>\n<\/table>","protected":false},"excerpt":{"rendered":"<p>De Nedis Smart Outdoor IP-camera kan gemakkelijk worden aangesloten op uw bestaande Wi-Fi-netwerk om de buitenruimtes van uw huis te<\/p>","protected":false},"featured_media":441364,"comment_status":"closed","ping_status":"closed","template":"","meta":{"_seopress_robots_primary_cat":"none","_seopress_titles_title":"","_seopress_titles_desc":"","_seopress_robots_index":""},"product_brand":[],"product_cat":[889,514],"product_tag":[],"class_list":{"0":"post-441359","1":"product","2":"type-product","3":"status-publish","4":"has-post-thumbnail","6":"product_cat-camerabewaking","7":"product_cat-smart-home","9":"first","10":"instock","11":"taxable","12":"shipping-taxable","13":"purchasable","14":"product-type-simple"},"_links":{"self":[{"href":"https:\/\/ledshoponline.be\/de\/wp-json\/wp\/v2\/product\/441359","targetHints":{"allow":["GET"]}}],"collection":[{"href":"https:\/\/ledshoponline.be\/de\/wp-json\/wp\/v2\/product"}],"about":[{"href":"https:\/\/ledshoponline.be\/de\/wp-json\/wp\/v2\/types\/product"}],"replies":[{"embeddable":true,"href":"https:\/\/ledshoponline.be\/de\/wp-json\/wp\/v2\/comments?post=441359"}],"version-history":[{"count":1,"href":"https:\/\/ledshoponline.be\/de\/wp-json\/wp\/v2\/product\/441359\/revisions"}],"predecessor-version":[{"id":616399,"href":"https:\/\/ledshoponline.be\/de\/wp-json\/wp\/v2\/product\/441359\/revisions\/616399"}],"wp:featuredmedia":[{"embeddable":true,"href":"https:\/\/ledshoponline.be\/de\/wp-json\/wp\/v2\/media\/441364"}],"wp:attachment":[{"href":"https:\/\/ledshoponline.be\/de\/wp-json\/wp\/v2\/media?parent=441359"}],"wp:term":[{"taxonomy":"product_brand","embeddable":true,"href":"https:\/\/ledshoponline.be\/de\/wp-json\/wp\/v2\/product_brand?post=441359"},{"taxonomy":"product_cat","embeddable":true,"href":"https:\/\/ledshoponline.be\/de\/wp-json\/wp\/v2\/product_cat?post=441359"},{"taxonomy":"product_tag","embeddable":true,"href":"https:\/\/ledshoponline.be\/de\/wp-json\/wp\/v2\/product_tag?post=441359"}],"curies":[{"name":"wp","href":"https:\/\/api.w.org\/{rel}","templated":true}]}}