{"id":43524,"date":"2018-07-21T11:09:58","date_gmt":"2018-07-21T11:09:58","guid":{"rendered":"https:\/\/hlncaxea.a2hosted.com\/?post_type=product&#038;p=43524"},"modified":"2026-02-09T11:12:39","modified_gmt":"2026-02-09T11:12:39","slug":"dc-stecker-fur-led-streifen-2","status":"publish","type":"product","link":"https:\/\/ledshoponline.be\/de\/shop\/producten\/toebehoren\/fitting-adapter\/dc-connector-male-voor-led-strip\/","title":{"rendered":"DC-Stecker f\u00fcr LED-Leiste"},"content":{"rendered":"","protected":false},"excerpt":{"rendered":"<p>Mit diesem m\u00e4nnlichen DC-Steckverbinder k\u00f6nnen Sie unsere LED-Streifen an eine LED-Stromversorgung anschlie\u00dfen, ohne zu schneiden oder zu l\u00f6ten. Immerhin sind unsere 12v &amp; 24v LED-Streifen mit einer Buchse ausgestattet, wo der DC-Stecker passt. ( 2.1mm )<\/p>","protected":false},"featured_media":43525,"comment_status":"closed","ping_status":"closed","template":"","meta":{"_seopress_robots_primary_cat":"none","_seopress_titles_title":"","_seopress_titles_desc":"","_seopress_robots_index":""},"product_brand":[],"product_cat":[110,40,41],"product_tag":[293,776,265],"class_list":{"0":"post-43524","1":"product","2":"type-product","3":"status-publish","4":"has-post-thumbnail","6":"product_cat-fitting-adapter","7":"product_cat-led-strips","8":"product_cat-led-strips-toebehoren","9":"product_tag-led-strip","10":"product_tag-led-strip-toebehoren","11":"product_tag-led-voeding","13":"first","14":"instock","15":"taxable","16":"shipping-taxable","17":"purchasable","18":"product-type-simple"},"_links":{"self":[{"href":"https:\/\/ledshoponline.be\/de\/wp-json\/wp\/v2\/product\/43524","targetHints":{"allow":["GET"]}}],"collection":[{"href":"https:\/\/ledshoponline.be\/de\/wp-json\/wp\/v2\/product"}],"about":[{"href":"https:\/\/ledshoponline.be\/de\/wp-json\/wp\/v2\/types\/product"}],"replies":[{"embeddable":true,"href":"https:\/\/ledshoponline.be\/de\/wp-json\/wp\/v2\/comments?post=43524"}],"version-history":[{"count":1,"href":"https:\/\/ledshoponline.be\/de\/wp-json\/wp\/v2\/product\/43524\/revisions"}],"predecessor-version":[{"id":624438,"href":"https:\/\/ledshoponline.be\/de\/wp-json\/wp\/v2\/product\/43524\/revisions\/624438"}],"wp:featuredmedia":[{"embeddable":true,"href":"https:\/\/ledshoponline.be\/de\/wp-json\/wp\/v2\/media\/43525"}],"wp:attachment":[{"href":"https:\/\/ledshoponline.be\/de\/wp-json\/wp\/v2\/media?parent=43524"}],"wp:term":[{"taxonomy":"product_brand","embeddable":true,"href":"https:\/\/ledshoponline.be\/de\/wp-json\/wp\/v2\/product_brand?post=43524"},{"taxonomy":"product_cat","embeddable":true,"href":"https:\/\/ledshoponline.be\/de\/wp-json\/wp\/v2\/product_cat?post=43524"},{"taxonomy":"product_tag","embeddable":true,"href":"https:\/\/ledshoponline.be\/de\/wp-json\/wp\/v2\/product_tag?post=43524"}],"curies":[{"name":"wp","href":"https:\/\/api.w.org\/{rel}","templated":true}]}}